{"id":8191,"date":"2025-06-12T01:47:36","date_gmt":"2025-06-12T01:47:36","guid":{"rendered":"https:\/\/www.largepillow.com\/product\/round-chaise-lounge-chair-for-adults-comfy-bean-bag-sofa"},"modified":"2026-03-12T02:42:29","modified_gmt":"2026-03-12T02:42:29","slug":"kulate-lehatko-pro-dospele-pohodlne-sedaci-vak","status":"publish","type":"product","link":"https:\/\/www.largepillow.com\/cs\/product\/round-chaise-lounge-chair-for-adults-comfy-bean-bag-sofa","title":{"rendered":"Kulat\u00e9 leh\u00e1tko pro dosp\u011bl\u00e9, pohodln\u00e1 pohovka s sedac\u00edm vakem"},"content":{"rendered":"[zc_getpagecontent mb=&#8221;mb_aplus&#8221; apid=&#8221;133&#8243;]\n","protected":false},"excerpt":{"rendered":"<ul>\n<li>Ultra-ply\u0161ov\u00e9 pohodl\u00ed: U\u017eijte si dokonalou relaxaci s kruhov\u00fdm sed\u00e1kem o \u0161\u00ed\u0159ce 122 cm a hlubok\u00fdm leno\u0161n\u00fdm sed\u00e1kem o \u0161\u00ed\u0159ce 102 cm, zabalen\u00fdm v dvouvrstv\u00e9m pohodl\u00ed: naho\u0159e je m\u011bkk\u00fd pol\u0161t\u00e1\u0159 z polypropylenov\u00e9 bavlny a zespodu z\u00e1kladna z p\u011bny s vysokou hustotou pro dlouhodobou oporu bez proh\u00fdb\u00e1n\u00ed. Ide\u00e1ln\u00ed pro ka\u017ed\u00e9ho, kdo hled\u00e1 skute\u010dn\u011b pohodln\u00e9 k\u0159eslo.<\/li>\n<li>Luxusn\u00ed pocit um\u011bl\u00e9 ko\u017ee\u0161iny z ply\u0161ov\u00e9ho man\u0161estru: Zabaleno v pr\u00e9miov\u00e9m man\u0161estru se \u0161irok\u00fdm z\u00e1hybem, kter\u00fd je na dotek jako kr\u00e1li\u010d\u00ed ko\u017ee\u0161ina \u2013 sametov\u011b hebk\u00fd, h\u0159ejiv\u00fd a s hlubokou texturou. Tato ultra pohodln\u00e1 l\u00e1tka v\u00e1s p\u0159\u00edmo vyb\u00edz\u00ed k tomu, abyste se schoulili, prot\u00e1hli nebo se pono\u0159ili do laloku p\u0159i filmov\u00fdch maratonech a leno\u0161n\u00e9m ned\u011bln\u00edm zd\u0159\u00edmnut\u00ed.<\/li>\n<li>2 ply\u0161ov\u00e9 pol\u0161t\u00e1\u0159e zdarma: Sou\u010d\u00e1st\u00ed balen\u00ed jsou 2 \u010dtvercov\u00e9 pol\u0161t\u00e1\u0159e s PP bavln\u011bnou v\u00fdpln\u00ed (45 x 45 cm) pro lep\u0161\u00ed oporu bedern\u00ed p\u00e1te\u0159e nebo p\u0159\u00edjemn\u00e9 zd\u0159\u00edmnut\u00ed.<\/li>\n<li>Sn\u00edmateln\u00e9 a prateln\u00e9 potahy: Udr\u017eujte svou \u017eidli bez n\u00e1mahy sv\u011b\u017e\u00ed a \u010distou. Cel\u00fd potah je pln\u011b sn\u00edmateln\u00fd a prateln\u00fd, ide\u00e1ln\u00ed pro dom\u00e1cnosti s d\u011btmi, dom\u00e1c\u00edmi mazl\u00ed\u010dky nebo pro kohokoli, kdo m\u00e1 r\u00e1d snadnou p\u00e9\u010di.<\/li>\n<li>Stylov\u00fd do ka\u017ed\u00e9ho prostoru: Ide\u00e1ln\u00ed do modern\u00edch byt\u016f, boho lo\u017enic, \u00fatuln\u00fdch \u010dten\u00e1\u0159sk\u00fdch koutk\u016f nebo elegantn\u00edch kolej\u00ed. Tento stylov\u00fd dopl\u0148kov\u00fd kus n\u00e1bytku dopl\u0148uje minimalistick\u00e9 a\u017e maximalistick\u00e9 interi\u00e9ry a je ide\u00e1ln\u00ed pro dosp\u011bl\u00e9, teenagery nebo p\u00e1ry, kter\u00e9 hledaj\u00ed stylov\u00fd odpo\u010dinek.<\/li>\n<\/ul>","protected":false},"featured_media":8176,"comment_status":"open","ping_status":"closed","template":"","meta":[],"product_brand":[],"product_cat":[228],"product_tag":[],"class_list":{"0":"post-8191","1":"product","2":"type-product","3":"status-publish","4":"has-post-thumbnail","6":"product_cat-cushions","8":"first","9":"outofstock","10":"sold-individually","11":"shipping-taxable","12":"purchasable","13":"product-type-simple"},"_links":{"self":[{"href":"https:\/\/www.largepillow.com\/cs\/wp-json\/wp\/v2\/product\/8191","targetHints":{"allow":["GET"]}}],"collection":[{"href":"https:\/\/www.largepillow.com\/cs\/wp-json\/wp\/v2\/product"}],"about":[{"href":"https:\/\/www.largepillow.com\/cs\/wp-json\/wp\/v2\/types\/product"}],"replies":[{"embeddable":true,"href":"https:\/\/www.largepillow.com\/cs\/wp-json\/wp\/v2\/comments?post=8191"}],"wp:featuredmedia":[{"embeddable":true,"href":"https:\/\/www.largepillow.com\/cs\/wp-json\/wp\/v2\/media\/8176"}],"wp:attachment":[{"href":"https:\/\/www.largepillow.com\/cs\/wp-json\/wp\/v2\/media?parent=8191"}],"wp:term":[{"taxonomy":"product_brand","embeddable":true,"href":"https:\/\/www.largepillow.com\/cs\/wp-json\/wp\/v2\/product_brand?post=8191"},{"taxonomy":"product_cat","embeddable":true,"href":"https:\/\/www.largepillow.com\/cs\/wp-json\/wp\/v2\/product_cat?post=8191"},{"taxonomy":"product_tag","embeddable":true,"href":"https:\/\/www.largepillow.com\/cs\/wp-json\/wp\/v2\/product_tag?post=8191"}],"curies":[{"name":"wp","href":"https:\/\/api.w.org\/{rel}","templated":true}]}}