{"id":8208,"date":"2025-06-12T02:14:34","date_gmt":"2025-06-12T02:14:34","guid":{"rendered":"https:\/\/www.largepillow.com\/product\/boneless-curved-couch-soft-corduroy-sofa-for-living-room"},"modified":"2026-01-21T02:31:12","modified_gmt":"2026-01-21T02:31:12","slug":"bezkosta-zakrivena-pohovka-z-mekkeho-mansestru-do-obyvaciho-pokoje","status":"publish","type":"product","link":"https:\/\/www.largepillow.com\/cs\/product\/boneless-curved-couch-soft-corduroy-sofa-for-living-room\/","title":{"rendered":"Boneless Curved Couch \u2013 M\u011bkk\u00e1 man\u0161estrov\u00e1 pohovka do ob\u00fdvac\u00edho pokoje"},"content":{"rendered":"[zc_getpagecontent mb=&#8221;mb_aplus&#8221; apid=&#8221;134&#8243;]\n","protected":false},"excerpt":{"rendered":"<ul>\n<li>Zak\u0159iven\u00fd design s ultra\u0161irok\u00fdm pohodl\u00edm: Tato pohovka o d\u00e9lce 85 palc\u016f (204 cm) m\u00e1 sed\u00e1k \u0161irok\u00fd 35 palc\u016f (91 cm) pro maxim\u00e1ln\u00ed pohodl\u00ed p\u0159i natahov\u00e1n\u00ed, kter\u00fd je podep\u0159en pevn\u00fdmi v\u00e1lcov\u00fdmi pol\u0161t\u00e1\u0159i pro optim\u00e1ln\u00ed oporu zad a pa\u017e\u00ed. Elegantn\u00ed klikat\u00fd design se bez probl\u00e9m\u016f hod\u00ed do roh\u016f i otev\u0159en\u00fdch prostor, tak\u017ee je ide\u00e1ln\u00ed pro hlubokou relaxaci \u2013 a\u0165 u\u017e \u010dtete, sp\u00edte nebo sledujete sv\u00e9 obl\u00edben\u00e9 po\u0159ady.<\/li>\n<li>Pohodl\u00ed jako v obl\u00e1\u010dku s ortopedickou oporou proti proh\u00fdb\u00e1n\u00ed: Horn\u00ed pol\u0161t\u00e1\u0159e a bo\u010dn\u00ed pol\u0161t\u00e1\u0159e jsou velkoryse vypln\u011bny m\u011bkkou PP bavlnou pro pocit propadnut\u00ed jako v obl\u00e1\u010dku. Pod nimi se nach\u00e1z\u00ed pevn\u00e1 z\u00e1kladna z p\u011bny s vysokou hustotou, kter\u00e1 poskytuje odolnou a podp\u016frnou strukturu, kter\u00e1 v\u00e1s udr\u017e\u00ed ve spr\u00e1vn\u00e9 poloze \u2013 i po hodin\u00e1ch leno\u0161en\u00ed.<\/li>\n<li>A\u0165 u\u017e se schoul\u00edte s knihou, proch\u00e1z\u00edte telefon nebo si u\u017e\u00edv\u00e1te ned\u011bln\u00ed zd\u0159\u00edmnut\u00ed, pol\u0161t\u00e1\u0159 s dvojitou hustotou podep\u0159e va\u0161e t\u011blo a z\u00e1rove\u0148 udr\u017e\u00ed va\u0161i polohu v spr\u00e1vn\u00e9 poloze.<\/li>\n<li>Snadno \u010distiteln\u00e1 man\u0161estrov\u00e1 tkanina: Sn\u00edmateln\u00e9 potahy prateln\u00e9 v pra\u010dce s m\u011bkkou imitac\u00ed kr\u00e1li\u010d\u00ed ko\u017ee\u0161iny a texturovan\u00fdm pruhovan\u00fdm vzorem. Odoln\u00e9 proti skvrn\u00e1m pro dom\u00e1c\u00ed mazl\u00ed\u010dky\/d\u011bti.<\/li>\n<li>Rozkl\u00e1dac\u00ed a odn\u00edmateln\u00e1 konstrukce: Horn\u00ed i spodn\u00ed \u010d\u00e1st lze odd\u011blit a polo\u017eit naplocho na podlahu pro v\u0161estrann\u00e9 leno\u0161en\u00ed. Pou\u017eijte jako pohovku na podlaze, k\u0159eslo nebo ji rozd\u011blte na 2 sedadla. Ide\u00e1ln\u00ed do mal\u00fdch byt\u016f, kolej\u00ed, televizn\u00edch m\u00edstnost\u00ed nebo \u010dten\u00e1\u0159sk\u00fdch koutk\u016f.<\/li>\n<li>Humanizovan\u00e1 v\u00fd\u0161ka: Promy\u0161len\u011b navr\u017een\u00e1 v\u00fd\u0161ka sed\u00e1ku umo\u017e\u0148uje p\u0159irozen\u00e9 oh\u00fdb\u00e1n\u00ed kolen a chodidel polo\u017een\u00fdch na podlaze \u2013 ide\u00e1ln\u00ed pro ka\u017edodenn\u00ed relaxaci. Oboustrann\u00e9 v\u00e1lcov\u00e9 pol\u0161t\u00e1\u0159e poskytuj\u00ed perfektn\u00ed oporu zad a pa\u017e\u00ed.<\/li>\n<\/ul>","protected":false},"featured_media":8192,"comment_status":"open","ping_status":"closed","template":"","meta":[],"product_brand":[],"product_cat":[228],"product_tag":[],"class_list":{"0":"post-8208","1":"product","2":"type-product","3":"status-publish","4":"has-post-thumbnail","6":"product_cat-cushions","8":"first","9":"instock","10":"sold-individually","11":"shipping-taxable","12":"purchasable","13":"product-type-simple"},"_links":{"self":[{"href":"https:\/\/www.largepillow.com\/cs\/wp-json\/wp\/v2\/product\/8208","targetHints":{"allow":["GET"]}}],"collection":[{"href":"https:\/\/www.largepillow.com\/cs\/wp-json\/wp\/v2\/product"}],"about":[{"href":"https:\/\/www.largepillow.com\/cs\/wp-json\/wp\/v2\/types\/product"}],"replies":[{"embeddable":true,"href":"https:\/\/www.largepillow.com\/cs\/wp-json\/wp\/v2\/comments?post=8208"}],"wp:featuredmedia":[{"embeddable":true,"href":"https:\/\/www.largepillow.com\/cs\/wp-json\/wp\/v2\/media\/8192"}],"wp:attachment":[{"href":"https:\/\/www.largepillow.com\/cs\/wp-json\/wp\/v2\/media?parent=8208"}],"wp:term":[{"taxonomy":"product_brand","embeddable":true,"href":"https:\/\/www.largepillow.com\/cs\/wp-json\/wp\/v2\/product_brand?post=8208"},{"taxonomy":"product_cat","embeddable":true,"href":"https:\/\/www.largepillow.com\/cs\/wp-json\/wp\/v2\/product_cat?post=8208"},{"taxonomy":"product_tag","embeddable":true,"href":"https:\/\/www.largepillow.com\/cs\/wp-json\/wp\/v2\/product_tag?post=8208"}],"curies":[{"name":"wp","href":"https:\/\/api.w.org\/{rel}","templated":true}]}}