{"id":8233,"date":"2025-06-12T02:31:41","date_gmt":"2025-06-12T02:31:41","guid":{"rendered":"https:\/\/www.largepillow.com\/product\/plush-cloud-modular-sofa-with-chaise-removable-covers"},"modified":"2025-06-17T14:00:28","modified_gmt":"2025-06-17T14:00:28","slug":"plysova-modularni-pohovka-v-oblacnem-stylu-s-odnimatelnymi-potahy-na-lehatko","status":"publish","type":"product","link":"https:\/\/www.largepillow.com\/cs\/product\/plush-cloud-modular-sofa-with-chaise-removable-covers","title":{"rendered":"Modul\u00e1rn\u00ed pohovka Ply\u0161ov\u00fd mrak s leno\u0161kou a sn\u00edmateln\u00fdmi potahy"},"content":{"rendered":"[zc_getpagecontent mb=&#8221;mb_aplus&#8221; apid=&#8221;130&#8243;]\n","protected":false},"excerpt":{"rendered":"<ul>\n<li>MODUL\u00c1RN\u00cd DESIGN: 263 cm sek\u010dn\u00ed pohovka ve tvaru L s v\u0161estrannou kombinac\u00ed sedac\u00edch modul\u016f s hlubok\u00fdmi sed\u00e1ky a leno\u0161kou pro maxim\u00e1ln\u00ed pohodl\u00ed a flexibilitu.<\/li>\n<li>POHODL\u00cd JAKO V OBLAKU: Ply\u0161ov\u00e9 ko\u017ee\u0161inov\u00e9 \u010daloun\u011bn\u00ed s bezkostn\u00ed podp\u016frnou strukturou poskytuje jemn\u00e9 zved\u00e1n\u00ed pro ka\u017ed\u00fd centimetr t\u011bla a vytv\u00e1\u0159\u00ed neuv\u011b\u0159iteln\u011b m\u011bkk\u00fd z\u00e1\u017eitek ze sezen\u00ed.<\/li>\n<li>ERGONOMICK\u00c9 VLASTNOSTI: Prody\u0161n\u00fd reflexn\u00ed materi\u00e1l se zaoblen\u00fdm povrchem zabra\u0148uje \u00fanav\u011b p\u0159i del\u0161\u00edm sezen\u00ed nebo leno\u0161en\u00ed.<\/li>\n<li>P\u0158IPRAVENO K POU\u017dIT\u00cd: Jednodu\u0161e uspo\u0159\u00e1dejte modul\u00e1rn\u00ed d\u00edly do po\u017eadovan\u00e9 konfigurace ve va\u0161em obytn\u00e9m prostoru.<\/li>\n<li>LUXUSN\u00cd DETAILY: B\u00e9\u017eov\u00fd ply\u0161ov\u00fd ko\u017e\u00ed\u0161ek s v\u00fdrazn\u00fdm \u017eebrovan\u00fdm texturovan\u00fdm vzorem vytv\u00e1\u0159\u00ed elegantn\u00ed a modern\u00ed estetiku a z\u00e1rove\u0148 zachov\u00e1v\u00e1 vynikaj\u00edc\u00ed pohodl\u00ed.<\/li>\n<\/ul>","protected":false},"featured_media":8224,"comment_status":"open","ping_status":"closed","template":"","meta":[],"product_brand":[],"product_cat":[228],"product_tag":[],"class_list":{"0":"post-8233","1":"product","2":"type-product","3":"status-publish","4":"has-post-thumbnail","6":"product_cat-cushions","8":"first","9":"outofstock","10":"sold-individually","11":"shipping-taxable","12":"purchasable","13":"product-type-simple"},"_links":{"self":[{"href":"https:\/\/www.largepillow.com\/cs\/wp-json\/wp\/v2\/product\/8233","targetHints":{"allow":["GET"]}}],"collection":[{"href":"https:\/\/www.largepillow.com\/cs\/wp-json\/wp\/v2\/product"}],"about":[{"href":"https:\/\/www.largepillow.com\/cs\/wp-json\/wp\/v2\/types\/product"}],"replies":[{"embeddable":true,"href":"https:\/\/www.largepillow.com\/cs\/wp-json\/wp\/v2\/comments?post=8233"}],"wp:featuredmedia":[{"embeddable":true,"href":"https:\/\/www.largepillow.com\/cs\/wp-json\/wp\/v2\/media\/8224"}],"wp:attachment":[{"href":"https:\/\/www.largepillow.com\/cs\/wp-json\/wp\/v2\/media?parent=8233"}],"wp:term":[{"taxonomy":"product_brand","embeddable":true,"href":"https:\/\/www.largepillow.com\/cs\/wp-json\/wp\/v2\/product_brand?post=8233"},{"taxonomy":"product_cat","embeddable":true,"href":"https:\/\/www.largepillow.com\/cs\/wp-json\/wp\/v2\/product_cat?post=8233"},{"taxonomy":"product_tag","embeddable":true,"href":"https:\/\/www.largepillow.com\/cs\/wp-json\/wp\/v2\/product_tag?post=8233"}],"curies":[{"name":"wp","href":"https:\/\/api.w.org\/{rel}","templated":true}]}}