{"id":8245,"date":"2025-06-12T03:28:35","date_gmt":"2025-06-12T03:28:35","guid":{"rendered":"https:\/\/www.largepillow.com\/product\/funky-hand-shaped-chair-with-round-pillow-for-bedroom-gaming"},"modified":"2025-06-16T03:40:19","modified_gmt":"2025-06-16T03:40:19","slug":"funky-rucne-tvarovane-kreslo-s-kulatym-polstarem-pro-hrani-v-loznici","status":"publish","type":"product","link":"https:\/\/www.largepillow.com\/cs\/product\/funky-hand-shaped-chair-with-round-pillow-for-bedroom-gaming","title":{"rendered":"Funky ru\u010dn\u011b tvarovan\u00e9 k\u0159eslo s kulat\u00fdm pol\u0161t\u00e1\u0159em do lo\u017enice a na hran\u00ed her"},"content":{"rendered":"[zc_getpagecontent mb=&#8221;mb_aplus&#8221; apid=&#8221;124&#8243;]\n","protected":false},"excerpt":{"rendered":"<ul>\n<li>Unik\u00e1tn\u00ed a z\u00e1bavn\u00fd design \u2013 Nen\u00ed to jen pohodln\u00e1 pohovka na podlaze, ale i zaj\u00edmav\u00fd prvek pro konverzaci. D\u00edky sed\u00e1ku ve tvaru ruky a kulat\u00e9mu pol\u0161t\u00e1\u0159i inspirovan\u00e9mu baseballov\u00fdm m\u00ed\u010dem vn\u00e1\u0161\u00ed do va\u0161eho prostoru funky sportovn\u00ed n\u00e1dech. Ide\u00e1ln\u00ed pro lidi, kte\u0159\u00ed miluj\u00ed abstraktn\u00ed dekorace a cht\u011bj\u00ed do sv\u00e9ho domova vn\u00e9st cool a neobvykl\u00fd prvek.<\/li>\n<li>Ide\u00e1ln\u00ed pro teenagery a d\u011bti \u2013 A\u0165 u\u017e je to pokoj pro teenagery nebo herna, tato pohovka na podlaze je hitem; Jej\u00ed z\u00e1bavn\u00fd a kreativn\u00ed design oslov\u00ed mlad\u0161\u00ed publikum a poskytne jim \u00fatuln\u00e9 m\u00edsto k relaxaci, \u010dten\u00ed nebo hran\u00ed.<\/li>\n<li>V\u0161estrann\u00e9 vyu\u017eit\u00ed \u2013 Od roztomil\u00e9ho dopl\u0148ku p\u011bnov\u00e9 pohovky v hern\u011b a\u017e po unik\u00e1tn\u00ed fotografickou rekvizitu, tato samostatn\u00e1 pohovka se skv\u011ble hod\u00ed do ka\u017ed\u00e9ho koutu. Je tak\u00e9 vhodn\u00e1 do mal\u00fdch prostor, tak\u017ee se hod\u00ed do byt\u016f, studentsk\u00fdch pokoj\u016f nebo jak\u00e9hokoli koutu v pokoji.<\/li>\n<li>Vysoce kvalitn\u00ed materi\u00e1ly \u2013 Vyrobeno z \u0161etrn\u00e9ho sametu, baseballov\u00e9ho pol\u0161t\u00e1\u0159e pln\u011bn\u00e9ho PP bavlnou a p\u011bny s vysokou hustotou pro sed\u00e1k pohovky bez kostic, pohodl\u00ed je zaru\u010deno; protiskluzov\u00e1 spodn\u00ed strana nav\u00edc zaji\u0161\u0165uje bezpe\u010dnost, tak\u017ee si na n\u00ed m\u016f\u017eete bez obav u\u017e\u00edvat sezen\u00ed.<\/li>\n<li>Multifunk\u010dn\u00ed sezen\u00ed \u2013 Neslou\u017e\u00ed jen jako dal\u0161\u00ed m\u00edsto k sezen\u00ed, ale tak\u00e9 jako um\u011bleck\u00e9 d\u00edlo; vytv\u00e1\u0159\u00ed \u00fatuln\u00e9 m\u00edsto pro relaxaci a jeho jedine\u010dn\u00fd modern\u00ed design z n\u011bj d\u011bl\u00e1 v\u00fdrazn\u00fd prvek v ka\u017ed\u00e9 m\u00edstnosti.<\/li>\n<li>Pohovka v krabici \u2013 Na\u0161e k\u0159eslo m\u00e1 bezr\u00e1movou konstrukci, kter\u00e1 nab\u00edz\u00ed flexibilitu a jedine\u010dn\u00fd z\u00e1\u017eitek ze sezen\u00ed; jednodu\u0161e jej vybalte a sledujte, jak znovu z\u00edsk\u00e1v\u00e1 sv\u016fj tvar, p\u0159ipraven\u00e9 dodat va\u0161emu ob\u00fdvac\u00edmu pokoji z\u00e1bavn\u00fd prvek.<\/li>\n<\/ul>","protected":false},"featured_media":8234,"comment_status":"open","ping_status":"closed","template":"","meta":[],"product_brand":[],"product_cat":[228],"product_tag":[],"class_list":{"0":"post-8245","1":"product","2":"type-product","3":"status-publish","4":"has-post-thumbnail","6":"product_cat-cushions","8":"first","9":"instock","10":"shipping-taxable","11":"purchasable","12":"product-type-simple"},"_links":{"self":[{"href":"https:\/\/www.largepillow.com\/cs\/wp-json\/wp\/v2\/product\/8245","targetHints":{"allow":["GET"]}}],"collection":[{"href":"https:\/\/www.largepillow.com\/cs\/wp-json\/wp\/v2\/product"}],"about":[{"href":"https:\/\/www.largepillow.com\/cs\/wp-json\/wp\/v2\/types\/product"}],"replies":[{"embeddable":true,"href":"https:\/\/www.largepillow.com\/cs\/wp-json\/wp\/v2\/comments?post=8245"}],"wp:featuredmedia":[{"embeddable":true,"href":"https:\/\/www.largepillow.com\/cs\/wp-json\/wp\/v2\/media\/8234"}],"wp:attachment":[{"href":"https:\/\/www.largepillow.com\/cs\/wp-json\/wp\/v2\/media?parent=8245"}],"wp:term":[{"taxonomy":"product_brand","embeddable":true,"href":"https:\/\/www.largepillow.com\/cs\/wp-json\/wp\/v2\/product_brand?post=8245"},{"taxonomy":"product_cat","embeddable":true,"href":"https:\/\/www.largepillow.com\/cs\/wp-json\/wp\/v2\/product_cat?post=8245"},{"taxonomy":"product_tag","embeddable":true,"href":"https:\/\/www.largepillow.com\/cs\/wp-json\/wp\/v2\/product_tag?post=8245"}],"curies":[{"name":"wp","href":"https:\/\/api.w.org\/{rel}","templated":true}]}}