{"id":8262,"date":"2025-06-12T07:43:13","date_gmt":"2025-06-12T07:43:13","guid":{"rendered":"https:\/\/www.largepillow.com\/product\/multi-use-pillow-for-comfortable-sleep-sitting-with-back-support"},"modified":"2025-11-15T16:05:15","modified_gmt":"2025-11-15T16:05:15","slug":"viceucelovy-polstar-pro-pohodlne-sezeni-s-operkou-zad","status":"publish","type":"product","link":"https:\/\/www.largepillow.com\/cs\/product\/multi-use-pillow-for-comfortable-sleep-sitting-with-back-support\/","title":{"rendered":"V\u00edce\u00fa\u010delov\u00fd pol\u0161t\u00e1\u0159 pro pohodln\u00e9 span\u00ed a sezen\u00ed s oporou zad"},"content":{"rendered":"[zc_getpagecontent mb=&#8221;mb_aplus&#8221; apid=&#8221;117&#8243;]\n","protected":false},"excerpt":{"rendered":"<ul>\n<li>V\u0161estrann\u00e1 rekonvalescence po operaci BBL: Na\u0161e sada pol\u0161t\u00e1\u0159\u016f s pol\u0161t\u00e1\u0159em BBL po operaci je navr\u017eena pro pohodl\u00ed a v\u0161estrannost po operaci BBL. Obsahuje p\u011bnov\u00fd pol\u0161t\u00e1\u0159 BBL a pol\u0161t\u00e1\u0159 na oporu zad. Jejich v\u0161estrannost umo\u017e\u0148uje pou\u017e\u00edvat je spole\u010dn\u011b jako pol\u0161t\u00e1\u0159 na obli\u010dej po operaci BBL nebo jako sadu pol\u0161t\u00e1\u0159\u016f BBL Butt Lift + pol\u0161t\u00e1\u0159\u016f na oporu zad, co\u017e dokonale \u0159e\u0161\u00ed va\u0161e rozmanit\u00e9 pot\u0159eby po operaci BBL.<\/li>\n<li>Pohodl\u00ed p\u0159i span\u00ed na b\u0159i\u0161e: Unik\u00e1tn\u00ed design otvor\u016f pol\u0161t\u00e1\u0159e s otvory na obli\u010deji dol\u016f umo\u017e\u0148uje span\u00ed na b\u0159i\u0161e, co\u017e podporuje optim\u00e1ln\u00ed pohodl\u00ed a d\u00fdch\u00e1n\u00ed. Tato poloha napom\u00e1h\u00e1 poopera\u010dn\u00ed rekonvalescenci, v\u010detn\u011b operace BBL nebo jin\u00fdch o\u010dn\u00edch operac\u00ed, a pol\u0161t\u00e1\u0159 lze nastavit tak, aby poskytoval dal\u0161\u00ed oporu, a to omot\u00e1n\u00edm pa\u017e\u00ed p\u0159ed sebe.<\/li>\n<li>Podpora zved\u00e1n\u00ed ky\u010dl\u00ed a odpru\u017een\u00ed zad: P\u011bnov\u00fd pol\u0161t\u00e1\u0159 Butt podporuje zotaven\u00ed ky\u010dl\u00ed, zat\u00edmco bavln\u011bn\u00fd z\u00e1dov\u00fd pol\u0161t\u00e1\u0159 z polypropylenu nab\u00edz\u00ed oporu zad a umo\u017e\u0148uje del\u0161\u00ed sezen\u00ed bez nepohodl\u00ed. Tyto pol\u0161t\u00e1\u0159e bbl po operaci na span\u00ed jsou ide\u00e1ln\u00ed pro r\u016fzn\u00e9 sedac\u00ed povrchy, jako jsou restaura\u010dn\u00ed \u017eidle, kancel\u00e1\u0159sk\u00e9 \u017eidle, autoseda\u010dky a dal\u0161\u00ed. Uspokoj\u00ed va\u0161e pot\u0159eby pohodl\u00ed po operaci.<\/li>\n<li>Odoln\u00fd a podp\u016frn\u00fd design: Na\u0161e sada pol\u0161t\u00e1\u0159\u016f BBL je vyrobena z p\u011bny s vysokou hustotou a unese a\u017e 100 kg, ani\u017e by se propadla nebo zplo\u0161tila. Nad\u00fdchan\u00e1 polyesterov\u00e1 v\u00fdpl\u0148 zaji\u0161\u0165uje pohodlnou oporu a m\u011bkk\u00e9 sametov\u00e9 potahy jsou sn\u00edmateln\u00e9 a prateln\u00e9 v pra\u010dce pro snadnou \u00fadr\u017ebu.<\/li>\n<li>Multifunk\u010dn\u00ed pou\u017eit\u00ed: Krom\u011b poopera\u010dn\u00ed rekonvalescence mohou tyto pol\u0161t\u00e1\u0159e slou\u017eit jako mas\u00e1\u017en\u00ed pol\u0161t\u00e1\u0159 nebo opora pro \u010dinnosti v poloze obli\u010dejem dol\u016f, jako je zd\u0159\u00edmnut\u00ed u stolu nebo span\u00ed na b\u0159i\u0161e. Pol\u0161t\u00e1\u0159 s op\u011brkou zad pro samostatn\u00e9 pou\u017eit\u00ed m\u016f\u017ee slou\u017eit jako pol\u0161t\u00e1\u0159 na \u010dten\u00ed pro podporu zad b\u011bhem obdob\u00ed po rekonvalescenci.<\/li>\n<li>Rychl\u00e9 obnoven\u00ed tvaru: Upozor\u0148ujeme, \u017ee pol\u0161t\u00e1\u0159 s p\u0159il\u00e9hav\u00fdm povrchem se m\u016f\u017ee p\u0159i sezen\u00ed m\u00edrn\u011b stla\u010dit, tak\u017ee nebudete moci dos\u00e1hnout jeho pln\u00e9 v\u00fd\u0161ky. Na\u0161e sady pol\u0161t\u00e1\u0159\u016f jsou vakuov\u011b baleny. Po vybalen\u00ed se vr\u00e1t\u00ed do p\u016fvodn\u00edho tvaru do 48\u201372 hodin.<\/li>\n<\/ul>","protected":false},"featured_media":8255,"comment_status":"open","ping_status":"closed","template":"","meta":[],"product_brand":[],"product_cat":[228],"product_tag":[],"class_list":{"0":"post-8262","1":"product","2":"type-product","3":"status-publish","4":"has-post-thumbnail","6":"product_cat-cushions","8":"first","9":"instock","10":"shipping-taxable","11":"purchasable","12":"product-type-simple"},"_links":{"self":[{"href":"https:\/\/www.largepillow.com\/cs\/wp-json\/wp\/v2\/product\/8262","targetHints":{"allow":["GET"]}}],"collection":[{"href":"https:\/\/www.largepillow.com\/cs\/wp-json\/wp\/v2\/product"}],"about":[{"href":"https:\/\/www.largepillow.com\/cs\/wp-json\/wp\/v2\/types\/product"}],"replies":[{"embeddable":true,"href":"https:\/\/www.largepillow.com\/cs\/wp-json\/wp\/v2\/comments?post=8262"}],"wp:featuredmedia":[{"embeddable":true,"href":"https:\/\/www.largepillow.com\/cs\/wp-json\/wp\/v2\/media\/8255"}],"wp:attachment":[{"href":"https:\/\/www.largepillow.com\/cs\/wp-json\/wp\/v2\/media?parent=8262"}],"wp:term":[{"taxonomy":"product_brand","embeddable":true,"href":"https:\/\/www.largepillow.com\/cs\/wp-json\/wp\/v2\/product_brand?post=8262"},{"taxonomy":"product_cat","embeddable":true,"href":"https:\/\/www.largepillow.com\/cs\/wp-json\/wp\/v2\/product_cat?post=8262"},{"taxonomy":"product_tag","embeddable":true,"href":"https:\/\/www.largepillow.com\/cs\/wp-json\/wp\/v2\/product_tag?post=8262"}],"curies":[{"name":"wp","href":"https:\/\/api.w.org\/{rel}","templated":true}]}}