{"id":8343,"date":"2025-06-16T02:24:31","date_gmt":"2025-06-16T02:24:31","guid":{"rendered":"https:\/\/www.largepillow.com\/product\/indoor-kids-playroom-furniture-7pcs-modular-foam-sofa"},"modified":"2025-06-17T03:43:28","modified_gmt":"2025-06-17T03:43:28","slug":"7dilna-modularni-penova-pohovka-pro-deti-do-herny","status":"publish","type":"product","link":"https:\/\/www.largepillow.com\/cs\/product\/indoor-kids-playroom-furniture-7pcs-modular-foam-sofa\/","title":{"rendered":"N\u00e1bytek do d\u011btsk\u00e9 herny, 7d\u00edln\u00e1 modul\u00e1rn\u00ed p\u011bnov\u00e1 pohovka"},"content":{"rendered":"[zc_getpagecontent mb=&#8221;mb_aplus&#8221; apid=&#8221;114&#8243;]\n","protected":false},"excerpt":{"rendered":"<ul>\n<li>Popus\u0165te uzdu a stimulujte fantazii: P\u0159edstavujeme na\u0161i v\u0161estrannou modul\u00e1rn\u00ed d\u011btskou pohovku, navr\u017eenou ze 7 flexibiln\u00edch p\u011bnov\u00fdch blok\u016f, kter\u00e9 lze prom\u011bnit v nekone\u010dn\u00e9 hern\u00ed struktury. Od \u00fatuln\u00fdch pohovek, skluzavek a hrad\u016f a\u017e po m\u00ed\u010dkov\u00e1 h\u0159i\u0161t\u011b a mini p\u0159ek\u00e1\u017ekov\u00e9 dr\u00e1hy, tento multifunk\u010dn\u00ed design nejen podporuje kreativitu, ale tak\u00e9 umo\u017e\u0148uje d\u011btem vytv\u00e1\u0159et si vlastn\u00ed n\u00e1padit\u00e9 hern\u00ed prostory. Na\u0161e hrac\u00ed pohovka je ide\u00e1ln\u00ed pro podporu fantazie, kreativity a rozvoj soci\u00e1ln\u00edch a motorick\u00fdch dovednost\u00ed a je dokonal\u00fdm n\u00e1strojem pro lezen\u00ed, pov\u00edd\u00e1n\u00ed, odpo\u010dinek a interaktivn\u00ed hru.\u00a0<\/li>\n<li>Zv\u00fd\u0161en\u00e9 pohodl\u00ed, bezpe\u010dnost a odolnost: Na\u0161e hern\u00ed pohovka je vyrobena s ohledem na bezpe\u010dnost a pohodl\u00ed d\u011bt\u00ed. Je vybavena j\u00e1drem z p\u011bny s vysokou hustotou a je vypln\u011bna vysoce elastickou houbou, kter\u00e1 vydr\u017e\u00ed roky n\u00e1ro\u010dn\u00e9ho hran\u00ed. M\u011bkk\u00fd povrch odoln\u00fd proti n\u00e1razu zaji\u0161\u0165uje bezpe\u010dn\u00e9 prost\u0159ed\u00ed pro sk\u00e1k\u00e1n\u00ed a plazen\u00ed, bez ostr\u00fdch hran a tvrd\u00fdch roh\u016f. Na\u0161e d\u011btsk\u00e1 pohovka je pota\u017eena vod\u011bodolnou a odolnou um\u011blou k\u016f\u017e\u00ed pro snadn\u00e9 \u010di\u0161t\u011bn\u00ed a je navr\u017eena v neutr\u00e1ln\u00edm barevn\u00e9m proveden\u00ed, aby odol\u00e1vala skvrn\u00e1m, a zajistila tak, \u017ee si po mnoho let zachov\u00e1 sv\u016fj perfektn\u00ed vzhled.<\/li>\n<li>Poutav\u00e9 z\u00e1\u017eitky pro budov\u00e1n\u00ed vztahu mezi rodi\u010di a d\u011btmi: Za\u017eijte neoceniteln\u00e9 chv\u00edle spojen\u00ed se sv\u00fdmi d\u011btmi s na\u0161\u00ed modul\u00e1rn\u00ed hrac\u00ed pohovkou. Slou\u017e\u00ed jako \u00fatuln\u00e9 prost\u0159ed\u00ed pro kvalitn\u00ed interakci mezi rodi\u010di a d\u011btmi, podporuje hru, relaxaci a vytv\u00e1\u0159\u00ed p\u0159\u00edjemn\u00e9 prost\u0159ed\u00ed. Je ide\u00e1ln\u00ed do lo\u017enic, heren, d\u011btsk\u00fdch pokoj\u016f nebo ob\u00fdvac\u00edch pokoj\u016f a je tak\u00e9 fantastick\u00fdm d\u00e1rkem k narozenin\u00e1m, V\u00e1noc\u016fm nebo oslav\u011b narozen\u00ed d\u00edt\u011bte, kter\u00fd do va\u0161eho domova p\u0159inese radost a sm\u00edch.<\/li>\n<li>Pohodln\u00e1 \u00fadr\u017eba a skladov\u00e1n\u00ed: Na\u0161e d\u011btsk\u00e1 pohovka m\u00e1 sn\u00edmateln\u00fd potah, kter\u00fd lze pr\u00e1t v pra\u010dce, tak\u017ee \u00fadr\u017eba je hra\u010dka. Jej\u00ed vylep\u0161en\u00e1 velikost a lehk\u00e1 konstrukce umo\u017e\u0148uj\u00ed snadnou mobilitu a skladov\u00e1n\u00ed, co\u017e d\u011btem umo\u017e\u0148uje bez n\u00e1mahy p\u0159esouvat a p\u0159estavovat sestavu z jedn\u00e9 m\u00edstnosti do druh\u00e9. Ka\u017ed\u00fd modul je vybaven zipy pro snadn\u00e9 \u010di\u0161t\u011bn\u00ed, co\u017e zaji\u0161\u0165uje dlouhodobou \u010distotu a radost z u\u017e\u00edv\u00e1n\u00ed.<\/li>\n<li>Snadn\u00e1 mont\u00e1\u017e a okam\u017eit\u00e1 z\u00e1bava: Na\u0161e d\u011btsk\u00e1 pohovka je pro efektivn\u00ed p\u0159epravu zabalena pomoc\u00ed vakuov\u00e9 komprese, tak\u017ee se m\u016f\u017ee po otev\u0159en\u00ed zpo\u010d\u00e1tku jevit deformovan\u00e1 nebo ten\u010d\u00ed. Nejedn\u00e1 se v\u0161ak o probl\u00e9m s kvalitou. Sta\u010d\u00ed nechat p\u011bnu 48\u201372 hodin pln\u011b se rozt\u00e1hnout a znovu z\u00edskat svou norm\u00e1ln\u00ed velikost a tlou\u0161\u0165ku. Bez nutnosti mont\u00e1\u017ee se d\u011bti mohou rovnou pono\u0159it do tvo\u0159en\u00ed a objevov\u00e1n\u00ed sv\u00e9ho vlastn\u00edho mal\u00e9ho sv\u011bta, co\u017e jim okam\u017eit\u011b poskytne z\u00e1bavu a funk\u010dnost. Pro v\u011bt\u0161\u00ed stabilitu p\u0159i pou\u017eit\u00ed jako b\u011b\u017en\u00e9 pohovky se doporu\u010duje um\u00edstit ji ke zdi.<\/li>\n<li>Hmotnost: 17 liber, rozm\u011bry: 13\u2033H x 39\u2033\u0160 x 19\u2033V.<\/li>\n<\/ul>","protected":false},"featured_media":8337,"comment_status":"open","ping_status":"closed","template":"","meta":[],"product_brand":[],"product_cat":[228],"product_tag":[],"class_list":{"0":"post-8343","1":"product","2":"type-product","3":"status-publish","4":"has-post-thumbnail","6":"product_cat-cushions","8":"first","9":"instock","10":"sold-individually","11":"shipping-taxable","12":"purchasable","13":"product-type-simple"},"_links":{"self":[{"href":"https:\/\/www.largepillow.com\/cs\/wp-json\/wp\/v2\/product\/8343","targetHints":{"allow":["GET"]}}],"collection":[{"href":"https:\/\/www.largepillow.com\/cs\/wp-json\/wp\/v2\/product"}],"about":[{"href":"https:\/\/www.largepillow.com\/cs\/wp-json\/wp\/v2\/types\/product"}],"replies":[{"embeddable":true,"href":"https:\/\/www.largepillow.com\/cs\/wp-json\/wp\/v2\/comments?post=8343"}],"wp:featuredmedia":[{"embeddable":true,"href":"https:\/\/www.largepillow.com\/cs\/wp-json\/wp\/v2\/media\/8337"}],"wp:attachment":[{"href":"https:\/\/www.largepillow.com\/cs\/wp-json\/wp\/v2\/media?parent=8343"}],"wp:term":[{"taxonomy":"product_brand","embeddable":true,"href":"https:\/\/www.largepillow.com\/cs\/wp-json\/wp\/v2\/product_brand?post=8343"},{"taxonomy":"product_cat","embeddable":true,"href":"https:\/\/www.largepillow.com\/cs\/wp-json\/wp\/v2\/product_cat?post=8343"},{"taxonomy":"product_tag","embeddable":true,"href":"https:\/\/www.largepillow.com\/cs\/wp-json\/wp\/v2\/product_tag?post=8343"}],"curies":[{"name":"wp","href":"https:\/\/api.w.org\/{rel}","templated":true}]}}