{"id":845,"date":"2022-09-17T14:14:51","date_gmt":"2022-09-17T14:14:51","guid":{"rendered":"https:\/\/www.largepillow.com\/product\/wedge-pillow-for-acid-reflux_37_38_39_40_41_42"},"modified":"2024-12-04T12:25:24","modified_gmt":"2024-12-04T12:25:24","slug":"dekoracni-polstare-do-postele","status":"publish","type":"product","link":"https:\/\/www.largepillow.com\/cs\/product\/decorative-pillows-for-bed","title":{"rendered":"Dekorativn\u00ed Pol\u0161t\u00e1\u0159e Do Postele"},"content":{"rendered":"<p>Dop\u0159ejte si bezkonkuren\u010dn\u00ed pohodl\u00ed s\u00a0na\u0161imi dekorativn\u00edmi pol\u0161t\u00e1\u0159i do postele<\/p>\n<p>Zm\u011b\u0148te sv\u016fj z\u00e1\u017eitek p\u0159ed span\u00edm s na\u0161imi pe\u010dliv\u011b vyroben\u00fdmi dekorativn\u00edmi pol\u0161t\u00e1\u0159i do postele, kter\u00e9 jsou navr\u017eeny tak, aby zv\u00fd\u0161ily va\u0161e pohodl\u00ed a relaxaci.<\/p>\n<p>Maxim\u00e1ln\u00ed pohodl\u00ed a podpora<\/p>\n<p>Na\u0161e pol\u0161t\u00e1\u0159e maj\u00ed zak\u0159iven\u00fd tvar, kter\u00fd se p\u0159izp\u016fsob\u00ed kontur\u00e1m va\u0161eho t\u011bla a poskytuje bezkonkuren\u010dn\u00ed pohodl\u00ed. A\u0165 u\u017e se povalujete v posteli, odpo\u010d\u00edv\u00e1te na pohovce nebo sn\u00edte na gau\u010di, n\u00e1\u0161 pol\u0161t\u00e1\u0159 na \u010dten\u00ed na \u010delo v\u00e1s udr\u017e\u00ed bez nap\u011bt\u00ed a podep\u0159e.<\/p>\n<p>Zv\u00fd\u0161en\u00e1 op\u011brka zad pro optim\u00e1ln\u00ed podporu<\/p>\n<p>Dop\u0159ejte si luxus na\u0161eho dvou\u0159ad\u00e9ho designu zv\u00fd\u0161en\u00e9ho op\u011bradla, odborn\u011b vytvo\u0159en\u00e9ho tak, aby poskytoval v\u00fdjime\u010dnou podporu va\u0161emu krku a z\u00e1d\u016fm. Pono\u0159te se do sv\u00e9 obl\u00edben\u00e9 knihy nebo se pono\u0159te do podmaniv\u00e9ho filmu bez jak\u00e9hokoli nepohodl\u00ed nebo n\u00e1mahy.<\/p>\n<p>V\u0161estrann\u00e1 funk\u010dnost<\/p>\n<p>U\u017eijte si v\u0161estrannost na\u0161eho pol\u0161t\u00e1\u0159e s jeho t\u0159emi r\u016fzn\u00fdmi zp\u016fsoby pou\u017eit\u00ed. Um\u00edst\u011bte jej vzp\u0159\u00edmen\u011b jako z\u00e1dov\u00fd pol\u0161t\u00e1\u0159, podep\u0159ete jej jako kl\u00ednov\u00fd pol\u0161t\u00e1\u0159 nebo zvedn\u011bte nohy pro v\u011bt\u0161\u00ed pohodl\u00ed. Je to perfektn\u00ed dopln\u011bk pro z\u00fatuln\u011bn\u00ed a odpo\u010dinek.<\/p>\n<p>Prvot\u0159\u00eddn\u00ed \u0159emesln\u00e9 zpracov\u00e1n\u00ed a odolnost<\/p>\n<p>Na\u0161e pol\u0161t\u00e1\u0159e na \u010delo postele jsou pe\u010dliv\u011b vyrobeny z vysoce kvalitn\u00ed tkaniny ln\u011bn\u00e9ho vzhledu, slo\u017een\u00e9 z polyesteru 100% pro odolnost a snadnou \u00fadr\u017ebu. Ekologick\u00e1 a odoln\u00e1 v\u00fdpl\u0148 z polyesterov\u00fdch vl\u00e1ken zaji\u0161\u0165uje dlouhotrvaj\u00edc\u00ed pohodl\u00ed. S odn\u00edmateln\u00fdm pol\u0161t\u00e1\u0159em nav\u00edc je \u010di\u0161t\u011bn\u00ed hra\u010dkou.<\/p>\n<p>\u010ci\u0161t\u011bn\u00ed bez n\u00e1mahy<\/p>\n<p>Udr\u017eujte sv\u016fj pol\u0161t\u00e1\u0159 v p\u016fvodn\u00edm stavu bez n\u00e1mahy. Povlak na pol\u0161t\u00e1\u0159 je p\u0159ipevn\u011bn pomoc\u00ed knofl\u00edk\u016f, co\u017e umo\u017e\u0148uje snadn\u00e9 sejmut\u00ed. Jednodu\u0161e rozepn\u011bte potah a dejte jej do pra\u010dky pro rychl\u00e9 osv\u011b\u017een\u00ed.<\/p>\n<p>Mo\u017enosti p\u0159izp\u016fsoben\u00ed velikosti<\/p>\n<p>Vyberte si perfektn\u00ed velikost va\u0161\u00ed postele z na\u0161\u00ed rozs\u00e1hl\u00e9 nab\u00eddky mo\u017enost\u00ed:<\/p>\n<p>* 100 cm (D100 x \u016026 x V55)<br \/>\n* 120 cm (D120 x \u016026 x V55)<br \/>\n* 140 cm (D140 x \u016026 x V55)<br \/>\n* 160 cm (D160 x \u016026 x V55)<br \/>\n* 180 cm (D180 x \u016026 x V55)<br \/>\n* 200 cm (D200 x \u016026 x V55)<\/p>\n<p>Ohlasy z\u00e1kazn\u00edk\u016f<\/p>\n<p>Na\u0161i spokojen\u00ed z\u00e1kazn\u00edci chv\u00e1l\u00ed mimo\u0159\u00e1dnou kvalitu na\u0161ich dekora\u010dn\u00edch pol\u0161t\u00e1\u0159\u016f do postele:<\/p>\n<p>* \u201eTento troj\u00faheln\u00edkov\u00fd pol\u0161t\u00e1\u0159 je nejen pohodln\u00fd, ale tak\u00e9 velmi praktick\u00fd. M\u00e1m z toho opravdu radost!\u201c<br \/>\n* \u201eMiluji pl\u00e1t\u011bn\u00fd materi\u00e1l. Je m\u011bkk\u00fd a prody\u0161n\u00fd a barva je kr\u00e1sn\u00e1.\u201c<br \/>\n* \u201eKoupil jsem tento pol\u0161t\u00e1\u0159 pro svou m\u00e1mu, kter\u00e1 m\u00e1 bolesti zad. Je to velk\u00fd rozd\u00edl pro jej\u00ed pohodl\u00ed.\u201c<\/p>\n<p>Dop\u0159ejte si maxim\u00e1ln\u00ed pohodl\u00ed a relaxaci s na\u0161imi dekorativn\u00edmi pol\u0161t\u00e1\u0159i do postele. Objednejte si sv\u016fj je\u0161t\u011b dnes a za\u017eijte jedine\u010dnou podporu a luxus, kter\u00e9 si zaslou\u017e\u00edte.<\/p>","protected":false},"excerpt":{"rendered":"<ul>\n<li><strong>Maxim\u00e1ln\u00ed pohodl\u00ed:<\/strong> Tento xl zv\u00fd\u0161en\u00fd pol\u0161t\u00e1\u0159 na \u010delo nab\u00edz\u00ed vynikaj\u00edc\u00ed pohodl\u00ed d\u00edky sv\u00e9mu zak\u0159iven\u00e9mu tvaru. Tento pol\u0161t\u00e1\u0159 na \u010dten\u00ed na \u010delo postele v\u00e1m pom\u016f\u017ee z\u016fstat bez nap\u011bt\u00ed na pohovce nebo pohovce, co\u017e je ide\u00e1ln\u00ed pro pracuj\u00edc\u00ed no\u010dn\u00ed sovy, knihomoly a sledov\u00e1n\u00ed televize v posteli.<\/li>\n<li><strong>Design zv\u00fd\u0161en\u00e9 op\u011brky zad:<\/strong> U\u017eijte si bezkonkuren\u010dn\u00ed pohodl\u00ed s jedine\u010dn\u00fdm dvou\u0159ad\u00fdm designem zv\u00fd\u0161en\u00e9ho op\u011bradla na\u0161eho pol\u0161t\u00e1\u0159e na \u010delo. Pol\u0161t\u00e1\u0159 vyv\u00fd\u0161en\u00e9ho op\u011bradla poskytuje vynikaj\u00edc\u00ed oporu pro v\u00e1\u0161 krk a z\u00e1da, tak\u017ee je ide\u00e1ln\u00edm m\u00edstem pro odpo\u010dinek a \u010dten\u00ed v posteli.<\/li>\n<li><strong>Multifunk\u010dn\u00ed pol\u0161t\u00e1\u0159:<\/strong> D\u00edky t\u0159em r\u016fzn\u00fdm zp\u016fsob\u016fm pou\u017eit\u00ed je n\u00e1\u0161 pol\u0161t\u00e1\u0159 perfektn\u00ed pro ka\u017edou situaci. A\u0165 u\u017e jej rad\u011bji pou\u017e\u00edv\u00e1te jako vzp\u0159\u00edmen\u00fd pol\u0161t\u00e1\u0159 na z\u00e1da, kl\u00ednov\u00fd pol\u0161t\u00e1\u0159 nebo pol\u0161t\u00e1\u0159 na nohy pro zv\u00fd\u0161enou oporu, je to ide\u00e1ln\u00ed dopln\u011bk pro pohodln\u00fd odpo\u010dinek a relaxaci.<\/li>\n<li><strong>\u0160pi\u010dkov\u00e9 \u0159emesln\u00e9 zpracov\u00e1n\u00ed:<\/strong> N\u00e1\u0161 pol\u0161t\u00e1\u0159 na \u010delo je vyroben z tkaniny ln\u011bn\u00e9ho vzhledu, jej\u00ed\u017e slo\u017een\u00ed je polyester 100%, je vypln\u011bno ekologicky \u0161etrnou a vysoce odolnou v\u00fdpln\u00ed z polyesterov\u00fdch vl\u00e1ken. Odn\u00edmateln\u00fd polstrovan\u00fd pol\u0161t\u00e1\u0159 lze snadno pr\u00e1t v pra\u010dce, zat\u00edmco mal\u00e9 bo\u010dn\u00ed kapsy dod\u00e1vaj\u00ed tomuto ji\u017e tak luxusn\u00edmu produktu prakti\u010dnost.<\/li>\n<li><strong>Snadno omyvateln\u00e9:<\/strong> Povlak na pol\u0161t\u00e1\u0159 je p\u0159ipevn\u011bn k vnit\u0159ku pol\u0161t\u00e1\u0159e pomoc\u00ed knofl\u00edk\u016f a lze jej snadno sejmout pomoc\u00ed jednoduch\u00e9ho zipu. D\u00edky tomu je jeho \u010di\u0161t\u011bn\u00ed bezprobl\u00e9mov\u00e9. Sta\u010d\u00ed sundat potah a rychle vyprat v pra\u010dce, aby v\u00e1\u0161 pol\u0161t\u00e1\u0159 vypadal jako nov\u00fd.<\/li>\n<li><strong>Velikost:<\/strong> 100cm (D100 x \u016026 x V55 | 3 sloupkov\u00e1 tla\u010d\u00edtka), 120cm (D120 x \u016026 x V55 | 4 sloupkov\u00e1 tla\u010d\u00edtka), 140cm (D140 x \u016026 x V55 | 4 sloupcov\u00e1 tla\u010d\u00edtka), 160cm (D160 x \u016026 x V55 | ), 180 cm (D180 x \u016026 x V55 | 6 sloupcov\u00fdch tla\u010d\u00edtek), 200 cm (D200 x \u016026 x V55 | 7 sloupkov\u00fdch tla\u010d\u00edtek).<\/li>\n<\/ul>","protected":false},"featured_media":830,"comment_status":"open","ping_status":"closed","template":"","meta":[],"product_brand":[],"product_cat":[15],"product_tag":[145,165,164,161,143,162,65],"class_list":{"0":"post-845","1":"product","2":"type-product","3":"status-publish","4":"has-post-thumbnail","6":"product_cat-large-wedge-pillow","7":"product_tag-decorative-pillow","8":"product_tag-detachable-bolster","9":"product_tag-detachable-bolster-bed-cushion","10":"product_tag-elevated-headboard-pillow","11":"product_tag-multifunctional-pillow","12":"product_tag-upright-back-pillow","13":"product_tag-wedge-pillow","15":"first","16":"instock","17":"featured","18":"shipping-taxable","19":"purchasable","20":"product-type-variable"},"_links":{"self":[{"href":"https:\/\/www.largepillow.com\/cs\/wp-json\/wp\/v2\/product\/845","targetHints":{"allow":["GET"]}}],"collection":[{"href":"https:\/\/www.largepillow.com\/cs\/wp-json\/wp\/v2\/product"}],"about":[{"href":"https:\/\/www.largepillow.com\/cs\/wp-json\/wp\/v2\/types\/product"}],"replies":[{"embeddable":true,"href":"https:\/\/www.largepillow.com\/cs\/wp-json\/wp\/v2\/comments?post=845"}],"wp:featuredmedia":[{"embeddable":true,"href":"https:\/\/www.largepillow.com\/cs\/wp-json\/wp\/v2\/media\/830"}],"wp:attachment":[{"href":"https:\/\/www.largepillow.com\/cs\/wp-json\/wp\/v2\/media?parent=845"}],"wp:term":[{"taxonomy":"product_brand","embeddable":true,"href":"https:\/\/www.largepillow.com\/cs\/wp-json\/wp\/v2\/product_brand?post=845"},{"taxonomy":"product_cat","embeddable":true,"href":"https:\/\/www.largepillow.com\/cs\/wp-json\/wp\/v2\/product_cat?post=845"},{"taxonomy":"product_tag","embeddable":true,"href":"https:\/\/www.largepillow.com\/cs\/wp-json\/wp\/v2\/product_tag?post=845"}],"curies":[{"name":"wp","href":"https:\/\/api.w.org\/{rel}","templated":true}]}}