{"id":866,"date":"2022-09-17T14:44:55","date_gmt":"2022-09-17T14:44:55","guid":{"rendered":"https:\/\/www.largepillow.com\/product\/wedge-pillow-for-acid-reflux_37_38_39_40_41_42_43"},"modified":"2025-04-18T01:36:58","modified_gmt":"2025-04-18T01:36:58","slug":"zada-polstar-na-spani","status":"publish","type":"product","link":"https:\/\/www.largepillow.com\/cs\/product\/back-pillow-for-sleeping","title":{"rendered":"Pol\u0161t\u00e1\u0159 Na Span\u00ed"},"content":{"rendered":"<p>Z\u00e1dov\u00fd pol\u0161t\u00e1\u0159 na span\u00ed: Dopln\u011bk pro maxim\u00e1ln\u00ed pohodl\u00ed<\/p>\n<p>U\u017e v\u00e1s nebav\u00ed c\u00edtit se nepohodl\u00ed, kdy\u017e se sna\u017e\u00edte odpo\u010d\u00edvat v posteli, pohovce, v\u00e1lendu nebo gau\u010di? \u010casto se p\u0159i \u010dten\u00ed, sledov\u00e1n\u00ed televize nebo pr\u00e1ci v posteli sna\u017e\u00edte dostat do pohody? Pokud ano, pak je pro v\u00e1s pol\u0161t\u00e1\u0159 na span\u00ed dokonal\u00fdm dopl\u0148kem!<\/p>\n<p>Jednou z v\u00fdjime\u010dn\u00fdch vlastnost\u00ed tohoto produktu je jeho zak\u0159iven\u00fd tvar, kter\u00fd nab\u00edz\u00ed vynikaj\u00edc\u00ed pohodl\u00ed. Tento pol\u0161t\u00e1\u0159 na \u010dten\u00ed na \u010delo postele v\u00e1m pom\u016f\u017ee z\u016fstat bez nap\u011bt\u00ed, a\u0165 jste kdekoli. A\u0165 u\u017e jste no\u010dn\u00ed sova, kter\u00e1 r\u00e1da pracuje dlouho do noci, knihomol, kter\u00fd si r\u00e1d \u010dte v posteli, nebo n\u011bkdo, kdo se v posteli jen r\u00e1d d\u00edv\u00e1 na televizi, tento pol\u0161t\u00e1\u0159 v\u00e1s p\u0159ikryje.<\/p>\n<p>Dal\u0161\u00edm jedine\u010dn\u00fdm prvkem pol\u0161t\u00e1\u0159e na span\u00ed je jeho zv\u00fd\u0161en\u00e1 konstrukce op\u011bradla. D\u00edky dvou\u0159ad\u00e9mu zv\u00fd\u0161en\u00e9mu op\u011bradlu poskytuje tento pol\u0161t\u00e1\u0159 vynikaj\u00edc\u00ed oporu pro v\u00e1\u0161 krk a z\u00e1da. D\u00edky tomu je dokonal\u00fdm dopl\u0148kem pro ty, kte\u0159\u00ed trp\u00ed bolestmi zad nebo \u0161\u00edje, nebo pro ka\u017ed\u00e9ho, kdo chce v posteli jen relaxovat a \u010d\u00edst si.<\/p>\n<p>Multifunk\u010dn\u00ed design pol\u0161t\u00e1\u0159e na span\u00ed je dal\u0161\u00edm velk\u00fdm prodejn\u00edm argumentem. D\u00edky t\u0159em r\u016fzn\u00fdm zp\u016fsob\u016fm pou\u017eit\u00ed je tento pol\u0161t\u00e1\u0159 ide\u00e1ln\u00ed pro ka\u017edou situaci. A\u0165 u\u017e jej rad\u011bji pou\u017e\u00edv\u00e1te jako vzp\u0159\u00edmen\u00fd pol\u0161t\u00e1\u0159 na z\u00e1da, kl\u00ednov\u00fd pol\u0161t\u00e1\u0159 nebo pol\u0161t\u00e1\u0159 na nohy pro zv\u00fd\u0161enou oporu, je to ide\u00e1ln\u00ed dopln\u011bk pro pohodln\u00fd odpo\u010dinek a relaxaci.<\/p>\n<p>Pokud jde o \u0159emesln\u00e9 zpracov\u00e1n\u00ed, pol\u0161t\u00e1\u0159 na span\u00ed je vyroben z vysoce kvalitn\u00edch materi\u00e1l\u016f. L\u00e1tka ln\u011bn\u00e9ho vzhledu se skl\u00e1d\u00e1 z polyesteru 100% a pol\u0161t\u00e1\u0159 je pln\u011bn ekologickou a vysoce odolnou v\u00fdpln\u00ed z polyesterov\u00fdch vl\u00e1ken. Krom\u011b toho lze odn\u00edmateln\u00fd pol\u0161t\u00e1\u0159ov\u00fd pol\u0161t\u00e1\u0159 snadno pr\u00e1t v pra\u010dce, zat\u00edmco mal\u00e9 bo\u010dn\u00ed kapsy dod\u00e1vaj\u00ed tomuto ji\u017e tak luxusn\u00edmu produktu prakti\u010dnost.<\/p>\n<p>Jedn\u00edm z nejatraktivn\u011bj\u0161\u00edch aspekt\u016f tohoto pol\u0161t\u00e1\u0159e je jeho snadn\u00e9 pou\u017eit\u00ed a \u00fadr\u017eba. Povlak na pol\u0161t\u00e1\u0159 je p\u0159ipevn\u011bn k vnit\u0159ku pol\u0161t\u00e1\u0159e pomoc\u00ed knofl\u00edk\u016f a lze jej snadno sejmout pomoc\u00ed jednoduch\u00e9ho zipu. D\u00edky tomu je \u010di\u0161t\u011bn\u00ed bezprobl\u00e9mov\u00e9. Sta\u010d\u00ed sundat potah a rychle vyprat v pra\u010dce, aby v\u00e1\u0161 pol\u0161t\u00e1\u0159 vypadal jako nov\u00fd.<\/p>\n<p>Pol\u0161t\u00e1\u0159 na span\u00ed je k dispozici v \u0159ad\u011b velikost\u00ed, aby vyhovoval ka\u017ed\u00e9 velikosti postele: 100 cm, 120 cm, 140 cm, 160 cm, 180 cm a 200 cm. D\u00edky tomu m\u016f\u017eete snadno naj\u00edt ide\u00e1ln\u00ed \u0159e\u0161en\u00ed pro va\u0161e specifick\u00e9 pot\u0159eby.<\/p>\n<p>Jak p\u00ed\u0161e jeden spokojen\u00fd z\u00e1kazn\u00edk: \u201eTento pol\u0161t\u00e1\u0159 m\u011bn\u00ed hru! Nab\u00edz\u00ed tolik podpory a pohodl\u00ed a d\u00edky mnoha zp\u016fsob\u016fm pou\u017eit\u00ed je ide\u00e1ln\u00ed pro ka\u017edou situaci. V\u0159ele doporu\u010duji ka\u017ed\u00e9mu, kdo si chce zlep\u0161it sp\u00e1nek a relaxaci.\u201c<\/p>\n<p>Celkov\u011b vzato je pol\u0161t\u00e1\u0159 na span\u00ed vynikaj\u00edc\u00ed investic\u00ed pro ka\u017ed\u00e9ho, kdo chce zlep\u0161it sv\u00e9 pohodl\u00ed a relaxa\u010dn\u00ed z\u00e1\u017eitek. D\u00edky vysoce kvalitn\u00edmu \u0159emesln\u00e9mu zpracov\u00e1n\u00ed, multifunk\u010dn\u00edmu designu a snadn\u00e9mu pou\u017eit\u00ed a \u00fadr\u017eb\u011b se tento pol\u0161t\u00e1\u0159 jist\u011b stane obl\u00edben\u00fdm dopl\u0148kem pro nadch\u00e1zej\u00edc\u00ed roky.<\/p>","protected":false},"excerpt":{"rendered":"<ul>\n<li><strong>Maxim\u00e1ln\u00ed pohodl\u00ed:<\/strong> Tento xl zv\u00fd\u0161en\u00fd pol\u0161t\u00e1\u0159 na \u010delo nab\u00edz\u00ed vynikaj\u00edc\u00ed pohodl\u00ed d\u00edky sv\u00e9mu zak\u0159iven\u00e9mu tvaru. Tento pol\u0161t\u00e1\u0159 na \u010dten\u00ed na \u010delo postele v\u00e1m pom\u016f\u017ee z\u016fstat bez nap\u011bt\u00ed na pohovce nebo pohovce, co\u017e je ide\u00e1ln\u00ed pro pracuj\u00edc\u00ed no\u010dn\u00ed sovy, knihomoly a sledov\u00e1n\u00ed televize v posteli.<\/li>\n<li><strong>Design zv\u00fd\u0161en\u00e9 op\u011brky zad:<\/strong> U\u017eijte si bezkonkuren\u010dn\u00ed pohodl\u00ed s jedine\u010dn\u00fdm dvou\u0159ad\u00fdm designem zv\u00fd\u0161en\u00e9ho op\u011bradla na\u0161eho pol\u0161t\u00e1\u0159e na \u010delo. Pol\u0161t\u00e1\u0159 vyv\u00fd\u0161en\u00e9ho op\u011bradla poskytuje vynikaj\u00edc\u00ed oporu pro v\u00e1\u0161 krk a z\u00e1da, tak\u017ee je ide\u00e1ln\u00edm m\u00edstem pro odpo\u010dinek a \u010dten\u00ed v posteli.<\/li>\n<li><strong>Multifunk\u010dn\u00ed pol\u0161t\u00e1\u0159:<\/strong> D\u00edky t\u0159em r\u016fzn\u00fdm zp\u016fsob\u016fm pou\u017eit\u00ed je n\u00e1\u0161 pol\u0161t\u00e1\u0159 perfektn\u00ed pro ka\u017edou situaci. A\u0165 u\u017e jej rad\u011bji pou\u017e\u00edv\u00e1te jako vzp\u0159\u00edmen\u00fd pol\u0161t\u00e1\u0159 na z\u00e1da, kl\u00ednov\u00fd pol\u0161t\u00e1\u0159 nebo pol\u0161t\u00e1\u0159 na nohy pro zv\u00fd\u0161enou oporu, je to ide\u00e1ln\u00ed dopln\u011bk pro pohodln\u00fd odpo\u010dinek a relaxaci.<\/li>\n<li><strong>\u0160pi\u010dkov\u00e9 \u0159emesln\u00e9 zpracov\u00e1n\u00ed:<\/strong> N\u00e1\u0161 pol\u0161t\u00e1\u0159 na \u010delo je vyroben z tkaniny ln\u011bn\u00e9ho vzhledu, jej\u00ed\u017e slo\u017een\u00ed je polyester 100%, je vypln\u011bno ekologicky \u0161etrnou a vysoce odolnou v\u00fdpln\u00ed z polyesterov\u00fdch vl\u00e1ken. Odn\u00edmateln\u00fd polstrovan\u00fd pol\u0161t\u00e1\u0159 lze snadno pr\u00e1t v pra\u010dce, zat\u00edmco mal\u00e9 bo\u010dn\u00ed kapsy dod\u00e1vaj\u00ed tomuto ji\u017e tak luxusn\u00edmu produktu prakti\u010dnost.<\/li>\n<li><strong>Snadno omyvateln\u00e9:<\/strong> Povlak na pol\u0161t\u00e1\u0159 je p\u0159ipevn\u011bn k vnit\u0159ku pol\u0161t\u00e1\u0159e pomoc\u00ed knofl\u00edk\u016f a lze jej snadno sejmout pomoc\u00ed jednoduch\u00e9ho zipu. D\u00edky tomu je jeho \u010di\u0161t\u011bn\u00ed bezprobl\u00e9mov\u00e9. Sta\u010d\u00ed sundat potah a rychle vyprat v pra\u010dce, aby v\u00e1\u0161 pol\u0161t\u00e1\u0159 vypadal jako nov\u00fd.<\/li>\n<li><strong>Velikost:<\/strong> 100cm (D100 x \u016026 x V55 | 3 sloupkov\u00e1 tla\u010d\u00edtka), 120cm (D120 x \u016026 x V55 | 4 sloupkov\u00e1 tla\u010d\u00edtka), 140cm (D140 x \u016026 x V55 | 4 sloupcov\u00e1 tla\u010d\u00edtka), 160cm (D160 x \u016026 x V55 | ), 180 cm (D180 x \u016026 x V55 | 6 sloupcov\u00fdch tla\u010d\u00edtek), 200 cm (D200 x \u016026 x V55 | 7 sloupkov\u00fdch tla\u010d\u00edtek).<\/li>\n<\/ul>","protected":false},"featured_media":852,"comment_status":"open","ping_status":"closed","template":"","meta":[],"product_brand":[],"product_cat":[15],"product_tag":[160,66,164,161,163,143,162,65],"class_list":{"0":"post-866","1":"product","2":"type-product","3":"status-publish","4":"has-post-thumbnail","6":"product_cat-large-wedge-pillow","7":"product_tag-back-pillow-for-sleeping","8":"product_tag-back-support-pillow","9":"product_tag-detachable-bolster-bed-cushion","10":"product_tag-elevated-headboard-pillow","11":"product_tag-leg-pillow","12":"product_tag-multifunctional-pillow","13":"product_tag-upright-back-pillow","14":"product_tag-wedge-pillow","16":"first","17":"instock","18":"featured","19":"shipping-taxable","20":"purchasable","21":"product-type-variable"},"_links":{"self":[{"href":"https:\/\/www.largepillow.com\/cs\/wp-json\/wp\/v2\/product\/866","targetHints":{"allow":["GET"]}}],"collection":[{"href":"https:\/\/www.largepillow.com\/cs\/wp-json\/wp\/v2\/product"}],"about":[{"href":"https:\/\/www.largepillow.com\/cs\/wp-json\/wp\/v2\/types\/product"}],"replies":[{"embeddable":true,"href":"https:\/\/www.largepillow.com\/cs\/wp-json\/wp\/v2\/comments?post=866"}],"wp:featuredmedia":[{"embeddable":true,"href":"https:\/\/www.largepillow.com\/cs\/wp-json\/wp\/v2\/media\/852"}],"wp:attachment":[{"href":"https:\/\/www.largepillow.com\/cs\/wp-json\/wp\/v2\/media?parent=866"}],"wp:term":[{"taxonomy":"product_brand","embeddable":true,"href":"https:\/\/www.largepillow.com\/cs\/wp-json\/wp\/v2\/product_brand?post=866"},{"taxonomy":"product_cat","embeddable":true,"href":"https:\/\/www.largepillow.com\/cs\/wp-json\/wp\/v2\/product_cat?post=866"},{"taxonomy":"product_tag","embeddable":true,"href":"https:\/\/www.largepillow.com\/cs\/wp-json\/wp\/v2\/product_tag?post=866"}],"curies":[{"name":"wp","href":"https:\/\/api.w.org\/{rel}","templated":true}]}}