{"id":882,"date":"2022-09-18T07:20:03","date_gmt":"2022-09-18T07:20:03","guid":{"rendered":"https:\/\/www.largepillow.com\/product\/wedge-pillow-for-acid-reflux_37_38_39_40_41_42_43_44"},"modified":"2024-10-03T16:31:35","modified_gmt":"2024-10-03T16:31:35","slug":"zadni-polstar-na-cteni-v-posteli","status":"publish","type":"product","link":"https:\/\/www.largepillow.com\/cs\/product\/back-pillow-for-bed-readding\/","title":{"rendered":"Zadn\u00ed Pol\u0161t\u00e1\u0159 Na Post\u00fdlku \u010cten\u00ed"},"content":{"rendered":"<p>Objevte dokonal\u00fd komfort s pol\u0161t\u00e1\u0159em na z\u00e1da na \u010dten\u00ed v posteli: Prvot\u0159\u00eddn\u00ed volba pro relaxaci a podporu<\/p>\n<p>V oblasti dom\u00e1c\u00edho pohodl\u00ed a lo\u017enicov\u00fdch dopl\u0148k\u016f vynik\u00e1 Pol\u0161t\u00e1\u0159 na z\u00e1da pro \u010dten\u00ed u postele jako nepostradateln\u00fd dopln\u011bk pro ka\u017ed\u00e9ho, kdo si chce zp\u0159\u00edjemnit \u010das odpo\u010dinku. A\u0165 u\u017e jste no\u010dn\u00ed sova pracuj\u00edc\u00ed pozd\u011b, v\u00e1\u0161niv\u00fd \u010dten\u00e1\u0159 knih nebo n\u011bkdo, kdo r\u00e1d sleduje televizi v posteli, tento pol\u0161t\u00e1\u0159 nab\u00edz\u00ed bezkonkuren\u010dn\u00ed pohodl\u00ed a podporu. Poj\u010fme se pono\u0159it do toho, pro\u010d je tento pol\u0161t\u00e1\u0159 na \u010dten\u00ed s \u010delem vynikaj\u00edc\u00ed volbou pro va\u0161e pot\u0159eby leno\u0161en\u00ed.<\/p>\n<p>Maxim\u00e1ln\u00ed pohodl\u00ed se zak\u0159iven\u00fdm tvarem<\/p>\n<p>Jedine\u010dn\u00fd zak\u0159iven\u00fd tvar tohoto xl pol\u0161t\u00e1\u0159e se zv\u00fd\u0161en\u00fdm \u010delem je navr\u017een tak, aby v\u00e1s dr\u017eel v pohodl\u00ed. Jeho struktura je ide\u00e1ln\u00ed pro udr\u017een\u00ed nap\u011bt\u00ed na uzd\u011b, kdy\u017e jste usazeni na posteli, pohovce, v\u00e1lendu nebo pohovce. Tato funkce je d\u016fkazem promy\u0161len\u00e9ho designu, jeho\u017e c\u00edlem je poskytnout maxim\u00e1ln\u00ed relaxa\u010dn\u00ed z\u00e1\u017eitek.<\/p>\n<p>Zv\u00fd\u0161en\u00fd design op\u011bradla pro vynikaj\u00edc\u00ed podporu<\/p>\n<p>To, co odli\u0161uje tento pol\u0161t\u00e1\u0159 na \u010delo, je jeho inovativn\u00ed dvou\u0159ad\u00fd zv\u00fd\u0161en\u00fd design op\u011bradla. Tento design nab\u00edz\u00ed vynikaj\u00edc\u00ed podporu pro v\u00e1\u0161 krk a z\u00e1da a dokonale se p\u0159izp\u016fsob\u00ed p\u0159irozen\u00e9mu zak\u0159iven\u00ed va\u0161eho t\u011bla. Je to v\u00edc ne\u017e jen pol\u0161t\u00e1\u0159; je to relaxa\u010dn\u00ed \u00fato\u010di\u0161t\u011b, kde m\u016f\u017eete odpo\u010d\u00edvat, \u010d\u00edst si nebo sledovat televizi v posteli s bezkonkuren\u010dn\u00edm pohodl\u00edm.<\/p>\n<p>Multifunk\u010dn\u00ed pol\u0161t\u00e1\u0159 pro v\u0161estrann\u00e9 pou\u017eit\u00ed<\/p>\n<p>Pol\u0161t\u00e1\u0159 na postel na \u010dten\u00ed nen\u00ed jen dal\u0161\u00ed pol\u0161t\u00e1\u0159; je to v\u0161estrann\u00e9 p\u0159\u00edslu\u0161enstv\u00ed navr\u017een\u00e9 pro multifunk\u010dn\u00ed pou\u017eit\u00ed. A\u0165 u\u017e jej pot\u0159ebujete jako vzp\u0159\u00edmen\u00fd pol\u0161t\u00e1\u0159 na z\u00e1da, kl\u00ednov\u00fd pol\u0161t\u00e1\u0159 pro podporu nebo dokonce jako pol\u0161t\u00e1\u0159 na nohy pro zv\u00fd\u0161en\u00e9 pohodl\u00ed, tento pol\u0161t\u00e1\u0159 se p\u0159izp\u016fsob\u00ed va\u0161im pot\u0159eb\u00e1m a stane se nepostradatelnou sou\u010d\u00e1st\u00ed va\u0161\u00ed relaxa\u010dn\u00ed rutiny.<\/p>\n<p>\u0160pi\u010dkov\u00e9 \u0159emesln\u00e9 zpracov\u00e1n\u00ed a snadn\u00e1 \u00fadr\u017eba<\/p>\n<p>Tento pol\u0161t\u00e1\u0159 na \u010delo postele, vyroben\u00fd ze sametov\u00e9 l\u00e1tky slo\u017een\u00e9 z polyesteru 100%, je nejen vizu\u00e1ln\u011b p\u0159ita\u017eliv\u00fd, ale je tak\u00e9 vyroben tak, aby vydr\u017eel. Je vypln\u011bna ekologickou a vysoce odolnou v\u00fdpln\u00ed z polyesterov\u00fdch vl\u00e1ken, kter\u00e1 zaji\u0161\u0165uje dlouhodob\u00e9 pohodl\u00ed. Odn\u00edmateln\u00fd podhlavn\u00edk postele lze snadno pr\u00e1t v pra\u010dce, tak\u017ee \u00fadr\u017eba je hra\u010dkou. Mal\u00e9 bo\u010dn\u00ed kapsy dod\u00e1vaj\u00ed n\u00e1dech prakti\u010dnosti a usnad\u0148uj\u00ed tak m\u00edt z\u00e1kladn\u00ed v\u011bci po ruce.<\/p>\n<p>Snadn\u00e9 \u010di\u0161t\u011bn\u00ed s krytem na zip<\/p>\n<p>Dal\u0161\u00ed p\u0159ednost\u00ed je bezprobl\u00e9mov\u00fd proces \u010di\u0161t\u011bn\u00ed. Povlak pol\u0161t\u00e1\u0159e, p\u0159ipevn\u011bn\u00fd k vnit\u0159ku pol\u0161t\u00e1\u0159e pomoc\u00ed knofl\u00edk\u016f, lze snadno sejmout pomoc\u00ed jednoduch\u00e9ho zipu. Toto pohodl\u00ed v\u00e1m umo\u017en\u00ed, aby v\u00e1\u0161 pol\u0161t\u00e1\u0159 vypadal a vypadal sv\u011b\u017e\u00ed s minim\u00e1ln\u00ed n\u00e1mahou.<\/p>\n<p>Vyberte si svou perfektn\u00ed velikost<\/p>\n<p>S velikostmi v rozmez\u00ed od 100 cm do 200 cm si m\u016f\u017eete vybrat perfektn\u00ed pro v\u00e1\u0161 prostor. R\u016fzn\u00e9 velikosti se dod\u00e1vaj\u00ed s r\u016fzn\u00fdmi konfiguracemi sloupc\u016f tla\u010d\u00edtek, co\u017e zaji\u0161\u0165uje estetickou p\u0159ita\u017elivost na m\u00edru.<\/p>\n<p>Chv\u00e1la z\u00e1kazn\u00edk\u016f: Skute\u010dn\u00e9 zku\u0161enosti<\/p>\n<p>Z\u00e1kazn\u00edci se pod\u011blili o sv\u00e9 zku\u0161enosti a zd\u016fraznili pohodl\u00ed, kvalitu a multifunk\u010dn\u00ed aspekty z\u00e1dov\u00e9ho pol\u0161t\u00e1\u0159e pro \u010dten\u00ed v posteli. Mnoz\u00ed si v\u0161\u00edmaj\u00ed, jak prom\u011bnila jejich \u010dten\u00e1\u0159sk\u00e9, pracovn\u00ed a relaxa\u010dn\u00ed z\u00e1\u017eitky, se zvl\u00e1\u0161tn\u00ed chv\u00e1lou za jeho podporu a estetiku designu. V recenz\u00edch se \u010dasto objevuj\u00ed v\u00fdrazy \u201etroj\u00faheln\u00edkov\u00fd z\u00e1dov\u00fd pol\u0161t\u00e1\u0159\u201c, \u201esamet\u201c a \u201evelbloud\u00ed barva\u201c, co\u017e podtrhuje obl\u00edbenost produktu a spokojenost u\u017eivatel\u016f.<\/p>\n<p>Zvy\u0161te sv\u00e9 pohodl\u00ed<\/p>\n<p>Pol\u0161t\u00e1\u0159 na postel na \u010dten\u00ed je v\u00edc ne\u017e jen pol\u0161t\u00e1\u0159; je to br\u00e1na ke zv\u00fd\u0161en\u00e9mu pohodl\u00ed a relaxaci. Se sv\u00fdm \u0161pi\u010dkov\u00fdm designem, \u0159emesln\u00fdm zpracov\u00e1n\u00edm a multifunk\u010dn\u00edm vyu\u017eit\u00edm vynik\u00e1 jako prvot\u0159\u00eddn\u00ed volba pro ka\u017ed\u00e9ho, kdo chce zlep\u0161it sv\u016fj voln\u00fd \u010das doma. Za\u017eijte maxim\u00e1ln\u00ed relaxaci a podporu je\u0161t\u011b dnes a zm\u011b\u0148te zp\u016fsob, jak\u00fdm odpo\u010d\u00edv\u00e1te ve sv\u00e9m osobn\u00edm prostoru.<\/p>","protected":false},"excerpt":{"rendered":"<ul>\n<li><strong>Maxim\u00e1ln\u00ed pohodl\u00ed:<\/strong> Tento xl zv\u00fd\u0161en\u00fd pol\u0161t\u00e1\u0159 na \u010delo nab\u00edz\u00ed vynikaj\u00edc\u00ed pohodl\u00ed d\u00edky sv\u00e9mu zak\u0159iven\u00e9mu tvaru. Tento pol\u0161t\u00e1\u0159 na \u010dten\u00ed na \u010delo postele v\u00e1m pom\u016f\u017ee z\u016fstat bez nap\u011bt\u00ed na pohovce nebo pohovce, co\u017e je ide\u00e1ln\u00ed pro pracuj\u00edc\u00ed no\u010dn\u00ed sovy, knihomoly a sledov\u00e1n\u00ed televize v posteli.<\/li>\n<li><strong>Design zv\u00fd\u0161en\u00e9 op\u011brky zad:<\/strong> U\u017eijte si bezkonkuren\u010dn\u00ed pohodl\u00ed s jedine\u010dn\u00fdm dvou\u0159ad\u00fdm designem zv\u00fd\u0161en\u00e9ho op\u011bradla na\u0161eho pol\u0161t\u00e1\u0159e na \u010delo. Pol\u0161t\u00e1\u0159 vyv\u00fd\u0161en\u00e9ho op\u011bradla poskytuje vynikaj\u00edc\u00ed oporu pro v\u00e1\u0161 krk a z\u00e1da, tak\u017ee je ide\u00e1ln\u00edm m\u00edstem pro odpo\u010dinek a \u010dten\u00ed v posteli.<\/li>\n<li><strong>Multifunk\u010dn\u00ed pol\u0161t\u00e1\u0159:<\/strong> D\u00edky t\u0159em r\u016fzn\u00fdm zp\u016fsob\u016fm pou\u017eit\u00ed je n\u00e1\u0161 pol\u0161t\u00e1\u0159 perfektn\u00ed pro ka\u017edou situaci. A\u0165 u\u017e jej rad\u011bji pou\u017e\u00edv\u00e1te jako vzp\u0159\u00edmen\u00fd pol\u0161t\u00e1\u0159 na z\u00e1da, kl\u00ednov\u00fd pol\u0161t\u00e1\u0159 nebo pol\u0161t\u00e1\u0159 na nohy pro zv\u00fd\u0161enou oporu, je to ide\u00e1ln\u00ed dopln\u011bk pro pohodln\u00fd odpo\u010dinek a relaxaci.<\/li>\n<li><strong>\u0160pi\u010dkov\u00e9 \u0159emesln\u00e9 zpracov\u00e1n\u00ed:<\/strong> N\u00e1\u0161 pol\u0161t\u00e1\u0159 \u010dela je vyroben z l\u00e1tky sametov\u00e9ho vzhledu, jej\u00ed\u017e slo\u017een\u00ed je polyester 100%, je vypln\u011bn ekologickou a vysoce odolnou v\u00fdpln\u00ed z polyesterov\u00fdch vl\u00e1ken. Odn\u00edmateln\u00fd polstrovan\u00fd pol\u0161t\u00e1\u0159 lze snadno pr\u00e1t v pra\u010dce, zat\u00edmco mal\u00e9 bo\u010dn\u00ed kapsy dod\u00e1vaj\u00ed tomuto ji\u017e tak luxusn\u00edmu produktu prakti\u010dnost.<\/li>\n<li><strong>Snadno omyvateln\u00e9:<\/strong> Povlak na pol\u0161t\u00e1\u0159 je p\u0159ipevn\u011bn k vnit\u0159ku pol\u0161t\u00e1\u0159e pomoc\u00ed knofl\u00edk\u016f a lze jej snadno sejmout pomoc\u00ed jednoduch\u00e9ho zipu. D\u00edky tomu je jeho \u010di\u0161t\u011bn\u00ed bezprobl\u00e9mov\u00e9. Sta\u010d\u00ed sundat potah a rychle vyprat v pra\u010dce, aby v\u00e1\u0161 pol\u0161t\u00e1\u0159 vypadal jako nov\u00fd.<\/li>\n<li><strong>Velikost:<\/strong> 100cm (D100 x \u016026 x V55 | 3 sloupkov\u00e1 tla\u010d\u00edtka), 120cm (D120 x \u016026 x V55 | 4 sloupkov\u00e1 tla\u010d\u00edtka), 140cm (D140 x \u016026 x V55 | 4 sloupcov\u00e1 tla\u010d\u00edtka), 160cm (D160 x \u016026 x V55 | ), 180 cm (D180 x \u016026 x V55 | 6 sloupcov\u00fdch tla\u010d\u00edtek), 200 cm (D200 x \u016026 x V55 | 7 sloupkov\u00fdch tla\u010d\u00edtek).<\/li>\n<\/ul>","protected":false},"featured_media":873,"comment_status":"open","ping_status":"closed","template":"","meta":[],"product_brand":[],"product_cat":[15],"product_tag":[180,183,181,168,171,143,182,120],"class_list":{"0":"post-882","1":"product","2":"type-product","3":"status-publish","4":"has-post-thumbnail","6":"product_cat-large-wedge-pillow","7":"product_tag-back-pillow","8":"product_tag-bed-reading-pillow","9":"product_tag-elevated-backrest-pillow","10":"product_tag-headboard-pillow","11":"product_tag-large-headboard-cushion","12":"product_tag-multifunctional-pillow","13":"product_tag-triangle-back-pillow","14":"product_tag-velvet-pillow","16":"first","17":"instock","18":"shipping-taxable","19":"purchasable","20":"product-type-variable"},"_links":{"self":[{"href":"https:\/\/www.largepillow.com\/cs\/wp-json\/wp\/v2\/product\/882","targetHints":{"allow":["GET"]}}],"collection":[{"href":"https:\/\/www.largepillow.com\/cs\/wp-json\/wp\/v2\/product"}],"about":[{"href":"https:\/\/www.largepillow.com\/cs\/wp-json\/wp\/v2\/types\/product"}],"replies":[{"embeddable":true,"href":"https:\/\/www.largepillow.com\/cs\/wp-json\/wp\/v2\/comments?post=882"}],"wp:featuredmedia":[{"embeddable":true,"href":"https:\/\/www.largepillow.com\/cs\/wp-json\/wp\/v2\/media\/873"}],"wp:attachment":[{"href":"https:\/\/www.largepillow.com\/cs\/wp-json\/wp\/v2\/media?parent=882"}],"wp:term":[{"taxonomy":"product_brand","embeddable":true,"href":"https:\/\/www.largepillow.com\/cs\/wp-json\/wp\/v2\/product_brand?post=882"},{"taxonomy":"product_cat","embeddable":true,"href":"https:\/\/www.largepillow.com\/cs\/wp-json\/wp\/v2\/product_cat?post=882"},{"taxonomy":"product_tag","embeddable":true,"href":"https:\/\/www.largepillow.com\/cs\/wp-json\/wp\/v2\/product_tag?post=882"}],"curies":[{"name":"wp","href":"https:\/\/api.w.org\/{rel}","templated":true}]}}