{"id":914,"date":"2022-09-18T08:07:44","date_gmt":"2022-09-18T08:07:44","guid":{"rendered":"https:\/\/www.largepillow.com\/product\/wedge-pillow-for-acid-reflux_37_38_39_40_41_42_43_44_45_46"},"modified":"2025-06-12T17:32:43","modified_gmt":"2025-06-12T17:32:43","slug":"podhlavnik-do-postele","status":"publish","type":"product","link":"https:\/\/www.largepillow.com\/cs\/product\/bolster-pillow-for-bed","title":{"rendered":"Pol\u0161t\u00e1\u0159 do postele"},"content":{"rendered":"<p>Pol\u0161t\u00e1\u0159 Bolster Pillow For Bed \u2013 perfektn\u00ed dopln\u011bk pro p\u0159\u00edjemnou noc nebo l\u00edn\u00fd den str\u00e1ven\u00fd leno\u0161en\u00edm v posteli. Tento extra velk\u00fd zv\u00fd\u0161en\u00fd pol\u0161t\u00e1\u0159 na \u010delo nab\u00edz\u00ed maxim\u00e1ln\u00ed pohodl\u00ed d\u00edky sv\u00e9mu jedine\u010dn\u00e9mu zak\u0159iven\u00e9mu designu, kter\u00fd v\u00e1m umo\u017en\u00ed z\u016fstat bez nap\u011bt\u00ed p\u0159i pr\u00e1ci, \u010dten\u00ed nebo sledov\u00e1n\u00ed televize v posteli. <\/p>\n<p>Vyv\u00fd\u0161en\u00fd design op\u011bradla pol\u0161t\u00e1\u0159e \u010dela poskytuje vynikaj\u00edc\u00ed oporu pro v\u00e1\u0161 krk a z\u00e1da, tak\u017ee je ide\u00e1ln\u00edm m\u00edstem pro odpo\u010dinek a \u010dten\u00ed v posteli. Pol\u0161t\u00e1\u0159 je tak\u00e9 perfektn\u00ed pro ka\u017edou situaci, se t\u0159emi r\u016fzn\u00fdmi zp\u016fsoby pou\u017eit\u00ed. A\u0165 u\u017e jej rad\u011bji pou\u017e\u00edv\u00e1te jako vzp\u0159\u00edmen\u00fd pol\u0161t\u00e1\u0159 na z\u00e1da, kl\u00ednov\u00fd pol\u0161t\u00e1\u0159 nebo pol\u0161t\u00e1\u0159 na nohy pro zv\u00fd\u0161enou podporu, tento multifunk\u010dn\u00ed pol\u0161t\u00e1\u0159 je navr\u017een pro va\u0161e pohodl\u00ed.<\/p>\n<p>Bolster Pillow For Bed, vyroben\u00fd z vysoce kvalitn\u00ed l\u00e1tky sametov\u00e9ho vzhledu a vypln\u011bn\u00fd ekologick\u00fdm a vysoce odoln\u00fdm polyesterov\u00fdm vl\u00e1knem, je odoln\u00fd a vyroben\u00fd tak, aby vydr\u017eel. Odn\u00edmateln\u00fd polstrovan\u00fd pol\u0161t\u00e1\u0159 lze snadno pr\u00e1t v pra\u010dce, zat\u00edmco mal\u00e9 bo\u010dn\u00ed kapsy dod\u00e1vaj\u00ed tomuto ji\u017e tak luxusn\u00edmu produktu prakti\u010dnost.<\/p>\n<p>Tento pol\u0161t\u00e1\u0159 je k dispozici v \u0161esti r\u016fzn\u00fdch velikostech v rozmez\u00ed od 100 cm do 200 cm a je ide\u00e1ln\u00ed pro ka\u017edou postel, pohovku, v\u00e1lendu nebo pohovku. M\u016f\u017eete si vybrat ten, kter\u00fd vyhovuje va\u0161im pot\u0159eb\u00e1m, a\u0165 u\u017e jej chcete pou\u017e\u00edvat ke \u010dten\u00ed, pr\u00e1ci nebo jen k odpo\u010dinku.<\/p>\n<p>A neberte n\u00e1s jen za slovo. Jeden spokojen\u00fd z\u00e1kazn\u00edk poznamenal: \u201eTento pol\u0161t\u00e1\u0159 je \u00fa\u017easn\u00fd! Je tak pohodln\u00fd a m\u00e1 ide\u00e1ln\u00ed velikost. L\u00e1tka je m\u011bkk\u00e1 a p\u0159\u00edjemn\u00e1 a d\u00edky n\u011bkolika tla\u010d\u00edtk\u016fm si ji snadno nastav\u00edte podle sv\u00fdch p\u0159edstav. Investice se rozhodn\u011b vyplat\u00ed.\u201d<\/p>\n<p>Dal\u0161\u00ed \u0161\u0165astn\u00fd z\u00e1kazn\u00edk, kter\u00fd si koupil pol\u0161t\u00e1\u0159 z holandsk\u00e9ho sametu v k\u00e1vov\u00e9 barv\u011b, \u0159ekl: \u201eTento pol\u0161t\u00e1\u0159 je tak m\u011bkk\u00fd a pohodln\u00fd. Je to ide\u00e1ln\u00ed velikost pro mou postel a barva je kr\u00e1sn\u00e1. Pou\u017e\u00edv\u00e1m ho ka\u017ed\u00fd den ke \u010dten\u00ed a sledov\u00e1n\u00ed televize a ud\u011blalo to obrovsk\u00fd rozd\u00edl v m\u00e9 \u00farovni pohodl\u00ed.\u201c<\/p>\n<p>Z\u00e1v\u011brem lze \u0159\u00edci, \u017ee pol\u0161t\u00e1\u0159 Bolster Pillow For Bed mus\u00ed m\u00edt ka\u017ed\u00fd, kdo r\u00e1d tr\u00e1v\u00ed \u010das v posteli. Nab\u00edz\u00ed maxim\u00e1ln\u00ed pohodl\u00ed, vynikaj\u00edc\u00ed podporu a je vyroben tak, aby vydr\u017eel s vysoce kvalitn\u00edm \u0159emesln\u00fdm zpracov\u00e1n\u00edm. Vyberte si velikost a barvu a za\u017eijte maxim\u00e1ln\u00ed relaxaci.<\/p>","protected":false},"excerpt":{"rendered":"<ul>\n<li><strong>Maxim\u00e1ln\u00ed pohodl\u00ed:<\/strong> Tento xl zv\u00fd\u0161en\u00fd pol\u0161t\u00e1\u0159 na \u010delo nab\u00edz\u00ed vynikaj\u00edc\u00ed pohodl\u00ed d\u00edky sv\u00e9mu zak\u0159iven\u00e9mu tvaru. Tento pol\u0161t\u00e1\u0159 na \u010dten\u00ed na \u010delo postele v\u00e1m pom\u016f\u017ee z\u016fstat bez nap\u011bt\u00ed na pohovce nebo pohovce, co\u017e je ide\u00e1ln\u00ed pro pracuj\u00edc\u00ed no\u010dn\u00ed sovy, knihomoly a sledov\u00e1n\u00ed televize v posteli.<\/li>\n<li><strong>Design zv\u00fd\u0161en\u00e9 op\u011brky zad:<\/strong> U\u017eijte si bezkonkuren\u010dn\u00ed pohodl\u00ed s jedine\u010dn\u00fdm dvou\u0159ad\u00fdm designem zv\u00fd\u0161en\u00e9ho op\u011bradla na\u0161eho pol\u0161t\u00e1\u0159e na \u010delo. Pol\u0161t\u00e1\u0159 vyv\u00fd\u0161en\u00e9ho op\u011bradla poskytuje vynikaj\u00edc\u00ed oporu pro v\u00e1\u0161 krk a z\u00e1da, tak\u017ee je ide\u00e1ln\u00edm m\u00edstem pro odpo\u010dinek a \u010dten\u00ed v posteli.<\/li>\n<li><strong>Multifunk\u010dn\u00ed pol\u0161t\u00e1\u0159:<\/strong> D\u00edky t\u0159em r\u016fzn\u00fdm zp\u016fsob\u016fm pou\u017eit\u00ed je n\u00e1\u0161 pol\u0161t\u00e1\u0159 perfektn\u00ed pro ka\u017edou situaci. A\u0165 u\u017e jej rad\u011bji pou\u017e\u00edv\u00e1te jako vzp\u0159\u00edmen\u00fd pol\u0161t\u00e1\u0159 na z\u00e1da, kl\u00ednov\u00fd pol\u0161t\u00e1\u0159 nebo pol\u0161t\u00e1\u0159 na nohy pro zv\u00fd\u0161enou oporu, je to ide\u00e1ln\u00ed dopln\u011bk pro pohodln\u00fd odpo\u010dinek a relaxaci.<\/li>\n<li><strong>\u0160pi\u010dkov\u00e9 \u0159emesln\u00e9 zpracov\u00e1n\u00ed:<\/strong> N\u00e1\u0161 pol\u0161t\u00e1\u0159 \u010dela je vyroben z l\u00e1tky sametov\u00e9ho vzhledu, jej\u00ed\u017e slo\u017een\u00ed je polyester 100%, je vypln\u011bn ekologickou a vysoce odolnou v\u00fdpln\u00ed z polyesterov\u00fdch vl\u00e1ken. Odn\u00edmateln\u00fd polstrovan\u00fd pol\u0161t\u00e1\u0159 lze snadno pr\u00e1t v pra\u010dce, zat\u00edmco mal\u00e9 bo\u010dn\u00ed kapsy dod\u00e1vaj\u00ed tomuto ji\u017e tak luxusn\u00edmu produktu prakti\u010dnost.<\/li>\n<li><strong>Snadno omyvateln\u00e9:<\/strong> Povlak na pol\u0161t\u00e1\u0159 je p\u0159ipevn\u011bn k vnit\u0159ku pol\u0161t\u00e1\u0159e pomoc\u00ed knofl\u00edk\u016f a lze jej snadno sejmout pomoc\u00ed jednoduch\u00e9ho zipu. D\u00edky tomu je jeho \u010di\u0161t\u011bn\u00ed bezprobl\u00e9mov\u00e9. Sta\u010d\u00ed sundat potah a rychle vyprat v pra\u010dce, aby v\u00e1\u0161 pol\u0161t\u00e1\u0159 vypadal jako nov\u00fd.<\/li>\n<li><strong>Velikost:<\/strong> 100cm (D100 x \u016026 x V55 | 3 sloupkov\u00e1 tla\u010d\u00edtka), 120cm (D120 x \u016026 x V55 | 4 sloupkov\u00e1 tla\u010d\u00edtka), 140cm (D140 x \u016026 x V55 | 4 sloupcov\u00e1 tla\u010d\u00edtka), 160cm (D160 x \u016026 x V55 | ), 180 cm (D180 x \u016026 x V55 | 6 sloupcov\u00fdch tla\u010d\u00edtek), 200 cm (D200 x \u016026 x V55 | 7 sloupkov\u00fdch tla\u010d\u00edtek).<\/li>\n<\/ul>","protected":false},"featured_media":905,"comment_status":"open","ping_status":"closed","template":"","meta":[],"product_brand":[],"product_cat":[15],"product_tag":[178,164,161,168,179,163,143,162,65],"class_list":{"0":"post-914","1":"product","2":"type-product","3":"status-publish","4":"has-post-thumbnail","6":"product_cat-large-wedge-pillow","7":"product_tag-bolster-pillow-for-bed","8":"product_tag-detachable-bolster-bed-cushion","9":"product_tag-elevated-headboard-pillow","10":"product_tag-headboard-pillow","11":"product_tag-headboard-reading-pillow","12":"product_tag-leg-pillow","13":"product_tag-multifunctional-pillow","14":"product_tag-upright-back-pillow","15":"product_tag-wedge-pillow","17":"first","18":"instock","19":"shipping-taxable","20":"purchasable","21":"product-type-variable"},"_links":{"self":[{"href":"https:\/\/www.largepillow.com\/cs\/wp-json\/wp\/v2\/product\/914","targetHints":{"allow":["GET"]}}],"collection":[{"href":"https:\/\/www.largepillow.com\/cs\/wp-json\/wp\/v2\/product"}],"about":[{"href":"https:\/\/www.largepillow.com\/cs\/wp-json\/wp\/v2\/types\/product"}],"replies":[{"embeddable":true,"href":"https:\/\/www.largepillow.com\/cs\/wp-json\/wp\/v2\/comments?post=914"}],"wp:featuredmedia":[{"embeddable":true,"href":"https:\/\/www.largepillow.com\/cs\/wp-json\/wp\/v2\/media\/905"}],"wp:attachment":[{"href":"https:\/\/www.largepillow.com\/cs\/wp-json\/wp\/v2\/media?parent=914"}],"wp:term":[{"taxonomy":"product_brand","embeddable":true,"href":"https:\/\/www.largepillow.com\/cs\/wp-json\/wp\/v2\/product_brand?post=914"},{"taxonomy":"product_cat","embeddable":true,"href":"https:\/\/www.largepillow.com\/cs\/wp-json\/wp\/v2\/product_cat?post=914"},{"taxonomy":"product_tag","embeddable":true,"href":"https:\/\/www.largepillow.com\/cs\/wp-json\/wp\/v2\/product_tag?post=914"}],"curies":[{"name":"wp","href":"https:\/\/api.w.org\/{rel}","templated":true}]}}