{"id":930,"date":"2022-09-18T08:29:22","date_gmt":"2022-09-18T08:29:22","guid":{"rendered":"https:\/\/www.largepillow.com\/product\/wedge-pillow-for-acid-reflux_37_38_39_40_41_42_43_44_45_46_47"},"modified":"2025-09-16T06:24:36","modified_gmt":"2025-09-16T06:24:36","slug":"podlozka-pod-postel","status":"publish","type":"product","link":"https:\/\/www.largepillow.com\/cs\/product\/bed-bolster-cushion","title":{"rendered":"Pol\u0161t\u00e1\u0159 pod postel"},"content":{"rendered":"<p>Objevte dokonal\u00fd pol\u0161t\u00e1\u0159 na \u010dten\u00ed a relaxaci \u2013 pol\u0161t\u00e1\u0159 na podlo\u017eku postele<\/p>\n<p>U\u017e v\u00e1s nebav\u00ed nam\u00e1hat si krk a z\u00e1da p\u0159i \u010dten\u00ed nebo sledov\u00e1n\u00ed televize v posteli? P\u0159edstavujeme Bed Bolster Cushion \u2013 ultra pohodln\u00fd pol\u0161t\u00e1\u0159, kter\u00fd posouv\u00e1 relaxaci do nov\u00fdch v\u00fd\u0161in. <\/p>\n<p>Tento nadm\u011brn\u011b velk\u00fd pol\u0161t\u00e1\u0159 na \u010delo postele, vyroben\u00fd z polyesterov\u00e9 sametov\u00e9 tkaniny 100% a vycpan\u00fd pru\u017enou polyesterovou vl\u00e1knitou v\u00fdpln\u00ed, v\u00e1s bude chovat v ply\u0161ov\u00e9m pohodl\u00ed. Jeho jedine\u010dn\u00fd dvou\u0159ad\u00fd design zv\u00fd\u0161en\u00e9ho op\u011bradla poskytuje ergonomickou podporu pro horn\u00ed \u010d\u00e1st t\u011bla, co\u017e v\u00e1m umo\u017en\u00ed pohodln\u011b sed\u011bt v posteli bez n\u00e1mahy. <\/p>\n<p>Z\u00e1kazn\u00edci miluj\u00ed, jak v\u0161estrann\u00fd je tento pol\u0161t\u00e1\u0159. M\u016f\u017eete jej pou\u017e\u00edvat vzp\u0159\u00edmen\u011b jako op\u011bradlo, naklon\u011bn\u00fd jako kl\u00ednov\u00fd pol\u0161t\u00e1\u0159 nebo vodorovn\u011b jako pol\u0161t\u00e1\u0159 na nohy. Je to perfektn\u00ed multifunk\u010dn\u00ed pol\u0161t\u00e1\u0159 pro \u010dten\u00ed, pr\u00e1ci na notebooku, sledov\u00e1n\u00ed film\u016f nebo jen tak leno\u0161en\u00ed v posteli. <\/p>\n<p>Jak \u0159\u00edk\u00e1 Lily ve sv\u00e9 recenzi: \u201eMiluji pou\u017e\u00edv\u00e1n\u00ed tohoto obrovsk\u00e9ho troj\u00faheln\u00edkov\u00e9ho pol\u0161t\u00e1\u0159e, abych se podep\u0159ela v posteli p\u0159i \u010dten\u00ed. Je tak m\u011bkk\u00fd a podporuje moje z\u00e1da. Po 30 minut\u00e1ch \u010dten\u00ed jsem se c\u00edtil nepohodln\u011b, ale s t\u00edmto pol\u0161t\u00e1\u0159em vydr\u017e\u00edm cel\u00e9 hodiny bez bolesti krku nebo zad.\u201c<\/p>\n<p>Bed Bolster Cushion je k dispozici v r\u016fzn\u00fdch \u0161\u00ed\u0159k\u00e1ch od 100 cm do 200 cm, tak\u017ee si m\u016f\u017eete naj\u00edt perfektn\u00ed st\u0159ih pro va\u0161i postel. Disponuje praktick\u00fdmi bo\u010dn\u00edmi kapsami pro ulo\u017een\u00ed telefonu, d\u00e1lkov\u00e9ho ovlada\u010de, br\u00fdl\u00ed nebo knihy. M\u011bkk\u00fd sametov\u00fd potah je sn\u00edmateln\u00fd a prateln\u00fd v pra\u010dce pro snadnou \u00fadr\u017ebu.<\/p>\n<p>Pokud chcete posunout relaxaci do nov\u00fdch v\u00fd\u0161in, dop\u0159ejte si pohodl\u00ed pol\u0161t\u00e1\u0159e Bed Bolster Cushion. Jeho vynikaj\u00edc\u00ed podpora a p\u0159izp\u016fsobiv\u00fd tvar z n\u011bj d\u011blaj\u00ed dokonal\u00fd pol\u0161t\u00e1\u0159 pro \u010dten\u00ed, pr\u00e1ci nebo sledov\u00e1n\u00ed va\u0161ich obl\u00edben\u00fdch po\u0159ad\u016f v posteli. Vneste do sv\u00e9 lo\u017enice luxus a pohodl\u00ed je\u0161t\u011b dnes!<\/p>","protected":false},"excerpt":{"rendered":"<ul>\n<li><strong>Maxim\u00e1ln\u00ed pohodl\u00ed:<\/strong> Tento xl zv\u00fd\u0161en\u00fd pol\u0161t\u00e1\u0159 na \u010delo nab\u00edz\u00ed vynikaj\u00edc\u00ed pohodl\u00ed d\u00edky sv\u00e9mu zak\u0159iven\u00e9mu tvaru. Tento pol\u0161t\u00e1\u0159 na \u010dten\u00ed na \u010delo postele v\u00e1m pom\u016f\u017ee z\u016fstat bez nap\u011bt\u00ed na pohovce nebo pohovce, co\u017e je ide\u00e1ln\u00ed pro pracuj\u00edc\u00ed no\u010dn\u00ed sovy, knihomoly a sledov\u00e1n\u00ed televize v posteli.<\/li>\n<li><strong>Design zv\u00fd\u0161en\u00e9 op\u011brky zad:<\/strong> U\u017eijte si bezkonkuren\u010dn\u00ed pohodl\u00ed s jedine\u010dn\u00fdm dvou\u0159ad\u00fdm designem zv\u00fd\u0161en\u00e9ho op\u011bradla na\u0161eho pol\u0161t\u00e1\u0159e na \u010delo. Pol\u0161t\u00e1\u0159 vyv\u00fd\u0161en\u00e9ho op\u011bradla poskytuje vynikaj\u00edc\u00ed oporu pro v\u00e1\u0161 krk a z\u00e1da, tak\u017ee je ide\u00e1ln\u00edm m\u00edstem pro odpo\u010dinek a \u010dten\u00ed v posteli.<\/li>\n<li><strong>Multifunk\u010dn\u00ed pol\u0161t\u00e1\u0159:<\/strong> D\u00edky t\u0159em r\u016fzn\u00fdm zp\u016fsob\u016fm pou\u017eit\u00ed je n\u00e1\u0161 pol\u0161t\u00e1\u0159 perfektn\u00ed pro ka\u017edou situaci. A\u0165 u\u017e jej rad\u011bji pou\u017e\u00edv\u00e1te jako vzp\u0159\u00edmen\u00fd pol\u0161t\u00e1\u0159 na z\u00e1da, kl\u00ednov\u00fd pol\u0161t\u00e1\u0159 nebo pol\u0161t\u00e1\u0159 na nohy pro zv\u00fd\u0161enou oporu, je to ide\u00e1ln\u00ed dopln\u011bk pro pohodln\u00fd odpo\u010dinek a relaxaci.<\/li>\n<li><strong>\u0160pi\u010dkov\u00e9 \u0159emesln\u00e9 zpracov\u00e1n\u00ed:<\/strong> N\u00e1\u0161 pol\u0161t\u00e1\u0159 \u010dela je vyroben z l\u00e1tky sametov\u00e9ho vzhledu, jej\u00ed\u017e slo\u017een\u00ed je polyester 100%, je vypln\u011bn ekologickou a vysoce odolnou v\u00fdpln\u00ed z polyesterov\u00fdch vl\u00e1ken. Odn\u00edmateln\u00fd polstrovan\u00fd pol\u0161t\u00e1\u0159 lze snadno pr\u00e1t v pra\u010dce, zat\u00edmco mal\u00e9 bo\u010dn\u00ed kapsy dod\u00e1vaj\u00ed tomuto ji\u017e tak luxusn\u00edmu produktu prakti\u010dnost.<\/li>\n<li><strong>Snadno omyvateln\u00e9:<\/strong> Povlak na pol\u0161t\u00e1\u0159 je p\u0159ipevn\u011bn k vnit\u0159ku pol\u0161t\u00e1\u0159e pomoc\u00ed knofl\u00edk\u016f a lze jej snadno sejmout pomoc\u00ed jednoduch\u00e9ho zipu. D\u00edky tomu je jeho \u010di\u0161t\u011bn\u00ed bezprobl\u00e9mov\u00e9. Sta\u010d\u00ed sundat potah a rychle vyprat v pra\u010dce, aby v\u00e1\u0161 pol\u0161t\u00e1\u0159 vypadal jako nov\u00fd.<\/li>\n<li><strong>Velikost:<\/strong> 100cm (D100 x \u016026 x V55 | 3 sloupkov\u00e1 tla\u010d\u00edtka), 120cm (D120 x \u016026 x V55 | 4 sloupkov\u00e1 tla\u010d\u00edtka), 140cm (D140 x \u016026 x V55 | 4 sloupcov\u00e1 tla\u010d\u00edtka), 160cm (D160 x \u016026 x V55 | ), 180 cm (D180 x \u016026 x V55 | 6 sloupcov\u00fdch tla\u010d\u00edtek), 200 cm (D200 x \u016026 x V55 | 7 sloupkov\u00fdch tla\u010d\u00edtek).<\/li>\n<\/ul>","protected":false},"featured_media":921,"comment_status":"open","ping_status":"closed","template":"","meta":[],"product_brand":[],"product_cat":[15],"product_tag":[60,174,164,161,177,143,76,176,162,175,120,65],"class_list":{"0":"post-930","1":"product","2":"type-product","3":"status-publish","4":"has-post-thumbnail","6":"product_cat-large-wedge-pillow","7":"product_tag-backrest-pillow","8":"product_tag-bed-bolster-cushion","9":"product_tag-detachable-bolster-bed-cushion","10":"product_tag-elevated-headboard-pillow","11":"product_tag-luxury-pillow","12":"product_tag-multifunctional-pillow","13":"product_tag-neck-support-pillow","14":"product_tag-practical-pillow","15":"product_tag-upright-back-pillow","16":"product_tag-velvet-fabric-pillow","17":"product_tag-velvet-pillow","18":"product_tag-wedge-pillow","20":"first","21":"instock","22":"shipping-taxable","23":"purchasable","24":"product-type-variable"},"_links":{"self":[{"href":"https:\/\/www.largepillow.com\/cs\/wp-json\/wp\/v2\/product\/930","targetHints":{"allow":["GET"]}}],"collection":[{"href":"https:\/\/www.largepillow.com\/cs\/wp-json\/wp\/v2\/product"}],"about":[{"href":"https:\/\/www.largepillow.com\/cs\/wp-json\/wp\/v2\/types\/product"}],"replies":[{"embeddable":true,"href":"https:\/\/www.largepillow.com\/cs\/wp-json\/wp\/v2\/comments?post=930"}],"wp:featuredmedia":[{"embeddable":true,"href":"https:\/\/www.largepillow.com\/cs\/wp-json\/wp\/v2\/media\/921"}],"wp:attachment":[{"href":"https:\/\/www.largepillow.com\/cs\/wp-json\/wp\/v2\/media?parent=930"}],"wp:term":[{"taxonomy":"product_brand","embeddable":true,"href":"https:\/\/www.largepillow.com\/cs\/wp-json\/wp\/v2\/product_brand?post=930"},{"taxonomy":"product_cat","embeddable":true,"href":"https:\/\/www.largepillow.com\/cs\/wp-json\/wp\/v2\/product_cat?post=930"},{"taxonomy":"product_tag","embeddable":true,"href":"https:\/\/www.largepillow.com\/cs\/wp-json\/wp\/v2\/product_tag?post=930"}],"curies":[{"name":"wp","href":"https:\/\/api.w.org\/{rel}","templated":true}]}}