{"id":946,"date":"2022-09-18T08:36:16","date_gmt":"2022-09-18T08:36:16","guid":{"rendered":"https:\/\/www.largepillow.com\/product\/wedge-pillow-for-acid-reflux_37_38_39_40_41_42_43_44_45_46_47_48"},"modified":"2024-10-03T16:31:35","modified_gmt":"2024-10-03T16:31:35","slug":"podhlavnik-do-postele-2","status":"publish","type":"product","link":"https:\/\/www.largepillow.com\/cs\/product\/bolster-cushion-for-bed","title":{"rendered":"Podhlavn\u00edk Na Postel"},"content":{"rendered":"<p>Maxim\u00e1ln\u00ed pohodl\u00ed a podpora: Pol\u0161t\u00e1\u0159 na postel<\/p>\n<p>Jste unaveni z nepohodln\u00fdch a nepodporuj\u00edc\u00edch pol\u0161t\u00e1\u0159\u016f, kter\u00e9 v\u00e1s zanech\u00e1vaj\u00ed unaven\u00e9 a bolav\u00e9? Nehledejte nic jin\u00e9ho ne\u017e pol\u0161t\u00e1\u0159 na postel, \u0159e\u0161en\u00ed v\u0161ech va\u0161ich starost\u00ed p\u0159ed span\u00edm.<\/p>\n<p>Bezkonkuren\u010dn\u00ed pohodl\u00ed a podpora zad<\/p>\n<p>Tento zv\u00fd\u0161en\u00fd pol\u0161t\u00e1\u0159 na \u010delo m\u00e1 zak\u0159iven\u00fd tvar, kter\u00fd se p\u0159izp\u016fsob\u00ed va\u0161emu t\u011blu a poskytuje v\u00fdjime\u010dn\u00e9 pohodl\u00ed. Jeho jedine\u010dn\u00e9 dvou\u0159ad\u00e9 zv\u00fd\u0161en\u00e9 op\u011bradlo nab\u00edz\u00ed bezkonkuren\u010dn\u00ed podporu pro v\u00e1\u0161 krk a z\u00e1da, tak\u017ee je ide\u00e1ln\u00ed pro knihomoly, no\u010dn\u00ed sovy a televizn\u00ed nad\u0161ence.<\/p>\n<p>Multifunk\u010dn\u00ed a v\u0161estrann\u00e9<\/p>\n<p>D\u00edky t\u0159em v\u0161estrann\u00fdm zp\u016fsob\u016fm pou\u017eit\u00ed je Bolster Cushion dokonal\u00fdm spole\u010dn\u00edkem pro ka\u017edou situaci. Pou\u017eijte jej jako vzp\u0159\u00edmen\u00fd pol\u0161t\u00e1\u0159 na z\u00e1da pro p\u0159\u00edjemn\u00e9 \u010dten\u00ed, jako kl\u00ednov\u00fd pol\u0161t\u00e1\u0159 pro zv\u00fd\u0161enou oporu nohou nebo jako pol\u0161t\u00e1\u0159 na nohy pro v\u011bt\u0161\u00ed pohodl\u00ed.<\/p>\n<p>V\u00fdjime\u010dn\u00e9 \u0159emesln\u00e9 zpracov\u00e1n\u00ed a materi\u00e1ly<\/p>\n<p>Vyrobeno z luxusn\u00ed l\u00e1tky sametov\u00e9ho vzhledu (100% polyester), v\u00fdpl\u0148 Bolster Cushion z polyesterov\u00fdch vl\u00e1ken zaji\u0161\u0165uje vysokou odolnost a podporu. Jeho odn\u00edmateln\u00e1 podlo\u017eka postele umo\u017e\u0148uje neuv\u011b\u0159iteln\u011b snadn\u00e9 pran\u00ed v pra\u010dce, zat\u00edmco mal\u00e9 bo\u010dn\u00ed kapsy p\u0159id\u00e1vaj\u00ed funk\u010dnost.<\/p>\n<p>Snadn\u00e1 \u00fadr\u017eba<\/p>\n<p>\u00dadr\u017eba Bolster Cushion je hra\u010dka. Povlak pol\u0161t\u00e1\u0159e na \u010delo se p\u0159ipev\u0148uje pomoc\u00ed knofl\u00edk\u016f a m\u00e1 praktick\u00fd zip pro snadn\u00e9 odstran\u011bn\u00ed. Jednodu\u0161e sejm\u011bte potah a dejte jej do pra\u010dky pro osv\u011b\u017een\u00ed.<\/p>\n<p>Dostupn\u00e9 v \u0159ad\u011b velikost\u00ed<\/p>\n<p>Vyberte si z r\u016fzn\u00fdch velikost\u00ed, kter\u00e9 se dokonale hod\u00ed k va\u0161\u00ed posteli a va\u0161im pot\u0159eb\u00e1m: 100 cm, 120 cm, 140 cm, 160 cm, 180 cm a 200 cm.<\/p>\n<p>Ohlasy z\u00e1kazn\u00edk\u016f<\/p>\n<p>Neberte n\u00e1s za slovo. Zde je to, co \u0159\u00edkaj\u00ed spokojen\u00ed z\u00e1kazn\u00edci:<\/p>\n<p>\u201eTato podu\u0161ka m\u011bn\u00ed hru. Zcela mi to zlep\u0161ilo kvalitu sp\u00e1nku a podporu zad.\u201c \u2013 Sarah J.<br \/>\n\u201eJako nenasytn\u00fd \u010dten\u00e1\u0159 ud\u011blal tento pol\u0161t\u00e1\u0159 p\u0159ed span\u00edm skute\u010dn\u011b relaxa\u010dn\u00edm z\u00e1\u017eitkem. Je to tak pohodln\u00e9 a podp\u016frn\u00e9.\u201d \u2013 John F.<br \/>\n\u201eMiluji v\u0161estrannost tohoto pol\u0161t\u00e1\u0159e. Je ide\u00e1ln\u00ed pro \u010dten\u00ed, sledov\u00e1n\u00ed televize nebo dokonce jako op\u011brka nohou.\u201c \u2013 Mary K.<\/p>\n<p>Vylep\u0161ete svou rutinu p\u0159ed span\u00edm pomoc\u00ed pol\u0161t\u00e1\u0159e<\/p>\n<p>Zlep\u0161ete sv\u016fj z\u00e1\u017eitek z lo\u017enice s pol\u0161t\u00e1\u0159em Bolster Cushion for Bed. Jeho v\u00fdjime\u010dn\u00fd komfort, podpora, v\u0161estrannost a snadn\u00e1 \u00fadr\u017eba prom\u011bn\u00ed va\u0161e noci v \u00fato\u010di\u0161t\u011b relaxace a omlazen\u00ed.<\/p>","protected":false},"excerpt":{"rendered":"<ul>\n<li><strong>Maxim\u00e1ln\u00ed pohodl\u00ed:<\/strong> Tento xl zv\u00fd\u0161en\u00fd pol\u0161t\u00e1\u0159 na \u010delo nab\u00edz\u00ed vynikaj\u00edc\u00ed pohodl\u00ed d\u00edky sv\u00e9mu zak\u0159iven\u00e9mu tvaru. Tento pol\u0161t\u00e1\u0159 na \u010dten\u00ed na \u010delo postele v\u00e1m pom\u016f\u017ee z\u016fstat bez nap\u011bt\u00ed na pohovce nebo pohovce, co\u017e je ide\u00e1ln\u00ed pro pracuj\u00edc\u00ed no\u010dn\u00ed sovy, knihomoly a sledov\u00e1n\u00ed televize v posteli.<\/li>\n<li><strong>Design zv\u00fd\u0161en\u00e9 op\u011brky zad:<\/strong> U\u017eijte si bezkonkuren\u010dn\u00ed pohodl\u00ed s jedine\u010dn\u00fdm dvou\u0159ad\u00fdm designem zv\u00fd\u0161en\u00e9ho op\u011bradla na\u0161eho pol\u0161t\u00e1\u0159e na \u010delo. Pol\u0161t\u00e1\u0159 vyv\u00fd\u0161en\u00e9ho op\u011bradla poskytuje vynikaj\u00edc\u00ed oporu pro v\u00e1\u0161 krk a z\u00e1da, tak\u017ee je ide\u00e1ln\u00edm m\u00edstem pro odpo\u010dinek a \u010dten\u00ed v posteli.<\/li>\n<li><strong>Multifunk\u010dn\u00ed pol\u0161t\u00e1\u0159:<\/strong> D\u00edky t\u0159em r\u016fzn\u00fdm zp\u016fsob\u016fm pou\u017eit\u00ed je n\u00e1\u0161 pol\u0161t\u00e1\u0159 perfektn\u00ed pro ka\u017edou situaci. A\u0165 u\u017e jej rad\u011bji pou\u017e\u00edv\u00e1te jako vzp\u0159\u00edmen\u00fd pol\u0161t\u00e1\u0159 na z\u00e1da, kl\u00ednov\u00fd pol\u0161t\u00e1\u0159 nebo pol\u0161t\u00e1\u0159 na nohy pro zv\u00fd\u0161enou oporu, je to ide\u00e1ln\u00ed dopln\u011bk pro pohodln\u00fd odpo\u010dinek a relaxaci.<\/li>\n<li><strong>\u0160pi\u010dkov\u00e9 \u0159emesln\u00e9 zpracov\u00e1n\u00ed:<\/strong> N\u00e1\u0161 pol\u0161t\u00e1\u0159 \u010dela je vyroben z l\u00e1tky sametov\u00e9ho vzhledu, jej\u00ed\u017e slo\u017een\u00ed je polyester 100%, je vypln\u011bn ekologickou a vysoce odolnou v\u00fdpln\u00ed z polyesterov\u00fdch vl\u00e1ken. Odn\u00edmateln\u00fd polstrovan\u00fd pol\u0161t\u00e1\u0159 lze snadno pr\u00e1t v pra\u010dce, zat\u00edmco mal\u00e9 bo\u010dn\u00ed kapsy dod\u00e1vaj\u00ed tomuto ji\u017e tak luxusn\u00edmu produktu prakti\u010dnost.<\/li>\n<li><strong>Snadno omyvateln\u00e9:<\/strong> Povlak na pol\u0161t\u00e1\u0159 je p\u0159ipevn\u011bn k vnit\u0159ku pol\u0161t\u00e1\u0159e pomoc\u00ed knofl\u00edk\u016f a lze jej snadno sejmout pomoc\u00ed jednoduch\u00e9ho zipu. D\u00edky tomu je jeho \u010di\u0161t\u011bn\u00ed bezprobl\u00e9mov\u00e9. Sta\u010d\u00ed sundat potah a rychle vyprat v pra\u010dce, aby v\u00e1\u0161 pol\u0161t\u00e1\u0159 vypadal jako nov\u00fd.<\/li>\n<li><strong>Velikost:<\/strong> 100cm (D100 x \u016026 x V55 | 3 sloupkov\u00e1 tla\u010d\u00edtka), 120cm (D120 x \u016026 x V55 | 4 sloupkov\u00e1 tla\u010d\u00edtka), 140cm (D140 x \u016026 x V55 | 4 sloupcov\u00e1 tla\u010d\u00edtka), 160cm (D160 x \u016026 x V55 | ), 180 cm (D180 x \u016026 x V55 | 6 sloupcov\u00fdch tla\u010d\u00edtek), 200 cm (D200 x \u016026 x V55 | 7 sloupkov\u00fdch tla\u010d\u00edtek).<\/li>\n<\/ul>","protected":false},"featured_media":937,"comment_status":"open","ping_status":"closed","template":"","meta":[],"product_brand":[],"product_cat":[15],"product_tag":[108,173,161,168,143,120,65],"class_list":{"0":"post-946","1":"product","2":"type-product","3":"status-publish","4":"has-post-thumbnail","6":"product_cat-large-wedge-pillow","7":"product_tag-bed-cushion","8":"product_tag-bolster-cushion","9":"product_tag-elevated-headboard-pillow","10":"product_tag-headboard-pillow","11":"product_tag-multifunctional-pillow","12":"product_tag-velvet-pillow","13":"product_tag-wedge-pillow","15":"first","16":"instock","17":"shipping-taxable","18":"purchasable","19":"product-type-variable"},"_links":{"self":[{"href":"https:\/\/www.largepillow.com\/cs\/wp-json\/wp\/v2\/product\/946","targetHints":{"allow":["GET"]}}],"collection":[{"href":"https:\/\/www.largepillow.com\/cs\/wp-json\/wp\/v2\/product"}],"about":[{"href":"https:\/\/www.largepillow.com\/cs\/wp-json\/wp\/v2\/types\/product"}],"replies":[{"embeddable":true,"href":"https:\/\/www.largepillow.com\/cs\/wp-json\/wp\/v2\/comments?post=946"}],"wp:featuredmedia":[{"embeddable":true,"href":"https:\/\/www.largepillow.com\/cs\/wp-json\/wp\/v2\/media\/937"}],"wp:attachment":[{"href":"https:\/\/www.largepillow.com\/cs\/wp-json\/wp\/v2\/media?parent=946"}],"wp:term":[{"taxonomy":"product_brand","embeddable":true,"href":"https:\/\/www.largepillow.com\/cs\/wp-json\/wp\/v2\/product_brand?post=946"},{"taxonomy":"product_cat","embeddable":true,"href":"https:\/\/www.largepillow.com\/cs\/wp-json\/wp\/v2\/product_cat?post=946"},{"taxonomy":"product_tag","embeddable":true,"href":"https:\/\/www.largepillow.com\/cs\/wp-json\/wp\/v2\/product_tag?post=946"}],"curies":[{"name":"wp","href":"https:\/\/api.w.org\/{rel}","templated":true}]}}