{"id":97,"date":"2022-09-15T04:01:03","date_gmt":"2022-09-15T04:01:03","guid":{"rendered":"https:\/\/www.largepillow.com\/product\/wedge-bolster-pillow"},"modified":"2026-03-22T07:11:02","modified_gmt":"2026-03-22T07:11:02","slug":"klinovy-podperny-polstar","status":"publish","type":"product","link":"https:\/\/www.largepillow.com\/cs\/product\/wedge-support-pillow","title":{"rendered":"Pol\u0161t\u00e1\u0159 na podporu kl\u00ednu"},"content":{"rendered":"<p>Maxim\u00e1ln\u00ed pohodl\u00ed a podpora: Pol\u0161t\u00e1\u0159 pro podporu kl\u00ednu<\/p>\n<p>Hled\u00e1te zp\u016fsob, jak si umocnit relaxaci a pohodl\u00ed, a\u0165 u\u017e v posteli \u010dtete, pracujete nebo se d\u00edv\u00e1te na televizi? Nehledejte nic jin\u00e9ho ne\u017e kl\u00ednov\u00fd podp\u016frn\u00fd pol\u0161t\u00e1\u0159! Tento v\u0161estrann\u00fd pol\u0161t\u00e1\u0159 nab\u00edz\u00ed \u0159adu v\u00fdhod, tak\u017ee je nezbytnost\u00ed v ka\u017ed\u00e9 dom\u00e1cnosti.<\/p>\n<p>V\u00fdjime\u010dn\u00fd komfort a bedern\u00ed podpora<\/p>\n<p>Troj\u00faheln\u00edkov\u00fd tvar pol\u0161t\u00e1\u0159e Wedge Support Pillow se dokonale p\u0159izp\u016fsob\u00ed va\u0161im z\u00e1d\u016fm a pasu, poskytuje vynikaj\u00edc\u00ed bedern\u00ed podporu a minimalizuje tlak na spodn\u00ed \u010d\u00e1st zad. Ply\u0161ov\u00e9 polstrov\u00e1n\u00ed zaji\u0161\u0165uje maxim\u00e1ln\u00ed pohodl\u00ed a umo\u017e\u0148uje v\u00e1m relaxovat a u\u017e\u00edvat si sv\u00e9 aktivity cel\u00e9 hodiny.<\/p>\n<p>Multifunk\u010dn\u00ed design pro ka\u017edou pot\u0159ebu<\/p>\n<p>Univerz\u00e1lnost tohoto pol\u0161t\u00e1\u0159e p\u0159esahuje jeho prim\u00e1rn\u00ed pou\u017eit\u00ed jako pol\u0161t\u00e1\u0159 na \u010delo postele. M\u016f\u017eete jej tak\u00e9 pou\u017e\u00edt jako kl\u00ednov\u00fd pol\u0161t\u00e1\u0159 pro dal\u0161\u00ed podporu p\u0159i sp\u00e1nku nebo jako pol\u0161t\u00e1\u0159 na nohy pro zm\u00edrn\u011bn\u00ed nepohodl\u00ed a zlep\u0161en\u00ed krevn\u00edho ob\u011bhu. Jeho velkorys\u00e1 velikost poskytuje dostatek prostoru pro dv\u011b osoby, tak\u017ee je ide\u00e1ln\u00edm \u0159e\u0161en\u00edm pro p\u00e1ry.<\/p>\n<p>Stylov\u00fd a funk\u010dn\u00ed dopln\u011bk<\/p>\n<p>Pol\u0161t\u00e1\u0159 kl\u00ednov\u00e9 podpory nen\u00ed jen pohodln\u00fd; je to tak\u00e9 stylov\u00e9. Povlak na pol\u0161t\u00e1\u0159 v man\u0161estrov\u00e9m vzhledu dod\u00e1 va\u0161\u00ed lo\u017enici nebo ob\u00fdvac\u00edm pokoji n\u00e1dech sofistikovanosti. Jeho funk\u010dnost jako pol\u0161t\u00e1\u0159 nebo podlo\u017eka op\u011bradla gau\u010de z n\u011bj d\u011bl\u00e1 praktick\u00fd a esteticky p\u0159\u00edjemn\u00fd dopln\u011bk do ka\u017ed\u00e9ho prostoru.<\/p>\n<p>Prvot\u0159\u00eddn\u00ed \u0159emesln\u00e9 zpracov\u00e1n\u00ed a snadn\u00e1 p\u00e9\u010de<\/p>\n<p>Tento pol\u0161t\u00e1\u0159 je vyroben z vysoce kvalitn\u00edch materi\u00e1l\u016f a je navr\u017een tak, aby vydr\u017eel. Prody\u0161n\u00fd polyesterov\u00fd povlak na pol\u0161t\u00e1\u0159 zaji\u0161\u0165uje pohodl\u00ed a odolnost a udr\u017euje si sv\u016fj tvar v pr\u016fb\u011bhu \u010dasu. Pohodln\u00e9 bo\u010dn\u00ed kapsy poskytuj\u00ed snadn\u00fd p\u0159\u00edstup k telefonu nebo knize.<\/p>\n<p>\u010ci\u0161t\u011bn\u00ed bez n\u00e1mahy<\/p>\n<p>\u00dadr\u017eba pol\u0161t\u00e1\u0159e kl\u00ednov\u00e9 podpory je hra\u010dka. Odn\u00edmateln\u00fd povlak na pol\u0161t\u00e1\u0159 se zap\u00edn\u00e1n\u00edm na zip umo\u017e\u0148uje snadn\u00e9 pran\u00ed. Jednodu\u0161e sejm\u011bte potah a vyperte jej v pra\u010dce, aby v\u00e1\u0161 pol\u0161t\u00e1\u0159 vypadal sv\u011b\u017e\u00ed a \u010dist\u00fd.<\/p>\n<p>V\u00fdjime\u010dn\u00e9 z\u00e1kaznick\u00e9 recenze<\/p>\n<p>Zde je to, co spokojen\u00ed z\u00e1kazn\u00edci \u0159\u00edkaj\u00ed o pol\u0161t\u00e1\u0159i Wedge Support Pillow:<\/p>\n<p>\u201eTento pol\u0161t\u00e1\u0159 je jako sen! Poskytuje neuv\u011b\u0159itelnou podporu a pohodl\u00ed. V\u0159ele doporu\u010duji.\u201d<br \/>\n\u201eMan\u0161estrov\u00e1 l\u00e1tka je tak m\u011bkk\u00e1 a luxusn\u00ed. Dod\u00e1v\u00e1 to m\u00e9 lo\u017enici n\u00e1dech t\u0159\u00eddy.\u201c<br \/>\n\u201eNikdy jsem si nemyslel, \u017ee pol\u0161t\u00e1\u0159 m\u016f\u017ee ud\u011blat tak velk\u00fd rozd\u00edl. Je to ta nejlep\u0161\u00ed investice, kterou jsem do sv\u00e9ho pohodl\u00ed ud\u011blal.\u201c<\/p>\n<p>Velikosti pro ka\u017edou pot\u0159ebu<\/p>\n<p>Vyberte si z \u0159ady velikost\u00ed podle sv\u00fdch individu\u00e1ln\u00edch pot\u0159eb:<\/p>\n<p>45 cm, 60 cm, 80 cm, 100 cm, 120 cm, 140 cm, 160 cm, 180 cm, 200 cm<\/p>\n<p>Objednejte si sv\u016fj kl\u00ednov\u00fd pol\u0161t\u00e1\u0159 je\u0161t\u011b dnes a za\u017eijte maxim\u00e1ln\u00ed pohodl\u00ed a podporu. Va\u0161e chv\u00edle odpo\u010dinku u\u017e nikdy nebudou jako d\u0159\u00edv!<\/p>","protected":false},"excerpt":{"rendered":"<ul>\n<li><strong>Maxim\u00e1ln\u00ed pohodl\u00ed:<\/strong> Tento pol\u0161t\u00e1\u0159 na \u010delo nab\u00edz\u00ed vynikaj\u00edc\u00ed pohodl\u00ed d\u00edky sv\u00e9mu troj\u00faheln\u00edkov\u00e9mu tvaru. Op\u011brn\u00fd pol\u0161t\u00e1\u0159 l\u016f\u017eka p\u011bkn\u011b sed\u00ed na z\u00e1dech a pasu a minimalizuje bedern\u00ed \/ protitlak. Tento pol\u0161t\u00e1\u0159 na \u010dten\u00ed v\u00e1m pom\u016f\u017ee z\u016fstat bez nap\u011bt\u00ed v posteli nebo pohovce, co\u017e je ide\u00e1ln\u00ed pro pr\u00e1ci no\u010dn\u00edch sov, knihomol\u016f a sledov\u00e1n\u00ed televize v posteli. Tento extra velk\u00fd podhlavn\u00edk je jedin\u00fd kl\u00ednov\u00fd pol\u0161t\u00e1\u0159 na \u010delo, kter\u00fd pojme dv\u011b osoby.<\/li>\n<li><strong>Velk\u00fd podhlavn\u00edk 3 v 1:<\/strong> Pol\u0161t\u00e1\u0159 m\u016f\u017eete pou\u017e\u00edt ve vzp\u0159\u00edmen\u00e9 poloze jako op\u011brn\u00fd pol\u0161t\u00e1\u0159 na \u010delo p\u0159i sezen\u00ed v posteli nebo jej polo\u017eit na postel a pou\u017e\u00edt jako velk\u00fd kl\u00ednov\u00fd pol\u0161t\u00e1\u0159 p\u0159i sp\u00e1nku na z\u00e1dech nebo na boku nebo jako pol\u0161t\u00e1\u0159 na nohy pro zvednut\u00ed nohou. Pokud chcete velk\u00fd pol\u0161t\u00e1\u0159 na \u010delo, kter\u00fd poskytuje oporu v\u00e1m i va\u0161emu man\u017eelovi. Je to vynikaj\u00edc\u00ed alternativa.<\/li>\n<li><strong>Multifunk\u010dn\u00ed design:<\/strong> N\u011bkte\u0159\u00ed lid\u00e9 pou\u017e\u00edvaj\u00ed velk\u00fd troj\u00faheln\u00edkov\u00fd pol\u0161t\u00e1\u0159 jako pol\u0161t\u00e1\u0159 na \u010delo, zat\u00edmco jin\u00ed ho pou\u017e\u00edvaj\u00ed jako pol\u0161t\u00e1\u0159 na n\u00e1razn\u00edk, m\u016f\u017ee to b\u00fdt tak\u00e9 pol\u0161t\u00e1\u0159 na pohovku nebo v\u00e1lendu. Je stylov\u00fd a z\u00e1rove\u0148 funk\u010dn\u00ed, tak\u017ee je skv\u011bl\u00fdm dopl\u0148kem ka\u017ed\u00e9 lo\u017enice.<\/li>\n<li><strong>\u0160pi\u010dkov\u00e9 \u0159emesln\u00e9 zpracov\u00e1n\u00ed:<\/strong> Povlak na pol\u0161t\u00e1\u0159 je man\u0161estrov\u00e9ho vzhledu, jeho\u017e slo\u017een\u00ed je polyester 100%. n\u00e1\u0161 pol\u0161t\u00e1\u0159 na \u010delo je dostate\u010dn\u011b prody\u0161n\u00fd a pohodln\u00fd, aby dr\u017eel sv\u016fj tvar a \u010dasem neztr\u00e1cel sv\u016fj tvar. Bo\u010dn\u00ed kapsa na ka\u017ed\u00e9 stran\u011b v\u00e1m umo\u017en\u00ed zasunout knihu nebo telefon.<\/li>\n<li><strong>Snadno omyvateln\u00e9:<\/strong> Povlak na pol\u0161t\u00e1\u0159 na \u010dten\u00ed se k pol\u0161t\u00e1\u0159i p\u0159ipev\u0148uje pomoc\u00ed knofl\u00edk\u016f a lze jej snadno sejmout pomoc\u00ed jednoduch\u00e9ho zipu. D\u00edky tomu je jeho \u010di\u0161t\u011bn\u00ed bezprobl\u00e9mov\u00e9. Sta\u010d\u00ed sundat potah a rychle vyprat v pra\u010dce, aby v\u00e1\u0161 pol\u0161t\u00e1\u0159 vypadal jako nov\u00fd.<\/li>\n<li><strong>Velikost:<\/strong> 45 cm (D45 x \u016020 x V50 | 0 tla\u010d\u00edtek), 60 cm (D60 x \u016020 x V50 | 0 tla\u010d\u00edtek), 80 cm (D80 x \u016020 x V50 | 2 tla\u010d\u00edtka), 100 cm (D100 x \u016020 x V50 | 3 tla\u010d\u00edtka), 120 cm ( D120 x \u016020 x V50 | 4 tla\u010d\u00edtka), 140 cm (D140 x \u016020 x V50 | 4 tla\u010d\u00edtka), 160 cm (D160 x \u016020 x V50 | 5 tla\u010d\u00edtek), 180 cm (D180 x \u016020 x V50 | 6 tla\u010d\u00edtek), 200 cm (L200 x \u016020 x V50 | 7 tla\u010d\u00edtek).<\/li>\n<\/ul>","protected":false},"featured_media":80,"comment_status":"open","ping_status":"closed","template":"","meta":[],"product_brand":[],"product_cat":[15],"product_tag":[205,194,206,218,226,207,132,163,68],"class_list":{"0":"post-97","1":"product","2":"type-product","3":"status-publish","4":"has-post-thumbnail","6":"product_cat-large-wedge-pillow","7":"product_tag-back-support-headboard-pillow","8":"product_tag-blue-pillow","9":"product_tag-bumper-pillow","10":"product_tag-corduroy-pillow","11":"product_tag-couch-backrest-bolster-pillow","12":"product_tag-daybed-backrest-bolster-pillow","13":"product_tag-large-bolster-pillow","14":"product_tag-leg-pillow","15":"product_tag-wedge-reading-pillow","17":"first","18":"instock","19":"featured","20":"shipping-taxable","21":"purchasable","22":"product-type-variable"},"_links":{"self":[{"href":"https:\/\/www.largepillow.com\/cs\/wp-json\/wp\/v2\/product\/97","targetHints":{"allow":["GET"]}}],"collection":[{"href":"https:\/\/www.largepillow.com\/cs\/wp-json\/wp\/v2\/product"}],"about":[{"href":"https:\/\/www.largepillow.com\/cs\/wp-json\/wp\/v2\/types\/product"}],"replies":[{"embeddable":true,"href":"https:\/\/www.largepillow.com\/cs\/wp-json\/wp\/v2\/comments?post=97"}],"wp:featuredmedia":[{"embeddable":true,"href":"https:\/\/www.largepillow.com\/cs\/wp-json\/wp\/v2\/media\/80"}],"wp:attachment":[{"href":"https:\/\/www.largepillow.com\/cs\/wp-json\/wp\/v2\/media?parent=97"}],"wp:term":[{"taxonomy":"product_brand","embeddable":true,"href":"https:\/\/www.largepillow.com\/cs\/wp-json\/wp\/v2\/product_brand?post=97"},{"taxonomy":"product_cat","embeddable":true,"href":"https:\/\/www.largepillow.com\/cs\/wp-json\/wp\/v2\/product_cat?post=97"},{"taxonomy":"product_tag","embeddable":true,"href":"https:\/\/www.largepillow.com\/cs\/wp-json\/wp\/v2\/product_tag?post=97"}],"curies":[{"name":"wp","href":"https:\/\/api.w.org\/{rel}","templated":true}]}}