{"id":1038,"date":"2022-09-19T02:09:34","date_gmt":"2022-09-19T02:09:34","guid":{"rendered":"https:\/\/www.largepillow.com\/product\/living-wedge-bolster"},"modified":"2025-09-19T02:32:00","modified_gmt":"2025-09-19T02:32:00","slug":"bett-korper-kissen-2","status":"publish","type":"product","link":"https:\/\/www.largepillow.com\/de\/product\/bed-body-pillow","title":{"rendered":"Bettk\u00f6rperkissen"},"content":{"rendered":"<p>Bettk\u00f6rperkissen: Die ultimative Komfortl\u00f6sung zum Lesen, Ausruhen und Dekorieren<\/p>\n<p>Suchen Sie nach einem Kissen, das unvergleichlichen Komfort f\u00fcr viele Aktivit\u00e4ten bietet und die \u00c4sthetik Ihres Schlafzimmers aufwertet? Dann sind Sie mit dem Bed Body Pillow genau richtig, einem vielseitigen und stilvollen Kissen, das all Ihre Bed\u00fcrfnisse erf\u00fcllt.<\/p>\n<p>Perfektes Lesekissen<\/p>\n<p>Mit seiner rechteckigen Form bietet das Bed Body Pillow optimale R\u00fcckenunterst\u00fctzung, wenn Sie im Bett sitzen, um zu lesen, fernzusehen, auf Ihrem Telefon zu surfen oder anderen entspannenden Aktivit\u00e4ten nachzugehen. Seine weiche Polsterung sorgt f\u00fcr stundenlangen bequemen Halt, sodass Sie in Ihren Lieblingsroman versinken oder Ihre Lieblingssendungen ohne Beschwerden nacheinander ansehen k\u00f6nnen.<\/p>\n<p>Bequemes Seitenschl\u00e4ferkissen<\/p>\n<p>Dieses gro\u00dfe K\u00f6rperkissen ersetzt alle Ihre normalen Bettruhe- oder Lendenkissen und bietet mehrere Positionen zur Unterst\u00fctzung Ihres R\u00fcckens, Ihrer Schultern, Wirbels\u00e4ule, Ihres Bauchs, Ihrer Beine und mehr. Es f\u00f6rdert eine gerade Wirbels\u00e4ule bei allen Schl\u00e4fern, unabh\u00e4ngig von ihrer bevorzugten Position. Egal, ob Sie ein st\u00fctzendes Bettruhekissen oder ein gro\u00dfes R\u00fcckenst\u00fctzkissen ben\u00f6tigen, das Bed Body Pillow ist das Richtige f\u00fcr Sie.<\/p>\n<p>Hochwertige Materialien und Konstruktion<\/p>\n<p>Das Bed Body Pillow ist sorgf\u00e4ltig aus hochwertigen Materialien gefertigt und weist dreidimensionale Streifen, Stoffkn\u00f6pfe und vollst\u00e4ndig ges\u00e4umte Kanten auf. Sein robuster Zwei-Wege-Rei\u00dfverschluss sorgt f\u00fcr Langlebigkeit und Benutzerfreundlichkeit. Die robuste Mikro-Polyesterfaserf\u00fcllung beh\u00e4lt im Laufe der Zeit ihre st\u00fctzende Form und bietet gleichbleibenden Komfort.<\/p>\n<p>Sch\u00f6ne Bettdekoration<\/p>\n<p>Wenn Sie Ihrem Schlafzimmer einen Hauch von Eleganz verleihen m\u00f6chten, dient das Bed Body Pillow gleichzeitig als atemberaubendes Kopfteil. Sein attraktives Design schafft eine einladende Atmosph\u00e4re und erg\u00e4nzt jeden Einrichtungsstil. Es ist die perfekte Erg\u00e4nzung f\u00fcr Schlafzimmer, Hotels, Krankenh\u00e4user, Fenstersitze und eine Vielzahl anderer Umgebungen.<\/p>\n<p>Abnehmbarer Kissenbezug und pflegeleicht<\/p>\n<p>Das Bed Body Pillow verf\u00fcgt \u00fcber einen abnehmbaren Kissenbezug, der sich m\u00fchelos in der Maschine waschen l\u00e4sst. \u00d6ffnen Sie einfach den Rei\u00dfverschluss, l\u00f6sen Sie die Kn\u00f6pfe und werfen Sie den Bezug in die W\u00e4sche.<\/p>\n<p>Kundenbewertungen<\/p>\n<p>\u201eIch liebe dieses Kissen! Es ist das Beste zum Lesen im Bett. Es ist so bequem und st\u00fctzend.\u201c \u2013 Verifizierter K\u00e4ufer<\/p>\n<p>\u201eDieses Kissen ist ein Lebensretter! Es hilft mir, Schmerzen und Beschwerden nach einer Operation zu lindern.\u201c \u2013 Verifizierter K\u00e4ufer<\/p>\n<p>\u201eIch benutze dieses Kissen als Kopfteil und es sieht fantastisch aus. Es ist auch sehr bequem, sich dagegen zu lehnen.\u201c \u2013 Verifizierter K\u00e4ufer<\/p>\n<p>Verf\u00fcgbare Gr\u00f6\u00dfen<\/p>\n<p>Um verschiedenen Bettgr\u00f6\u00dfen und pers\u00f6nlichen Vorlieben gerecht zu werden, ist das Bed Body Pillow in verschiedenen Gr\u00f6\u00dfen erh\u00e4ltlich:<\/p>\n<p>* 100x50x8cm (3 Kn\u00f6pfe)<br \/>\n* 120x50x8cm (4 Kn\u00f6pfe)<br \/>\n* 140x50x8cm (4 Kn\u00f6pfe)<br \/>\n* 160x50x8cm (5 Kn\u00f6pfe)<br \/>\n* 180x50x8cm (6 Kn\u00f6pfe)<br \/>\n* 200x50x8cm (7 Kn\u00f6pfe)<\/p>\n<p>Wenn Sie nach einem Kissen suchen, das Komfort, Funktionalit\u00e4t und Stil vereint, ist das Bed Body Pillow die perfekte Wahl. Bestellen Sie Ihr Kissen noch heute und erleben Sie die ultimative Entspannung und Unterst\u00fctzung im Bett und dar\u00fcber hinaus.<\/p>","protected":false},"excerpt":{"rendered":"<ul>\n<li><strong>PERFEKTES LESEKISSEN:<\/strong> Mit einem rechteckigen Kissen funktioniert dieses bequeme Lesekissen am Bett perfekt, um eine weiche R\u00fcckenst\u00fctze als Lendenkissen zu bieten, wenn Sie auf dem Bett sitzen, um zu lesen, fernzusehen, zu telefonieren, auf dem Tablet zu surfen, Videospiele zu spielen, Yoga zu machen, zu stillen und sich auszuruhen nach der Operation.<\/li>\n<li><strong>KOMFORTABLES K\u00d6RPERKISSEN:<\/strong> Als gro\u00dfes K\u00f6rperkissen ersetzt es alle normalen Bettruhe- oder Lendenkissen, schafft als Positionskissen mehrere Positionen zur Unterst\u00fctzung von R\u00fccken, Schulter, Wirbels\u00e4ule, Bauch, Beinen und l\u00e4sst Ihre Muskeln entspannt bleiben. F\u00f6rdert eine ausgerichtete Wirbels\u00e4ule f\u00fcr jeden Schl\u00e4fer, egal ob Sie ein gepolstertes Bettruhekissen oder ein gro\u00dfes R\u00fcckenst\u00fctzkissen ben\u00f6tigen, wenn Sie nur mehr oder weniger Loft ben\u00f6tigen. Sie k\u00f6nnen es auch als Schwangerschaftskissen verwenden, das verschiedene K\u00f6rperteile unterst\u00fctzt und Schwangerschaftsschmerzen lindert.<\/li>\n<li><strong>URSPR\u00dcNGLICH ENTWICKELT MIT HOCHWERTIGEN MATERIALIEN:<\/strong> Das rechteckige Lesekissen ist mit dreidimensionalen Streifen, Stoffknopfb\u00fcscheln und vollst\u00e4ndig ges\u00e4umten Kanten ausgestattet und unterscheidet sich von allen anderen normalen R\u00fcckenlehnenkissen sehr. Obwohl das dekorative R\u00fcckenst\u00fctzkissen weich ist, beh\u00e4lt es dennoch seine unterst\u00fctzende Form, indem es die Vorteile der elastischen und flexiblen Mikro-Polyester-Faserf\u00fcllung voll ausnutzt. Der Zwei-Wege-Rei\u00dfverschluss des Bettkissens ist sehr stark und langlebig f\u00fcr den Langzeitgebrauch.<\/li>\n<li><strong>SCH\u00d6NES DEKORATIVES KISSEN F\u00dcR DEN BETT:<\/strong> Wenn Sie ein schnelles und einfaches Kopfteil ben\u00f6tigen, kann dieses gepolsterte Kopfteil-Lesekissen als alternativer Ersatz verwendet werden und ist gleichzeitig eine sch\u00f6ne Bettdekoration. Sein elegantes Design verleiht Ihrem Schlafzimmer eine einladende Aussicht. Mit seinem attraktiven Aussehen ist dieses originelle R\u00fcckenlehnenpolster verstellbar f\u00fcr Schlafzimmer, Hotel, Krankenhaus, Fensterplatz, Couch, Sofa, Tagesbett, Etagenbett, Schlafsaalbett, Plattformbett.<\/li>\n<li><strong>ABNEHMBARER LENDENKISSENBEZUG &amp; EINFACH ZU WASCHEN:<\/strong> Sie k\u00f6nnen den Bettruhekissenbezug einfach entfernen, indem Sie den Rei\u00dfverschluss \u00f6ffnen und die Kn\u00f6pfe vom Lesekissenbezug l\u00f6sen und ihn in der Maschine waschen.<\/li>\n<li><strong>Stoff:<\/strong> Mischung aus Polyester und Leinen.<\/li>\n<li><strong>Gr\u00f6\u00dfe:<\/strong> 100 x 50 x 8 cm (3 Kn\u00f6pfe), 120 x 50 x 8 cm (4 Kn\u00f6pfe), 140 x 50 x 8 cm (4 Kn\u00f6pfe), 160 x 50 x 8 cm (5 Kn\u00f6pfe), 180 x 50 x 8 cm (6 Kn\u00f6pfe), 200 x 50 x 8 cm (7 Kn\u00f6pfe)<\/li>\n<\/ul>","protected":false},"featured_media":1027,"comment_status":"open","ping_status":"closed","template":"","meta":[],"product_brand":[],"product_cat":[28],"product_tag":[66,142,115,154,79,141,144,118],"class_list":{"0":"post-1038","1":"product","2":"type-product","3":"status-publish","4":"has-post-thumbnail","6":"product_cat-large-body-pillow","7":"product_tag-back-support-pillow","8":"product_tag-bedside-reading-pillow","9":"product_tag-comfortable-body-pillow","10":"product_tag-large-body-pillow","11":"product_tag-lumbar-pillow","12":"product_tag-perfect-reading-pillow","13":"product_tag-positioner-pillow","14":"product_tag-pregnancy-pillow","16":"first","17":"instock","18":"featured","19":"shipping-taxable","20":"purchasable","21":"product-type-variable"},"_links":{"self":[{"href":"https:\/\/www.largepillow.com\/de\/wp-json\/wp\/v2\/product\/1038","targetHints":{"allow":["GET"]}}],"collection":[{"href":"https:\/\/www.largepillow.com\/de\/wp-json\/wp\/v2\/product"}],"about":[{"href":"https:\/\/www.largepillow.com\/de\/wp-json\/wp\/v2\/types\/product"}],"replies":[{"embeddable":true,"href":"https:\/\/www.largepillow.com\/de\/wp-json\/wp\/v2\/comments?post=1038"}],"wp:featuredmedia":[{"embeddable":true,"href":"https:\/\/www.largepillow.com\/de\/wp-json\/wp\/v2\/media\/1027"}],"wp:attachment":[{"href":"https:\/\/www.largepillow.com\/de\/wp-json\/wp\/v2\/media?parent=1038"}],"wp:term":[{"taxonomy":"product_brand","embeddable":true,"href":"https:\/\/www.largepillow.com\/de\/wp-json\/wp\/v2\/product_brand?post=1038"},{"taxonomy":"product_cat","embeddable":true,"href":"https:\/\/www.largepillow.com\/de\/wp-json\/wp\/v2\/product_cat?post=1038"},{"taxonomy":"product_tag","embeddable":true,"href":"https:\/\/www.largepillow.com\/de\/wp-json\/wp\/v2\/product_tag?post=1038"}],"curies":[{"name":"wp","href":"https:\/\/api.w.org\/{rel}","templated":true}]}}