{"id":1062,"date":"2022-09-19T02:13:56","date_gmt":"2022-09-19T02:13:56","guid":{"rendered":"https:\/\/www.largepillow.com\/product\/triangle-wedge-bolster"},"modified":"2025-09-19T02:32:11","modified_gmt":"2025-09-19T02:32:11","slug":"bett-korper-kissen","status":"publish","type":"product","link":"https:\/\/www.largepillow.com\/de\/product\/bed-body-cushion\/","title":{"rendered":"Bettk\u00f6rperkissen"},"content":{"rendered":"<p>Finden Sie die perfekte Unterst\u00fctzung zum Lesen und Entspannen mit dem Bettk\u00f6rperkissen<\/p>\n<p>G\u00f6nnen Sie sich luxuri\u00f6sen Komfort und Unterst\u00fctzung beim Lesen, Arbeiten oder Entspannen im Bett mit dem Bed Body Cushion. Dieses durchdacht gestaltete rechteckige Kissen kann in jedem Winkel hinter Ihrem R\u00fccken, Ihren Schultern oder Beinen positioniert werden, um eine individuelle, weiche und dennoch st\u00fctzende Polsterung zu bieten. <\/p>\n<p>Das aus \u00fcppigem, samtweichem Polyestersamt gefertigte und gro\u00dfz\u00fcgig mit widerstandsf\u00e4higer Mikropolyester-Faserf\u00fcllung gef\u00fcllte Bed Body Cushion hebt sich durch sein dreidimensionales Streifenmuster und die dekorativen Knopfb\u00fcschel aus Stoff entlang der Vorderseite von herk\u00f6mmlichen R\u00fcckenkissen ab. Die vollst\u00e4ndig ummantelten Kanten und der robuste Zwei-Wege-Rei\u00dfverschluss sorgen daf\u00fcr, dass das Kissen auch nach Jahren des t\u00e4glichen Gebrauchs seine formsch\u00f6ne Kontur beh\u00e4lt. <\/p>\n<p>Mit sechs verf\u00fcgbaren Gr\u00f6\u00dfen finden Sie die perfekte Passform f\u00fcr Ihr Bett, Ihren Fensterplatz, Ihr Sofa oder \u00fcberall dort, wo Sie R\u00fcckenunterst\u00fctzung und gem\u00fctlichen Komfort w\u00fcnschen. Kunden verwenden es gerne f\u00fcr:<\/p>\n<p>\u2013 Lesen, am Laptop arbeiten oder im Bett auf Ger\u00e4ten surfen<br \/>\n\u2013 Fernsehen oder Videospiele in aufrechter Position spielen<br \/>\n\u2013 Unterst\u00fctzung der Lendenwirbels\u00e4ule w\u00e4hrend der Schwangerschaft<br \/>\n\u2013 Unterst\u00fctzung bei der Genesung nach der Operation<br \/>\n\u2013 \u00dcben von Yoga-Posen und Dehnungen<br \/>\n\u2013 Bequemes Stillen<\/p>\n<p>Ein zufriedener Kunde sagte: \u201eDieses Kissen ist extrem weich und bequem. Ich benutze es gerne auf meinem Bett, um bequem zu sitzen und zu lesen oder am Laptop zu arbeiten. Es st\u00fctzt meinen unteren R\u00fccken gut, ohne zu hart zu sein. Der Samtstoff sieht viel teurer aus und f\u00fchlt sich auch so an, als er ist. Ich kann dieses Kissen nur w\u00e4rmstens empfehlen!\u201c<\/p>\n<p>Mit seinem schlichten, aber eleganten Design setzt das Bettk\u00f6rperkissen auch bei Nichtgebrauch einen attraktiven dekorativen Akzent f\u00fcr Ihr Schlafzimmer oder jeden anderen Raum. Er ist in \u00fcppigem grauem Samt erh\u00e4ltlich und verleiht ihm einen Hauch von Raffinesse.<\/p>\n<p>F\u00fcr au\u00dfergew\u00f6hnlichen Komfort und Unterst\u00fctzung bei Ihren bevorzugten aufrechten Aktivit\u00e4ten g\u00f6nnen Sie sich noch heute das Bed Body Cushion!<\/p>","protected":false},"excerpt":{"rendered":"<ul>\n<li><strong>PERFEKTES LESEKISSEN:<\/strong> Mit einem rechteckigen Kissen funktioniert dieses bequeme Lesekissen am Bett perfekt, um eine weiche R\u00fcckenst\u00fctze als Lendenkissen zu bieten, wenn Sie auf dem Bett sitzen, um zu lesen, fernzusehen, zu telefonieren, auf dem Tablet zu surfen, Videospiele zu spielen, Yoga zu machen, zu stillen und sich auszuruhen nach der Operation.<\/li>\n<li><strong>KOMFORTABLES K\u00d6RPERKISSEN:<\/strong> Als gro\u00dfes K\u00f6rperkissen ersetzt es alle normalen Bettruhe- oder Lendenkissen, schafft als Positionskissen mehrere Positionen zur Unterst\u00fctzung von R\u00fccken, Schulter, Wirbels\u00e4ule, Bauch, Beinen und l\u00e4sst Ihre Muskeln entspannt bleiben. F\u00f6rdert eine ausgerichtete Wirbels\u00e4ule f\u00fcr jeden Schl\u00e4fer, egal ob Sie ein gepolstertes Bettruhekissen oder ein gro\u00dfes R\u00fcckenst\u00fctzkissen ben\u00f6tigen, wenn Sie nur mehr oder weniger Loft ben\u00f6tigen. Sie k\u00f6nnen es auch als Schwangerschaftskissen verwenden, das verschiedene K\u00f6rperteile unterst\u00fctzt und Schwangerschaftsschmerzen lindert.<\/li>\n<li><strong>URSPR\u00dcNGLICH ENTWICKELT MIT HOCHWERTIGEN MATERIALIEN:<\/strong> Das rechteckige Lesekissen ist mit dreidimensionalen Streifen, Stoffknopfb\u00fcscheln und vollst\u00e4ndig ges\u00e4umten Kanten ausgestattet und unterscheidet sich von allen anderen normalen R\u00fcckenlehnenkissen sehr. Obwohl das dekorative R\u00fcckenst\u00fctzkissen weich ist, beh\u00e4lt es dennoch seine unterst\u00fctzende Form, indem es die Vorteile der elastischen und flexiblen Mikro-Polyester-Faserf\u00fcllung voll ausnutzt. Der Zwei-Wege-Rei\u00dfverschluss des Bettkissens ist sehr stark und langlebig f\u00fcr den Langzeitgebrauch.<\/li>\n<li><strong>SCH\u00d6NES DEKORATIVES KISSEN F\u00dcR DEN BETT:<\/strong> Wenn Sie ein schnelles und einfaches Kopfteil ben\u00f6tigen, kann dieses gepolsterte Kopfteil-Lesekissen als alternativer Ersatz verwendet werden und ist gleichzeitig eine sch\u00f6ne Bettdekoration. Sein elegantes Design verleiht Ihrem Schlafzimmer eine einladende Aussicht. Mit seinem attraktiven Aussehen ist dieses originelle R\u00fcckenlehnenpolster verstellbar f\u00fcr Schlafzimmer, Hotel, Krankenhaus, Fensterplatz, Couch, Sofa, Tagesbett, Etagenbett, Schlafsaalbett, Plattformbett.<\/li>\n<li><strong>ABNEHMBARER LENDENKISSENBEZUG &amp; EINFACH ZU WASCHEN:<\/strong> Sie k\u00f6nnen den Bettruhekissenbezug einfach entfernen, indem Sie den Rei\u00dfverschluss \u00f6ffnen und die Kn\u00f6pfe vom Lesekissenbezug l\u00f6sen und ihn in der Maschine waschen.<\/li>\n<li><strong>Stoff:<\/strong> Samt (100% Polyester).<\/li>\n<li><strong>Gr\u00f6\u00dfe:<\/strong> 100 x 50 x 8 cm (3 Kn\u00f6pfe), 120 x 50 x 8 cm (4 Kn\u00f6pfe), 140 x 50 x 8 cm (4 Kn\u00f6pfe), 160 x 50 x 8 cm (5 Kn\u00f6pfe), 180 x 50 x 8 cm (6 Kn\u00f6pfe), 200 x 50 x 8 cm (7 Kn\u00f6pfe)<\/li>\n<\/ul>","protected":false},"featured_media":1045,"comment_status":"open","ping_status":"closed","template":"","meta":[],"product_brand":[],"product_cat":[28],"product_tag":[77,124,142,115,79,144,118,59,153,152,120],"class_list":{"0":"post-1062","1":"product","2":"type-product","3":"status-publish","4":"has-post-thumbnail","6":"product_cat-large-body-pillow","7":"product_tag-bed-rest-pillow","8":"product_tag-bedside-decorative-pillow","9":"product_tag-bedside-reading-pillow","10":"product_tag-comfortable-body-pillow","11":"product_tag-lumbar-pillow","12":"product_tag-positioner-pillow","13":"product_tag-pregnancy-pillow","14":"product_tag-reading-pillow","15":"product_tag-removable-lumbar-pillow-cover","16":"product_tag-upholstery-headboard-reading-pillow","17":"product_tag-velvet-pillow","19":"first","20":"instock","21":"featured","22":"shipping-taxable","23":"purchasable","24":"product-type-variable"},"_links":{"self":[{"href":"https:\/\/www.largepillow.com\/de\/wp-json\/wp\/v2\/product\/1062","targetHints":{"allow":["GET"]}}],"collection":[{"href":"https:\/\/www.largepillow.com\/de\/wp-json\/wp\/v2\/product"}],"about":[{"href":"https:\/\/www.largepillow.com\/de\/wp-json\/wp\/v2\/types\/product"}],"replies":[{"embeddable":true,"href":"https:\/\/www.largepillow.com\/de\/wp-json\/wp\/v2\/comments?post=1062"}],"wp:featuredmedia":[{"embeddable":true,"href":"https:\/\/www.largepillow.com\/de\/wp-json\/wp\/v2\/media\/1045"}],"wp:attachment":[{"href":"https:\/\/www.largepillow.com\/de\/wp-json\/wp\/v2\/media?parent=1062"}],"wp:term":[{"taxonomy":"product_brand","embeddable":true,"href":"https:\/\/www.largepillow.com\/de\/wp-json\/wp\/v2\/product_brand?post=1062"},{"taxonomy":"product_cat","embeddable":true,"href":"https:\/\/www.largepillow.com\/de\/wp-json\/wp\/v2\/product_cat?post=1062"},{"taxonomy":"product_tag","embeddable":true,"href":"https:\/\/www.largepillow.com\/de\/wp-json\/wp\/v2\/product_tag?post=1062"}],"curies":[{"name":"wp","href":"https:\/\/api.w.org\/{rel}","templated":true}]}}