{"id":1209,"date":"2022-09-19T03:31:40","date_gmt":"2022-09-19T03:31:40","guid":{"rendered":"https:\/\/www.largepillow.com\/product\/back-support-pillow"},"modified":"2025-12-11T13:44:46","modified_gmt":"2025-12-11T13:44:46","slug":"groses-bettkissen","status":"publish","type":"product","link":"https:\/\/www.largepillow.com\/de\/product\/large-bed-bolster-pillow","title":{"rendered":"Gro\u00dfes Bettrollenkissen"},"content":{"rendered":"<p>Finden Sie das perfekte Lesekissen mit dem gro\u00dfen Bettpolster<\/p>\n<p>Wenn Sie gerne im Bett lesen, fernsehen oder arbeiten, aber etwas zus\u00e4tzliche R\u00fcckenst\u00fctze ben\u00f6tigen, ist das gro\u00dfe Nackenrollenkissen die perfekte L\u00f6sung. Dieses rechteckige Polster bietet eine verstellbare Lendenwirbelst\u00fctze, sodass Sie bequem aufrecht im Bett sitzen k\u00f6nnen. <\/p>\n<p>Das Nackenkissen aus weicher, widerstandsf\u00e4higer Mikro-Polyesterfaserf\u00fcllung beh\u00e4lt seine Form und passt sich Ihrem K\u00f6rper an. Der Zwei-Wege-Rei\u00dfverschluss erm\u00f6glicht au\u00dferdem ein einfaches Abnehmen und Waschen des abnehmbaren Samtbezugs in der Maschine. Mit seinen getufteten Kn\u00f6pfen und sauber ges\u00e4umten Kanten verleiht dieses Kissen jedem Schlafzimmerdekor schlichte Eleganz. <\/p>\n<p>Kunden lieben es, dieses vielseitige Kissen auf verschiedene Arten zu verwenden:<\/p>\n<p>\u201eUrspr\u00fcnglich habe ich es als Lesekissen gekauft, aber es ist so bequem, dass ich es mittlerweile auch benutze, wenn ich nicht lese. Es ist das perfekte R\u00fcckenkissen, egal ob ich im Bett an meinem Laptop arbeite oder einfach beim Fernsehen entspanne.\u201c<\/p>\n<p>\u201eAls Schwangerschaftskissen war es so verstellbar, dass es meinen R\u00fccken st\u00fctzte oder unter meinen Bauch passte. Und jetzt, wo ich stille, ist es immer noch n\u00fctzlich, wenn ich es hinter mir anlehne, w\u00e4hrend ich im Bett aufrecht sitze.\u201c  <\/p>\n<p>\u201eDas ist ein gro\u00dfartiges Lendenst\u00fctzkissen nach meiner Operation. Ich kann die H\u00f6he anpassen und es bleibt w\u00e4hrend meiner Genesung hinter meinem R\u00fccken.\u201c<\/p>\n<p>Bei den sechs verf\u00fcgbaren Gr\u00f6\u00dfen finden Sie garantiert die perfekte Gr\u00f6\u00dfe f\u00fcr Ihre Bed\u00fcrfnisse. Die Preise reichen je nach Gr\u00f6\u00dfe von $XX.XX-$XX.XX. Bringen Sie m\u00fchelosen Komfort und Stil in Ihr Schlafzimmer mit der vielseitigen Unterst\u00fctzung des gro\u00dfen Nackenrollenkissens.<\/p>","protected":false},"excerpt":{"rendered":"<ul>\n<li><strong>PERFEKTES LESEKISSEN:<\/strong> Mit einem rechteckigen Kissen funktioniert dieses bequeme Lesekissen am Bett perfekt, um eine weiche R\u00fcckenst\u00fctze als Lendenkissen zu bieten, wenn Sie auf dem Bett sitzen, um zu lesen, fernzusehen, zu telefonieren, auf dem Tablet zu surfen, Videospiele zu spielen, Yoga zu machen, zu stillen und sich auszuruhen nach der Operation.<\/li>\n<li><strong>KOMFORTABLES K\u00d6RPERKISSEN:<\/strong> Als gro\u00dfes K\u00f6rperkissen ersetzt es alle normalen Bettruhe- oder Lendenkissen, schafft als Positionskissen mehrere Positionen zur Unterst\u00fctzung von R\u00fccken, Schulter, Wirbels\u00e4ule, Bauch, Beinen und l\u00e4sst Ihre Muskeln entspannt bleiben. F\u00f6rdert eine ausgerichtete Wirbels\u00e4ule f\u00fcr jeden Schl\u00e4fer, egal ob Sie ein gepolstertes Bettruhekissen oder ein gro\u00dfes R\u00fcckenst\u00fctzkissen ben\u00f6tigen, wenn Sie nur mehr oder weniger Loft ben\u00f6tigen. Sie k\u00f6nnen es auch als Schwangerschaftskissen verwenden, das verschiedene K\u00f6rperteile unterst\u00fctzt und Schwangerschaftsschmerzen lindert.<\/li>\n<li><strong>URSPR\u00dcNGLICH ENTWICKELT MIT HOCHWERTIGEN MATERIALIEN:<\/strong> Das rechteckige Lesekissen ist mit dreidimensionalen Streifen, Stoffknopfb\u00fcscheln und vollst\u00e4ndig ges\u00e4umten Kanten ausgestattet und unterscheidet sich von allen anderen normalen R\u00fcckenlehnenkissen sehr. Obwohl das dekorative R\u00fcckenst\u00fctzkissen weich ist, beh\u00e4lt es dennoch seine unterst\u00fctzende Form, indem es die Vorteile der elastischen und flexiblen Mikro-Polyester-Faserf\u00fcllung voll ausnutzt. Der Zwei-Wege-Rei\u00dfverschluss des Bettkissens ist sehr stark und langlebig f\u00fcr den Langzeitgebrauch.<\/li>\n<li><strong>SCH\u00d6NES DEKORATIVES KISSEN F\u00dcR DEN BETT:<\/strong> Wenn Sie ein schnelles und einfaches Kopfteil ben\u00f6tigen, kann dieses gepolsterte Kopfteil-Lesekissen als alternativer Ersatz verwendet werden und ist gleichzeitig eine sch\u00f6ne Bettdekoration. Sein elegantes Design verleiht Ihrem Schlafzimmer eine einladende Aussicht. Mit seinem attraktiven Aussehen ist dieses originelle R\u00fcckenlehnenpolster verstellbar f\u00fcr Schlafzimmer, Hotel, Krankenhaus, Fensterplatz, Couch, Sofa, Tagesbett, Etagenbett, Schlafsaalbett, Plattformbett.<\/li>\n<li><strong>ABNEHMBARER LENDENKISSENBEZUG &amp; EINFACH ZU WASCHEN:<\/strong> Sie k\u00f6nnen den Bettruhekissenbezug einfach entfernen, indem Sie den Rei\u00dfverschluss \u00f6ffnen und die Kn\u00f6pfe vom Lesekissenbezug l\u00f6sen und ihn in der Maschine waschen.<\/li>\n<li><strong>Stoff:<\/strong> Samt (100% Polyester).<\/li>\n<li><strong>Gr\u00f6\u00dfe:<\/strong> 100 x 50 x 8 cm (3 Kn\u00f6pfe), 120 x 50 x 8 cm (4 Kn\u00f6pfe), 140 x 50 x 8 cm (4 Kn\u00f6pfe), 160 x 50 x 8 cm (5 Kn\u00f6pfe), 180 x 50 x 8 cm (6 Kn\u00f6pfe), 200 x 50 x 8 cm (7 Kn\u00f6pfe)<\/li>\n<\/ul>","protected":false},"featured_media":1194,"comment_status":"open","ping_status":"closed","template":"","meta":[],"product_brand":[],"product_cat":[28],"product_tag":[117,60,116,115,114,79,118,59,119,120],"class_list":{"0":"post-1209","1":"product","2":"type-product","3":"status-publish","4":"has-post-thumbnail","6":"product_cat-large-body-pillow","7":"product_tag-back-support-cushion","8":"product_tag-backrest-pillow","9":"product_tag-bed-rest","10":"product_tag-comfortable-body-pillow","11":"product_tag-large-bed-bolster-pillow","12":"product_tag-lumbar-pillow","13":"product_tag-pregnancy-pillow","14":"product_tag-reading-pillow","15":"product_tag-rectangular-reading-pillow","16":"product_tag-velvet-pillow","18":"first","19":"instock","20":"featured","21":"shipping-taxable","22":"purchasable","23":"product-type-variable"},"_links":{"self":[{"href":"https:\/\/www.largepillow.com\/de\/wp-json\/wp\/v2\/product\/1209","targetHints":{"allow":["GET"]}}],"collection":[{"href":"https:\/\/www.largepillow.com\/de\/wp-json\/wp\/v2\/product"}],"about":[{"href":"https:\/\/www.largepillow.com\/de\/wp-json\/wp\/v2\/types\/product"}],"replies":[{"embeddable":true,"href":"https:\/\/www.largepillow.com\/de\/wp-json\/wp\/v2\/comments?post=1209"}],"wp:featuredmedia":[{"embeddable":true,"href":"https:\/\/www.largepillow.com\/de\/wp-json\/wp\/v2\/media\/1194"}],"wp:attachment":[{"href":"https:\/\/www.largepillow.com\/de\/wp-json\/wp\/v2\/media?parent=1209"}],"wp:term":[{"taxonomy":"product_brand","embeddable":true,"href":"https:\/\/www.largepillow.com\/de\/wp-json\/wp\/v2\/product_brand?post=1209"},{"taxonomy":"product_cat","embeddable":true,"href":"https:\/\/www.largepillow.com\/de\/wp-json\/wp\/v2\/product_cat?post=1209"},{"taxonomy":"product_tag","embeddable":true,"href":"https:\/\/www.largepillow.com\/de\/wp-json\/wp\/v2\/product_tag?post=1209"}],"curies":[{"name":"wp","href":"https:\/\/api.w.org\/{rel}","templated":true}]}}