{"id":1274,"date":"2022-09-19T05:37:18","date_gmt":"2022-09-19T05:37:18","guid":{"rendered":"https:\/\/www.largepillow.com\/product\/sofa-cushion-support"},"modified":"2025-12-03T04:19:42","modified_gmt":"2025-12-03T04:19:42","slug":"lesekissen-fur-bett-2","status":"publish","type":"product","link":"https:\/\/www.largepillow.com\/de\/product\/reading-cushion-for-bed\/","title":{"rendered":"Lesekissen f\u00fcr Bett"},"content":{"rendered":"<p>Entdecken Sie den Komfort des Lesens im Bett mit diesem Spezialkissen<\/p>\n<p>Sind Sie es leid, beim Lesen oder Fernsehen im Bett Ihren Nacken und R\u00fccken zu belasten? Das Lesekissen f\u00fcrs Bett wurde speziell daf\u00fcr entwickelt, diese Aktivit\u00e4ten entspannender und angenehmer zu gestalten. <\/p>\n<p>Dieses keilf\u00f6rmige Kissen wurde aus hochwertigen Materialien gefertigt und bietet ergonomische Unterst\u00fctzung f\u00fcr R\u00fccken, Nacken und Schultern, wenn Sie sich zur\u00fccklehnen. Das Innere ist mit weicher, aber robuster Polyesterfaserf\u00fcllung gef\u00fcllt, die sich den nat\u00fcrlichen Kurven Ihres K\u00f6rpers anpasst, ohne sich abzuflachen. <\/p>\n<p>Kunden lieben den Komfort dieses Kissens:<\/p>\n<p>\u201eDieses Lesekissen hat mein Leben ver\u00e4ndert. Keine Nacken- oder R\u00fcckenschmerzen mehr, wenn ich im Bett lese!\u201c<\/p>\n<p>\u201eMit diesem st\u00fctzenden Kissen kann ich endlich bequem meine Lieblingssendungen am St\u00fcck anschauen.\u201c<\/p>\n<p>Der Bezugsstoff besteht aus einer kuscheligen Polyester-Leinen-Mischung, die sich auf der Haut weich und luxuri\u00f6s anf\u00fchlt. Dank des versteckten Rei\u00dfverschlusses k\u00f6nnen Sie den Bezug bei Bedarf einfach abnehmen und in der Maschine waschen. <\/p>\n<p>Dank der integrierten Vielseitigkeit ist dieses Kissen f\u00fcr alle Ihre Bed\u00fcrfnisse geeignet. Mit dem angebrachten Seitenrollkissen k\u00f6nnen Sie den St\u00fctzwinkel individuell anpassen. Zwei praktische Seitentaschen eignen sich perfekt zum Aufbewahren von Stiften, Telefonen, Fernbedienungen und mehr in Reichweite.<\/p>\n<p>Dieses multifunktionale Keilkissen kann nicht nur zum Lesen oder Medienkonsum im Bett verwendet werden, sondern auch zum Arbeiten am Laptop, Spielen, Entspannen mit dem Partner oder einfach zum Hochlegen der Beine zur Verbesserung der Durchblutung. <\/p>\n<p>G\u00f6nnen Sie sich eine ma\u00dfgeschneiderte R\u00fcckenst\u00fctze, die sich anf\u00fchlt, als w\u00e4re sie nur f\u00fcr Sie gemacht. Holen Sie sich das Lesekissen f\u00fcrs Bett nach Hause und verwandeln Sie jede Lieget\u00e4tigkeit in ein bequemes Vergn\u00fcgen.<\/p>","protected":false},"excerpt":{"rendered":"<ul>\n<li><strong>Qualifiziertes Keilkissen:<\/strong> Dieses Bettkeilkissen ist mit hochwertiger Polyesterfaserf\u00fcllung gef\u00fcllt, um eine stabile R\u00fcckenst\u00fctze zu bieten und Ihnen ein angenehmes Gef\u00fchl beim Lesen, Ausruhen und Fernsehen auf Ihrem Bett oder Sofa zu geben. Der hochwertige Leinenstoff f\u00fchlt sich sehr weich an, strapazierf\u00e4hig und l\u00e4sst sich nicht leicht verformen oder pillen.<\/li>\n<li><strong>Verstellbares Keilkissen:<\/strong> Das Wurfkissen wird mit einem kleinen Rollenkissen geliefert. Es kann angepasst werden, wo Sie es brauchen. Es hilft, Ihren R\u00fccken gerade zu halten, damit Sie nicht zusammensacken. Der Bezug des Leser\u00fcckenkissens ist abnehmbar und waschbar. An der Seite befinden sich 2 kleine Taschen zur Aufbewahrung von Kleinteilen wie Stift, Handy, TV-Fernbedienung etc.<\/li>\n<li><strong>Hervorragende R\u00fcckenunterst\u00fctzung:<\/strong> Das gro\u00dfe St\u00fctzkissen entspricht dem ergonomischen Design, das eine wissenschaftliche R\u00fcckenst\u00fctze bieten und die Sitzhaltung verbessern kann. Dieses Sofakissen bietet eine bequeme Unterst\u00fctzung f\u00fcr Taille, R\u00fccken und Nacken. Es kann auch Erkrankungen der Lenden- und Halswirbels\u00e4ule vorbeugen und lindern sowie R\u00fcckenschmerzen lindern.<\/li>\n<li><strong>Breites Anwendungsspektrum:<\/strong> Das Keilkissen bietet eine Vielzahl von Verwendungsm\u00f6glichkeiten, die sich sehr gut f\u00fcr die Verwendung auf dem Bett, Sofa, Tagesbett, Stuhl und Couch eignen. Perfektes Geschenk f\u00fcr sich selbst, Freunde oder Familien.<\/li>\n<li><strong>Einfach zu s\u00e4ubern:<\/strong> Dieses St\u00fctzkissen verf\u00fcgt \u00fcber ein Rei\u00dfverschluss-Design, um den Bezug leicht abnehmbar und maschinenwaschbar zu machen.<\/li>\n<li><strong>Stoff:<\/strong>\u00a0Mischung aus Polyester und Leinen.<\/li>\n<li><strong>Gr\u00f6\u00dfe:<\/strong>\u00a060 x 50 x 22 cm.<\/li>\n<\/ul>","protected":false},"featured_media":1263,"comment_status":"open","ping_status":"closed","template":"","meta":[],"product_brand":[],"product_cat":[29],"product_tag":[92,60,94,89,103,59,93,100],"class_list":{"0":"post-1274","1":"product","2":"type-product","3":"status-publish","4":"has-post-thumbnail","6":"product_cat-large-reading-pillow","7":"product_tag-adjustable-wedge-pillow","8":"product_tag-backrest-pillow","9":"product_tag-excellent-back-support","10":"product_tag-qualified-wedge-pillow","11":"product_tag-reading-cushion-for-bed","12":"product_tag-reading-pillow","13":"product_tag-roll-bolster-pillow","14":"product_tag-sofa-daybed-pillow","16":"first","17":"outofstock","18":"featured","19":"shipping-taxable","20":"purchasable","21":"product-type-simple"},"_links":{"self":[{"href":"https:\/\/www.largepillow.com\/de\/wp-json\/wp\/v2\/product\/1274","targetHints":{"allow":["GET"]}}],"collection":[{"href":"https:\/\/www.largepillow.com\/de\/wp-json\/wp\/v2\/product"}],"about":[{"href":"https:\/\/www.largepillow.com\/de\/wp-json\/wp\/v2\/types\/product"}],"replies":[{"embeddable":true,"href":"https:\/\/www.largepillow.com\/de\/wp-json\/wp\/v2\/comments?post=1274"}],"wp:featuredmedia":[{"embeddable":true,"href":"https:\/\/www.largepillow.com\/de\/wp-json\/wp\/v2\/media\/1263"}],"wp:attachment":[{"href":"https:\/\/www.largepillow.com\/de\/wp-json\/wp\/v2\/media?parent=1274"}],"wp:term":[{"taxonomy":"product_brand","embeddable":true,"href":"https:\/\/www.largepillow.com\/de\/wp-json\/wp\/v2\/product_brand?post=1274"},{"taxonomy":"product_cat","embeddable":true,"href":"https:\/\/www.largepillow.com\/de\/wp-json\/wp\/v2\/product_cat?post=1274"},{"taxonomy":"product_tag","embeddable":true,"href":"https:\/\/www.largepillow.com\/de\/wp-json\/wp\/v2\/product_tag?post=1274"}],"curies":[{"name":"wp","href":"https:\/\/api.w.org\/{rel}","templated":true}]}}