{"id":1286,"date":"2022-09-19T05:37:34","date_gmt":"2022-09-19T05:37:34","guid":{"rendered":"https:\/\/www.largepillow.com\/product\/custom-sofa-cushions"},"modified":"2026-01-20T07:53:44","modified_gmt":"2026-01-20T07:53:44","slug":"lese-stutzkissen","status":"publish","type":"product","link":"https:\/\/www.largepillow.com\/de\/product\/reading-support-pillow","title":{"rendered":"Lesest\u00fctzkissen"},"content":{"rendered":"<p>Genie\u00dfen Sie hervorragende R\u00fcckenunterst\u00fctzung mit dem Lesest\u00fctzkissen <\/p>\n<p>Wenn Sie gerne im Bett lesen oder fernsehen, aber Schwierigkeiten haben, bequem zu sitzen, ist das Lesest\u00fctzkissen genau das Richtige f\u00fcr Sie. Dieses hochwertige Keilkissen bietet eine stabile R\u00fcckenst\u00fctze, sodass Sie sich entspannen k\u00f6nnen, ohne sich h\u00e4ngen zu lassen oder Ihren Nacken zu belasten.<\/p>\n<p>Das Lesest\u00fctzkissen ist aus weichem, strapazierf\u00e4higem Leinenstoff mit hochwertiger Polyesterfaserf\u00fcllung gefertigt und passt sich den nat\u00fcrlichen Kurven Ihres K\u00f6rpers an. Das ergonomische Design verbessert die Haltung und lindert Schmerzen im Lendenbereich, sodass Sie sich stundenlang wohlf\u00fchlen k\u00f6nnen. <\/p>\n<p>Ein zufriedener Kunde schw\u00e4rmte: \u201eDieses dreiseitige Kissen besteht aus Baumwolle und Leinen und f\u00fchlt sich sehr weich und bequem an. Es bietet eine angenehme R\u00fcckenst\u00fctze, wenn ich im Bett lese oder mein Telefon benutze.\u201c<\/p>\n<p>Das Keilkissen ist dank des mitgelieferten Rollpolsters vollst\u00e4ndig verstellbar. Platzieren Sie es dort, wo Sie zus\u00e4tzliche Unterst\u00fctzung ben\u00f6tigen. Zwei praktische Seitentaschen sind ideal, um wichtige Dinge wie Telefone, Fernbedienungen und B\u00fccher griffbereit aufzubewahren.  <\/p>\n<p>Egal, ob Sie den neuesten Bestseller lesen, Ihre Lieblingssendungen anschauen oder einfach nur mit Ihrem Tablet entspannen m\u00f6chten, das Lesekissen ist die L\u00f6sung f\u00fcr Sie. Sein vielseitiges Design bietet eine hervorragende R\u00fcckenunterst\u00fctzung auf Betten, Sofas, Liegen und sogar St\u00fchlen. Keine Hin- und Herw\u00e4lzen oder Nackenschmerzen mehr!<\/p>\n<p>Ein anderer Rezensent schrieb: \u201eDieses zylindrische Kissen kann aufrecht gegen das Kopfteil gestellt oder zur Lendenwirbelst\u00fctze l\u00e4ngs ausgelegt werden. Es ist sehr bequem und hat genau die richtige Gr\u00f6\u00dfe.\u201c<\/p>\n<p>Der abnehmbare Bezug ist pflegeleicht und l\u00e4sst sich zum Waschen in der Waschmaschine mit Rei\u00dfverschluss abnehmen. Das Lesekissen ist in einer weichen Polyester-Leinen-Mischung erh\u00e4ltlich und ist ein ideales Geschenk. <\/p>\n<p>G\u00f6nnen Sie Ihrem R\u00fccken eine Pause und steigern Sie Ihr Unterhaltungserlebnis mit diesem ergonomischen Keilkissen. Bestellen Sie das Lesest\u00fctzkissen noch heute!<\/p>","protected":false},"excerpt":{"rendered":"<ul>\n<li><strong>Qualifiziertes Keilkissen:<\/strong> Dieses Bettkeilkissen ist mit hochwertiger Polyesterfaserf\u00fcllung gef\u00fcllt, um eine stabile R\u00fcckenst\u00fctze zu bieten und Ihnen ein angenehmes Gef\u00fchl beim Lesen, Ausruhen und Fernsehen auf Ihrem Bett oder Sofa zu geben. Der hochwertige Leinenstoff f\u00fchlt sich sehr weich an, strapazierf\u00e4hig und l\u00e4sst sich nicht leicht verformen oder pillen.<\/li>\n<li><strong>Verstellbares Keilkissen:<\/strong> Das Wurfkissen wird mit einem kleinen Rollenkissen geliefert. Es kann angepasst werden, wo Sie es brauchen. Es hilft, Ihren R\u00fccken gerade zu halten, damit Sie nicht zusammensacken. Der Bezug des Leser\u00fcckenkissens ist abnehmbar und waschbar. An der Seite befinden sich 2 kleine Taschen zur Aufbewahrung von Kleinteilen wie Stift, Handy, TV-Fernbedienung etc.<\/li>\n<li><strong>Hervorragende R\u00fcckenunterst\u00fctzung:<\/strong> Das gro\u00dfe St\u00fctzkissen entspricht dem ergonomischen Design, das eine wissenschaftliche R\u00fcckenst\u00fctze bieten und die Sitzhaltung verbessern kann. Dieses Sofakissen bietet eine bequeme Unterst\u00fctzung f\u00fcr Taille, R\u00fccken und Nacken. Es kann auch Erkrankungen der Lenden- und Halswirbels\u00e4ule vorbeugen und lindern sowie R\u00fcckenschmerzen lindern.<\/li>\n<li><strong>Breites Anwendungsspektrum:<\/strong> Das Keilkissen bietet eine Vielzahl von Verwendungsm\u00f6glichkeiten, die sich sehr gut f\u00fcr die Verwendung auf dem Bett, Sofa, Tagesbett, Stuhl und Couch eignen. Perfektes Geschenk f\u00fcr sich selbst, Freunde oder Familien.<\/li>\n<li><strong>Einfach zu s\u00e4ubern:<\/strong> Dieses St\u00fctzkissen verf\u00fcgt \u00fcber ein Rei\u00dfverschluss-Design, um den Bezug leicht abnehmbar und maschinenwaschbar zu machen.<\/li>\n<li><strong>Stoff:<\/strong>\u00a0Mischung aus Polyester und Leinen.<\/li>\n<li><strong>Gr\u00f6\u00dfe:<\/strong>\u00a060 x 50 x 22 cm.<\/li>\n<\/ul>","protected":false},"featured_media":1275,"comment_status":"open","ping_status":"closed","template":"","meta":[],"product_brand":[],"product_cat":[29],"product_tag":[92,60,99,101,102,94,89,59,97,95,98,100,90],"class_list":{"0":"post-1286","1":"product","2":"type-product","3":"status-publish","4":"has-post-thumbnail","6":"product_cat-large-reading-pillow","7":"product_tag-adjustable-wedge-pillow","8":"product_tag-backrest-pillow","9":"product_tag-bed-pillow","10":"product_tag-chair-cushion","11":"product_tag-couch-pillow","12":"product_tag-excellent-back-support","13":"product_tag-qualified-wedge-pillow","14":"product_tag-reading-pillow","15":"product_tag-reading-support-pillow","16":"product_tag-scientific-back-support","17":"product_tag-small-roll-bolster-pillow","18":"product_tag-sofa-daybed-pillow","19":"product_tag-stable-back-support","21":"first","22":"outofstock","23":"featured","24":"shipping-taxable","25":"purchasable","26":"product-type-simple"},"_links":{"self":[{"href":"https:\/\/www.largepillow.com\/de\/wp-json\/wp\/v2\/product\/1286","targetHints":{"allow":["GET"]}}],"collection":[{"href":"https:\/\/www.largepillow.com\/de\/wp-json\/wp\/v2\/product"}],"about":[{"href":"https:\/\/www.largepillow.com\/de\/wp-json\/wp\/v2\/types\/product"}],"replies":[{"embeddable":true,"href":"https:\/\/www.largepillow.com\/de\/wp-json\/wp\/v2\/comments?post=1286"}],"wp:featuredmedia":[{"embeddable":true,"href":"https:\/\/www.largepillow.com\/de\/wp-json\/wp\/v2\/media\/1275"}],"wp:attachment":[{"href":"https:\/\/www.largepillow.com\/de\/wp-json\/wp\/v2\/media?parent=1286"}],"wp:term":[{"taxonomy":"product_brand","embeddable":true,"href":"https:\/\/www.largepillow.com\/de\/wp-json\/wp\/v2\/product_brand?post=1286"},{"taxonomy":"product_cat","embeddable":true,"href":"https:\/\/www.largepillow.com\/de\/wp-json\/wp\/v2\/product_cat?post=1286"},{"taxonomy":"product_tag","embeddable":true,"href":"https:\/\/www.largepillow.com\/de\/wp-json\/wp\/v2\/product_tag?post=1286"}],"curies":[{"name":"wp","href":"https:\/\/api.w.org\/{rel}","templated":true}]}}