{"id":1298,"date":"2022-09-19T05:37:48","date_gmt":"2022-09-19T05:37:48","guid":{"rendered":"https:\/\/www.largepillow.com\/product\/wedge-reading-pillow"},"modified":"2025-12-02T18:57:13","modified_gmt":"2025-12-02T18:57:13","slug":"bettruhe-lesekeil","status":"publish","type":"product","link":"https:\/\/www.largepillow.com\/de\/product\/bed-rest-reading-wedge","title":{"rendered":"Bettruhe-Lesekeil"},"content":{"rendered":"<p>Entspannen Sie sich bequem mit dem Bed Rest Reading Wedge Kissen<\/p>\n<p>Wenn Sie gerne im Bett lesen oder fernsehen, aber unter R\u00fcckenbeschwerden leiden, ist das Bed Rest Reading Wedge Pillow die perfekte L\u00f6sung. Dieses ergonomisch geformte Kissen bietet eine hervorragende Lendenwirbelst\u00fctze, um R\u00fcckenschmerzen zu lindern und Ihnen zu helfen, beim Ausruhen eine gute Haltung beizubehalten.  <\/p>\n<p>Der gro\u00dfz\u00fcgige Keilabsatz von 60 x 50 x 22 cm besteht aus weichem, hochwertigem Leinen und Polyester und passt sich den Kurven Ihres K\u00f6rpers an. Mit dem verstellbaren Rollkissen k\u00f6nnen Sie die Unterst\u00fctzung individuell an die Bereiche anpassen, die eine Entlastung ben\u00f6tigen, wie z. B. den unteren R\u00fccken oder den Nacken. Zwei Seitentaschen bieten bequemen Stauraum f\u00fcr Gegenst\u00e4nde wie Ihr Telefon, Ihre Fernbedienung oder B\u00fccher, w\u00e4hrend Sie entspannen.<\/p>\n<p>Kunden lieben dieses vielseitige und st\u00fctzende Kissen:<\/p>\n<p>\u201eDieses Kissen bietet eine sehr gute Unterst\u00fctzung beim Lesen oder Arbeiten am Laptop im Bett. Es ist bequem und scheint sehr langlebig zu sein.\u201c<\/p>\n<p>\u201eIch hatte eine R\u00fcckenoperation und mein Arzt hat mir die Anwendung empfohlen. Es bietet genau das richtige Ma\u00df an Steigung, ohne irgendwelche Schmerzpunkte zu verursachen.\u201c <\/p>\n<p>\u201eIch habe das f\u00fcr meine betagten Eltern gekauft, damit sie bequemer sitzen k\u00f6nnen. Sie lieben es und sagen, es hat ihnen bei ihren R\u00fcckenproblemen wirklich geholfen.\u201c<\/p>\n<p>Mit seinem ergonomischen Design mit Schwerpunkt auf R\u00fcckenunterst\u00fctzung und Komfort ist dieses hochwertige Keilkissen der perfekte Begleiter zum Lesen und Entspannen. Der abnehmbare und waschbare Bezug erm\u00f6glicht eine einfache Pflege. <\/p>\n<p>Schenken Sie bequemen Schlaf mit dem Bettruhe-Lesekeilkissen. Ideal f\u00fcr Sie selbst oder Ihre Lieben, die unter Lenden- oder Nackenbeschwerden leiden, wird es mit Sicherheit zu einem beliebten Teil der Entspannungszeit.<\/p>","protected":false},"excerpt":{"rendered":"<ul>\n<li><strong>Qualifiziertes Keilkissen:<\/strong> Dieses Bettkeilkissen ist mit hochwertiger Polyesterfaserf\u00fcllung gef\u00fcllt, um eine stabile R\u00fcckenst\u00fctze zu bieten und Ihnen ein angenehmes Gef\u00fchl beim Lesen, Ausruhen und Fernsehen auf Ihrem Bett oder Sofa zu geben. Der hochwertige Leinenstoff f\u00fchlt sich sehr weich an, strapazierf\u00e4hig und l\u00e4sst sich nicht leicht verformen oder pillen.<\/li>\n<li><strong>Verstellbares Keilkissen:<\/strong> Das Wurfkissen wird mit einem kleinen Rollenkissen geliefert. Es kann angepasst werden, wo Sie es brauchen. Es hilft, Ihren R\u00fccken gerade zu halten, damit Sie nicht zusammensacken. Der Bezug des Leser\u00fcckenkissens ist abnehmbar und waschbar. An der Seite befinden sich 2 kleine Taschen zur Aufbewahrung von Kleinteilen wie Stift, Handy, TV-Fernbedienung etc.<\/li>\n<li><strong>Hervorragende R\u00fcckenunterst\u00fctzung:<\/strong> Das gro\u00dfe St\u00fctzkissen entspricht dem ergonomischen Design, das eine wissenschaftliche R\u00fcckenst\u00fctze bieten und die Sitzhaltung verbessern kann. Dieses Sofakissen bietet eine bequeme Unterst\u00fctzung f\u00fcr Taille, R\u00fccken und Nacken. Es kann auch Erkrankungen der Lenden- und Halswirbels\u00e4ule vorbeugen und lindern sowie R\u00fcckenschmerzen lindern.<\/li>\n<li><strong>Breites Anwendungsspektrum:<\/strong> Das Keilkissen bietet eine Vielzahl von Verwendungsm\u00f6glichkeiten, die sich sehr gut f\u00fcr die Verwendung auf dem Bett, Sofa, Tagesbett, Stuhl und Couch eignen. Perfektes Geschenk f\u00fcr sich selbst, Freunde oder Familien.<\/li>\n<li><strong>Einfach zu s\u00e4ubern:<\/strong> Dieses St\u00fctzkissen verf\u00fcgt \u00fcber ein Rei\u00dfverschluss-Design, um den Bezug leicht abnehmbar und maschinenwaschbar zu machen.<\/li>\n<li><strong>Stoff:<\/strong>\u00a0Mischung aus Polyester und Leinen.<\/li>\n<li><strong>Gr\u00f6\u00dfe:<\/strong>\u00a060 x 50 x 22 cm.<\/li>\n<\/ul>","protected":false},"featured_media":1287,"comment_status":"open","ping_status":"closed","template":"","meta":[],"product_brand":[],"product_cat":[29],"product_tag":[92,60,88,91,96,94,89,59,93,95,90],"class_list":{"0":"post-1298","1":"product","2":"type-product","3":"status-publish","4":"has-post-thumbnail","6":"product_cat-large-reading-pillow","7":"product_tag-adjustable-wedge-pillow","8":"product_tag-backrest-pillow","9":"product_tag-bed-rest-reading-wedge","10":"product_tag-comfortable-reading","11":"product_tag-cushions-for-sofa","12":"product_tag-excellent-back-support","13":"product_tag-qualified-wedge-pillow","14":"product_tag-reading-pillow","15":"product_tag-roll-bolster-pillow","16":"product_tag-scientific-back-support","17":"product_tag-stable-back-support","19":"first","20":"outofstock","21":"featured","22":"shipping-taxable","23":"purchasable","24":"product-type-simple"},"_links":{"self":[{"href":"https:\/\/www.largepillow.com\/de\/wp-json\/wp\/v2\/product\/1298","targetHints":{"allow":["GET"]}}],"collection":[{"href":"https:\/\/www.largepillow.com\/de\/wp-json\/wp\/v2\/product"}],"about":[{"href":"https:\/\/www.largepillow.com\/de\/wp-json\/wp\/v2\/types\/product"}],"replies":[{"embeddable":true,"href":"https:\/\/www.largepillow.com\/de\/wp-json\/wp\/v2\/comments?post=1298"}],"wp:featuredmedia":[{"embeddable":true,"href":"https:\/\/www.largepillow.com\/de\/wp-json\/wp\/v2\/media\/1287"}],"wp:attachment":[{"href":"https:\/\/www.largepillow.com\/de\/wp-json\/wp\/v2\/media?parent=1298"}],"wp:term":[{"taxonomy":"product_brand","embeddable":true,"href":"https:\/\/www.largepillow.com\/de\/wp-json\/wp\/v2\/product_brand?post=1298"},{"taxonomy":"product_cat","embeddable":true,"href":"https:\/\/www.largepillow.com\/de\/wp-json\/wp\/v2\/product_cat?post=1298"},{"taxonomy":"product_tag","embeddable":true,"href":"https:\/\/www.largepillow.com\/de\/wp-json\/wp\/v2\/product_tag?post=1298"}],"curies":[{"name":"wp","href":"https:\/\/api.w.org\/{rel}","templated":true}]}}