{"id":1307,"date":"2022-09-19T06:01:39","date_gmt":"2022-09-19T06:01:39","guid":{"rendered":"https:\/\/www.largepillow.com\/product\/reading-wedge-pillow"},"modified":"2024-10-03T16:31:26","modified_gmt":"2024-10-03T16:31:26","slug":"leseecke-kissen","status":"publish","type":"product","link":"https:\/\/www.largepillow.com\/de\/product\/reading-nook-pillow","title":{"rendered":"Leseecke Kissen"},"content":{"rendered":"<p>Das Lesekissen: Ihr unverzichtbarer Begleiter f\u00fcr Komfort und Stil<\/p>\n<p>F\u00fcr B\u00fccherw\u00fcrmer, die die Abgeschiedenheit des Lesens zu sch\u00e4tzen wissen, hebt das Reading Nook Pillow Ihr Erlebnis auf ein neues Niveau an Komfort und Vergn\u00fcgen. Mit seinem genialen ergonomischen Design lindert dieses Kissen k\u00f6rperliche Beschwerden, die mit l\u00e4ngerem Lesen im Bett verbunden sind.<\/p>\n<p>Au\u00dfergew\u00f6hnliche Ergonomie f\u00fcr eine perfekte K\u00f6rperhaltung:<\/p>\n<p>Das Reading Nook Pillow wurde entwickelt, um Ihren K\u00f6rper in einer optimalen Leseposition zu unterst\u00fctzen und behebt effektiv h\u00e4ufige Probleme wie Schmerzen im unteren und oberen R\u00fccken sowie Nacken- und Schultersteifheit. Seine feste Polsterung bietet genau das richtige Ma\u00df an Unterst\u00fctzung f\u00fcr eine bequeme und ergonomische Haltung und reduziert so M\u00fcdigkeit und Unbehagen.<\/p>\n<p>Hochwertige Materialien f\u00fcr Haltbarkeit und Atmungsaktivit\u00e4t:<\/p>\n<p>Der Kissenbezug ist aus hochwertigem Canvasstoff gefertigt und bietet au\u00dfergew\u00f6hnliche Haltbarkeit und Atmungsaktivit\u00e4t. Reaktive Druck- und F\u00e4rbetechnologie garantiert leuchtende Farben, die mit der Zeit nicht verblassen. Der innere Kern des Kissens ist mit hochelastischer Polyesterfaserf\u00fcllung gef\u00fcllt und beh\u00e4lt seine Form, ohne zusammenzufallen.<\/p>\n<p>Mehrzweckfunktionalit\u00e4t:<\/p>\n<p>\u00dcber seinen Hauptzweck als Lesebegleiter hinaus weist das Reading Nook Pillow eine bemerkenswerte Vielseitigkeit auf. Seine gebogene Form bietet erh\u00f6hten Halt f\u00fcr bestimmte K\u00f6rperteile und hilft bei der Linderung von Beschwerden wie Schnarchen und saurem Reflux. Schwangere k\u00f6nnen es zum Schlafen auf der Seite und als Lendenwirbelst\u00fctze verwenden, um den Komfort zu erh\u00f6hen.<\/p>\n<p>Lebendige Drucke, die Ihr Dekor aufhellen:<\/p>\n<p>Mit einer gro\u00dfen Auswahl an lebendigen Druckdesigns, von Waldmusik bis zu Retro-Zeitungen, erg\u00e4nzt das Reading Nook Pillow jedes Schlafzimmerdekor. Seine fr\u00f6hlichen Farben und bezaubernden Muster verleihen Ihrem Raum einen Hauch von Pers\u00f6nlichkeit und schaffen eine einladende und stilvolle Leseecke.<\/p>\n<p>Komfort und Pflegeleichtigkeit:<\/p>\n<p>Der Kissenbezug verf\u00fcgt \u00fcber einen unsichtbaren Metallrei\u00dfverschluss, der das Abnehmen und Anbringen m\u00fchelos macht und die Reinigung zum Kinderspiel macht. Das maschinenwaschbare Design sorgt f\u00fcr eine einfache Pflege. Eine praktische Seitentasche h\u00e4lt wichtige Dinge wie Mobiltelefone und Brillen jederzeit griffbereit.<\/p>\n<p>Kundenempfehlung:<\/p>\n<p>\u201eDieses Kissen ist f\u00fcr meine Lesestunden ein echter Wendepunkt! Es ist so bequem und st\u00fctzt meinen R\u00fccken perfekt. Meine Nacken- und Schulterschmerzen sind verschwunden.\u201c<\/p>\n<p>\u201eIch liebe die Druckdesigns! Sie bringen so viel Leben in mein Schlafzimmer. Ich sch\u00e4tze auch die Seitentasche, in der ich mein Telefon und meine B\u00fccher ordentlich aufbewahren kann.\u201c<\/p>\n<p>\u201eIch benutze dieses Kissen nicht nur zum Lesen, sondern auch als Lendenwirbelst\u00fctze beim Fernsehen auf dem Sofa. Es ist unglaublich vielseitig.\u201c<\/p>\n<p>Spezifikationen:<\/p>\n<p>* Abmessungen: 60x20x50cm<br \/>\n* Materialien: Canvas-Stoff, hochelastische Polyester-F\u00fcllung<br \/>\n* Abnehmbarer und waschbarer Kissenbezug mit unsichtbarem Metallrei\u00dfverschluss<br \/>\n* Seitentasche zur praktischen Aufbewahrung<\/p>\n<p>Egal, ob Sie ein begeisterter Leser, ein Designliebhaber oder einfach nur auf der Suche nach Komfort und Unterst\u00fctzung sind, das Reading Nook Pillow ist eine au\u00dfergew\u00f6hnliche Wahl. Sein ergonomisches Design, die hochwertigen Materialien und die lebendigen Drucke verbessern Ihr Leseerlebnis und erg\u00e4nzen gleichzeitig Ihre Inneneinrichtung stilvoll.<\/p>","protected":false},"excerpt":{"rendered":"<ul>\n<li><strong>Ergonomisches Kissen:<\/strong>\u00a0Wenn Sie und Ihre Freunde gerne im Bett lesen, aber aufgrund einer falschen Haltung verschiedene Beschwerden haben: Schmerzen im unteren und oberen R\u00fccken, Nacken- und Schulterprobleme usw. Dann verwenden Sie bitte dieses ergonomische Kissen, um Ihnen beim Lesen in einer ergonomischen Haltung zu helfen. Dieses Lesekissen ist nicht nur weich und bequem, sondern auch fest genug, um Polsterung und Unterst\u00fctzung zu bieten.<\/li>\n<li><strong>Hochwertige Materialien:<\/strong>\u00a0Der Keilkissenbezug besteht aus hochwertigem Canvas-Stoff, der stark und langlebig ist und eine sehr gute Luftdurchl\u00e4ssigkeit aufweist. Es verwendet reaktive Druck- und F\u00e4rbetechnologie, die nicht verblasst. Der innere Kern ist mit hochwertiger, hochelastischer Polyesterfaserf\u00fcllung gef\u00fcllt, die eine stabile Form beibehalten kann, ohne zusammenzubrechen.<\/li>\n<li><strong>Multifunktionale Verwendung:<\/strong>\u00a0Dieses Kissen in gebogener Form kann bestimmte K\u00f6rperteile hoch halten. Daher hilft es, bestimmte Erkrankungen wie Schnarchen oder Sodbrennen zu lindern. Dar\u00fcber hinaus kann es schwangeren Frauen helfen, sich nicht umzudrehen und eine seitliche Schlafposition beizubehalten oder es als Lendenkissen zu verwenden, um den Lendendruck zu reduzieren. Neben der Verwendung dieses R\u00fcckenkissens auf dem Bett kann es auch auf dem Sofa, auf dem Boden des Kinderspielbereichs und auf Gartenm\u00f6beln im Freien verwendet werden.<\/li>\n<li><strong>Ausgezeichnetes Druckdesign:<\/strong>\u00a0Diese Serie von Positionierungskissen ist mit leuchtenden Farben dekoriert, um Ihrem Schlafzimmer Glanz zu verleihen. Pastoraler Stil \u201eWaldmusik\u201c, Retrostil \u201ealte Zeitung\u201c, literarischer Stil \u201eblauer Schmetterling\u201c, realistischer Stil \u201eKamelkarte\u201c, Sie werden sicher die Farbe finden, die zu Ihrer Pers\u00f6nlichkeit passt. Es ist ein gutes Lesekissen f\u00fcr Jungen und M\u00e4dchen oder Erwachsene. Dies ist auch ein tolles Geschenk f\u00fcr Kinder, die gerne lesen, und l\u00e4sst ihr Zimmer cooler aussehen.<\/li>\n<li><strong>Abnehmbarer Kissenbezug:<\/strong>\u00a0Der Kissenbezug, der einen unsichtbaren Metallrei\u00dfverschluss hat, kann leicht entfernt und auf dem Kissen angebracht werden; es ist leicht zu reinigen und f\u00fcr die Maschinenw\u00e4sche geeignet; Die praktische Seitentasche nimmt kleine Gegenst\u00e4nde wie Handy und Brille jederzeit auf.<\/li>\n<li><strong>Gr\u00f6\u00dfe:<\/strong>\u00a060 x 20 x 50 cm.<\/li>\n<\/ul>","protected":false},"featured_media":1299,"comment_status":"open","ping_status":"closed","template":"","meta":[],"product_brand":[],"product_cat":[29],"product_tag":[60,81,86,78,79,87,59,84],"class_list":{"0":"post-1307","1":"product","2":"type-product","3":"status-publish","4":"has-post-thumbnail","6":"product_cat-large-reading-pillow","7":"product_tag-backrest-pillow","8":"product_tag-curved-shape-pillow","9":"product_tag-detachable-pillow-cover","10":"product_tag-ergonomic-pillow","11":"product_tag-lumbar-pillow","12":"product_tag-reading-nook-pillow","13":"product_tag-reading-pillow","14":"product_tag-sofa-pillow","16":"first","17":"instock","18":"featured","19":"shipping-taxable","20":"purchasable","21":"product-type-simple"},"_links":{"self":[{"href":"https:\/\/www.largepillow.com\/de\/wp-json\/wp\/v2\/product\/1307","targetHints":{"allow":["GET"]}}],"collection":[{"href":"https:\/\/www.largepillow.com\/de\/wp-json\/wp\/v2\/product"}],"about":[{"href":"https:\/\/www.largepillow.com\/de\/wp-json\/wp\/v2\/types\/product"}],"replies":[{"embeddable":true,"href":"https:\/\/www.largepillow.com\/de\/wp-json\/wp\/v2\/comments?post=1307"}],"wp:featuredmedia":[{"embeddable":true,"href":"https:\/\/www.largepillow.com\/de\/wp-json\/wp\/v2\/media\/1299"}],"wp:attachment":[{"href":"https:\/\/www.largepillow.com\/de\/wp-json\/wp\/v2\/media?parent=1307"}],"wp:term":[{"taxonomy":"product_brand","embeddable":true,"href":"https:\/\/www.largepillow.com\/de\/wp-json\/wp\/v2\/product_brand?post=1307"},{"taxonomy":"product_cat","embeddable":true,"href":"https:\/\/www.largepillow.com\/de\/wp-json\/wp\/v2\/product_cat?post=1307"},{"taxonomy":"product_tag","embeddable":true,"href":"https:\/\/www.largepillow.com\/de\/wp-json\/wp\/v2\/product_tag?post=1307"}],"curies":[{"name":"wp","href":"https:\/\/api.w.org\/{rel}","templated":true}]}}