{"id":1347,"date":"2022-09-19T06:06:21","date_gmt":"2022-09-19T06:06:21","guid":{"rendered":"https:\/\/www.largepillow.com\/product\/bed-rest-reading-pillow"},"modified":"2025-11-26T14:31:14","modified_gmt":"2025-11-26T14:31:14","slug":"bettruhe-lesekissen","status":"publish","type":"product","link":"https:\/\/www.largepillow.com\/de\/product\/bed-rest-reading-pillow","title":{"rendered":"Bettruhe-Lesekissen"},"content":{"rendered":"<p>Finden Sie das perfekte Lesekissen zum Entspannen im Bett<\/p>\n<p>Wenn Sie gerne lesen, fernsehen oder im Bett entspannen, ist die richtige Unterst\u00fctzung f\u00fcr R\u00fccken und Nacken unerl\u00e4sslich. Wir pr\u00e4sentieren das Bed Rest Reading Pillow \u2013 das perfekte Keilkissen f\u00fcr bequemes Sitzen im Bett. Mit seinem extra hohen und geschwungenen Design bietet dieses Kissen eine hervorragende R\u00fccken- und Nackenunterst\u00fctzung, sodass Sie Ihren Lieblingsbesch\u00e4ftigungen in absolutem Komfort nachgehen k\u00f6nnen.<\/p>\n<p>Das Bed Rest Reading Pillow besteht aus weicher 100%-Baumwolle mit einem stilvoll bedruckten Bezug und zeichnet sich durch seine hochwertigen Materialien und seine Konstruktion aus. Mit einer H\u00f6he von 60 cm ist es h\u00f6her als ein normales Keilkissen und st\u00fctzt Ihren Oberk\u00f6rper genau richtig. Die gef\u00fcllte R\u00fcckenlehne passt sich gut an und bietet Polsterung und Unterst\u00fctzung an den richtigen Stellen. <\/p>\n<p>Ein zufriedener Kunde sagte: \u201eIch liebe dieses Lesekissen! Es macht das Lesen im Bett so viel angenehmer, da es meinen R\u00fccken und Nacken st\u00fctzt. Ich kann stundenlang liegen, ohne Schmerzen zu bekommen.\u201c<\/p>\n<p>Dank seines leichten und tragbaren Designs k\u00f6nnen Sie dieses vielseitige Kissen im Bett, auf der Couch oder sogar auf Reisen verwenden. Es ist mit einer praktischen Seitentasche ausgestattet, in der Sie Ihr Telefon, Tablet oder Ihre TV-Fernbedienung w\u00e4hrend der Verwendung verstauen k\u00f6nnen. <\/p>\n<p>F\u00fcr die langen Tage, an denen Sie es sich einfach nur mit einem guten Buch gem\u00fctlich machen oder Ihre Lieblingssendungen anschauen m\u00f6chten, ist das Bed Rest Reading Pillow der ideale Begleiter. Dank seines ergonomischen Designs k\u00f6nnen Sie stundenlang ohne Beschwerden entspannen. <\/p>\n<p>Worauf also warten? Holen Sie sich noch heute das perfekte Lese- und Entspannungskissen!<\/p>","protected":false},"excerpt":{"rendered":"<ul>\n<li>Perfekt zum Sitzen im Bett: Unser bequemes Keil-Lesekissen bietet eine hervorragende R\u00fcckenunterst\u00fctzung f\u00fcr diejenigen, die gerne im Bett lesen oder arbeiten, fernsehen oder entspannen. Es eignet sich perfekt f\u00fcr Kopfteile, Tagesbetten und Sofas und bietet eine bequeme und st\u00fctzende R\u00fcckenlehne.<\/li>\n<li>Extrahohes Design: Unser Lesekissen hat ein einzigartiges geschwungenes Design, das Ihrem R\u00fccken und Nacken zus\u00e4tzlichen Halt bietet. Mit einer H\u00f6he von 60 cm ist unser Keilkissen h\u00f6her als die meisten herk\u00f6mmlichen Keilkissen und bietet hervorragenden Halt f\u00fcr Kopf und Oberk\u00f6rper.<\/li>\n<li>Hochwertige Materialien: Unser Kissen ist mit hochwertiger 100%-Baumwolle gef\u00fcllt, die weich, st\u00fctzend und langlebig ist. Der bedruckte Stoffbezug verleiht Ihrem Schlaf- oder Wohnzimmer einen Hauch von Stil. Das gef\u00fcllte R\u00fcckenlehnen-Bettkissen bietet die perfekte Unterst\u00fctzung und Polsterung f\u00fcr Ihren R\u00fccken und Nacken.<\/li>\n<li>Praktische Seitentasche: Unser keilf\u00f6rmiges Lesekissen verf\u00fcgt \u00fcber eine Seitentasche und bietet einen praktischen Platz zum Verstauen Ihres Telefons, Tablets oder anderer kleiner Gegenst\u00e4nde, w\u00e4hrend Sie im Bett entspannen.<\/li>\n<li>Vielseitig und tragbar: Unser Lesekissen ist leicht und l\u00e4sst sich leicht bewegen, sodass es sich perfekt f\u00fcr den Einsatz in verschiedenen Bereichen Ihres Zuhauses eignet. Sie k\u00f6nnen es in Ihrem Schlafzimmer oder Wohnzimmer verwenden oder sogar auf Reisen mitnehmen.<\/li>\n<li>Gr\u00f6\u00dfe: 60 * 27 * 60 cm.<\/li>\n<\/ul>","protected":false},"featured_media":1341,"comment_status":"open","ping_status":"closed","template":"","meta":[],"product_brand":[],"product_cat":[29],"product_tag":[66,60,77,75,74,76,59],"class_list":{"0":"post-1347","1":"product","2":"type-product","3":"status-publish","4":"has-post-thumbnail","6":"product_cat-large-reading-pillow","7":"product_tag-back-support-pillow","8":"product_tag-backrest-pillow","9":"product_tag-bed-rest-pillow","10":"product_tag-daybed-pillow","11":"product_tag-living-room-pillow","12":"product_tag-neck-support-pillow","13":"product_tag-reading-pillow","15":"first","16":"instock","17":"featured","18":"shipping-taxable","19":"purchasable","20":"product-type-simple"},"_links":{"self":[{"href":"https:\/\/www.largepillow.com\/de\/wp-json\/wp\/v2\/product\/1347","targetHints":{"allow":["GET"]}}],"collection":[{"href":"https:\/\/www.largepillow.com\/de\/wp-json\/wp\/v2\/product"}],"about":[{"href":"https:\/\/www.largepillow.com\/de\/wp-json\/wp\/v2\/types\/product"}],"replies":[{"embeddable":true,"href":"https:\/\/www.largepillow.com\/de\/wp-json\/wp\/v2\/comments?post=1347"}],"wp:featuredmedia":[{"embeddable":true,"href":"https:\/\/www.largepillow.com\/de\/wp-json\/wp\/v2\/media\/1341"}],"wp:attachment":[{"href":"https:\/\/www.largepillow.com\/de\/wp-json\/wp\/v2\/media?parent=1347"}],"wp:term":[{"taxonomy":"product_brand","embeddable":true,"href":"https:\/\/www.largepillow.com\/de\/wp-json\/wp\/v2\/product_brand?post=1347"},{"taxonomy":"product_cat","embeddable":true,"href":"https:\/\/www.largepillow.com\/de\/wp-json\/wp\/v2\/product_cat?post=1347"},{"taxonomy":"product_tag","embeddable":true,"href":"https:\/\/www.largepillow.com\/de\/wp-json\/wp\/v2\/product_tag?post=1347"}],"curies":[{"name":"wp","href":"https:\/\/api.w.org\/{rel}","templated":true}]}}