{"id":1373,"date":"2022-09-19T06:10:23","date_gmt":"2022-09-19T06:10:23","guid":{"rendered":"https:\/\/www.largepillow.com\/product\/triangle-pillow-wedge"},"modified":"2025-06-01T22:09:34","modified_gmt":"2025-06-01T22:09:34","slug":"dreieck-lesekissen","status":"publish","type":"product","link":"https:\/\/www.largepillow.com\/de\/product\/triangle-reading-pillow","title":{"rendered":"Dreieck-Lesekissen"},"content":{"rendered":"<p>Suchen Sie den ultimativen Entspannungsbegleiter, der Komfort, Unterst\u00fctzung und Vielseitigkeit verspricht? Suchen Sie nicht weiter als nach dem Triangle-Lesekissen, einem sorgf\u00e4ltig gestalteten Accessoire, das darauf zugeschnitten ist, Ihr Lounge- und Entspannungserlebnis zu verbessern. Egal, ob Sie ein begeisterter Leser, ein Filmliebhaber oder jemand sind, der gerne im Bett oder auf der Couch entspannt, dieses Lesekissen ist ein Spielver\u00e4nderer. Lassen Sie uns untersuchen, was das Triangle-Lesekissen zu einem Muss in jedem Zuhause macht.<\/p>\n<p>Un\u00fcbertroffener Komfort f\u00fcr Freizeitaktivit\u00e4ten<\/p>\n<p>Das Triangle-Lesekissen wurde in erster Linie f\u00fcr diejenigen entwickelt, die gerne im Bett sitzen. Es ist nicht nur ein Kissen; Es handelt sich um ein R\u00fcckenst\u00fctzsystem, das das Lesen, Arbeiten oder Fernsehen im Bett zu einem angenehmen Erlebnis macht. Seine Kompatibilit\u00e4t mit Kopfteilen, Tagesbetten und Sofas verwandelt jeden Raum in eine gem\u00fctliche Ecke.<\/p>\n<p>Erh\u00f6hter Halt durch extrahohes Design<\/p>\n<p>Was dieses Lesekissen auszeichnet, ist sein einzigartig geschwungenes und extrahohes Design mit einer H\u00f6he von 60 cm. Diese Funktion dient nicht nur der \u00c4sthetik; Es bietet unvergleichliche Unterst\u00fctzung f\u00fcr Ihren R\u00fccken und Nacken, erh\u00f6ht Ihren Komfort und sorgt gleichzeitig daf\u00fcr, dass Sie eine gesunde K\u00f6rperhaltung beibehalten.<\/p>\n<p>Hergestellt aus hochwertigen Materialien<\/p>\n<p>Komfort trifft auf Haltbarkeit beim Triangle Reading Pillow, gef\u00fcllt mit erstklassiger 100%-Baumwolle f\u00fcr ein weiches, st\u00fctzendes und langlebiges Erlebnis. Sein bedruckter Stoffbezug ist nicht nur stilvoll, sondern verleiht jedem Raum einen Hauch von Eleganz. Diese hochwertige Konstruktion stellt sicher, dass das Kissen \u00fcber Jahre hinweg ein fester Bestandteil Ihrer Entspannungsroutine bleibt.<\/p>\n<p>Komfort immer zur Hand<\/p>\n<p>Vergessen Sie, nach Ihrem Telefon oder Tablet zu greifen und dann festzustellen, dass es au\u00dfer Reichweite ist. Das Triangle-Lesekissen verf\u00fcgt \u00fcber eine praktische Seitentasche, sodass Sie Ihre wichtigsten Dinge ganz einfach griffbereit haben, w\u00e4hrend Sie sich entspannen.<\/p>\n<p>Vielseitigkeit und Portabilit\u00e4t<\/p>\n<p>Bei diesem leichten und leicht zu bewegenden Lesekissen stehen Tragbarkeit und Vielseitigkeit im Vordergrund. Ganz gleich, ob Sie sich in Ihrem Schlafzimmer, Wohnzimmer oder sogar auf Reisen befinden, dieses Kissen sorgt daf\u00fcr, dass Sie die Unterst\u00fctzung haben, die Sie brauchen, wann und wo immer Sie sie brauchen.<\/p>\n<p>Perfekte Gr\u00f6\u00dfe f\u00fcr ultimativen Komfort<\/p>\n<p>Mit den Abmessungen 60 x 27 x 60 cm hat das dreieckige Lesekissen die perfekte Gr\u00f6\u00dfe, um das richtige Gleichgewicht zwischen Komfort und Unterst\u00fctzung zu bieten, und ist somit die ideale Wahl f\u00fcr Benutzer aller Altersgruppen.<\/p>\n<p>Kundenrezensionen unterstreichen die Zufriedenheit<\/p>\n<p>Kunden schw\u00e4rmen vom Triangle-Lesekissen und heben in den Kommentaren seine au\u00dfergew\u00f6hnliche Unterst\u00fctzung beim Faulenzen und Lesen hervor. Ein Benutzer erw\u00e4hnte: \u201eSeit ich mein Triangle-Lesekissen habe, ist das Lesen im Bett zu einem v\u00f6llig anderen Erlebnis geworden. Der Halt ist fantastisch und ich liebe den Komfort der Seitentasche.\u201c Ein anderer sagte: \u201eDieses Kissen hat meine Fernsehsitzungen ver\u00e4ndert. Es ist nicht nur bequem; Au\u00dferdem sieht mein Wohnzimmer dadurch einladender aus.\u201c<\/p>\n<p>Das Triangle-Lesekissen ist mehr als nur ein Kissen; Es ist eine Investition in Ihren Komfort und Ihr Wohlbefinden. Mit seinem hervorragenden Design, den hochwertigen Materialien und der von Kunden gelobten Funktionalit\u00e4t ist es ein unverzichtbares Accessoire f\u00fcr alle, die gerne Zeit im Bett verbringen oder bequem faulenzen. Machen Sie das Triangle-Lesekissen zu einem Teil Ihrer t\u00e4glichen Entspannungsroutine und genie\u00dfen Sie die un\u00fcbertroffene Unterst\u00fctzung und Bequemlichkeit, die es in Ihr Zuhause bringt.<\/p>","protected":false},"excerpt":{"rendered":"<ul>\n<li>Perfekt zum Sitzen im Bett: Unser bequemes Keil-Lesekissen bietet eine hervorragende R\u00fcckenunterst\u00fctzung f\u00fcr diejenigen, die gerne im Bett lesen oder arbeiten, fernsehen oder entspannen. Es eignet sich perfekt f\u00fcr Kopfteile, Tagesbetten und Sofas und bietet eine bequeme und st\u00fctzende R\u00fcckenlehne.<\/li>\n<li>Extrahohes Design: Unser Lesekissen hat ein einzigartiges geschwungenes Design, das Ihrem R\u00fccken und Nacken zus\u00e4tzlichen Halt bietet. Mit einer H\u00f6he von 60 cm ist unser Keilkissen h\u00f6her als die meisten herk\u00f6mmlichen Keilkissen und bietet hervorragenden Halt f\u00fcr Kopf und Oberk\u00f6rper.<\/li>\n<li>Hochwertige Materialien: Unser Kissen ist mit hochwertiger 100%-Baumwolle gef\u00fcllt, die weich, st\u00fctzend und langlebig ist. Der bedruckte Stoffbezug verleiht Ihrem Schlaf- oder Wohnzimmer einen Hauch von Stil. Das gef\u00fcllte R\u00fcckenlehnen-Bettkissen bietet die perfekte Unterst\u00fctzung und Polsterung f\u00fcr Ihren R\u00fccken und Nacken.<\/li>\n<li>Praktische Seitentasche: Unser keilf\u00f6rmiges Lesekissen verf\u00fcgt \u00fcber eine Seitentasche und bietet einen praktischen Platz zum Verstauen Ihres Telefons, Tablets oder anderer kleiner Gegenst\u00e4nde, w\u00e4hrend Sie im Bett entspannen.<\/li>\n<li>Vielseitig und tragbar: Unser Lesekissen ist leicht und l\u00e4sst sich leicht bewegen, sodass es sich perfekt f\u00fcr den Einsatz in verschiedenen Bereichen Ihres Zuhauses eignet. Sie k\u00f6nnen es in Ihrem Schlafzimmer oder Wohnzimmer verwenden oder sogar auf Reisen mitnehmen.<\/li>\n<li>Gr\u00f6\u00dfe: 60 * 27 * 60 cm.<\/li>\n<\/ul>","protected":false},"featured_media":1367,"comment_status":"open","ping_status":"closed","template":"","meta":[],"product_brand":[],"product_cat":[29],"product_tag":[66,60,59,64,65],"class_list":{"0":"post-1373","1":"product","2":"type-product","3":"status-publish","4":"has-post-thumbnail","6":"product_cat-large-reading-pillow","7":"product_tag-back-support-pillow","8":"product_tag-backrest-pillow","9":"product_tag-reading-pillow","10":"product_tag-triangle-reading-pillow","11":"product_tag-wedge-pillow","13":"first","14":"instock","15":"featured","16":"shipping-taxable","17":"purchasable","18":"product-type-simple"},"_links":{"self":[{"href":"https:\/\/www.largepillow.com\/de\/wp-json\/wp\/v2\/product\/1373","targetHints":{"allow":["GET"]}}],"collection":[{"href":"https:\/\/www.largepillow.com\/de\/wp-json\/wp\/v2\/product"}],"about":[{"href":"https:\/\/www.largepillow.com\/de\/wp-json\/wp\/v2\/types\/product"}],"replies":[{"embeddable":true,"href":"https:\/\/www.largepillow.com\/de\/wp-json\/wp\/v2\/comments?post=1373"}],"wp:featuredmedia":[{"embeddable":true,"href":"https:\/\/www.largepillow.com\/de\/wp-json\/wp\/v2\/media\/1367"}],"wp:attachment":[{"href":"https:\/\/www.largepillow.com\/de\/wp-json\/wp\/v2\/media?parent=1373"}],"wp:term":[{"taxonomy":"product_brand","embeddable":true,"href":"https:\/\/www.largepillow.com\/de\/wp-json\/wp\/v2\/product_brand?post=1373"},{"taxonomy":"product_cat","embeddable":true,"href":"https:\/\/www.largepillow.com\/de\/wp-json\/wp\/v2\/product_cat?post=1373"},{"taxonomy":"product_tag","embeddable":true,"href":"https:\/\/www.largepillow.com\/de\/wp-json\/wp\/v2\/product_tag?post=1373"}],"curies":[{"name":"wp","href":"https:\/\/api.w.org\/{rel}","templated":true}]}}