{"id":1441,"date":"2022-09-20T02:49:25","date_gmt":"2022-09-20T02:49:25","guid":{"rendered":"https:\/\/www.largepillow.com\/product\/huge-rock-pillows-living-stones-pillows-living-pillows-pebble-pillows-pre-filled-christmas-present-max-size-light-gray-9003"},"modified":"2024-10-03T16:31:34","modified_gmt":"2024-10-03T16:31:34","slug":"livingstones-kissen","status":"publish","type":"product","link":"https:\/\/www.largepillow.com\/de\/product\/livingstones-pillows","title":{"rendered":"Livingstones-Kissen"},"content":{"rendered":"[zc_getpagecontent mb=&#8221;mb_aplus&#8221; apid=&#8221;21&#8243;]\n","protected":false},"excerpt":{"rendered":"<ul>\n<li><strong>Echtes 3D-Outdoor-Kissen:<\/strong> Auf den ersten Blick werden Sie nie denken, dass es sich nur um ein Dekokissen handelt. Durch ausgekl\u00fcgeltes Design kombinieren wir das kuschelige Kissen und \u201eStein\u201c perfekt. Die Ellipsenform und die schlanke Rundung lassen sie wie echte Steine aussehen. Das Mischen und Anpassen dunkler und heller Farben kann Ihrem Raum reichhaltige visuelle Ver\u00e4nderungen verleihen und Spa\u00df machen. Diese farbenfrohen Dekokissen machen unser Zuhause zu einem interessanten Ort.<\/li>\n<li><strong>Dekokissen f\u00fcr verschiedene Anl\u00e4sse:<\/strong> Unsere Kissen k\u00f6nnen als Dekoration verwendet werden, um Ihren unterschiedlichen Bed\u00fcrfnissen bei mehreren Gelegenheiten gerecht zu werden. Stellen Sie es drinnen auf, um dem Raum einen nat\u00fcrlichen Geschmack zu verleihen. Stellen Sie es drau\u00dfen im Garten, auf der Terrasse, im Pool usw. auf. Sie k\u00f6nnen zur wahren, perfekten Integration zur\u00fcckkehren und sich wohl f\u00fchlen. Zur Dekoration des Kinderzimmers verwendet, kann ein Spielpark geschaffen werden.<\/li>\n<li><strong>Mehrzweck-Kreativkissen:<\/strong> Unsere Kuschelkissen k\u00f6nnen nicht nur als Dekokissen in jeder Ecke des Innen- \/ Au\u00dfenkissens f\u00fcr den Au\u00dfenbereich verwendet werden, sondern k\u00f6nnen auch als Kinderspielzeug verwendet werden, sodass Kinder nach Belieben als Kuschelkissen spielen und ihre Gef\u00fchle ins Spiel bringen k\u00f6nnen. Die gro\u00dfen Couchkissen k\u00f6nnen auch als kreative Sitzgelegenheiten genutzt werden und die kleinen Sofakissen. Auch f\u00fcr Fotorequisiten ist das Dekokissen mit unterschiedlichen Formen eine gute Wahl.<\/li>\n<li><strong>Hochwertiges Simulationssteinkissen:<\/strong> Ausgew\u00e4hlte superweiche kurze Samtstoffe, weich und bequem. Das Dekokissen mit F\u00fcllung (Polyesterf\u00fcllung), die flauschig weich ist und eine gute Elastizit\u00e4t hat. Das unsichtbare Rei\u00dfverschlussdesign macht den Kissenbezug aber auch leicht zu zerlegen. Mit reaktiver Druck- und F\u00e4rbetechnologie wird jeder Schritt von der Materialauswahl \u00fcber die Farbfixierung, Entschlichtung und Formgebung bis zum fertigen Produkt streng umgesetzt.<\/li>\n<li><strong>Verpackung und Gr\u00f6\u00dfe:<\/strong> Jede Packung enth\u00e4lt 1 Set mit 6 verschiedenen Gr\u00f6\u00dfen von Outdoor-Kissen, die in unregelm\u00e4\u00dfigen ovalen Formen gestaltet sind, um eher wie Steine zu sein. Die Gr\u00f6\u00dfen sind: 100\u00d750 \/ 50\u00d735 \/ 50\u00d725 \/ 35\u00d723 \/ 30\u00d715 \/ 18x10cm.<\/li>\n<\/ul>","protected":false},"featured_media":1430,"comment_status":"open","ping_status":"closed","template":"","meta":[],"product_brand":[],"product_cat":[30],"product_tag":[58,57,53,56,52,54,51,55,50],"class_list":{"0":"post-1441","1":"product","2":"type-product","3":"status-publish","4":"has-post-thumbnail","6":"product_cat-large-rock-pillow","7":"product_tag-floor-cushion","8":"product_tag-floor-pillow","9":"product_tag-livingstones","10":"product_tag-pebble-cushion","11":"product_tag-pebble-pillow","12":"product_tag-rock-cushion","13":"product_tag-rock-pillow","14":"product_tag-stone-cushion","15":"product_tag-stone-pillow","17":"first","18":"instock","19":"featured","20":"shipping-taxable","21":"purchasable","22":"product-type-variable","23":"has-default-attributes"},"_links":{"self":[{"href":"https:\/\/www.largepillow.com\/de\/wp-json\/wp\/v2\/product\/1441","targetHints":{"allow":["GET"]}}],"collection":[{"href":"https:\/\/www.largepillow.com\/de\/wp-json\/wp\/v2\/product"}],"about":[{"href":"https:\/\/www.largepillow.com\/de\/wp-json\/wp\/v2\/types\/product"}],"replies":[{"embeddable":true,"href":"https:\/\/www.largepillow.com\/de\/wp-json\/wp\/v2\/comments?post=1441"}],"wp:featuredmedia":[{"embeddable":true,"href":"https:\/\/www.largepillow.com\/de\/wp-json\/wp\/v2\/media\/1430"}],"wp:attachment":[{"href":"https:\/\/www.largepillow.com\/de\/wp-json\/wp\/v2\/media?parent=1441"}],"wp:term":[{"taxonomy":"product_brand","embeddable":true,"href":"https:\/\/www.largepillow.com\/de\/wp-json\/wp\/v2\/product_brand?post=1441"},{"taxonomy":"product_cat","embeddable":true,"href":"https:\/\/www.largepillow.com\/de\/wp-json\/wp\/v2\/product_cat?post=1441"},{"taxonomy":"product_tag","embeddable":true,"href":"https:\/\/www.largepillow.com\/de\/wp-json\/wp\/v2\/product_tag?post=1441"}],"curies":[{"name":"wp","href":"https:\/\/api.w.org\/{rel}","templated":true}]}}