{"id":156,"date":"2022-09-15T06:26:18","date_gmt":"2022-09-15T06:26:18","guid":{"rendered":"https:\/\/www.largepillow.com\/product\/daybed-wedge-pillow"},"modified":"2025-11-05T02:15:25","modified_gmt":"2025-11-05T02:15:25","slug":"bettkissen","status":"publish","type":"product","link":"https:\/\/www.largepillow.com\/de\/product\/bed-bolster-pillow","title":{"rendered":"Bettpolsterkissen"},"content":{"rendered":"<p>Entdecken Sie den ultimativen Komfort mit dem Bettpolsterkissen<\/p>\n<p>Sie haben es satt, beim Lesen oder Fernsehen im Bett m\u00fchsam eine bequeme Sitzposition zu finden? Wir pr\u00e4sentieren Ihnen das revolution\u00e4re Bed Bolster Pillow, das 3-in-1-Multifunktionskissen, das Entspannung vor dem Schlafengehen auf ein neues Niveau hebt. <\/p>\n<p>Dieses dreieckige Kissen wurde aus hochwertigen Materialien gefertigt und bietet eine ergonomische Lendenwirbelst\u00fctze, die sich perfekt an Ihren R\u00fccken und Ihre Taille anpasst. Der atmungsaktive Polyesterbezug und das robuste Innenkissen bieten genau das richtige Ma\u00df an Elastizit\u00e4t f\u00fcr stundenlangen, spannungsfreien Komfort. <\/p>\n<p>Kunden lieben die Vielseitigkeit des Bettpolsterkissens:<\/p>\n<p>\u201eIch benutze meins aufrecht als R\u00fcckenlehne, wenn ich im Bett sitze. Das ist viel besser, als mit flachen Kissen zu k\u00e4mpfen, die immer wieder herunterrutschen.\u201c<\/p>\n<p>\u201eDieses Keilkissen ist unglaublich. Ich schlafe auf der Seite und es unter meinen Beinen zu platzieren hat bei meinen R\u00fcckenschmerzen wahre Wunder bewirkt.\u201c  <\/p>\n<p>\u201eIch benutze es gerne als kleines Sofakissen. Es hat die perfekte Gr\u00f6\u00dfe, damit meine Tochter und ich uns zusammenkuscheln und lesen k\u00f6nnen.\u201c<\/p>\n<p>Mit Gr\u00f6\u00dfen von 45 cm bis zu ger\u00e4umigen 200 cm ist das Bettpolster f\u00fcr alle Zwecke geeignet, vom pers\u00f6nlichen Gebrauch bis zum gemeinsamen Schlafen mit einem Partner. Die praktischen Seitentaschen bieten Platz zum Aufbewahren von B\u00fcchern, Fernbedienungen, Telefonen und mehr, w\u00e4hrend der abnehmbare Bezug mit Rei\u00dfverschluss ein einfaches Waschen erm\u00f6glicht. <\/p>\n<p>Erh\u00f6hen Sie Ihre Entspannung mit dem einen Kissen, das alles kann. Holen Sie sich das Bed Bolster Pillow nach Hause und entdecken Sie noch heute ultimativen Komfort!<\/p>","protected":false},"excerpt":{"rendered":"<ul>\n<li><strong>Ultimativer Komfort:<\/strong> Dieses Kopfteilkissen bietet dank seiner dreieckigen Form einen hervorragenden Komfort. Das Bettst\u00fctzkissen passt sich gut dem R\u00fccken und der Taille an und minimiert den Druck auf die Lendenwirbels\u00e4ule und den R\u00fccken. Dieses Keil-Lesekissen kann Ihnen helfen, im Bett oder auf dem Sofa spannungsfrei zu bleiben, was ideal f\u00fcr berufst\u00e4tige Nachtschw\u00e4rmer, B\u00fccherw\u00fcrmer und zum Fernsehen im Bett ist. Dieses extra gro\u00dfe Nackenrollenkissen ist das einzige Kissen mit Keilkopfteil, das Platz f\u00fcr zwei Personen bietet.<\/li>\n<li><strong>3-in-1 gro\u00dfes Nackenkissen:<\/strong> Sie k\u00f6nnen das Kissen aufrecht als R\u00fcckenst\u00fctzkissen f\u00fcr das Kopfteil beim Sitzen im Bett verwenden oder es flach auf das Bett legen, um es als gro\u00dfes Keilkissen beim Schlafen auf dem R\u00fccken oder auf der Seite oder als Beinkissen zum Hochlagern Ihrer Beine zu verwenden. Wenn Sie ein gro\u00dfes Kopfteilkissen w\u00fcnschen, das Ihnen und Ihrem Ehepartner Halt bietet. Es ist eine ausgezeichnete Alternative.<\/li>\n<li><strong>Multifunktionales Design:<\/strong> Einige Leute verwenden das gro\u00dfe Dreieckskissen als Kopfteilkissen, w\u00e4hrend andere es als Sto\u00dfkissen verwenden. Es kann auch als Kissen f\u00fcr die R\u00fcckenlehne einer Couch oder eines Tagesbetts verwendet werden. Es ist sowohl stilvoll als auch funktional und somit eine hervorragende Erg\u00e4nzung f\u00fcr jedes Schlafzimmer.<\/li>\n<li><strong>\u00dcberlegene Handwerkskunst:<\/strong> Der Kissenbezug hat eine Cordoptik und besteht aus 100%-Polyester. Unser Kopfteilkissen ist atmungsaktiv und bequem genug, um seine Form zu behalten und mit der Zeit nicht seine Form zu verlieren. In einer Seitentasche auf jeder Seite k\u00f6nnen Sie Ihr Buch oder Ihr Telefon hineinstecken.<\/li>\n<li><strong>Leicht zu waschen:<\/strong> Der Lesekissenbezug ist mit Kn\u00f6pfen am Kissen befestigt und l\u00e4sst sich mit einem einfachen Rei\u00dfverschluss leicht abnehmen. Dadurch ist die Reinigung problemlos m\u00f6glich. Nehmen Sie einfach den Bezug ab und waschen Sie ihn kurz in der Maschine, damit Ihr Kissen wie neu aussieht.<\/li>\n<li><strong>Gr\u00f6\u00dfe:<\/strong> 45 cm (L45 x B20 x H50 | 0 Kn\u00f6pfe), 60 cm (L60 x B20 x H50 | 0 Kn\u00f6pfe), 80 cm (L80 x B20 x H50 | 2 Kn\u00f6pfe), 100 cm (L100 x B20 x H50 | 3 Kn\u00f6pfe), 120 cm ( L120 x B20 x H50 | 4 Kn\u00f6pfe), 140 cm (L140 x B20 x H50 | 4 Kn\u00f6pfe), 160 cm (L160 x B20 x H50 | 5 Kn\u00f6pfe), 180 cm (L180 x B20 x H50 | 6 Kn\u00f6pfe), 200 cm (L200 x B20 x H50 | 7 Kn\u00f6pfe).<\/li>\n<\/ul>","protected":false},"featured_media":137,"comment_status":"open","ping_status":"closed","template":"","meta":[],"product_brand":[],"product_cat":[15],"product_tag":[66,225,195,206,218,102,75,168,154,199,163,59],"class_list":{"0":"post-156","1":"product","2":"type-product","3":"status-publish","4":"has-post-thumbnail","6":"product_cat-large-wedge-pillow","7":"product_tag-back-support-pillow","8":"product_tag-bed-bolster-pillow","9":"product_tag-brown-pillow","10":"product_tag-bumper-pillow","11":"product_tag-corduroy-pillow","12":"product_tag-couch-pillow","13":"product_tag-daybed-pillow","14":"product_tag-headboard-pillow","15":"product_tag-large-body-pillow","16":"product_tag-large-wedge-pillow","17":"product_tag-leg-pillow","18":"product_tag-reading-pillow","20":"first","21":"instock","22":"featured","23":"shipping-taxable","24":"purchasable","25":"product-type-variable"},"_links":{"self":[{"href":"https:\/\/www.largepillow.com\/de\/wp-json\/wp\/v2\/product\/156","targetHints":{"allow":["GET"]}}],"collection":[{"href":"https:\/\/www.largepillow.com\/de\/wp-json\/wp\/v2\/product"}],"about":[{"href":"https:\/\/www.largepillow.com\/de\/wp-json\/wp\/v2\/types\/product"}],"replies":[{"embeddable":true,"href":"https:\/\/www.largepillow.com\/de\/wp-json\/wp\/v2\/comments?post=156"}],"wp:featuredmedia":[{"embeddable":true,"href":"https:\/\/www.largepillow.com\/de\/wp-json\/wp\/v2\/media\/137"}],"wp:attachment":[{"href":"https:\/\/www.largepillow.com\/de\/wp-json\/wp\/v2\/media?parent=156"}],"wp:term":[{"taxonomy":"product_brand","embeddable":true,"href":"https:\/\/www.largepillow.com\/de\/wp-json\/wp\/v2\/product_brand?post=156"},{"taxonomy":"product_cat","embeddable":true,"href":"https:\/\/www.largepillow.com\/de\/wp-json\/wp\/v2\/product_cat?post=156"},{"taxonomy":"product_tag","embeddable":true,"href":"https:\/\/www.largepillow.com\/de\/wp-json\/wp\/v2\/product_tag?post=156"}],"curies":[{"name":"wp","href":"https:\/\/api.w.org\/{rel}","templated":true}]}}