{"id":290,"date":"2022-09-15T22:35:06","date_gmt":"2022-09-15T22:35:06","guid":{"rendered":"https:\/\/www.largepillow.com\/product\/daybed-bolster-pillow"},"modified":"2025-11-05T02:15:26","modified_gmt":"2025-11-05T02:15:26","slug":"dreieckiges-keilkissen","status":"publish","type":"product","link":"https:\/\/www.largepillow.com\/de\/product\/triangular-wedge-pillow","title":{"rendered":"Dreieckiges Keilkissen"},"content":{"rendered":"<p>Entdecken Sie den ultimativen Komfort mit dem Dreieckskeilkissen<\/p>\n<p>Sind Sie es leid, beim Lesen oder Fernsehen im Bett Ihren R\u00fccken und Nacken zu belasten? Wir pr\u00e4sentieren Ihnen das dreieckige Keilkissen \u2013 das multifunktionale Kissen, das Entspannung vor dem Schlafengehen auf die n\u00e4chste Stufe bringt. <\/p>\n<p>Dieses gro\u00dfe Nackenrollenkissen ist aus hochwertigen Materialien gefertigt und bietet dank seines ergonomischen dreieckigen Designs, das Ihren R\u00fccken und Ihre Taille ausrichtet, hervorragenden Komfort. Der atmungsaktive Polyesterbezug und die formbest\u00e4ndige F\u00fcllung bieten eine weiche und dennoch feste Unterst\u00fctzung, egal ob Sie aufrecht sitzen oder liegen.<\/p>\n<p>Kunden nutzen es gerne und auf vielf\u00e4ltige Weise:<\/p>\n<p>\u201eIch benutze es jede Nacht als R\u00fcckenkissen. Meine Schmerzen im unteren R\u00fccken haben deutlich nachgelassen!\u201c<\/p>\n<p>\u201eEs ist breit genug, damit meine Frau und ich uns bequem anlehnen k\u00f6nnen. Keine Nackenschmerzen mehr!\u201c  <\/p>\n<p>\u201eIch lege es unter meine Beine, um Durchblutungsst\u00f6rungen zu lindern. So bequem!\u201c<\/p>\n<p>Es sind neun Gr\u00f6\u00dfen erh\u00e4ltlich, sodass Sie garantiert eine finden, die Ihren Bed\u00fcrfnissen entspricht. Genie\u00dfen Sie individuellen Komfort und Unterst\u00fctzung beim Lesen, Arbeiten, Fernsehen oder einfach beim Entspannen im Bett mit diesem 3-in-1-Keilkopfteilkissen.  <\/p>\n<p>Holen Sie sich noch heute multifunktionale Entspannung nach Hause!<\/p>","protected":false},"excerpt":{"rendered":"<ul>\n<li><strong>Ultimativer Komfort:<\/strong> Dieses Kopfteilkissen bietet dank seiner dreieckigen Form einen hervorragenden Komfort. Das Bettst\u00fctzkissen passt sich gut dem R\u00fccken und der Taille an und minimiert den Druck auf die Lendenwirbels\u00e4ule und den R\u00fccken. Dieses Keil-Lesekissen kann Ihnen helfen, im Bett oder auf dem Sofa spannungsfrei zu bleiben, was ideal f\u00fcr berufst\u00e4tige Nachtschw\u00e4rmer, B\u00fccherw\u00fcrmer und zum Fernsehen im Bett ist. Dieses extra gro\u00dfe Nackenrollenkissen ist das einzige Kissen mit Keilkopfteil, das Platz f\u00fcr zwei Personen bietet.<\/li>\n<li><strong>3-in-1 gro\u00dfes Nackenkissen:<\/strong> Sie k\u00f6nnen das Kissen aufrecht als R\u00fcckenst\u00fctzkissen f\u00fcr das Kopfteil beim Sitzen im Bett verwenden oder es flach auf das Bett legen, um es als gro\u00dfes Keilkissen beim Schlafen auf dem R\u00fccken oder auf der Seite oder als Beinkissen zum Hochlagern Ihrer Beine zu verwenden. Wenn Sie ein gro\u00dfes Kopfteilkissen w\u00fcnschen, das Ihnen und Ihrem Ehepartner Halt bietet. Es ist eine ausgezeichnete Alternative.<\/li>\n<li><strong>Multifunktionales Design:<\/strong> Einige Leute verwenden das gro\u00dfe Dreieckskissen als Kopfteilkissen, w\u00e4hrend andere es als Sto\u00dfkissen verwenden. Es kann auch als Kissen f\u00fcr die R\u00fcckenlehne einer Couch oder eines Tagesbetts verwendet werden. Es ist sowohl stilvoll als auch funktional und somit eine hervorragende Erg\u00e4nzung f\u00fcr jedes Schlafzimmer.<\/li>\n<li><strong>\u00dcberlegene Handwerkskunst:<\/strong> Der Kissenbezug hat eine Cordoptik und besteht aus 100%-Polyester. Unser Kopfteilkissen ist atmungsaktiv und bequem genug, um seine Form zu behalten und mit der Zeit nicht seine Form zu verlieren. In einer Seitentasche auf jeder Seite k\u00f6nnen Sie Ihr Buch oder Ihr Telefon hineinstecken.<\/li>\n<li><strong>Leicht zu waschen:<\/strong> Der Lesekissenbezug ist mit Kn\u00f6pfen am Kissen befestigt und l\u00e4sst sich mit einem einfachen Rei\u00dfverschluss leicht abnehmen. Dadurch ist die Reinigung problemlos m\u00f6glich. Nehmen Sie einfach den Bezug ab und waschen Sie ihn kurz in der Maschine, damit Ihr Kissen wie neu aussieht.<\/li>\n<li><strong>Gr\u00f6\u00dfe:<\/strong> 45 cm (L45 x B20 x H50 | 0 Kn\u00f6pfe), 60 cm (L60 x B20 x H50 | 0 Kn\u00f6pfe), 80 cm (L80 x B20 x H50 | 2 Kn\u00f6pfe), 100 cm (L100 x B20 x H50 | 3 Kn\u00f6pfe), 120 cm ( L120 x B20 x H50 | 4 Kn\u00f6pfe), 140 cm (L140 x B20 x H50 | 4 Kn\u00f6pfe), 160 cm (L160 x B20 x H50 | 5 Kn\u00f6pfe), 180 cm (L180 x B20 x H50 | 6 Kn\u00f6pfe), 200 cm (L200 x B20 x H50 | 7 Kn\u00f6pfe).<\/li>\n<\/ul>","protected":false},"featured_media":271,"comment_status":"open","ping_status":"closed","template":"","meta":[],"product_brand":[],"product_cat":[15],"product_tag":[205,204,206,218,217,209,168,223,199,112,224,68],"class_list":{"0":"post-290","1":"product","2":"type-product","3":"status-publish","4":"has-post-thumbnail","6":"product_cat-large-wedge-pillow","7":"product_tag-back-support-headboard-pillow","8":"product_tag-bed-support-cushion","9":"product_tag-bumper-pillow","10":"product_tag-corduroy-pillow","11":"product_tag-daybed-backrest","12":"product_tag-extra-large-bolster-pillow","13":"product_tag-headboard-pillow","14":"product_tag-large-bolster","15":"product_tag-large-wedge-pillow","16":"product_tag-lumbar-support-pillow","17":"product_tag-red-pillow","18":"product_tag-wedge-reading-pillow","20":"first","21":"instock","22":"shipping-taxable","23":"purchasable","24":"product-type-variable"},"_links":{"self":[{"href":"https:\/\/www.largepillow.com\/de\/wp-json\/wp\/v2\/product\/290","targetHints":{"allow":["GET"]}}],"collection":[{"href":"https:\/\/www.largepillow.com\/de\/wp-json\/wp\/v2\/product"}],"about":[{"href":"https:\/\/www.largepillow.com\/de\/wp-json\/wp\/v2\/types\/product"}],"replies":[{"embeddable":true,"href":"https:\/\/www.largepillow.com\/de\/wp-json\/wp\/v2\/comments?post=290"}],"wp:featuredmedia":[{"embeddable":true,"href":"https:\/\/www.largepillow.com\/de\/wp-json\/wp\/v2\/media\/271"}],"wp:attachment":[{"href":"https:\/\/www.largepillow.com\/de\/wp-json\/wp\/v2\/media?parent=290"}],"wp:term":[{"taxonomy":"product_brand","embeddable":true,"href":"https:\/\/www.largepillow.com\/de\/wp-json\/wp\/v2\/product_brand?post=290"},{"taxonomy":"product_cat","embeddable":true,"href":"https:\/\/www.largepillow.com\/de\/wp-json\/wp\/v2\/product_cat?post=290"},{"taxonomy":"product_tag","embeddable":true,"href":"https:\/\/www.largepillow.com\/de\/wp-json\/wp\/v2\/product_tag?post=290"}],"curies":[{"name":"wp","href":"https:\/\/api.w.org\/{rel}","templated":true}]}}