{"id":3222,"date":"2024-07-22T04:17:50","date_gmt":"2024-07-22T04:17:50","guid":{"rendered":"https:\/\/www.largepillow.com\/product\/car-seat-booster-seat-for-dogs-pet-travel-bed"},"modified":"2026-03-12T10:57:57","modified_gmt":"2026-03-12T10:57:57","slug":"autositzerhohung-fur-hunde-reisebett-fur-haustiere","status":"publish","type":"product","link":"https:\/\/www.largepillow.com\/de\/product\/car-seat-booster-seat-for-dogs-pet-travel-bed","title":{"rendered":"Autositzerh\u00f6hung f\u00fcr Hunde, Haustier-Reisebett"},"content":{"rendered":"[zc_getpagecontent mb=&#8221;mb_aplus&#8221; apid=&#8221;37&#8243;]\n","protected":false},"excerpt":{"rendered":"<ul>\n<li><strong>Hochwertiges Material<\/strong>: Aus hochwertigem Baumwollleinen, atmungsaktiv und bequem, bissfest, langlebig und leicht zu reinigen. Gef\u00fcllt mit hochwertigem Polyester, hochwertige Elastizit\u00e4t, die festen Halt mit Komfort und Weichheit bietet. Beh\u00e4lt seine Form und Festigkeit bei langfristiger Verwendung.<\/li>\n<li><strong>Mehrzweck-Autositz f\u00fcr Hunde<\/strong>: Die verstellbare Schnalle des Hundeautositzes kann auch als Handschlaufe verwendet werden, was das Tragen im Freien erleichtert. Er kann auch zu Hause als Hundebett verwendet werden. Er kann auch auf dem Sofa verwendet werden, um das Sofa vor Besch\u00e4digungen durch Hunde zu sch\u00fctzen.<\/li>\n<li><strong>Einfach zu installieren<\/strong>: Der kleine Hundeautositz wird mit einem R\u00fcckenstreifen geliefert. Befestigen Sie einfach den R\u00fcckenstreifen an der R\u00fcckseite des Vordersitzes und passen Sie die L\u00e4nge der Gurte an. Der mittelgro\u00dfe Hundeautositz kann durch Aufh\u00e4ngen von zwei verstellbaren tragbaren Griffen an den Vorder- und R\u00fccksitzen des Autos installiert werden und ist f\u00fcr eine Vielzahl von Autotypen geeignet. Die rutschfeste Unterseite verhindert, dass der Haustiersitz im Auto verrutscht, und bietet so eine sicherere Umgebung f\u00fcr Haustiere.<\/li>\n<li><strong>Sitzabmessungen<\/strong>: Klein: 52 cm (L\u00e4nge) x 52 cm (Breite) x 42 cm (H\u00f6he), Gro\u00df: 76 cm (L\u00e4nge) x 52 cm (Breite) x 39 cm (H\u00f6he). Der Hundeautositz der Gr\u00f6\u00dfe S ist f\u00fcr den Vordersitz von Autos geeignet. Der Hundeautositz der Gr\u00f6\u00dfe L ist f\u00fcr den Einbau auf dem R\u00fccksitz aller Arten von Autos geeignet. Der Hundeautositz ist mit Sicherheitsgurten ausgestattet, um die Sicherheit Ihres Haustiers zu gew\u00e4hrleisten, und Sie m\u00fcssen sich keine Sorgen machen, dass Ihr Haustier Sie w\u00e4hrend der Fahrt st\u00f6rt.<\/li>\n<li><strong>Einfach zu s\u00e4ubern<\/strong>: Dieser Autositz f\u00fcr Haustiere ist vollst\u00e4ndig abnehmbar. An den vier Ecken befinden sich unsichtbare Rei\u00dfverschl\u00fcsse. \u00d6ffnen Sie einfach den Rei\u00dfverschluss und nehmen Sie die PP-Baumwolle heraus. Geben Sie den Bezug des Autositzes f\u00fcr Haustiere zum Reinigen in die Waschmaschine. Sie k\u00f6nnen bei der t\u00e4glichen Reinigung auch einen Staubsauger verwenden, um oberfl\u00e4chliche Verunreinigungen oder Haare des Sitzerh\u00f6hungs-Haustiersitzes zu entfernen.<\/li>\n<li><strong>Warme Tipps<\/strong>: Der Hundeautositz wird f\u00fcr den Versand vakuumverpackt, daher wird mehr F\u00fcllmaterial hinzugef\u00fcgt, um die Form des Sitzes zu erhalten und seine Haltbarkeit und Funktionalit\u00e4t zu gew\u00e4hrleisten. Wenn Sie das Gef\u00fchl haben, dass das F\u00fcllmaterial des Hundeautositzes zu viel f\u00fcr Haustiere ist, k\u00f6nnen Sie selbst etwas F\u00fcllmaterial entfernen, um den gew\u00fcnschten Komfort f\u00fcr Ihr Haustier zu erreichen. Bitte warten Sie 24-48 Stunden, bis es nach dem Auspacken seine urspr\u00fcngliche Dicke und Form wiedererlangt.<\/li>\n<\/ul>","protected":false},"featured_media":3569,"comment_status":"open","ping_status":"closed","template":"","meta":[],"product_brand":[],"product_cat":[227],"product_tag":[],"class_list":{"0":"post-3222","1":"product","2":"type-product","3":"status-publish","4":"has-post-thumbnail","6":"product_cat-pet-supplies","8":"first","9":"instock","10":"shipping-taxable","11":"purchasable","12":"product-type-variable","13":"has-default-attributes"},"_links":{"self":[{"href":"https:\/\/www.largepillow.com\/de\/wp-json\/wp\/v2\/product\/3222","targetHints":{"allow":["GET"]}}],"collection":[{"href":"https:\/\/www.largepillow.com\/de\/wp-json\/wp\/v2\/product"}],"about":[{"href":"https:\/\/www.largepillow.com\/de\/wp-json\/wp\/v2\/types\/product"}],"replies":[{"embeddable":true,"href":"https:\/\/www.largepillow.com\/de\/wp-json\/wp\/v2\/comments?post=3222"}],"wp:featuredmedia":[{"embeddable":true,"href":"https:\/\/www.largepillow.com\/de\/wp-json\/wp\/v2\/media\/3569"}],"wp:attachment":[{"href":"https:\/\/www.largepillow.com\/de\/wp-json\/wp\/v2\/media?parent=3222"}],"wp:term":[{"taxonomy":"product_brand","embeddable":true,"href":"https:\/\/www.largepillow.com\/de\/wp-json\/wp\/v2\/product_brand?post=3222"},{"taxonomy":"product_cat","embeddable":true,"href":"https:\/\/www.largepillow.com\/de\/wp-json\/wp\/v2\/product_cat?post=3222"},{"taxonomy":"product_tag","embeddable":true,"href":"https:\/\/www.largepillow.com\/de\/wp-json\/wp\/v2\/product_tag?post=3222"}],"curies":[{"name":"wp","href":"https:\/\/api.w.org\/{rel}","templated":true}]}}