{"id":3243,"date":"2024-07-22T11:29:58","date_gmt":"2024-07-22T11:29:58","guid":{"rendered":"https:\/\/www.largepillow.com\/product\/u-shaped-side-sleeper-pillow-with-arm-hole-for-pain-relief"},"modified":"2026-03-05T22:26:27","modified_gmt":"2026-03-05T22:26:27","slug":"u-formiges-seitenschlaferkissen-mit-armloch-zur-schmerzlinderung","status":"publish","type":"product","link":"https:\/\/www.largepillow.com\/de\/product\/u-shaped-side-sleeper-pillow-with-arm-hole-for-pain-relief\/","title":{"rendered":"U-f\u00f6rmiges Seitenschl\u00e4ferkissen mit Armloch zur Schmerzlinderung"},"content":{"rendered":"[zc_getpagecontent mb=&#8221;mb_aplus&#8221; apid=&#8221;67&#8243;]\nSide Sleeper Pillow with arm Hole for Adults, Large U-Shaped Shoulder Pillow Body Pillow for Neck and Shoulder Pain Relief, Acid Reflux and GERD Pillow, Ergonomic Support Pillows<\/p>\n","protected":false},"excerpt":{"rendered":"<ul>\n<li><strong>2-in-1 Keilkissen-Set:<\/strong> Das Seitenschl\u00e4ferkissen-Set umfasst ein dreieckiges Keilkissen und ein Halbmondkissen. Das Seitenschl\u00e4ferkissen ist 116 x 76 x 30 cm lang, breit und hoch. Das U-f\u00f6rmige K\u00f6rperkissendesign ersetzt andere kleine Kissen in Ihrem Bett. Dieses U-f\u00f6rmige K\u00f6rperkissen folgt Ihrer K\u00f6rperkontur und unterst\u00fctzt Ihren K\u00f6rper, wie R\u00fccken, Bauch, H\u00fcften und Knie.<\/li>\n<li><strong>Qualit\u00e4tsmaterial:<\/strong> Das Seitenschl\u00e4ferkissen besteht aus hochwertigem Kurzpl\u00fcschstoff, der aufgrund seiner Weichheit und Haltbarkeit eine ausgezeichnete Wahl f\u00fcr ein Seitenschl\u00e4ferkissen ist. Seine kurzen Fasern sorgen daf\u00fcr, dass es sich auf der Haut angenehm und bequem anf\u00fchlt, w\u00e4hrend seine dichte Webart Kopf und Nacken hervorragend st\u00fctzt. Der Bezug ist maschinenwaschbar.<\/li>\n<li><strong>Armkonturgestaltung:<\/strong>\u00a0Das Seitenschl\u00e4ferkissen f\u00fcr Nacken- und Schulterschmerzen verf\u00fcgt \u00fcber ein Armkonturdesign, das sich an die Schlafgewohnheiten auf der Seite anpasst. Es kann den Druck auf Ihre Schultern und Arme lindern und das Problem von Taubheitsgef\u00fchlen in den Armen aufgrund mangelnder Durchblutung vermeiden.<\/li>\n<li><strong>Ergonomisches Komfortkissen:<\/strong> Das geschwungene Design des U-f\u00f6rmigen Kissens passt sich Ihrem K\u00f6rper an und bietet bequemen Halt. Sie k\u00f6nnen auf dem R\u00fccken, der Seite oder dem Bauch schlafen und gleichzeitig Ihre Wirbels\u00e4ule in die richtige Seitenlage bringen, um wohltuenden Komfort zu gew\u00e4hrleisten. Es bietet eine weiche, lang anhaltende, gem\u00fctliche Umarmung und Sie befinden sich immer in der richtigen Position f\u00fcr eine erholsame Nachtruhe.<\/li>\n<li><strong>Ideale Schlafposition:<\/strong> Das Seitenschl\u00e4ferkissen entlastet Ihren unteren Arm\/Ihre untere Schulter und bietet eine effektive K\u00f6rperunterst\u00fctzung, Schlaf, Ruhe und Entspannung, die Erholung nach Operationen, Hilfe bei saurem Reflux, gegen Schnarchen und Schmerzlinderung. So ist eine bequeme und erholsame Nachtruhe in der idealen Position zur nat\u00fcrlichen Linderung von Reflux gew\u00e4hrleistet, sodass Sie bis zum Morgengrauen durchschlafen k\u00f6nnen.<\/li>\n<\/ul>","protected":false},"featured_media":3236,"comment_status":"open","ping_status":"closed","template":"","meta":[],"product_brand":[],"product_cat":[228],"product_tag":[],"class_list":{"0":"post-3243","1":"product","2":"type-product","3":"status-publish","4":"has-post-thumbnail","6":"product_cat-cushions","8":"first","9":"instock","10":"featured","11":"shipping-taxable","12":"purchasable","13":"product-type-simple"},"_links":{"self":[{"href":"https:\/\/www.largepillow.com\/de\/wp-json\/wp\/v2\/product\/3243","targetHints":{"allow":["GET"]}}],"collection":[{"href":"https:\/\/www.largepillow.com\/de\/wp-json\/wp\/v2\/product"}],"about":[{"href":"https:\/\/www.largepillow.com\/de\/wp-json\/wp\/v2\/types\/product"}],"replies":[{"embeddable":true,"href":"https:\/\/www.largepillow.com\/de\/wp-json\/wp\/v2\/comments?post=3243"}],"wp:featuredmedia":[{"embeddable":true,"href":"https:\/\/www.largepillow.com\/de\/wp-json\/wp\/v2\/media\/3236"}],"wp:attachment":[{"href":"https:\/\/www.largepillow.com\/de\/wp-json\/wp\/v2\/media?parent=3243"}],"wp:term":[{"taxonomy":"product_brand","embeddable":true,"href":"https:\/\/www.largepillow.com\/de\/wp-json\/wp\/v2\/product_brand?post=3243"},{"taxonomy":"product_cat","embeddable":true,"href":"https:\/\/www.largepillow.com\/de\/wp-json\/wp\/v2\/product_cat?post=3243"},{"taxonomy":"product_tag","embeddable":true,"href":"https:\/\/www.largepillow.com\/de\/wp-json\/wp\/v2\/product_tag?post=3243"}],"curies":[{"name":"wp","href":"https:\/\/api.w.org\/{rel}","templated":true}]}}