{"id":3295,"date":"2024-07-22T14:31:24","date_gmt":"2024-07-22T14:31:24","guid":{"rendered":"https:\/\/www.largepillow.com\/product\/2-in-1-memory-foam-dog-human-bed-foldable-washable"},"modified":"2024-11-24T18:36:48","modified_gmt":"2024-11-24T18:36:48","slug":"2-in-1-memory-foam-hunde-menschenbett-faltbar-waschbar","status":"publish","type":"product","link":"https:\/\/www.largepillow.com\/de\/product\/2-in-1-memory-foam-dog-human-bed-foldable-washable\/","title":{"rendered":"2-in-1-Memory-Foam-Bett f\u00fcr Hunde und Menschen \u2013 faltbar und waschbar"},"content":{"rendered":"[zc_getpagecontent mb=&#8221;mb_aplus&#8221; apid=&#8221;76&#8243;]\n","protected":false},"excerpt":{"rendered":"<ul>\n<li><strong>K\u00fchlend &amp; atmungsaktiv:<\/strong> Die Oberfl\u00e4che unseres Hundebetts besteht aus k\u00fchlender Faser der Klasse A PE, die die Temperatur effektiv senkt und die Hauttemperatur in einem angenehmen Zustand h\u00e4lt. Bietet im Sommer K\u00fchlung f\u00fcr Haustiere, Kinder und Erwachsene. Gleichzeitig sorgt die unverwechselbare Textilverarbeitung f\u00fcr einen einzigartigen 3D-Erhaben-Look, der die Luftdurchl\u00e4ssigkeit verbessert und der Haut ausreichend Raum zum Atmen bietet.<\/li>\n<li><strong>2-in-1-Design:<\/strong> Dieses Haustierbett f\u00fcr Menschen mit doppeltem Verwendungszweck ist f\u00fcr den Komfort von Mensch und Hund konzipiert und l\u00e4sst sich leicht von einem Bodenbett in ein platzsparendes, bequemes Sofa verwandeln. Es bietet einen k\u00fchlen und bequemen R\u00fcckzugsort zum Ausruhen und Entspannen w\u00e4hrend der Sommerhitze, w\u00e4hrend sein faltbares Design effizient Platz in Ihrem Zimmer spart.<\/li>\n<li><strong>Orthop\u00e4disches Hundebett:<\/strong> Verbessern Sie die Ruhe Ihres Haustiers mit unserem orthop\u00e4dischen Hundesofa, das f\u00fcr ultimativen Komfort und Halt konzipiert wurde. Der hochdichte Memory-Schaum verteilt das Gewicht Ihres Haustiers gleichm\u00e4\u00dfig und bietet optimale Druckentlastung und Gelenkpolsterung f\u00fcr einen erholsamen, erholsamen Schlaf.<\/li>\n<li><strong>Maximierter Komfort:<\/strong> Unser Hundesofa verf\u00fcgt \u00fcber ein 3-seitiges Polsterdesign, das ein behagliches und sicheres Gef\u00fchl vermittelt und Ihrem Haustier viele bequeme Positionen bietet. Die gut gef\u00fcllten Polster aus PP-Baumwolle st\u00fctzen Kopf und Nacken Ihres Haustiers und sorgen f\u00fcr einen erholsameren Schlaf. Dar\u00fcber hinaus erleichtert der abgesenkte Eingang den Zugang und sch\u00fctzt die Gelenke Ihres Haustiers, sodass es ideal f\u00fcr Haustiere jeden Alters und jeder Mobilit\u00e4tsstufe ist.<\/li>\n<li><strong>Pflegeleichtes Design:<\/strong>\u00a0Unsere Hundebettbez\u00fcge sind bequem abnehmbar und maschinenwaschbar \u2013 ideal f\u00fcr Haustiere, die sich gerne im Dreck w\u00e4lzen und im Schlamm planschen. \u00d6ffnen Sie einfach den Rei\u00dfverschluss und werfen Sie die Bez\u00fcge in die Waschmaschine im Kaltwaschgang mit Feinwaschmittel. Denken Sie daran, VERMEIDEN SIE DIE VERWENDUNG EINES TROCKNERS; lassen Sie die Bez\u00fcge stattdessen an der Luft trocknen, um ihre Qualit\u00e4t und ihren Komfort zu erhalten.<\/li>\n<\/ul>","protected":false},"featured_media":3278,"comment_status":"open","ping_status":"closed","template":"","meta":[],"product_brand":[],"product_cat":[227],"product_tag":[],"class_list":{"0":"post-3295","1":"product","2":"type-product","3":"status-publish","4":"has-post-thumbnail","6":"product_cat-pet-supplies","8":"first","9":"outofstock","10":"featured","11":"shipping-taxable","12":"purchasable","13":"product-type-simple"},"_links":{"self":[{"href":"https:\/\/www.largepillow.com\/de\/wp-json\/wp\/v2\/product\/3295","targetHints":{"allow":["GET"]}}],"collection":[{"href":"https:\/\/www.largepillow.com\/de\/wp-json\/wp\/v2\/product"}],"about":[{"href":"https:\/\/www.largepillow.com\/de\/wp-json\/wp\/v2\/types\/product"}],"replies":[{"embeddable":true,"href":"https:\/\/www.largepillow.com\/de\/wp-json\/wp\/v2\/comments?post=3295"}],"wp:featuredmedia":[{"embeddable":true,"href":"https:\/\/www.largepillow.com\/de\/wp-json\/wp\/v2\/media\/3278"}],"wp:attachment":[{"href":"https:\/\/www.largepillow.com\/de\/wp-json\/wp\/v2\/media?parent=3295"}],"wp:term":[{"taxonomy":"product_brand","embeddable":true,"href":"https:\/\/www.largepillow.com\/de\/wp-json\/wp\/v2\/product_brand?post=3295"},{"taxonomy":"product_cat","embeddable":true,"href":"https:\/\/www.largepillow.com\/de\/wp-json\/wp\/v2\/product_cat?post=3295"},{"taxonomy":"product_tag","embeddable":true,"href":"https:\/\/www.largepillow.com\/de\/wp-json\/wp\/v2\/product_tag?post=3295"}],"curies":[{"name":"wp","href":"https:\/\/api.w.org\/{rel}","templated":true}]}}