{"id":3360,"date":"2024-07-23T01:00:23","date_gmt":"2024-07-23T01:00:23","guid":{"rendered":"https:\/\/www.largepillow.com\/product\/dog-travel-bag-backpack-with-dog-food-storage-container"},"modified":"2026-02-08T19:30:31","modified_gmt":"2026-02-08T19:30:31","slug":"hundereisetasche-rucksack-mit-hundefutter-aufbewahrungsbehalter","status":"publish","type":"product","link":"https:\/\/www.largepillow.com\/de\/product\/dog-travel-bag-backpack-with-dog-food-storage-container\/","title":{"rendered":"Reisetasche f\u00fcr Hunde, Rucksack mit Aufbewahrungsbeh\u00e4lter f\u00fcr Hundefutter"},"content":{"rendered":"[zc_getpagecontent mb=&#8221;mb_aplus&#8221; apid=&#8221;64&#8243;]\n","protected":false},"excerpt":{"rendered":"<ul>\n<li>Separater Aufbewahrungsraum f\u00fcr Futter: Diese Reisetasche f\u00fcr Hundefutter ist mit einem abnehmbaren 15-Liter-Aufbewahrungsbeutel f\u00fcr Hundefutter ausgestattet, sodass Sie problemlos genug Futter f\u00fcr kurze Reisen und l\u00e4ngere Abenteuer mitnehmen k\u00f6nnen. Da er separat vom Hauptaufbewahrungsraum konzipiert ist, nimmt er keinen wertvollen Stauraum ein und sorgt f\u00fcr eine bessere Organisation und Aufbewahrung anderer Gegenst\u00e4nde. Das Design der separaten Reisetasche f\u00fcr Hundefutter macht es Ihnen bequem und ordentlich, das Futter f\u00fcr Ihr Haustier aufzuf\u00fcllen.<\/li>\n<li>Aufbewahrungsfreundliches Design: Mit seinen ger\u00e4umigen und gut organisierten F\u00e4chern erm\u00f6glicht dieser Reiserucksack f\u00fcr Hunde ein einfaches Sortieren und Organisieren. Er verf\u00fcgt \u00fcber mehrere F\u00e4cher und Taschen zur Aufbewahrung von Hundeleckerlis, Spielzeug und Windeln. Die verstellbaren Trennw\u00e4nde erm\u00f6glichen eine flexible Raumaufteilung. Die verstellbaren Doppelschultergurte bieten bequemes Tragen und sorgen f\u00fcr ein angenehmes Reiseerlebnis im Freien.<\/li>\n<li>Zuverl\u00e4ssige Qualit\u00e4t: Diese Reisetasche f\u00fcr Hundefutter ist aus hochwertigem Oxford-Stoff gefertigt, der au\u00dfergew\u00f6hnliche Haltbarkeit und Zuverl\u00e4ssigkeit gew\u00e4hrleistet. Die hervorragende Schmutz- und Verschlei\u00dffestigkeit des Stoffes sch\u00fctzt die Tasche wirksam vor Flecken und t\u00e4glicher Abnutzung und h\u00e4lt sie sauber und frisch. Dar\u00fcber hinaus ist die Tiertasche mit einem bequemen Ledergriff ausgestattet, der einen sicheren Halt bietet und einen Hauch von Raffinesse verleiht, sowohl praktisch als auch stilvoll.<\/li>\n<li>Praktisches Design f\u00fcr den t\u00e4glichen Gebrauch: Diese Hundetasche f\u00fcr unterwegs ist vielseitig einsetzbar, sowohl f\u00fcr unterwegs als auch f\u00fcr den t\u00e4glichen Gebrauch. Sie verf\u00fcgt \u00fcber eine Vordertasche, die ge\u00f6ffnet werden kann und als Futterunterlage f\u00fcr die bequeme F\u00fctterung des Haustiers dient. Zusammengeklappt bietet sie Platz f\u00fcr ein Frisbee und ist somit leicht zu tragen. Zus\u00e4tzlich sind zwei faltbare N\u00e4pfe f\u00fcr Ihr Haustier vorhanden. Ob Spaziergang, Wochenendausflug, Strandausflug, Wandern, Camping oder jede andere Outdoor-Aktivit\u00e4t, diese Welpen-Reisetasche ist das perfekte Must-have f\u00fcr Ihren Roadtrip mit dem Hund.<\/li>\n<li>Gro\u00dfes Reisezubeh\u00f6r f\u00fcr Hunde: Mit den Ma\u00dfen 11 x 8 x 15 Zoll (L x B x H) bietet dieser Hunderucksack f\u00fcr Vorr\u00e4te ein Fassungsverm\u00f6gen von 30 Litern und damit reichlich Platz, um die wichtigsten Dinge Ihres Haustiers und kleine Gegenst\u00e4nde wie die Campingausr\u00fcstung Ihres Hundes aufzubewahren. Er ist die ideale Wahl f\u00fcr Haustierbesitzer und Familien, die viel unterwegs sind. Egal, ob es sich um einen Spaziergang, einen Wochenendausflug, einen Strandausflug, Wandern, Camping oder eine andere Outdoor-Aktivit\u00e4t handelt, diese Reisetasche f\u00fcr Hunde erf\u00fcllt alle Ihre Bed\u00fcrfnisse. Sie ist ein wunderbares Geschenk f\u00fcr Haustiere und tierliebende Familien.<\/li>\n<li>Gro\u00dfe Kapazit\u00e4t: Die Hundetaschen f\u00fcr Reisen erm\u00f6glichen die Aufbewahrung von Tierspielzeug, Snacks und anderen wichtigen Dingen bei Ausfl\u00fcgen ins Freie. Der gro\u00dfz\u00fcgige Platz der Hundereisetasche f\u00fcr Vorr\u00e4te bietet Platz f\u00fcr alle Ihre f\u00fcr einen Ausflug ben\u00f6tigten Gegenst\u00e4nde und sorgt so f\u00fcr ein stressfreies Erlebnis f\u00fcr Sie und Ihr Haustier.<\/li>\n<li>Praktische F\u00e4cher: Der Hundefutterbeh\u00e4lter verf\u00fcgt \u00fcber zwei F\u00e4cher, die den Innenraum in drei Teile unterteilen. Diese von Fluggesellschaften zugelassene Hundetasche f\u00fcr Reisen erleichtert das Ordnen und Herausnehmen von Gegenst\u00e4nden.<\/li>\n<li>Verstellbare Gurte: Die verstellbaren Gurte dieses Hundereiserucksacks f\u00fcr Hundebedarf k\u00f6nnen an Ihre Bed\u00fcrfnisse angepasst werden und erm\u00f6glichen sowohl das Tragen im Rucksackstil als auch als Schulterschlinge.<\/li>\n<\/ul>","protected":false},"featured_media":3345,"comment_status":"open","ping_status":"closed","template":"","meta":[],"product_brand":[],"product_cat":[227],"product_tag":[],"class_list":{"0":"post-3360","1":"product","2":"type-product","3":"status-publish","4":"has-post-thumbnail","6":"product_cat-pet-supplies","8":"first","9":"outofstock","10":"featured","11":"shipping-taxable","12":"purchasable","13":"product-type-simple"},"_links":{"self":[{"href":"https:\/\/www.largepillow.com\/de\/wp-json\/wp\/v2\/product\/3360","targetHints":{"allow":["GET"]}}],"collection":[{"href":"https:\/\/www.largepillow.com\/de\/wp-json\/wp\/v2\/product"}],"about":[{"href":"https:\/\/www.largepillow.com\/de\/wp-json\/wp\/v2\/types\/product"}],"replies":[{"embeddable":true,"href":"https:\/\/www.largepillow.com\/de\/wp-json\/wp\/v2\/comments?post=3360"}],"wp:featuredmedia":[{"embeddable":true,"href":"https:\/\/www.largepillow.com\/de\/wp-json\/wp\/v2\/media\/3345"}],"wp:attachment":[{"href":"https:\/\/www.largepillow.com\/de\/wp-json\/wp\/v2\/media?parent=3360"}],"wp:term":[{"taxonomy":"product_brand","embeddable":true,"href":"https:\/\/www.largepillow.com\/de\/wp-json\/wp\/v2\/product_brand?post=3360"},{"taxonomy":"product_cat","embeddable":true,"href":"https:\/\/www.largepillow.com\/de\/wp-json\/wp\/v2\/product_cat?post=3360"},{"taxonomy":"product_tag","embeddable":true,"href":"https:\/\/www.largepillow.com\/de\/wp-json\/wp\/v2\/product_tag?post=3360"}],"curies":[{"name":"wp","href":"https:\/\/api.w.org\/{rel}","templated":true}]}}