{"id":3388,"date":"2024-07-23T01:37:07","date_gmt":"2024-07-23T01:37:07","guid":{"rendered":"https:\/\/www.largepillow.com\/product\/portable-neck-pillow-clothes-stuffable-ideal-for-trips"},"modified":"2025-04-02T07:09:22","modified_gmt":"2025-04-02T07:09:22","slug":"tragbares-nackenkissen-zum-aufbewahren-von-kleidung-ideal-fur-reisen","status":"publish","type":"product","link":"https:\/\/www.largepillow.com\/de\/product\/portable-neck-pillow-clothes-stuffable-ideal-for-trips\/","title":{"rendered":"Tragbares Nackenkissen, in die Kleidung stopfbar, ideal f\u00fcr Reisen"},"content":{"rendered":"[zc_getpagecontent mb=&#8221;mb_aplus&#8221; apid=&#8221;75&#8243;]\n","protected":false},"excerpt":{"rendered":"<ul>\n<li><strong>Keine Geb\u00fchren f\u00fcr zus\u00e4tzliches Gep\u00e4ck:<\/strong> Unsere Nackenkissen mit F\u00fcllung f\u00fcr unterwegs sind f\u00fcr den Transport von Gegenst\u00e4nden konzipiert, die nicht in das Handgep\u00e4ck oder in pers\u00f6nliche Gegenst\u00e4nde passen, ohne dass Sie zus\u00e4tzliche Geb\u00fchren f\u00fcr aufgegebenes Gep\u00e4ck in H\u00f6he von bis zu $70 bezahlen m\u00fcssen. Mit unserem vielseitigen Reisebegleiter k\u00f6nnen Sie diese teuren Gep\u00e4ckgeb\u00fchren vermeiden. Packen Sie Kleidung und wichtige Dinge f\u00fcr bis zu 3 Tage in dieses Nackenkissen mit F\u00fcllung und machen Sie sich nie wieder Gedanken \u00fcber Geb\u00fchren f\u00fcr \u00dcbergep\u00e4ck.<\/li>\n<li><strong>Angenehmes Material:<\/strong>\u00a0Wir haben Sie mit bequemem und hochwertigem Material ausgestattet. Das Reise-Nackenkissen besteht aus Schwammverbundstoff und bietet Ihnen eine bequeme Haptik f\u00fcr ein wunderbares Reiseerlebnis. Sie k\u00f6nnen eine bequeme Nacken- und Lendenwirbelst\u00fctze im Flugzeug, auf Autofahrten und in der Bahn genie\u00dfen und es sogar als praktische Tragetasche auf Fahrr\u00e4dern und Motorr\u00e4dern verwenden!<\/li>\n<li><strong>Vielseitigkeit und Platzersparnis:<\/strong> Unser stopfbares Reisekissen f\u00fcr Kleidung verf\u00fcgt \u00fcber einen verstellbaren Riemen, mit dem es \u00fcber der Schulter oder um den Hals getragen werden kann. Egal, ob Sie zu einem Wochenendausflug, einem Campingabenteuer oder einer preisg\u00fcnstigen Flugreise aufbrechen, unser Reisekissen mit verstellbarer Halsgr\u00f6\u00dfe und zus\u00e4tzlichem Schultergurt vereinfacht das Packen und maximiert gleichzeitig den Platz im Gep\u00e4ck.<\/li>\n<li><strong>Selbstf\u00fcllendes Design:<\/strong> Unsere bef\u00fcllbaren Nackenkissen f\u00fcr unterwegs sind mit verdeckten seitlichen Rei\u00dfverschl\u00fcssen ausgestattet und die F\u00fcll\u00f6ffnung ist breit genug, um sie mit Kleidung zu f\u00fcllen und so den Platz in Ihrem Gep\u00e4ck optimal zu nutzen. Das Kissen nimmt nicht zu viel Platz ein, sodass Sie Kleidung einfach und ordentlich in die Nackenkissen f\u00fcr unterwegs stopfen k\u00f6nnen. Wenn sie nicht verwendet werden, k\u00f6nnen sie auch zu einer flachen Handtasche zusammengefaltet werden, die in eine Handtasche, einen Rucksack oder sogar eine Tasche passt.<\/li>\n<li><strong>Wichtige Reiseinformationen:<\/strong> Alles ist auf Bequemlichkeit und Komfort ausgerichtet. Das stopfbare Reisekissen ist f\u00fcr eine Reihe von Reisen geeignet, sei es ein spontaner Wochenendausflug, eine intensive Camping-Expedition, belebende Wanderungen oder eine preisg\u00fcnstige Flugreise. Unser Nackenkissen f\u00fcr die Reise kann Ihre Bed\u00fcrfnisse erf\u00fcllen und ist das beste Reisekissen f\u00fcr Reisende.<\/li>\n<\/ul>","protected":false},"featured_media":3380,"comment_status":"open","ping_status":"closed","template":"","meta":[],"product_brand":[],"product_cat":[228],"product_tag":[],"class_list":{"0":"post-3388","1":"product","2":"type-product","3":"status-publish","4":"has-post-thumbnail","6":"product_cat-cushions","8":"first","9":"instock","10":"shipping-taxable","11":"purchasable","12":"product-type-simple"},"_links":{"self":[{"href":"https:\/\/www.largepillow.com\/de\/wp-json\/wp\/v2\/product\/3388","targetHints":{"allow":["GET"]}}],"collection":[{"href":"https:\/\/www.largepillow.com\/de\/wp-json\/wp\/v2\/product"}],"about":[{"href":"https:\/\/www.largepillow.com\/de\/wp-json\/wp\/v2\/types\/product"}],"replies":[{"embeddable":true,"href":"https:\/\/www.largepillow.com\/de\/wp-json\/wp\/v2\/comments?post=3388"}],"wp:featuredmedia":[{"embeddable":true,"href":"https:\/\/www.largepillow.com\/de\/wp-json\/wp\/v2\/media\/3380"}],"wp:attachment":[{"href":"https:\/\/www.largepillow.com\/de\/wp-json\/wp\/v2\/media?parent=3388"}],"wp:term":[{"taxonomy":"product_brand","embeddable":true,"href":"https:\/\/www.largepillow.com\/de\/wp-json\/wp\/v2\/product_brand?post=3388"},{"taxonomy":"product_cat","embeddable":true,"href":"https:\/\/www.largepillow.com\/de\/wp-json\/wp\/v2\/product_cat?post=3388"},{"taxonomy":"product_tag","embeddable":true,"href":"https:\/\/www.largepillow.com\/de\/wp-json\/wp\/v2\/product_tag?post=3388"}],"curies":[{"name":"wp","href":"https:\/\/api.w.org\/{rel}","templated":true}]}}