{"id":3413,"date":"2024-07-23T03:06:14","date_gmt":"2024-07-23T03:06:14","guid":{"rendered":"https:\/\/www.largepillow.com\/product\/ergonomic-wedge-pillow-with-arm-hole-for-shoulder-pain-relief"},"modified":"2025-04-29T06:10:15","modified_gmt":"2025-04-29T06:10:15","slug":"ergonomisches-keilkissen-mit-armloch-zur-linderung-von-schulterschmerzen","status":"publish","type":"product","link":"https:\/\/www.largepillow.com\/de\/product\/ergonomic-wedge-pillow-with-arm-hole-for-shoulder-pain-relief","title":{"rendered":"Ergonomisches Keilkissen mit Armloch zur Linderung von Schulterschmerzen"},"content":{"rendered":"","protected":false},"excerpt":{"rendered":"<ul>\n<li><strong>Verstellbares Konturkissen aus Schaumstoff:<\/strong> Die U-f\u00f6rmige Kopfst\u00fctze und der Neigungspuffer unseres Seitenschl\u00e4ferkissens halten Ihre Wirbels\u00e4ule gerade, indem sie Ihre seitliche Schlafposition effektiv anpassen und korrigieren, den Druck auf Schultern, Arme und R\u00fccken lindern und mehr Ruheraum f\u00fcr die Schultern schaffen, sodass Sie bequem auf beiden Seiten schlafen k\u00f6nnen.<\/li>\n<li><strong>Keilkissen zur Schulterkontur:<\/strong> Die wissenschaftlich entwickelten Rillen im Schulterbereich sind f\u00fcr Seitenschl\u00e4fer geeignet. Sie k\u00f6nnen den Druck auf die Schultern beim Schlafen auf der Seite verringern und eine gekr\u00fcmmte Schlafhaltung vermeiden. Das Keilkissen ist breit genug, um die Arme darauf zu legen, sodass sich die Arme beim Schlafen auf der Seite nicht wie frei schwebend anf\u00fchlen. Gr\u00f6\u00dfe: 55 x 60 x 19 cm<\/li>\n<li><strong>Gebogene Kopfst\u00fctze:<\/strong> Unser Schlafkissen hat ein U-f\u00f6rmiges Design. Die Konturform bietet festen Halt f\u00fcr Ihre Halswirbels\u00e4ule und Ihren Kopf und passt sich auf nat\u00fcrliche Weise der Kopfhaltung an, wenn Sie auf der Seite oder auf dem R\u00fccken schlafen. So bleibt Ihr Nacken richtig mit dem Rest Ihres K\u00f6rpers ausgerichtet und Nacken- und Schulterschmerzen werden gelindert. Das Schlafkissen bietet besseren Halt f\u00fcr Kopf und Hals. Gr\u00f6\u00dfe: 20 x 39 x 10 cm.<\/li>\n<li><strong>F\u00fcllung und Stoff:<\/strong> Der wei\u00dfe Teil besteht aus atmungsaktivem Strickstoff, ist hautfreundlich und nicht stickig und f\u00fcr alle Jahreszeiten geeignet. Der beige Teil besteht aus weichem, mattiertem Samtstoff. Das keilf\u00f6rmige K\u00f6rperkissen ist mit hochdichtem Schaumstoff gef\u00fcllt, bietet langanhaltende und effektive Unterst\u00fctzung, hat eine starke Tragf\u00e4higkeit und verformt sich nicht so leicht. Die Kopfst\u00fctze besteht aus hochwertigem Memory-Schaum mit langsamer R\u00fcckfederung, der die Aufprallkraft gleichm\u00e4\u00dfig absorbieren und den Druck verteilen kann und eine ausgewogene Weichheit aufweist.<\/li>\n<li><strong>Breite Anwendung:<\/strong> Dieses Nackenst\u00fctzkissen eignet sich sehr gut f\u00fcr Senioren, B\u00fcroangestellte, Lehrer und Personen, die unter Schlafst\u00f6rungen leiden. Wenn Sie von Zeit zu Zeit das Gef\u00fchl haben, dass normaler Schlaf die Schmerzen und die Erm\u00fcdung Ihrer Schultern und Ihres Nackens nicht lindern kann, ist dieses ergonomische St\u00fctzkissen Ihre beste Wahl. Der wissenschaftlich entwickelte Winkel und die Kontur sorgen f\u00fcr einen angenehmen Schlaf und lindern Schulterschmerzen.<\/li>\n<li><strong>Ideale Schlafposition:<\/strong>\u00a0Die richtige Schlafhaltung verbessert die Schlafqualit\u00e4t und lindert schnell k\u00f6rperliche M\u00fcdigkeit und psychischen Stress. Unser spezielles Konturkissen lindert effektiv Schmerzen im Nacken-, Schulter-, R\u00fccken- und Taillenbereich.<\/li>\n<\/ul>","protected":false},"featured_media":3405,"comment_status":"open","ping_status":"closed","template":"","meta":[],"product_brand":[],"product_cat":[228],"product_tag":[],"class_list":{"0":"post-3413","1":"product","2":"type-product","3":"status-publish","4":"has-post-thumbnail","6":"product_cat-cushions","8":"first","9":"outofstock","10":"featured","11":"shipping-taxable","12":"purchasable","13":"product-type-simple"},"_links":{"self":[{"href":"https:\/\/www.largepillow.com\/de\/wp-json\/wp\/v2\/product\/3413","targetHints":{"allow":["GET"]}}],"collection":[{"href":"https:\/\/www.largepillow.com\/de\/wp-json\/wp\/v2\/product"}],"about":[{"href":"https:\/\/www.largepillow.com\/de\/wp-json\/wp\/v2\/types\/product"}],"replies":[{"embeddable":true,"href":"https:\/\/www.largepillow.com\/de\/wp-json\/wp\/v2\/comments?post=3413"}],"wp:featuredmedia":[{"embeddable":true,"href":"https:\/\/www.largepillow.com\/de\/wp-json\/wp\/v2\/media\/3405"}],"wp:attachment":[{"href":"https:\/\/www.largepillow.com\/de\/wp-json\/wp\/v2\/media?parent=3413"}],"wp:term":[{"taxonomy":"product_brand","embeddable":true,"href":"https:\/\/www.largepillow.com\/de\/wp-json\/wp\/v2\/product_brand?post=3413"},{"taxonomy":"product_cat","embeddable":true,"href":"https:\/\/www.largepillow.com\/de\/wp-json\/wp\/v2\/product_cat?post=3413"},{"taxonomy":"product_tag","embeddable":true,"href":"https:\/\/www.largepillow.com\/de\/wp-json\/wp\/v2\/product_tag?post=3413"}],"curies":[{"name":"wp","href":"https:\/\/api.w.org\/{rel}","templated":true}]}}