{"id":3491,"date":"2024-07-25T03:29:02","date_gmt":"2024-07-25T03:29:02","guid":{"rendered":"https:\/\/www.largepillow.com\/product\/big-gray-bed-reading-pillow-with-arms-lumbar-support"},"modified":"2024-10-03T16:31:25","modified_gmt":"2024-10-03T16:31:25","slug":"groses-graues-lesekissen-furs-bett-mit-armlehnen-und-lordosenstutze","status":"publish","type":"product","link":"https:\/\/www.largepillow.com\/de\/product\/big-gray-bed-reading-pillow-with-arms-lumbar-support\/","title":{"rendered":"Gro\u00dfes graues Lesekissen mit Armlehnen und Lendenwirbelst\u00fctze"},"content":{"rendered":"[zc_getpagecontent mb=&#8221;mb_aplus&#8221; apid=&#8221;68&#8243;]\n","protected":false},"excerpt":{"rendered":"<ul>\n<li>Weicher Samtstoff: Dieses erstklassige Lesekissen f\u00fcr Bettsessel ist mit hochwertiger PP-Baumwolle gef\u00fcllt, die weich und elastisch ist und Ihnen ein unglaublich angenehmes Gef\u00fchl vermittelt. Der Kissenbezug besteht aus glattem holl\u00e4ndischem Samtstoff, der sich zart und hautfreundlich anf\u00fchlt. Die Pl\u00fcschkissenbez\u00fcge sind abnehmbar und maschinenwaschbar.<\/li>\n<li>Gr\u00f6\u00dfe: Das Kissen ist 56 cm hoch und 89 cm breit und bietet ausreichend festen Halt f\u00fcr den R\u00fccken. Jeder Arm ist 19 cm dick, um Ihre Schultern und Ihren Nacken zu st\u00fctzen, Muskelverspannungen zu l\u00f6sen und den K\u00f6rper zu entspannen. Gewicht: 2,9 kg. Waschen: F\u00fcr einfache Pflege separat kalt in der Maschine waschen.<\/li>\n<li>Rei\u00dfverschl\u00fcsse: Die Unterseite des Kissenbezugs ist mit einem farblich passenden, unsichtbaren Rei\u00dfverschluss versehen, der f\u00fcr ein elegantes Aussehen, einfaches Einziehen und Waschen sorgt. Doppellagiger Schutz f\u00fcr Kissenbez\u00fcge und Futter. \u00d6ffnen Sie einfach den Rei\u00dfverschluss des Innenfutters, um die F\u00fcllung f\u00fcr einen individuellen Komfort anzupassen und sie nach Bedarf f\u00fcr gezielte Unterst\u00fctzung neu zu verteilen. Wenn Sie zus\u00e4tzliche F\u00fcllung ben\u00f6tigen, stellen wir Ihnen gerne zus\u00e4tzliche PP-Baumwolle zur Verf\u00fcgung.<\/li>\n<li>Das Lesekissen mit der stabilen Armlehne bietet eine gewisse St\u00fctzh\u00f6he in der Ellenbogenposition. Die weiche und dicke R\u00fcckenlehne hat eine langanhaltende Elastizit\u00e4t, 2 dekorative Kn\u00f6pfe, verst\u00e4rkte N\u00e4hte und Paspeln sorgen f\u00fcr ein vollst\u00e4ndiges und umfassendes Aussehen f\u00fcr eine ergonomischere Entspannungskurve des R\u00fcckens. Unser Lesekissen ist nicht nur bequem und niedlich, sondern verf\u00fcgt auch \u00fcber ein helles und farbenfrohes Design, das jedem Raum einen Farbtupfer verleiht.<\/li>\n<li>Auspacken, genie\u00dfen: Das R\u00fcckenkissen f\u00fcr das Bett im Sitzen wird w\u00e4hrend des Versands komprimiert. Einfach auspacken und 24-48 Stunden warten, bis es sich vollst\u00e4ndig ausgedehnt hat.<\/li>\n<\/ul>","protected":false},"featured_media":3482,"comment_status":"open","ping_status":"closed","template":"","meta":[],"product_brand":[],"product_cat":[228],"product_tag":[],"class_list":{"0":"post-3491","1":"product","2":"type-product","3":"status-publish","4":"has-post-thumbnail","6":"product_cat-cushions","8":"first","9":"outofstock","10":"shipping-taxable","11":"purchasable","12":"product-type-simple"},"_links":{"self":[{"href":"https:\/\/www.largepillow.com\/de\/wp-json\/wp\/v2\/product\/3491","targetHints":{"allow":["GET"]}}],"collection":[{"href":"https:\/\/www.largepillow.com\/de\/wp-json\/wp\/v2\/product"}],"about":[{"href":"https:\/\/www.largepillow.com\/de\/wp-json\/wp\/v2\/types\/product"}],"replies":[{"embeddable":true,"href":"https:\/\/www.largepillow.com\/de\/wp-json\/wp\/v2\/comments?post=3491"}],"wp:featuredmedia":[{"embeddable":true,"href":"https:\/\/www.largepillow.com\/de\/wp-json\/wp\/v2\/media\/3482"}],"wp:attachment":[{"href":"https:\/\/www.largepillow.com\/de\/wp-json\/wp\/v2\/media?parent=3491"}],"wp:term":[{"taxonomy":"product_brand","embeddable":true,"href":"https:\/\/www.largepillow.com\/de\/wp-json\/wp\/v2\/product_brand?post=3491"},{"taxonomy":"product_cat","embeddable":true,"href":"https:\/\/www.largepillow.com\/de\/wp-json\/wp\/v2\/product_cat?post=3491"},{"taxonomy":"product_tag","embeddable":true,"href":"https:\/\/www.largepillow.com\/de\/wp-json\/wp\/v2\/product_tag?post=3491"}],"curies":[{"name":"wp","href":"https:\/\/api.w.org\/{rel}","templated":true}]}}