{"id":3555,"date":"2024-07-25T04:27:49","date_gmt":"2024-07-25T04:27:49","guid":{"rendered":"https:\/\/www.largepillow.com\/product\/modern-fluffy-cat-small-dog-bed-with-washable-cover"},"modified":"2025-07-15T08:12:33","modified_gmt":"2025-07-15T08:12:33","slug":"modernes-flauschiges-katzen-hundebett-mit-waschbarem-bezug","status":"publish","type":"product","link":"https:\/\/www.largepillow.com\/de\/product\/modern-fluffy-cat-small-dog-bed-with-washable-cover\/","title":{"rendered":"Modernes, flauschiges Katzen- und kleines Hundebett mit waschbarem Bezug"},"content":{"rendered":"[zc_getpagecontent mb=&#8221;mb_aplus&#8221; apid=&#8221;61&#8243;]\n","protected":false},"excerpt":{"rendered":"<ul>\n<li>Einzigartiges Design: Ein modernes Haustiersofa, eine unverzichtbare Wahl f\u00fcr Haustierm\u00f6bel und ein stilvoller Akzent f\u00fcr Ihr Zuhause. Sein modisches Design und die sanften Farbauswahlen erg\u00e4nzen nahtlos jede Wohneinrichtung.<\/li>\n<li>Hochwertige Materialien: Die Vorteile von Maiskornsamt \u2013 atmungsaktiv, weich, bequem und langlebig. Gef\u00fcllt mit PP-Baumwolle f\u00fcr ein flauschiges Hundebett. Rutschfeste Unterseite verhindert Bewegung.<\/li>\n<li>Leicht abnehmbar zum Reinigen: Der Boden hat ein Rei\u00dfverschlussdesign, wodurch er sehr leicht abzunehmen und zu reinigen ist. Er kann direkt in der Maschine gewaschen werden, sodass er problemlos gereinigt werden kann. Die Innenf\u00fcllung des Sitzsack-Hundebetts ist in zwei abnehmbare Teile unterteilt, sodass der Bezug leicht gewaschen werden kann. Auch die Montage ist einfach, ein Montagevideo ist verf\u00fcgbar.<\/li>\n<li>Geeignet f\u00fcr mehrere Haustiere: Egal, ob Sie einen kleinen Hund, eine verspielte Katze oder sogar ein H\u00e4schen haben, unser Katzensofa ist f\u00fcr Haustiere unter 13,6 kg geeignet. Mit seiner ger\u00e4umigen Ruhefl\u00e4che und der stabilen Struktur kann es das Gewicht Ihres Haustieres bequem tragen und bietet gleichzeitig einen gem\u00fctlichen Ruheplatz.<\/li>\n<li>Ganzj\u00e4hrige Nutzung: Der Katzenliegestuhl ber\u00fccksichtigt unterschiedliche saisonale Bed\u00fcrfnisse, um Ihrem Haustier immer das beste Schlaferlebnis zu bieten, egal ob an kalten Wintertagen oder warmen Sommern \u2013 geeignet f\u00fcr die Nutzung das ganze Jahr \u00fcber. Und unser Hundesofabett ist vakuumverpackt in einer Schachtel. Bitte sch\u00fctteln Sie das Katzen-Squishmallowbett vor der Verwendung gr\u00fcndlich auf und warten Sie 48 Stunden nach der Verwendung, bevor es durch leichtes Sch\u00fctteln seine urspr\u00fcngliche Form wieder annimmt.<\/li>\n<\/ul>","protected":false},"featured_media":3542,"comment_status":"open","ping_status":"closed","template":"","meta":[],"product_brand":[],"product_cat":[227],"product_tag":[],"class_list":{"0":"post-3555","1":"product","2":"type-product","3":"status-publish","4":"has-post-thumbnail","6":"product_cat-pet-supplies","8":"first","9":"instock","10":"shipping-taxable","11":"purchasable","12":"product-type-simple"},"_links":{"self":[{"href":"https:\/\/www.largepillow.com\/de\/wp-json\/wp\/v2\/product\/3555","targetHints":{"allow":["GET"]}}],"collection":[{"href":"https:\/\/www.largepillow.com\/de\/wp-json\/wp\/v2\/product"}],"about":[{"href":"https:\/\/www.largepillow.com\/de\/wp-json\/wp\/v2\/types\/product"}],"replies":[{"embeddable":true,"href":"https:\/\/www.largepillow.com\/de\/wp-json\/wp\/v2\/comments?post=3555"}],"wp:featuredmedia":[{"embeddable":true,"href":"https:\/\/www.largepillow.com\/de\/wp-json\/wp\/v2\/media\/3542"}],"wp:attachment":[{"href":"https:\/\/www.largepillow.com\/de\/wp-json\/wp\/v2\/media?parent=3555"}],"wp:term":[{"taxonomy":"product_brand","embeddable":true,"href":"https:\/\/www.largepillow.com\/de\/wp-json\/wp\/v2\/product_brand?post=3555"},{"taxonomy":"product_cat","embeddable":true,"href":"https:\/\/www.largepillow.com\/de\/wp-json\/wp\/v2\/product_cat?post=3555"},{"taxonomy":"product_tag","embeddable":true,"href":"https:\/\/www.largepillow.com\/de\/wp-json\/wp\/v2\/product_tag?post=3555"}],"curies":[{"name":"wp","href":"https:\/\/api.w.org\/{rel}","templated":true}]}}