{"id":3563,"date":"2024-07-25T05:38:21","date_gmt":"2024-07-25T05:38:21","guid":{"rendered":"https:\/\/www.largepillow.com\/product\/self-supporting-wedge-backrest-cushion-for-reading"},"modified":"2025-04-20T21:59:31","modified_gmt":"2025-04-20T21:59:31","slug":"selbsttragendes-keilruckenkissen-zum-lesen","status":"publish","type":"product","link":"https:\/\/www.largepillow.com\/de\/product\/self-supporting-wedge-backrest-cushion-for-reading\/","title":{"rendered":"Selbsttragendes Keil-R\u00fcckenkissen zum Lesen"},"content":{"rendered":"[zc_getpagecontent mb=&#8221;mb_aplus&#8221; apid=&#8221;58&#8243;]\n","protected":false},"excerpt":{"rendered":"<ul>\n<li>Hochwertiges Material: Das selbsttragende R\u00fcckenkissen besteht aus einer keilf\u00f6rmigen St\u00fctze und einem R\u00fcckenkissen, die aus Schaumstoff und einem mit PP-Baumwolle gef\u00fcllten Kissen bestehen. In der Mitte befindet sich ein Rei\u00dfverschluss, die Unterseite aus Schaumstoff ist rutschfest, um den Widerstand zu erh\u00f6hen. Das Kissen ben\u00f6tigt keine zus\u00e4tzliche St\u00fctze, Sie k\u00f6nnen darauf stehen. Wenn Sie sich auf das Keilst\u00fctzkissen lehnen, ist die St\u00e4rke gr\u00f6\u00dfer und Sie k\u00f6nnen sich entspannen.<\/li>\n<li>Gr\u00f6\u00dfendetails: Das Lesekissen misst 75 \u00d7 58 \u00d7 55 cm in L\u00e4nge, Breite und H\u00f6he und bietet ein festes R\u00fcckenst\u00fctzkissen. Die Schwammkurve st\u00fctzt die Wirbels\u00e4ule, das Kissen aus PP-Baumwolle passt sich Ihrem K\u00f6rper an, wenn Sie sich auf die R\u00fcckenlehne lehnen, die Form der beiden Seiten nach innen wie eine gro\u00dfe Umarmung, Rundum-Unterst\u00fctzung f\u00fcr den R\u00fccken, st\u00fctzend und weich und bequem<\/li>\n<li>Ergonomisches Design: Die R\u00fcckenlehne des Nachttisch-Sofakissens ist speziell so gestaltet, dass sie die nat\u00fcrliche Kr\u00fcmmung der menschlichen Wirbels\u00e4ule nachahmt und ausreichend Halt und Entspannung f\u00fcr langes Sitzen oder Liegen bietet. Verabschieden Sie sich von R\u00fccken- und Nackenbeschwerden mit unseren st\u00fctzenden und bequemen Lesekissen zum Sitzen im Bett f\u00fcr Erwachsene<\/li>\n<li>Selbsttragendes Design: Das selbsttragende Dreieckskissen verf\u00fcgt \u00fcber ein keilf\u00f6rmiges Bodendesign mit einer rutschfesten Unterseite f\u00fcr zus\u00e4tzlichen Widerstand. Das Dreieckskissen muss nicht an einer Wand gelehnt werden, um stabilen Halt zu bieten, und je mehr Sie sich dagegen lehnen, desto stabiler wird das Kissen sein. Selbsttragende Dreieckskissen k\u00f6nnen ohne Einschr\u00e4nkung der Szenarien auf Sofas, Betten und B\u00f6den verwendet werden, was sie flexibler macht.<\/li>\n<li>Vielseitige Verwendung: Die R\u00fcckenlehne des Nachttisch-Sofakissens ist nicht nur f\u00fcr Betten geeignet. Sie kann auf Sofas und auf dem Boden verwendet werden. Sie bietet hervorragende Nacken-, R\u00fccken- und Taillen- und H\u00fcftunterst\u00fctzung und ist damit das perfekte Accessoire f\u00fcr alle Ihre Freizeitaktivit\u00e4ten. Dieses Keilkissen f\u00fcr das Kopfteil ist ein gro\u00dfartiges Geschenk f\u00fcr Liebhaber, Freunde und Eltern bei allen Festen.<\/li>\n<\/ul>","protected":false},"featured_media":3556,"comment_status":"open","ping_status":"closed","template":"","meta":[],"product_brand":[],"product_cat":[228],"product_tag":[],"class_list":{"0":"post-3563","1":"product","2":"type-product","3":"status-publish","4":"has-post-thumbnail","6":"product_cat-cushions","8":"first","9":"outofstock","10":"shipping-taxable","11":"purchasable","12":"product-type-simple"},"_links":{"self":[{"href":"https:\/\/www.largepillow.com\/de\/wp-json\/wp\/v2\/product\/3563","targetHints":{"allow":["GET"]}}],"collection":[{"href":"https:\/\/www.largepillow.com\/de\/wp-json\/wp\/v2\/product"}],"about":[{"href":"https:\/\/www.largepillow.com\/de\/wp-json\/wp\/v2\/types\/product"}],"replies":[{"embeddable":true,"href":"https:\/\/www.largepillow.com\/de\/wp-json\/wp\/v2\/comments?post=3563"}],"wp:featuredmedia":[{"embeddable":true,"href":"https:\/\/www.largepillow.com\/de\/wp-json\/wp\/v2\/media\/3556"}],"wp:attachment":[{"href":"https:\/\/www.largepillow.com\/de\/wp-json\/wp\/v2\/media?parent=3563"}],"wp:term":[{"taxonomy":"product_brand","embeddable":true,"href":"https:\/\/www.largepillow.com\/de\/wp-json\/wp\/v2\/product_brand?post=3563"},{"taxonomy":"product_cat","embeddable":true,"href":"https:\/\/www.largepillow.com\/de\/wp-json\/wp\/v2\/product_cat?post=3563"},{"taxonomy":"product_tag","embeddable":true,"href":"https:\/\/www.largepillow.com\/de\/wp-json\/wp\/v2\/product_tag?post=3563"}],"curies":[{"name":"wp","href":"https:\/\/api.w.org\/{rel}","templated":true}]}}