{"id":374,"date":"2022-09-15T22:39:47","date_gmt":"2022-09-15T22:39:47","guid":{"rendered":"https:\/\/www.largepillow.com\/product\/big-pillows-for-bed-headboard"},"modified":"2025-12-17T13:30:39","modified_gmt":"2025-12-17T13:30:39","slug":"ruckenlehne-kissen","status":"publish","type":"product","link":"https:\/\/www.largepillow.com\/de\/product\/backrest-pillow\/","title":{"rendered":"R\u00fcckenlehnenkissen"},"content":{"rendered":"<p>Entdecken Sie den ultimativen Komfort mit dem R\u00fcckenlehnenkissen<\/p>\n<p>Sie haben es satt, beim Lesen oder Fernsehen im Bett m\u00fchsam eine bequeme Sitzposition zu finden? Wir pr\u00e4sentieren das R\u00fcckenkissen \u2013 das dreieckige Kissen, das der Entspannung vor dem Schlafengehen neue H\u00f6hen verleiht. <\/p>\n<p>Dank seines ergonomischen Designs passt sich dieses Kopfteilkissen perfekt Ihrem R\u00fccken und Ihrer Taille an, bietet eine ma\u00dfgeschneiderte Lendenwirbelst\u00fctze und minimiert die R\u00fcckenbelastung. Die hochdichte Polyesterf\u00fcllung ist so strukturiert, dass sie mit der Zeit nicht abflacht, w\u00e4hrend sich der Bezug aus 100%-Polyestersamt weich und luxuri\u00f6s auf Ihrer Haut anf\u00fchlt.<\/p>\n<p>Aber verlassen Sie sich nicht nur auf unser Wort. Hier ist, was begeisterte Kunden zu sagen haben:<\/p>\n<p>\u201eDieses Kissen ist f\u00fcr mich als uners\u00e4ttlichen Nachtleser ein Lebensretter. Ich kann stundenlang aufrecht im Bett sitzen, ohne R\u00fcckenschmerzen zu haben.\u201c<\/p>\n<p>\u201eIch liebe es, mich bei Filmabenden mit meinem Partner auf diesem riesigen Kissen abzust\u00fctzen. Es ist breit genug, damit wir beide bequem darauf Platz haben.\u201c <\/p>\n<p>\u201eDie Dreiecksform passt sich meinem K\u00f6rper perfekt an. Ich wache nicht mehr mit einem steifen Nacken auf, wenn ich aufrecht eingeschlafen bin.\u201c<\/p>\n<p>Mit Gr\u00f6\u00dfen von 45 cm bis hin zu ger\u00e4umigen 200 cm bietet das R\u00fcckenkissen f\u00fcr jeden Benutzer eine Option. Der Kissenbezug l\u00e4sst sich \u00f6ffnen und ist maschinenwaschbar, was die Reinigung und Wartung vereinfacht. <\/p>\n<p>G\u00f6nnen Sie Ihrem R\u00fccken eine Auszeit und ein Upgrade Ihrer Entspannungszeit mit dem R\u00fcckenkissen. Ihr Komfort wartet!<\/p>","protected":false},"excerpt":{"rendered":"<ul>\n<li><strong>Ultimativer Komfort:<\/strong> Dieses Kopfteilkissen bietet dank seiner dreieckigen Form einen hervorragenden Komfort. Das Bettst\u00fctzkissen passt sich gut dem R\u00fccken und der Taille an und minimiert den Druck auf die Lendenwirbels\u00e4ule und den R\u00fccken. Dieses Keil-Lesekissen kann Ihnen helfen, im Bett oder auf dem Sofa spannungsfrei zu bleiben, was ideal f\u00fcr berufst\u00e4tige Nachtschw\u00e4rmer, B\u00fccherw\u00fcrmer und zum Fernsehen im Bett ist. Dieses extra gro\u00dfe Nackenrollenkissen ist das einzige Kissen mit Keilkopfteil, das Platz f\u00fcr zwei Personen bietet.<\/li>\n<li><strong>3-in-1 gro\u00dfes Nackenkissen:<\/strong> Sie k\u00f6nnen das Kissen aufrecht als R\u00fcckenst\u00fctzkissen f\u00fcr das Kopfteil beim Sitzen im Bett verwenden oder es flach auf das Bett legen, um es als gro\u00dfes Keilkissen beim Schlafen auf dem R\u00fccken oder auf der Seite oder als Beinkissen zum Hochlagern Ihrer Beine zu verwenden. Wenn Sie ein gro\u00dfes Kopfteilkissen w\u00fcnschen, das Ihnen und Ihrem Ehepartner Halt bietet. Es ist eine ausgezeichnete Alternative.<\/li>\n<li><strong>Multifunktionales Design:<\/strong> Einige Leute verwenden das gro\u00dfe Dreieckskissen als Kopfteilkissen, w\u00e4hrend andere es als Sto\u00dfkissen verwenden. Es kann auch als Kissen f\u00fcr die R\u00fcckenlehne einer Couch oder eines Tagesbetts verwendet werden. Es ist sowohl stilvoll als auch funktional und somit eine hervorragende Erg\u00e4nzung f\u00fcr jedes Schlafzimmer.<\/li>\n<li><strong>\u00dcberlegene Handwerkskunst:<\/strong> Unser Kissenbezug besteht aus 100%-Polyestersamt, das weich, elegant und angenehm anzufassen ist. Die Polsterung besteht aus hochdichten, hochwertigen Polyesterfasern, die auch nach monatelanger Nutzung ein Durchh\u00e4ngen verhindern. Au\u00dferdem verf\u00fcgt es \u00fcber Seitentaschen f\u00fcr Ihr Buch oder Ihr Telefon.<\/li>\n<li><strong>Einfach zu s\u00e4ubern:<\/strong> Der Lesekissenbezug ist mit Kn\u00f6pfen am Kissen befestigt und l\u00e4sst sich mit einem einfachen Rei\u00dfverschluss leicht abnehmen. Dadurch ist die Reinigung problemlos m\u00f6glich. Nehmen Sie einfach den Bezug ab und waschen Sie ihn kurz in der Maschine, damit Ihr Kissen wie neu aussieht.<\/li>\n<li><strong>Gr\u00f6\u00dfe:<\/strong> 45 cm (L45 x B20 x H50 | 0 Kn\u00f6pfe), 60 cm (L60 x B20 x H50 | 0 Kn\u00f6pfe), 80 cm (L80 x B20 x H50 | 2 Kn\u00f6pfe), 100 cm (L100 x B20 x H50 | 3 Kn\u00f6pfe), 120 cm ( L120 x B20 x H50 | 4 Kn\u00f6pfe), 140 cm (L140 x B20 x H50 | 4 Kn\u00f6pfe), 160 cm (L160 x B20 x H50 | 5 Kn\u00f6pfe), 180 cm (L180 x B20 x H50 | 6 Kn\u00f6pfe), 200 cm (L200 x B20 x H50 | 7 Kn\u00f6pfe).<\/li>\n<\/ul>","protected":false},"featured_media":357,"comment_status":"open","ping_status":"closed","template":"","meta":[],"product_brand":[],"product_cat":[15],"product_tag":[66,60,215,216,201,132,112,143,182,120],"class_list":{"0":"post-374","1":"product","2":"type-product","3":"status-publish","4":"has-post-thumbnail","6":"product_cat-large-wedge-pillow","7":"product_tag-back-support-pillow","8":"product_tag-backrest-pillow","9":"product_tag-couch-backrest-cushion","10":"product_tag-daybed-bolster","11":"product_tag-grey-pillow","12":"product_tag-large-bolster-pillow","13":"product_tag-lumbar-support-pillow","14":"product_tag-multifunctional-pillow","15":"product_tag-triangle-back-pillow","16":"product_tag-velvet-pillow","18":"first","19":"instock","20":"featured","21":"shipping-taxable","22":"purchasable","23":"product-type-variable"},"_links":{"self":[{"href":"https:\/\/www.largepillow.com\/de\/wp-json\/wp\/v2\/product\/374","targetHints":{"allow":["GET"]}}],"collection":[{"href":"https:\/\/www.largepillow.com\/de\/wp-json\/wp\/v2\/product"}],"about":[{"href":"https:\/\/www.largepillow.com\/de\/wp-json\/wp\/v2\/types\/product"}],"replies":[{"embeddable":true,"href":"https:\/\/www.largepillow.com\/de\/wp-json\/wp\/v2\/comments?post=374"}],"wp:featuredmedia":[{"embeddable":true,"href":"https:\/\/www.largepillow.com\/de\/wp-json\/wp\/v2\/media\/357"}],"wp:attachment":[{"href":"https:\/\/www.largepillow.com\/de\/wp-json\/wp\/v2\/media?parent=374"}],"wp:term":[{"taxonomy":"product_brand","embeddable":true,"href":"https:\/\/www.largepillow.com\/de\/wp-json\/wp\/v2\/product_brand?post=374"},{"taxonomy":"product_cat","embeddable":true,"href":"https:\/\/www.largepillow.com\/de\/wp-json\/wp\/v2\/product_cat?post=374"},{"taxonomy":"product_tag","embeddable":true,"href":"https:\/\/www.largepillow.com\/de\/wp-json\/wp\/v2\/product_tag?post=374"}],"curies":[{"name":"wp","href":"https:\/\/api.w.org\/{rel}","templated":true}]}}