{"id":3816,"date":"2024-09-04T02:42:30","date_gmt":"2024-09-04T02:42:30","guid":{"rendered":"https:\/\/www.largepillow.com\/product\/office-chair-back-support-ergonomic-lumbar-pillow-3d-mesh"},"modified":"2025-03-15T17:25:00","modified_gmt":"2025-03-15T17:25:00","slug":"burostuhl-ruckenstutze-ergonomisches-lendenkissen-3d-netzgewebe","status":"publish","type":"product","link":"https:\/\/www.largepillow.com\/de\/product\/office-chair-back-support-ergonomic-lumbar-pillow-3d-mesh\/","title":{"rendered":"R\u00fcckenst\u00fctze f\u00fcr B\u00fcrost\u00fchle, ergonomisches Lendenkissen, 3D-Netzgewebe"},"content":{"rendered":"[zc_getpagecontent mb=&#8221;mb_aplus&#8221; apid=&#8221;83&#8243;]\n","protected":false},"excerpt":{"rendered":"<ul>\n<li><strong>Qualit\u00e4tsmaterial:<\/strong> Das R\u00fcckenkissen unseres B\u00fcrostuhls besteht aus Air-Layer-Gewebe und ist mit PP-Baumwolle gef\u00fcllt. Es ist atmungsaktiv, weich und bequem, dick und voll und verformt sich nicht so leicht. Dieses Kissen sorgt f\u00fcr eine gute Luftzirkulation, h\u00e4lt Ihren R\u00fccken jederzeit k\u00fchl und bequem und bietet eine gute R\u00fcckenst\u00fctze.<\/li>\n<li><strong>Ergonomisch gestaltete R\u00fcckenst\u00fctze:<\/strong>\u00a0Das Lendenst\u00fctzkissen ist ergonomisch gestaltet, um Schmerzen oder Verspannungen im oberen, mittleren und unteren R\u00fccken zu lindern, eine bequeme Unterst\u00fctzung f\u00fcr eine gesunde Sitzhaltung zu bieten und den Druck auf die Wirbels\u00e4ule zu verringern. Wenn Sie lange Zeit auf einem B\u00fcrostuhl, Gaming-Stuhl, Schreibtisch- oder Computerstuhl sitzen oder im Auto oder LKW fahren, wird Ihnen dieses Autositzr\u00fcckenkissen eine gro\u00dfe Hilfe sein.<\/li>\n<li><strong>Unterst\u00fctzt den gesamten R\u00fccken:<\/strong> Das Lendenkissen hat die Ma\u00dfe 21,6 x 14,2 Zoll in H\u00f6he und Breite. Die breiteren und dickeren Seiten umschlie\u00dfen Ihre gesamte Taille und Ihren R\u00fccken und st\u00fctzen Ihr Ges\u00e4\u00df. Die zentrale W\u00f6lbung passt sich perfekt der nat\u00fcrlichen Kr\u00fcmmung Ihres R\u00fcckens an und bietet zus\u00e4tzliche Unterst\u00fctzung f\u00fcr die Wirbels\u00e4ule. Das ergonomisch geformte Lendenkissen lindert effektiv R\u00fcckenschmerzen und verbessert Ihre Sitzhaltung.<\/li>\n<li><strong>Verstellbares Riemendesign:<\/strong> Unsere orthop\u00e4dische R\u00fcckenlehne mit verstellbarem Gummiband sorgt daf\u00fcr, dass die R\u00fcckenpolster auf dem Sitz bleiben, ohne zu verrutschen. Unser R\u00fcckenpolster verf\u00fcgt \u00fcber eine geschwungene Form und eine 3D-Taillenform, die den R\u00fccken kontinuierlich st\u00fctzt. Dank des verstellbaren Bands passt die R\u00fcckenlehne perfekt auf fast jeden B\u00fcrostuhl, Computerstuhl, Sessel, Sofa, Couch, Autositz, LKW, Rollstuhl oder Liegestuhl.<\/li>\n<li><strong>Sch\u00fctzen Sie Ihre Gesundheit:<\/strong> Mit unserem Lendenwirbelst\u00fctzkissen k\u00f6nnen Sie Ihre Wirbels\u00e4ule besser sch\u00fctzen. Die R\u00fcckenst\u00fctze f\u00fcr den Schreibtischstuhl hilft, Verspannungen im unteren und mittleren R\u00fcckenbereich zu lindern, die durch langes Sitzen oder Autofahren verursacht werden. Wenn Sie h\u00e4ufig R\u00fcckenschmerzen durch langes Sitzen haben, sollten Sie unbedingt ein R\u00fcckenkissen f\u00fcr den B\u00fcrostuhl ausprobieren.<\/li>\n<\/ul>","protected":false},"featured_media":3809,"comment_status":"open","ping_status":"closed","template":"","meta":[],"product_brand":[],"product_cat":[228],"product_tag":[],"class_list":{"0":"post-3816","1":"product","2":"type-product","3":"status-publish","4":"has-post-thumbnail","6":"product_cat-cushions","8":"first","9":"outofstock","10":"shipping-taxable","11":"purchasable","12":"product-type-simple"},"_links":{"self":[{"href":"https:\/\/www.largepillow.com\/de\/wp-json\/wp\/v2\/product\/3816","targetHints":{"allow":["GET"]}}],"collection":[{"href":"https:\/\/www.largepillow.com\/de\/wp-json\/wp\/v2\/product"}],"about":[{"href":"https:\/\/www.largepillow.com\/de\/wp-json\/wp\/v2\/types\/product"}],"replies":[{"embeddable":true,"href":"https:\/\/www.largepillow.com\/de\/wp-json\/wp\/v2\/comments?post=3816"}],"wp:featuredmedia":[{"embeddable":true,"href":"https:\/\/www.largepillow.com\/de\/wp-json\/wp\/v2\/media\/3809"}],"wp:attachment":[{"href":"https:\/\/www.largepillow.com\/de\/wp-json\/wp\/v2\/media?parent=3816"}],"wp:term":[{"taxonomy":"product_brand","embeddable":true,"href":"https:\/\/www.largepillow.com\/de\/wp-json\/wp\/v2\/product_brand?post=3816"},{"taxonomy":"product_cat","embeddable":true,"href":"https:\/\/www.largepillow.com\/de\/wp-json\/wp\/v2\/product_cat?post=3816"},{"taxonomy":"product_tag","embeddable":true,"href":"https:\/\/www.largepillow.com\/de\/wp-json\/wp\/v2\/product_tag?post=3816"}],"curies":[{"name":"wp","href":"https:\/\/api.w.org\/{rel}","templated":true}]}}