{"id":432,"date":"2022-09-16T01:26:03","date_gmt":"2022-09-16T01:26:03","guid":{"rendered":"https:\/\/www.largepillow.com\/product\/headboard-for-bed"},"modified":"2025-11-05T02:15:27","modified_gmt":"2025-11-05T02:15:27","slug":"groses-ruckenstutzkissen","status":"publish","type":"product","link":"https:\/\/www.largepillow.com\/de\/product\/large-back-support-pillow","title":{"rendered":"Gro\u00dfes R\u00fcckenst\u00fctzkissen"},"content":{"rendered":"<p>Das gro\u00dfe R\u00fcckenst\u00fctzkissen \u2013 Ihre ultimative L\u00f6sung f\u00fcr ein gem\u00fctliches und komfortables Liegeerlebnis! Dieses Kopfteilkissen hat eine dreieckige Form und bietet eine hervorragende Unterst\u00fctzung f\u00fcr R\u00fccken und Taille und minimiert so den Druck auf die Lendenwirbels\u00e4ule und den R\u00fccken. Egal, ob Sie ein Nachtschw\u00e4rmer sind, der gerne im Bett arbeitet, ein B\u00fccherwurm, der gerne im Bett liest, oder jemand, der gerne im Bett fernsieht, dieses keilf\u00f6rmige Lesekissen hilft Ihnen, entspannt und spannungsfrei zu bleiben.<\/p>\n<p>Dieses gro\u00dfe Nackenrollenkissen ist das einzige Kissen mit Keilkopfteil, das Platz f\u00fcr zwei Personen bietet, und eignet sich daher perfekt f\u00fcr Paare, die es gerne im Bett kuscheln. Dank seines 3-in-1-Designs k\u00f6nnen Sie es als R\u00fcckenst\u00fctzkissen beim Sitzen im Bett, als gro\u00dfes Keilkissen beim Schlafen auf dem R\u00fccken oder auf der Seite oder als Beinkissen zum Hochlagern Ihrer Beine verwenden.<\/p>\n<p>Das multifunktionale Design dieses gro\u00dfen Dreieckskissens macht es zu etwas wirklich Au\u00dfergew\u00f6hnlichem. Sie k\u00f6nnen es als Sto\u00dfkissen, als R\u00fcckenkissen f\u00fcr Sofa oder Tagesbett oder sogar als Kopfteilkissen verwenden. Es ist sowohl stilvoll als auch funktional und somit eine hervorragende Erg\u00e4nzung f\u00fcr jedes Schlafzimmer.<\/p>\n<p>Die hervorragende Verarbeitung unseres gro\u00dfen R\u00fcckenst\u00fctzkissens spiegelt sich in seinen Materialien und seinem Design wider. Der Kissenbezug besteht aus 100%-Polyestersamt, der weich, elegant und angenehm anzufassen ist, und die Polsterung besteht aus hochdichten, hochwertigen Polyesterfasern, die auch nach Monaten des Gebrauchs nicht durchh\u00e4ngen. Es verf\u00fcgt sogar \u00fcber Seitentaschen f\u00fcr Ihr Buch oder Telefon.<\/p>\n<p>Die Reinigung dieses Lesekissens ist problemlos. Der Bezug ist mit Kn\u00f6pfen am Kissen befestigt und l\u00e4sst sich dank eines einfachen Rei\u00dfverschlusses leicht abnehmen. Nehmen Sie einfach den Bezug ab und waschen Sie ihn in der Maschine, damit Ihr Kissen wie neu aussieht.<\/p>\n<p>Erh\u00e4ltlich in verschiedenen Gr\u00f6\u00dfen von 45 cm bis 200 cm, k\u00f6nnen Sie die ideale Gr\u00f6\u00dfe ausw\u00e4hlen, die Ihren Anforderungen entspricht. Und dank der Vielzahl der verf\u00fcgbaren Farben k\u00f6nnen Sie das gro\u00dfe R\u00fcckenst\u00fctzkissen m\u00fchelos an das Farbschema Ihres Schlafzimmers anpassen.<\/p>\n<p>Kunden schw\u00e4rmen von unserem gro\u00dfen R\u00fcckenst\u00fctzkissen und einige nennen es das Beste, was sie f\u00fcr ihr Bett gekauft haben. Ein Kunde sagte: \u201eDieses Kissen hat einen gro\u00dfen Unterschied in meinem Leben gemacht. Es bietet hervorragenden Halt und ich liebe es, wie es in meinem Schlafzimmer aussieht.\u201c Ein anderer sagte: \u201eDas Material ist so weich und bequem. Ich kann mir nicht vorstellen, ohne zu schlafen.\u201c<\/p>\n<p>Wenn Sie Komfort, Unterst\u00fctzung und Stil suchen, sind Sie mit dem gro\u00dfen R\u00fcckenst\u00fctzkissen genau richtig. Probieren Sie es selbst aus und finden Sie heraus, warum so viel Aufhebens darum gemacht wird!<\/p>","protected":false},"excerpt":{"rendered":"<ul>\n<li><strong>Ultimativer Komfort:<\/strong> Dieses Kopfteilkissen bietet dank seiner dreieckigen Form einen hervorragenden Komfort. Das Bettst\u00fctzkissen passt sich gut dem R\u00fccken und der Taille an und minimiert den Druck auf die Lendenwirbels\u00e4ule und den R\u00fccken. Dieses Keil-Lesekissen kann Ihnen helfen, im Bett oder auf dem Sofa spannungsfrei zu bleiben, was ideal f\u00fcr berufst\u00e4tige Nachtschw\u00e4rmer, B\u00fccherw\u00fcrmer und zum Fernsehen im Bett ist. Dieses extra gro\u00dfe Nackenrollenkissen ist das einzige Kissen mit Keilkopfteil, das Platz f\u00fcr zwei Personen bietet.<\/li>\n<li><strong>3-in-1 gro\u00dfes Nackenkissen:<\/strong> Sie k\u00f6nnen das Kissen aufrecht als R\u00fcckenst\u00fctzkissen f\u00fcr das Kopfteil beim Sitzen im Bett verwenden oder es flach auf das Bett legen, um es als gro\u00dfes Keilkissen beim Schlafen auf dem R\u00fccken oder auf der Seite oder als Beinkissen zum Hochlagern Ihrer Beine zu verwenden. Wenn Sie ein gro\u00dfes Kopfteilkissen w\u00fcnschen, das Ihnen und Ihrem Ehepartner Halt bietet. Es ist eine ausgezeichnete Alternative.<\/li>\n<li><strong>Multifunktionales Design:<\/strong> Einige Leute verwenden das gro\u00dfe Dreieckskissen als Kopfteilkissen, w\u00e4hrend andere es als Sto\u00dfkissen verwenden. Es kann auch als Kissen f\u00fcr die R\u00fcckenlehne einer Couch oder eines Tagesbetts verwendet werden. Es ist sowohl stilvoll als auch funktional und somit eine hervorragende Erg\u00e4nzung f\u00fcr jedes Schlafzimmer.<\/li>\n<li><strong>\u00dcberlegene Handwerkskunst:<\/strong> Unser Kissenbezug besteht aus 100%-Polyestersamt, das weich, elegant und angenehm anzufassen ist. Die Polsterung besteht aus hochdichten, hochwertigen Polyesterfasern, die auch nach monatelanger Nutzung ein Durchh\u00e4ngen verhindern. Au\u00dferdem verf\u00fcgt es \u00fcber Seitentaschen f\u00fcr Ihr Buch oder Ihr Telefon.<\/li>\n<li><strong>Einfach zu s\u00e4ubern:<\/strong> Der Lesekissenbezug ist mit Kn\u00f6pfen am Kissen befestigt und l\u00e4sst sich mit einem einfachen Rei\u00dfverschluss leicht abnehmen. Dadurch ist die Reinigung problemlos m\u00f6glich. Nehmen Sie einfach den Bezug ab und waschen Sie ihn kurz in der Maschine, damit Ihr Kissen wie neu aussieht.<\/li>\n<li><strong>Gr\u00f6\u00dfe:<\/strong> 45 cm (L45 x B20 x H50 | 0 Kn\u00f6pfe), 60 cm (L60 x B20 x H50 | 0 Kn\u00f6pfe), 80 cm (L80 x B20 x H50 | 2 Kn\u00f6pfe), 100 cm (L100 x B20 x H50 | 3 Kn\u00f6pfe), 120 cm ( L120 x B20 x H50 | 4 Kn\u00f6pfe), 140 cm (L140 x B20 x H50 | 4 Kn\u00f6pfe), 160 cm (L160 x B20 x H50 | 5 Kn\u00f6pfe), 180 cm (L180 x B20 x H50 | 6 Kn\u00f6pfe), 200 cm (L200 x B20 x H50 | 7 Kn\u00f6pfe).<\/li>\n<\/ul>","protected":false},"featured_media":414,"comment_status":"open","ping_status":"closed","template":"","meta":[],"product_brand":[],"product_cat":[15],"product_tag":[205,67,204,168,132,163,112,143,71,65],"class_list":{"0":"post-432","1":"product","2":"type-product","3":"status-publish","4":"has-post-thumbnail","6":"product_cat-large-wedge-pillow","7":"product_tag-back-support-headboard-pillow","8":"product_tag-backrest-reading-pillow","9":"product_tag-bed-support-cushion","10":"product_tag-headboard-pillow","11":"product_tag-large-bolster-pillow","12":"product_tag-leg-pillow","13":"product_tag-lumbar-support-pillow","14":"product_tag-multifunctional-pillow","15":"product_tag-tv-pillow","16":"product_tag-wedge-pillow","18":"first","19":"instock","20":"featured","21":"shipping-taxable","22":"purchasable","23":"product-type-variable"},"_links":{"self":[{"href":"https:\/\/www.largepillow.com\/de\/wp-json\/wp\/v2\/product\/432","targetHints":{"allow":["GET"]}}],"collection":[{"href":"https:\/\/www.largepillow.com\/de\/wp-json\/wp\/v2\/product"}],"about":[{"href":"https:\/\/www.largepillow.com\/de\/wp-json\/wp\/v2\/types\/product"}],"replies":[{"embeddable":true,"href":"https:\/\/www.largepillow.com\/de\/wp-json\/wp\/v2\/comments?post=432"}],"wp:featuredmedia":[{"embeddable":true,"href":"https:\/\/www.largepillow.com\/de\/wp-json\/wp\/v2\/media\/414"}],"wp:attachment":[{"href":"https:\/\/www.largepillow.com\/de\/wp-json\/wp\/v2\/media?parent=432"}],"wp:term":[{"taxonomy":"product_brand","embeddable":true,"href":"https:\/\/www.largepillow.com\/de\/wp-json\/wp\/v2\/product_brand?post=432"},{"taxonomy":"product_cat","embeddable":true,"href":"https:\/\/www.largepillow.com\/de\/wp-json\/wp\/v2\/product_cat?post=432"},{"taxonomy":"product_tag","embeddable":true,"href":"https:\/\/www.largepillow.com\/de\/wp-json\/wp\/v2\/product_tag?post=432"}],"curies":[{"name":"wp","href":"https:\/\/api.w.org\/{rel}","templated":true}]}}