{"id":4365,"date":"2024-09-13T03:28:21","date_gmt":"2024-09-13T03:28:21","guid":{"rendered":"https:\/\/www.largepillow.com\/product\/large-headboard-reading-pillow-bolster-body-pillow-gray"},"modified":"2024-10-03T16:31:33","modified_gmt":"2024-10-03T16:31:33","slug":"groses-kopfteil-lesekissen-nackenrolle-korperkissen-grau","status":"publish","type":"product","link":"https:\/\/www.largepillow.com\/de\/product\/large-headboard-reading-pillow-bolster-body-pillow-gray","title":{"rendered":"Gro\u00dfes Kopfteil Lesekissen Nackenrolle K\u00f6rperkissen Grau"},"content":{"rendered":"[zc_getpagecontent mb=&#8221;mb_aplus&#8221; apid=&#8221;60&#8243;]\n","protected":false},"excerpt":{"rendered":"<ul>\n<li>Modernes Design: Die gerollten Kanten mit getufteten Kn\u00f6pfen und gen\u00e4hten Details verleihen dem Kissen eine zus\u00e4tzliche dekorative Note. Dieses \u00fcbergro\u00dfe Lendenkissen mit gro\u00dfz\u00fcgiger F\u00fcllung bietet zus\u00e4tzlichen Komfort und sorgt f\u00fcr optimale Unterst\u00fctzung beim Zur\u00fccklehnen und Entspannen. Verwenden Sie es allein als Akzentst\u00fcck oder kombinieren Sie es mit anderen bedruckten\/einfarbigen oder bestickten Standardkissen f\u00fcr einen abgestimmten Look.<\/li>\n<li>Tolles R\u00fcckenst\u00fctzkissen: Dieses \u00fcbergro\u00dfe Kissen bietet mehr Halt als flauschige Kissen, Boudoir-Kissen oder Euro-Kissen in normaler Gr\u00f6\u00dfe und ist robust genug, um seine Form zu behalten. Dieses \u00fcbergro\u00dfe Kopfteilkissen mit gro\u00dfz\u00fcgiger F\u00fcllung bietet zus\u00e4tzlichen Komfort und sorgt in Kombination mit einer weichen Matratze daf\u00fcr, dass Sie beim Zur\u00fccklehnen und Entspannen die beste Unterst\u00fctzung erhalten. Und dieses moderne gro\u00dfe R\u00fcckenkissen l\u00f6st auch das Problem, dass Ihre Bettkissen zwischen Matratze und Kopfteil rutschen.<\/li>\n<li>Vielseitig einsetzbar: Verwenden Sie dieses gro\u00dfe R\u00fcckenst\u00fctzkissen als Alternative zum Kopfteil oder als Sofalehne oder legen Sie es auf eine Bank, damit Sie ein neues Sofa haben. Dieses lange Bettkissen kann auch als gro\u00dfes Seitenkissen verwendet werden, damit Sie gut schlafen. Dieses gepolsterte Kopfteilkissen ist wundersch\u00f6n, von herausragender Qualit\u00e4t und super bequem zum Anlehnen. Gleichzeitig passt es gut zu verschiedenen Einrichtungsstilen und verleiht dem Schlafzimmer eine warme und kuschelige Atmosph\u00e4re.<\/li>\n<li>\u00dcberlegene Handwerkskunst: Das lange Wurfkissen aus Polyester-Handwerkstoff 100% ist ultraweich und angenehm f\u00fcr Ihre Haut. Traditionelle Wurfkissen neigen dazu, mit der Zeit durchzuh\u00e4ngen, aber dieses Lesekissen verf\u00fcgt \u00fcber getuftete Kn\u00f6pfe, die nicht nur f\u00fcr einen zeitgen\u00f6ssischen Stil sorgen, sondern auch die F\u00fcllung an Ort und Stelle halten und so f\u00fcr Haltbarkeit sorgen. Patchwork-N\u00e4hte und geb\u00f6rdelte Kanten sorgen f\u00fcr zus\u00e4tzliche Dekoration.<\/li>\n<li>Pflegehinweise f\u00fcr Kissenbez\u00fcge: Die Kissenbez\u00fcge sind abnehmbar, verblassen oder fransen nicht aus, sind pflegeleicht und dank des getufteten Knopfdesigns und des unsichtbaren Rei\u00dfverschlusses maschinenwaschbar.<\/li>\n<\/ul>","protected":false},"featured_media":4347,"comment_status":"open","ping_status":"closed","template":"","meta":[],"product_brand":[],"product_cat":[28],"product_tag":[],"class_list":{"0":"post-4365","1":"product","2":"type-product","3":"status-publish","4":"has-post-thumbnail","6":"product_cat-large-body-pillow","8":"first","9":"instock","10":"shipping-taxable","11":"purchasable","12":"product-type-variable","13":"has-default-attributes"},"_links":{"self":[{"href":"https:\/\/www.largepillow.com\/de\/wp-json\/wp\/v2\/product\/4365","targetHints":{"allow":["GET"]}}],"collection":[{"href":"https:\/\/www.largepillow.com\/de\/wp-json\/wp\/v2\/product"}],"about":[{"href":"https:\/\/www.largepillow.com\/de\/wp-json\/wp\/v2\/types\/product"}],"replies":[{"embeddable":true,"href":"https:\/\/www.largepillow.com\/de\/wp-json\/wp\/v2\/comments?post=4365"}],"wp:featuredmedia":[{"embeddable":true,"href":"https:\/\/www.largepillow.com\/de\/wp-json\/wp\/v2\/media\/4347"}],"wp:attachment":[{"href":"https:\/\/www.largepillow.com\/de\/wp-json\/wp\/v2\/media?parent=4365"}],"wp:term":[{"taxonomy":"product_brand","embeddable":true,"href":"https:\/\/www.largepillow.com\/de\/wp-json\/wp\/v2\/product_brand?post=4365"},{"taxonomy":"product_cat","embeddable":true,"href":"https:\/\/www.largepillow.com\/de\/wp-json\/wp\/v2\/product_cat?post=4365"},{"taxonomy":"product_tag","embeddable":true,"href":"https:\/\/www.largepillow.com\/de\/wp-json\/wp\/v2\/product_tag?post=4365"}],"curies":[{"name":"wp","href":"https:\/\/api.w.org\/{rel}","templated":true}]}}