{"id":459,"date":"2022-09-16T02:19:51","date_gmt":"2022-09-16T02:19:51","guid":{"rendered":"https:\/\/www.largepillow.com\/product\/large-bolster-cushion"},"modified":"2025-11-05T02:15:31","modified_gmt":"2025-11-05T02:15:31","slug":"bettpolster","status":"publish","type":"product","link":"https:\/\/www.largepillow.com\/de\/product\/bed-bolster","title":{"rendered":"Bettpolster"},"content":{"rendered":"<p>Entdecken Sie ultimativen Komfort mit dem Bettpolster: Ihr perfektes Mehrzweckkissen<\/p>\n<p>In der heutigen schnelllebigen Welt waren Entspannung und Komfort zu Hause noch nie so wichtig. Egal, ob Sie ein B\u00fccherwurm, eine Nachteule sind, die bis sp\u00e4t in die Nacht arbeitet, oder jemand, der es genie\u00dft, im Bett seine Lieblingsserie zu gucken, das Bed Bolster wird Ihr Erlebnis ver\u00e4ndern. Dieses Kopfteilkissen mit seinem innovativen Design und seiner multifunktionalen Verwendung sorgt daf\u00fcr, dass der Komfort nie beeintr\u00e4chtigt wird. Lassen Sie uns herausfinden, was das Bed Bolster zu einem Muss in jedem modernen Zuhause macht.<\/p>\n<p>Ultimativer Komfort mit dreieckigem Design<\/p>\n<p>Das Bettpolster wurde f\u00fcr Ihren ultimativen Komfort entworfen und ist nicht einfach nur ein gew\u00f6hnliches Kissen. Seine einzigartige dreieckige Form ist speziell auf Ihren R\u00fccken und Ihre Taille zugeschnitten, bietet unvergleichliche Unterst\u00fctzung und reduziert effektiv den Druck auf Lendenwirbels\u00e4ule und R\u00fccken. Dieses extragro\u00dfe Polster ist f\u00fcr zwei Personen geeignet und ist damit das einzige keilf\u00f6rmige Kopfteilkissen, das Sie f\u00fcr eine stressfreie Entspannungszeit auf Ihrem Bett oder Sofa ben\u00f6tigen.<\/p>\n<p>Vielseitigkeit vom Feinsten: 3 in 1 Nackenrolle gro\u00df<\/p>\n<p>Das Bettpolster definiert Vielseitigkeit neu. Verwenden Sie es aufrecht als R\u00fcckenst\u00fctzkissen f\u00fcr das Kopfteil, wenn Sie im Bett sitzen, legen Sie es flach als gro\u00dfes Keilkissen f\u00fcr R\u00fccken- oder Seitenschl\u00e4fer oder sogar als Beinkissen, um Ihre Beine hochzulegen und so die Durchblutung zu verbessern. Es ist die perfekte Wahl f\u00fcr Paare, die ein gro\u00dfes Kopfteilkissen suchen, das beiden Personen gleichzeitig Halt und Komfort bietet.<\/p>\n<p>Multifunktionales Design f\u00fcr jeden Bedarf<\/p>\n<p>Das Bettpolster dient nicht nur als Kopfteilkissen, sondern auch als Sto\u00dff\u00e4ngerkissen und stilvolles R\u00fcckenpolsterkissen f\u00fcr Sofas oder Tagesbetten. Sein multifunktionales Design sorgt daf\u00fcr, dass es sich nahtlos in jedes Schlafzimmer oder Wohnzimmer einf\u00fcgt und sowohl Funktionalit\u00e4t als auch Stil verleiht.<\/p>\n<p>Handwerkskunst, die B\u00e4nde spricht<\/p>\n<p>Das Bettpolster besticht durch hervorragende Verarbeitung mit seinem Kissenbezug aus 100%-Polyestersamt \u2013 weich, elegant und angenehm anzufassen. Gef\u00fcllt mit hochdichten, hochwertigen Polyesterfasern verspricht es Haltbarkeit und Komfort, ohne durchzuh\u00e4ngen, selbst nach l\u00e4ngerem Gebrauch. Dar\u00fcber hinaus bieten praktische Seitentaschen einen praktischen Platz zum Aufbewahren Ihres Buches oder Telefons, sodass Sie alles Wichtige immer griffbereit haben.<\/p>\n<p>Problemlose Wartung<\/p>\n<p>Das Sauberhalten Ihres Bettpolsters ist ein Kinderspiel. Der mit einem einfachen Rei\u00dfverschluss ausgestattete Bezug des Lesekissens l\u00e4sst sich m\u00fchelos abnehmen und in der Waschmaschine waschen. So bleibt Ihr Kissen immer frisch und einladend.<\/p>\n<p>Ma\u00dfgeschneidert f\u00fcr Ihren Raum<\/p>\n<p>Mit Gr\u00f6\u00dfen von 45 cm bis 200 cm L\u00e4nge und bis zu 7 Kn\u00f6pfen zur einfachen Anpassung und Unterst\u00fctzung ist das Bettpolster so konzipiert, dass es perfekt in jeden Raum passt. W\u00e4hlen Sie die Gr\u00f6\u00dfe, die Ihren Bed\u00fcrfnissen am besten entspricht, und genie\u00dfen Sie ein individuelles Gef\u00fchl von Komfort und Unterst\u00fctzung.<\/p>\n<p>Was Kunden sagen<\/p>\n<p>Aus den Produktkommentaren geht hervor, dass die Kunden von ihrem Kauf begeistert sind. Viele heben das \u201edreieckige St\u00fctzkissen\u201c wegen seines au\u00dfergew\u00f6hnlichen Komforts und seiner St\u00fctzkraft hervor, w\u00e4hrend andere den \u201eSamt\u201c f\u00fcr seine Weichheit und sein luxuri\u00f6ses Gef\u00fchl loben. Die Farbe \u201eKaffee\u201c scheint bei den K\u00e4ufern beliebt zu sein und verleiht jedem Raum einen Hauch von Eleganz.<\/p>\n<p>Einpacken<\/p>\n<p>Das Bed Bolster ist mehr als nur ein Kissen; es ist ein echter Wendepunkt, wenn es darum geht, Ihre Entspannung und Ihren Komfort zu Hause zu verbessern. Sein multifunktionales Design, seine au\u00dfergew\u00f6hnliche Verarbeitung und seine einfache Pflege machen es zu einem herausragenden Produkt. Ob zum Lesen, Arbeiten oder einfach zum Entspannen nach einem langen Tag, das Bed Bolster verspricht, Ihr perfekter Begleiter zu sein. Verlassen Sie sich nicht nur auf unser Wort; probieren Sie es aus und erleben Sie den ultimativen Komfort selbst!<\/p>","protected":false},"excerpt":{"rendered":"<ul>\n<li><strong>Ultimativer Komfort:<\/strong> Dieses Kopfteilkissen bietet dank seiner dreieckigen Form einen hervorragenden Komfort. Das Bettst\u00fctzkissen passt sich gut dem R\u00fccken und der Taille an und minimiert den Druck auf die Lendenwirbels\u00e4ule und den R\u00fccken. Dieses Keil-Lesekissen kann Ihnen helfen, im Bett oder auf dem Sofa spannungsfrei zu bleiben, was ideal f\u00fcr berufst\u00e4tige Nachtschw\u00e4rmer, B\u00fccherw\u00fcrmer und zum Fernsehen im Bett ist. Dieses extra gro\u00dfe Nackenrollenkissen ist das einzige Kissen mit Keilkopfteil, das Platz f\u00fcr zwei Personen bietet.<\/li>\n<li><strong>3-in-1 gro\u00dfes Nackenkissen:<\/strong> Sie k\u00f6nnen das Kissen aufrecht als R\u00fcckenst\u00fctzkissen f\u00fcr das Kopfteil beim Sitzen im Bett verwenden oder es flach auf das Bett legen, um es als gro\u00dfes Keilkissen beim Schlafen auf dem R\u00fccken oder auf der Seite oder als Beinkissen zum Hochlagern Ihrer Beine zu verwenden. Wenn Sie ein gro\u00dfes Kopfteilkissen w\u00fcnschen, das Ihnen und Ihrem Ehepartner Halt bietet. Es ist eine ausgezeichnete Alternative.<\/li>\n<li><strong>Multifunktionales Design:<\/strong> Einige Leute verwenden das gro\u00dfe Dreieckskissen als Kopfteilkissen, w\u00e4hrend andere es als Sto\u00dfkissen verwenden. Es kann auch als Kissen f\u00fcr die R\u00fcckenlehne einer Couch oder eines Tagesbetts verwendet werden. Es ist sowohl stilvoll als auch funktional und somit eine hervorragende Erg\u00e4nzung f\u00fcr jedes Schlafzimmer.<\/li>\n<li><strong>\u00dcberlegene Handwerkskunst:<\/strong> Unser Kissenbezug besteht aus 100%-Polyestersamt, das weich, elegant und angenehm anzufassen ist. Die Polsterung besteht aus hochdichten, hochwertigen Polyesterfasern, die auch nach monatelanger Nutzung ein Durchh\u00e4ngen verhindern. Au\u00dferdem verf\u00fcgt es \u00fcber Seitentaschen f\u00fcr Ihr Buch oder Ihr Telefon.<\/li>\n<li><strong>Einfach zu s\u00e4ubern:<\/strong> Der Lesekissenbezug ist mit Kn\u00f6pfen am Kissen befestigt und l\u00e4sst sich mit einem einfachen Rei\u00dfverschluss leicht abnehmen. Dadurch ist die Reinigung problemlos m\u00f6glich. Nehmen Sie einfach den Bezug ab und waschen Sie ihn kurz in der Maschine, damit Ihr Kissen wie neu aussieht.<\/li>\n<li><strong>Gr\u00f6\u00dfe:<\/strong> 45 cm (L45 x B20 x H50 | 0 Kn\u00f6pfe), 60 cm (L60 x B20 x H50 | 0 Kn\u00f6pfe), 80 cm (L80 x B20 x H50 | 2 Kn\u00f6pfe), 100 cm (L100 x B20 x H50 | 3 Kn\u00f6pfe), 120 cm ( L120 x B20 x H50 | 4 Kn\u00f6pfe), 140 cm (L140 x B20 x H50 | 4 Kn\u00f6pfe), 160 cm (L160 x B20 x H50 | 5 Kn\u00f6pfe), 180 cm (L180 x B20 x H50 | 6 Kn\u00f6pfe), 200 cm (L200 x B20 x H50 | 7 Kn\u00f6pfe).<\/li>\n<\/ul>","protected":false},"featured_media":442,"comment_status":"open","ping_status":"closed","template":"","meta":[],"product_brand":[],"product_cat":[15],"product_tag":[66,210,206,102,75,168,132,163,143,59,120,65],"class_list":{"0":"post-459","1":"product","2":"type-product","3":"status-publish","4":"has-post-thumbnail","6":"product_cat-large-wedge-pillow","7":"product_tag-back-support-pillow","8":"product_tag-bed-bolster","9":"product_tag-bumper-pillow","10":"product_tag-couch-pillow","11":"product_tag-daybed-pillow","12":"product_tag-headboard-pillow","13":"product_tag-large-bolster-pillow","14":"product_tag-leg-pillow","15":"product_tag-multifunctional-pillow","16":"product_tag-reading-pillow","17":"product_tag-velvet-pillow","18":"product_tag-wedge-pillow","20":"first","21":"instock","22":"shipping-taxable","23":"purchasable","24":"product-type-variable"},"_links":{"self":[{"href":"https:\/\/www.largepillow.com\/de\/wp-json\/wp\/v2\/product\/459","targetHints":{"allow":["GET"]}}],"collection":[{"href":"https:\/\/www.largepillow.com\/de\/wp-json\/wp\/v2\/product"}],"about":[{"href":"https:\/\/www.largepillow.com\/de\/wp-json\/wp\/v2\/types\/product"}],"replies":[{"embeddable":true,"href":"https:\/\/www.largepillow.com\/de\/wp-json\/wp\/v2\/comments?post=459"}],"wp:featuredmedia":[{"embeddable":true,"href":"https:\/\/www.largepillow.com\/de\/wp-json\/wp\/v2\/media\/442"}],"wp:attachment":[{"href":"https:\/\/www.largepillow.com\/de\/wp-json\/wp\/v2\/media?parent=459"}],"wp:term":[{"taxonomy":"product_brand","embeddable":true,"href":"https:\/\/www.largepillow.com\/de\/wp-json\/wp\/v2\/product_brand?post=459"},{"taxonomy":"product_cat","embeddable":true,"href":"https:\/\/www.largepillow.com\/de\/wp-json\/wp\/v2\/product_cat?post=459"},{"taxonomy":"product_tag","embeddable":true,"href":"https:\/\/www.largepillow.com\/de\/wp-json\/wp\/v2\/product_tag?post=459"}],"curies":[{"name":"wp","href":"https:\/\/api.w.org\/{rel}","templated":true}]}}