{"id":512,"date":"2022-09-16T02:23:30","date_gmt":"2022-09-16T02:23:30","guid":{"rendered":"https:\/\/www.largepillow.com\/product\/large-bed-pillow"},"modified":"2025-11-05T02:15:31","modified_gmt":"2025-11-05T02:15:31","slug":"groses-bettkeilkissen-2","status":"publish","type":"product","link":"https:\/\/www.largepillow.com\/de\/product\/large-bed-wedge-pillow\/","title":{"rendered":"Gro\u00dfes Bettkeilkissen"},"content":{"rendered":"<p>Ultimative Komfortl\u00f6sung: Unser gro\u00dfes Bettkeilkissen<\/p>\n<p>G\u00f6nnen Sie sich unvergleichlichen Komfort mit unserem revolution\u00e4ren gro\u00dfen Bettkeilkissen, das die ultimative Unterst\u00fctzung und Entspannung f\u00fcr alle Ihre Bed\u00fcrfnisse bietet. Seine dreieckige Form passt sich perfekt Ihrem R\u00fccken und Ihrer Taille an, entlastet die Lendenwirbels\u00e4ule und den R\u00fccken und sorgt so f\u00fcr einen erholsamen Schlaf oder eine gem\u00fctliche Lesesitzung.<\/p>\n<p>Vielseitiges 3-in-1-Kissen f\u00fcr ultimativen Komfort<\/p>\n<p>Dieses vielseitige Kissen bietet endlose M\u00f6glichkeiten: Verwenden Sie es aufrecht als Kopfteilst\u00fctze f\u00fcr bequemes Sitzen im Bett, legen Sie es flach als gro\u00dfes Keilkissen zum Schlafen auf der Seite oder auf dem R\u00fccken oder legen Sie Ihre Beine mit unserem ergonomischen Beinkissen hoch. Egal, ob Sie ein begeisterter Leser, eine Nachteule oder einfach nur gerne im Bett entspannen, dieses Kissen ist der perfekte Begleiter.<\/p>\n<p>Au\u00dfergew\u00f6hnliche Handwerkskunst f\u00fcr unvergleichlichen Komfort<\/p>\n<p>Unser ultraweicher und pl\u00fcschiger Kissenbezug ist aus 100%-Polyestersamt gefertigt und sorgt f\u00fcr eine elegante und einladende Note. Die hochdichte Polyesterfaserpolsterung sorgt f\u00fcr optimalen Halt und verhindert ein Durchh\u00e4ngen, was dieses Kissen zu einer dauerhaften Investition in Ihren Komfort macht. Dar\u00fcber hinaus sorgen die praktischen Seitentaschen daf\u00fcr, dass Ihr Buch oder Telefon immer griffbereit ist.<\/p>\n<p>M\u00fchelose Pflege f\u00fcr dauerhafte Frische<\/p>\n<p>Die Pflege Ihres Kissens k\u00f6nnte nicht einfacher sein. Der abnehmbare Kissenbezug verf\u00fcgt \u00fcber einen einfachen Rei\u00dfverschluss und Knopfbefestigungen, sodass Sie ihn m\u00fchelos in der Maschine waschen k\u00f6nnen und er makellos aussieht.<\/p>\n<p>Kundenstimmen sprechen B\u00e4nde<\/p>\n<p>\u201eDieses Kissen ist ein echter Wendepunkt! Es bietet eine unglaubliche Unterst\u00fctzung f\u00fcr meinen unteren R\u00fccken und macht das Lesen im Bett so viel angenehmer.\u201c \u2013 Zufriedener Kunde<\/p>\n<p>\u201eIch liebe es, dass ich es auf vielf\u00e4ltige Weise verwenden kann. Es eignet sich perfekt als Kopfkissen oder als Beinerh\u00f6hung. Sehr empfehlenswert!&quot; \u2013 Begeisterter Benutzer<\/p>\n<p>Erh\u00e4ltlich in einer Vielzahl von Gr\u00f6\u00dfen, um Ihren Anforderungen gerecht zu werden<\/p>\n<p>W\u00e4hlen Sie aus unserer umfangreichen Gr\u00f6\u00dfenauswahl die perfekte Passform f\u00fcr Ihr Bett oder Sofa:<\/p>\n<p>* 45cm (L45 x B20 x H50 | 0 Kn\u00f6pfe)<br \/>\n* 60cm (L60 x B20 x H50 | 0 Kn\u00f6pfe)<br \/>\n* 80cm (L80 x B20 x H50 | 2 Kn\u00f6pfe)<br \/>\n* 100cm (L100 x B20 x H50 | 3 Kn\u00f6pfe)<br \/>\n* 120cm (L120 x B20 x H50 | 4 Kn\u00f6pfe)<br \/>\n* 140 cm (L140 x B20 x H50 | 4 Kn\u00f6pfe)<br \/>\n* 160cm (L160 x B20 x H50 | 5 Kn\u00f6pfe)<br \/>\n* 180cm (L180 x B20 x H50 | 6 Kn\u00f6pfe)<br \/>\n* 200cm (L200 x B20 x H50 | 7 Kn\u00f6pfe)<\/p>\n<p>Erh\u00f6hen Sie Ihren Komfort noch heute mit unserem gro\u00dfen Bettkeilkissen auf die n\u00e4chste Stufe!<\/p>","protected":false},"excerpt":{"rendered":"<ul>\n<li><strong>Ultimativer Komfort:<\/strong> Dieses Kopfteilkissen bietet dank seiner dreieckigen Form einen hervorragenden Komfort. Das Bettst\u00fctzkissen passt sich gut dem R\u00fccken und der Taille an und minimiert den Druck auf die Lendenwirbels\u00e4ule und den R\u00fccken. Dieses Keil-Lesekissen kann Ihnen helfen, im Bett oder auf dem Sofa spannungsfrei zu bleiben, was ideal f\u00fcr berufst\u00e4tige Nachtschw\u00e4rmer, B\u00fccherw\u00fcrmer und zum Fernsehen im Bett ist. Dieses extra gro\u00dfe Nackenrollenkissen ist das einzige Kissen mit Keilkopfteil, das Platz f\u00fcr zwei Personen bietet.<\/li>\n<li><strong>3-in-1 gro\u00dfes Nackenkissen:<\/strong> Sie k\u00f6nnen das Kissen aufrecht als R\u00fcckenst\u00fctzkissen f\u00fcr das Kopfteil beim Sitzen im Bett verwenden oder es flach auf das Bett legen, um es als gro\u00dfes Keilkissen beim Schlafen auf dem R\u00fccken oder auf der Seite oder als Beinkissen zum Hochlagern Ihrer Beine zu verwenden. Wenn Sie ein gro\u00dfes Kopfteilkissen w\u00fcnschen, das Ihnen und Ihrem Ehepartner Halt bietet. Es ist eine ausgezeichnete Alternative.<\/li>\n<li><strong>Multifunktionales Design:<\/strong> Einige Leute verwenden das gro\u00dfe Dreieckskissen als Kopfteilkissen, w\u00e4hrend andere es als Sto\u00dfkissen verwenden. Es kann auch als Kissen f\u00fcr die R\u00fcckenlehne einer Couch oder eines Tagesbetts verwendet werden. Es ist sowohl stilvoll als auch funktional und somit eine hervorragende Erg\u00e4nzung f\u00fcr jedes Schlafzimmer.<\/li>\n<li><strong>\u00dcberlegene Handwerkskunst:<\/strong> Unser Kissenbezug besteht aus 100%-Polyestersamt, das weich, elegant und angenehm anzufassen ist. Die Polsterung besteht aus hochdichten, hochwertigen Polyesterfasern, die auch nach monatelanger Nutzung ein Durchh\u00e4ngen verhindern. Au\u00dferdem verf\u00fcgt es \u00fcber Seitentaschen f\u00fcr Ihr Buch oder Ihr Telefon.<\/li>\n<li><strong>Einfach zu s\u00e4ubern:<\/strong> Der Lesekissenbezug ist mit Kn\u00f6pfen am Kissen befestigt und l\u00e4sst sich mit einem einfachen Rei\u00dfverschluss leicht abnehmen. Dadurch ist die Reinigung problemlos m\u00f6glich. Nehmen Sie einfach den Bezug ab und waschen Sie ihn kurz in der Maschine, damit Ihr Kissen wie neu aussieht.<\/li>\n<li><strong>Gr\u00f6\u00dfe:<\/strong> 45 cm (L45 x B20 x H50 | 0 Kn\u00f6pfe), 60 cm (L60 x B20 x H50 | 0 Kn\u00f6pfe), 80 cm (L80 x B20 x H50 | 2 Kn\u00f6pfe), 100 cm (L100 x B20 x H50 | 3 Kn\u00f6pfe), 120 cm ( L120 x B20 x H50 | 4 Kn\u00f6pfe), 140 cm (L140 x B20 x H50 | 4 Kn\u00f6pfe), 160 cm (L160 x B20 x H50 | 5 Kn\u00f6pfe), 180 cm (L180 x B20 x H50 | 6 Kn\u00f6pfe), 200 cm (L200 x B20 x H50 | 7 Kn\u00f6pfe).<\/li>\n<\/ul>","protected":false},"featured_media":498,"comment_status":"open","ping_status":"closed","template":"","meta":[],"product_brand":[],"product_cat":[15],"product_tag":[205,204,206,207,168,203,132,199,163,68],"class_list":{"0":"post-512","1":"product","2":"type-product","3":"status-publish","4":"has-post-thumbnail","6":"product_cat-large-wedge-pillow","7":"product_tag-back-support-headboard-pillow","8":"product_tag-bed-support-cushion","9":"product_tag-bumper-pillow","10":"product_tag-daybed-backrest-bolster-pillow","11":"product_tag-headboard-pillow","12":"product_tag-large-bed-wedge-pillow","13":"product_tag-large-bolster-pillow","14":"product_tag-large-wedge-pillow","15":"product_tag-leg-pillow","16":"product_tag-wedge-reading-pillow","18":"first","19":"instock","20":"shipping-taxable","21":"purchasable","22":"product-type-variable"},"_links":{"self":[{"href":"https:\/\/www.largepillow.com\/de\/wp-json\/wp\/v2\/product\/512","targetHints":{"allow":["GET"]}}],"collection":[{"href":"https:\/\/www.largepillow.com\/de\/wp-json\/wp\/v2\/product"}],"about":[{"href":"https:\/\/www.largepillow.com\/de\/wp-json\/wp\/v2\/types\/product"}],"replies":[{"embeddable":true,"href":"https:\/\/www.largepillow.com\/de\/wp-json\/wp\/v2\/comments?post=512"}],"wp:featuredmedia":[{"embeddable":true,"href":"https:\/\/www.largepillow.com\/de\/wp-json\/wp\/v2\/media\/498"}],"wp:attachment":[{"href":"https:\/\/www.largepillow.com\/de\/wp-json\/wp\/v2\/media?parent=512"}],"wp:term":[{"taxonomy":"product_brand","embeddable":true,"href":"https:\/\/www.largepillow.com\/de\/wp-json\/wp\/v2\/product_brand?post=512"},{"taxonomy":"product_cat","embeddable":true,"href":"https:\/\/www.largepillow.com\/de\/wp-json\/wp\/v2\/product_cat?post=512"},{"taxonomy":"product_tag","embeddable":true,"href":"https:\/\/www.largepillow.com\/de\/wp-json\/wp\/v2\/product_tag?post=512"}],"curies":[{"name":"wp","href":"https:\/\/api.w.org\/{rel}","templated":true}]}}