{"id":538,"date":"2022-09-16T02:24:42","date_gmt":"2022-09-16T02:24:42","guid":{"rendered":"https:\/\/www.largepillow.com\/product\/large-bolster-pillow"},"modified":"2025-11-05T02:15:31","modified_gmt":"2025-11-05T02:15:31","slug":"groses-keilkissen","status":"publish","type":"product","link":"https:\/\/www.largepillow.com\/de\/product\/large-wedge-bolster-pillow","title":{"rendered":"Gro\u00dfes Keilkissen"},"content":{"rendered":"<p>G\u00f6nnen Sie sich Komfort mit dem ultimativen gro\u00dfen Keilkissen<\/p>\n<p>Suchen Sie ein Kopfteilkissen, das au\u00dfergew\u00f6hnlichen Komfort und Halt bietet? Dann ist das gro\u00dfe Keilkissen genau das Richtige f\u00fcr Sie. Dieses vielseitige Kissen bietet eine Reihe von Vorteilen, die Ihre Zeit im Bett oder auf dem Sofa zu einem wahren Vergn\u00fcgen machen.<\/p>\n<p>Ultimativer Komfort und Unterst\u00fctzung<\/p>\n<p>Das dreieckige Design des gro\u00dfen Keilkissens passt sich perfekt den Konturen Ihres R\u00fcckens und Ihrer Taille an und minimiert den Druck auf die Lendenwirbels\u00e4ule und den R\u00fccken. Ganz gleich, ob Sie ein Buch lesen, lange arbeiten oder fernsehen, mit diesem Kissen bleiben Sie spannungsfrei und bequem. Au\u00dferdem ist es gro\u00df genug f\u00fcr zwei Personen und somit die perfekte Wahl f\u00fcr Paare.<\/p>\n<p>3-in-1-Vielseitigkeit<\/p>\n<p>Das gro\u00dfe Keilkissen ist nicht nur ein Kopfkissen. Es ist au\u00dferdem ein vielseitiges Accessoire, das als Keilkissen zum Schlafen, als Beinkissen zum Hochlagern oder sogar als Sto\u00dfkissen f\u00fcr zus\u00e4tzlichen Komfort verwendet werden kann. Die M\u00f6glichkeiten sind endlos!<\/p>\n<p>\u00dcberlegene Handwerkskunst und Design<\/p>\n<p>Das mit viel Liebe zum Detail gefertigte gro\u00dfe Keilkissen besteht aus hochwertigen Materialien. Der weiche, elegante Samtbezug f\u00fchlt sich sanft an, w\u00e4hrend die hochdichte Polyesterfaserf\u00fcllung f\u00fcr au\u00dfergew\u00f6hnlichen Halt sorgt, der mit der Zeit nicht durchh\u00e4ngt. Dar\u00fcber hinaus bieten die Seitentaschen praktischen Stauraum f\u00fcr Ihr Buch oder Ihr Telefon.<\/p>\n<p>Einfache Wartung<\/p>\n<p>Die Pflege des gro\u00dfen Keilkissens ist ein Kinderspiel. Der Kissenbezug ist mit Kn\u00f6pfen abnehmbar und verf\u00fcgt \u00fcber einen versteckten Rei\u00dfverschluss f\u00fcr eine einfache Reinigung. Nehmen Sie einfach den Bezug ab und werfen Sie ihn f\u00fcr eine schnelle Auffrischung in die Waschmaschine.<\/p>\n<p>Kundenempfehlung<\/p>\n<p>\u201eDieses Kissen ist ein Game-Changer! Ich hatte immer Schwierigkeiten, ein Kopfteilkissen zu finden, das die richtige Unterst\u00fctzung bietet, aber dieses hier ist perfekt. Es ist so bequem und hat mir wirklich geholfen, meine Haltung zu verbessern.\u201c \u2013 Karen, zufriedene Kundin<\/p>\n<p>\u201eIch liebe die Vielseitigkeit dieses Kissens. Es ist ein tolles Kopfkissen, aber ich verwende es auch als Keilkissen, wenn ich schlafe, und als Beinkissen, wenn ich mich entspanne. Die Qualit\u00e4t ist erstaunlich und es h\u00e4lt auch nach monatelanger Nutzung gut.\u201c \u2013 Sarah, eine weitere zufriedene Kundin<\/p>\n<p>Abschluss<\/p>\n<p>Das gro\u00dfe Keilkissen ist die perfekte Wahl f\u00fcr alle, die ein bequemes, st\u00fctzendes und vielseitiges Kissen suchen. Mit seiner \u00fcberlegenen Handwerkskunst, der 3-in-1-Funktionalit\u00e4t und der einfachen Wartung ist es eine Investition, die Ihre Entspannungszeit \u00fcber Jahre hinaus verbessern wird. Bestellen Sie noch heute und erleben Sie den ultimativen Komfort und Halt!<\/p>","protected":false},"excerpt":{"rendered":"<ul>\n<li><strong>Ultimativer Komfort:<\/strong> Dieses Kopfteilkissen bietet dank seiner dreieckigen Form einen hervorragenden Komfort. Das Bettst\u00fctzkissen passt sich gut dem R\u00fccken und der Taille an und minimiert den Druck auf die Lendenwirbels\u00e4ule und den R\u00fccken. Dieses Keil-Lesekissen kann Ihnen helfen, im Bett oder auf dem Sofa spannungsfrei zu bleiben, was ideal f\u00fcr berufst\u00e4tige Nachtschw\u00e4rmer, B\u00fccherw\u00fcrmer und zum Fernsehen im Bett ist. Dieses extra gro\u00dfe Nackenrollenkissen ist das einzige Kissen mit Keilkopfteil, das Platz f\u00fcr zwei Personen bietet.<\/li>\n<li><strong>3-in-1 gro\u00dfes Nackenkissen:<\/strong> Sie k\u00f6nnen das Kissen aufrecht als R\u00fcckenst\u00fctzkissen f\u00fcr das Kopfteil beim Sitzen im Bett verwenden oder es flach auf das Bett legen, um es als gro\u00dfes Keilkissen beim Schlafen auf dem R\u00fccken oder auf der Seite oder als Beinkissen zum Hochlagern Ihrer Beine zu verwenden. Wenn Sie ein gro\u00dfes Kopfteilkissen w\u00fcnschen, das Ihnen und Ihrem Ehepartner Halt bietet. Es ist eine ausgezeichnete Alternative.<\/li>\n<li><strong>Multifunktionales Design:<\/strong> Einige Leute verwenden das gro\u00dfe Dreieckskissen als Kopfteilkissen, w\u00e4hrend andere es als Sto\u00dfkissen verwenden. Es kann auch als Kissen f\u00fcr die R\u00fcckenlehne einer Couch oder eines Tagesbetts verwendet werden. Es ist sowohl stilvoll als auch funktional und somit eine hervorragende Erg\u00e4nzung f\u00fcr jedes Schlafzimmer.<\/li>\n<li><strong>\u00dcberlegene Handwerkskunst:<\/strong> Unser Kissenbezug besteht aus 100%-Polyestersamt, das weich, elegant und angenehm anzufassen ist. Die Polsterung besteht aus hochdichten, hochwertigen Polyesterfasern, die auch nach monatelanger Nutzung ein Durchh\u00e4ngen verhindern. Au\u00dferdem verf\u00fcgt es \u00fcber Seitentaschen f\u00fcr Ihr Buch oder Ihr Telefon.<\/li>\n<li><strong>Einfach zu s\u00e4ubern:<\/strong> Der Lesekissenbezug ist mit Kn\u00f6pfen am Kissen befestigt und l\u00e4sst sich mit einem einfachen Rei\u00dfverschluss leicht abnehmen. Dadurch ist die Reinigung problemlos m\u00f6glich. Nehmen Sie einfach den Bezug ab und waschen Sie ihn kurz in der Maschine, damit Ihr Kissen wie neu aussieht.<\/li>\n<li><strong>Gr\u00f6\u00dfe:<\/strong> 45 cm (L45 x B20 x H50 | 0 Kn\u00f6pfe), 60 cm (L60 x B20 x H50 | 0 Kn\u00f6pfe), 80 cm (L80 x B20 x H50 | 2 Kn\u00f6pfe), 100 cm (L100 x B20 x H50 | 3 Kn\u00f6pfe), 120 cm ( L120 x B20 x H50 | 4 Kn\u00f6pfe), 140 cm (L140 x B20 x H50 | 4 Kn\u00f6pfe), 160 cm (L160 x B20 x H50 | 5 Kn\u00f6pfe), 180 cm (L180 x B20 x H50 | 6 Kn\u00f6pfe), 200 cm (L200 x B20 x H50 | 7 Kn\u00f6pfe).<\/li>\n<\/ul>","protected":false},"featured_media":522,"comment_status":"open","ping_status":"closed","template":"","meta":[],"product_brand":[],"product_cat":[15],"product_tag":[66,70,102,75,168,202,163,112,143,59],"class_list":{"0":"post-538","1":"product","2":"type-product","3":"status-publish","4":"has-post-thumbnail","6":"product_cat-large-wedge-pillow","7":"product_tag-back-support-pillow","8":"product_tag-bed-wedge-pillow","9":"product_tag-couch-pillow","10":"product_tag-daybed-pillow","11":"product_tag-headboard-pillow","12":"product_tag-large-wedge-bolster-pillow","13":"product_tag-leg-pillow","14":"product_tag-lumbar-support-pillow","15":"product_tag-multifunctional-pillow","16":"product_tag-reading-pillow","18":"first","19":"instock","20":"featured","21":"shipping-taxable","22":"purchasable","23":"product-type-variable"},"_links":{"self":[{"href":"https:\/\/www.largepillow.com\/de\/wp-json\/wp\/v2\/product\/538","targetHints":{"allow":["GET"]}}],"collection":[{"href":"https:\/\/www.largepillow.com\/de\/wp-json\/wp\/v2\/product"}],"about":[{"href":"https:\/\/www.largepillow.com\/de\/wp-json\/wp\/v2\/types\/product"}],"replies":[{"embeddable":true,"href":"https:\/\/www.largepillow.com\/de\/wp-json\/wp\/v2\/comments?post=538"}],"wp:featuredmedia":[{"embeddable":true,"href":"https:\/\/www.largepillow.com\/de\/wp-json\/wp\/v2\/media\/522"}],"wp:attachment":[{"href":"https:\/\/www.largepillow.com\/de\/wp-json\/wp\/v2\/media?parent=538"}],"wp:term":[{"taxonomy":"product_brand","embeddable":true,"href":"https:\/\/www.largepillow.com\/de\/wp-json\/wp\/v2\/product_brand?post=538"},{"taxonomy":"product_cat","embeddable":true,"href":"https:\/\/www.largepillow.com\/de\/wp-json\/wp\/v2\/product_cat?post=538"},{"taxonomy":"product_tag","embeddable":true,"href":"https:\/\/www.largepillow.com\/de\/wp-json\/wp\/v2\/product_tag?post=538"}],"curies":[{"name":"wp","href":"https:\/\/api.w.org\/{rel}","templated":true}]}}