{"id":565,"date":"2022-09-16T02:43:46","date_gmt":"2022-09-16T02:43:46","guid":{"rendered":"https:\/\/www.largepillow.com\/product\/bed-wedge-bolster"},"modified":"2026-01-07T18:09:48","modified_gmt":"2026-01-07T18:09:48","slug":"kopfteil-kissen","status":"publish","type":"product","link":"https:\/\/www.largepillow.com\/de\/product\/headboard-pillow","title":{"rendered":"Kopfteil-Kissen"},"content":{"rendered":"<p>Ultimativer Komfort und Vielseitigkeit: Das Kopfteilkissen<\/p>\n<p>Machen Sie sich bereit, Ihren Komfort und Stil mit unserem au\u00dfergew\u00f6hnlichen Kopfteilkissen zu steigern, das Ihnen unvergleichliche Unterst\u00fctzung und Funktionalit\u00e4t bietet.<\/p>\n<p>Ultimativer Komfort f\u00fcr jeden Bedarf<\/p>\n<p>Unser Kopfteilkissen ist sorgf\u00e4ltig gefertigt, um h\u00f6chsten Komfort zu bieten, egal ob Sie im Bett entspannen, auf der Couch faulenzen oder ein gutes Buch genie\u00dfen. Die weiche Polsterung passt sich perfekt Ihrem K\u00f6rper an und bietet au\u00dfergew\u00f6hnlichen Halt f\u00fcr Kopf, Nacken und R\u00fccken.<\/p>\n<p>Vielseitige Designs f\u00fcr mehrere Zwecke<\/p>\n<p>Dieses multifunktionale Kissen ist vielseitig einsetzbar:<\/p>\n<p>* R\u00fcckenst\u00fctzendes Lesekissen: Lehnen Sie es hinter sich ab, um gem\u00fctlich zu lesen oder fernzusehen.<br \/>\n* Langes Keilkissen: Schaffen Sie eine bequeme Neigung zum Schlafen oder Hochlagern Ihrer Beine.<br \/>\n* Beinkissen: St\u00fctzen Sie Ihre Beine und reduzieren Sie den Druck, um Schwellungen und Beschwerden zu lindern.<\/p>\n<p>Hochwertige Materialien f\u00fcr Haltbarkeit und Stil<\/p>\n<p>Unser Kissenbezug besteht aus einer strapazierf\u00e4higen Polyester-Leinen-Mischung mit exquisiten N\u00e4hten und einer verwobenen Textur. Die hochdichten Polyesterfasern in der Polsterung gew\u00e4hrleisten eine jahrelange Nutzung ohne Durchh\u00e4ngen oder Formverlust.<\/p>\n<p>M\u00fchelose Reinigung und Komfort<\/p>\n<p>Die Pflege Ihres Kopfteilkissens ist ein Kinderspiel. Der Kissenbezug l\u00e4sst sich mit einem einfachen Rei\u00dfverschluss leicht abnehmen und in die Waschmaschine werfen. Es verf\u00fcgt au\u00dferdem \u00fcber eine praktische Seitentasche zur Aufbewahrung Ihrer wichtigsten Utensilien, sodass Sie diese immer griffbereit haben.<\/p>\n<p>Perfekte Passform f\u00fcr jede Bettgr\u00f6\u00dfe<\/p>\n<p>W\u00e4hlen Sie aus einer Reihe von Gr\u00f6\u00dfen, um Ihr Bett oder jedes andere M\u00f6belst\u00fcck perfekt zu erg\u00e4nzen. Von gem\u00fctlichen 45 cm bis hin zu gro\u00dfz\u00fcgigen 200 cm finden Sie die ideale Passform f\u00fcr Ihre Bed\u00fcrfnisse.<\/p>\n<p>Kundenempfehlung<\/p>\n<p>Unser Kopfteilkissen hat begeisterte Kritiken von zufriedenen Kunden erhalten:<\/p>\n<p>* \u201eDieses Kissen ist so bequem und unterst\u00fctzend. Es eignet sich perfekt zum Lesen im Bett oder zum Fernsehen. Ich finde es toll, dass ich es auf mehrere Positionen einstellen kann.\u201c<br \/>\n* \u201eDer Stoff ist weich und langlebig und die N\u00e4hte sind erstklassig. Ich habe es mehrmals gewaschen und es sieht immer noch wie neu aus.\u201c<br \/>\n* \u201eDie Seitentasche ist eine geniale Erg\u00e4nzung. Es ist so praktisch, einen Platz zu haben, an dem ich meine Fernbedienung, B\u00fccher oder Snacks aufbewahren kann.\u201c<\/p>\n<p>Verbessern Sie noch heute Ihren Komfort und Stil mit dem Kopfteilkissen. Es ist die perfekte Erg\u00e4nzung f\u00fcr jedes Schlafzimmer oder jeden Wohnraum und wird mit Sicherheit zu Ihrem Lieblingsort zum Entspannen und Erholen.<\/p>","protected":false},"excerpt":{"rendered":"<ul>\n<li><strong>Ultimativer Komfort:<\/strong> Unser Kopfteilkissen ist so konzipiert, dass es Ihnen den ultimativen Komfort beim Lesen, Fernsehen oder Schlafen bietet. Es ist perfekt f\u00fcr Bett, Couch, Tagesbett und mehr!<\/li>\n<li><strong>Multifunktionales Design:<\/strong> Unser gro\u00dfes Nackenrollenkissen kann auf verschiedene Arten verwendet werden \u2013 als Lesekissen zur R\u00fcckenst\u00fctze, als langes Keilkissen oder als Beinkissen zum Hochlagern der Beine. Es ist stilvoll und funktional und somit eine hervorragende Erg\u00e4nzung f\u00fcr jedes Schlafzimmer.<\/li>\n<li><strong>Premium-Materialien:<\/strong> Unser Kissenbezug besteht aus 100%-Polyester mit einer verwobenen Textur und exquisiten N\u00e4hten, die rundum stabil sind. Die Polsterung besteht aus hochdichten, hochwertigen Polyesterfasern, die auch nach monatelanger Nutzung ein Durchh\u00e4ngen verhindern.<\/li>\n<li><strong>Einfach zu s\u00e4ubern:<\/strong> Der Kopfteil-Kissenbezug ist mit Kn\u00f6pfen am Kissen befestigt und l\u00e4sst sich mit einem einfachen Rei\u00dfverschluss leicht abnehmen. Nehmen Sie einfach den Bezug ab und waschen Sie ihn kurz in der Maschine, damit Ihr Kissen wie neu aussieht.<\/li>\n<li><strong>Perfekte Aufbewahrungstasche:<\/strong> Unser Kopfteilkissen verf\u00fcgt \u00fcber eine praktische Seitentasche, sodass Sie Ihre Fernbedienung nie wieder verlegen.<\/li>\n<li><strong>Stoff:<\/strong>\u00a0Mischung aus Polyester und Leinen.<\/li>\n<li><strong>Gr\u00f6\u00dfe:<\/strong> 45 cm (L45 x B20 x H50 | 0 Kn\u00f6pfe), 60 cm (L60 x B20 x H50 | 0 Kn\u00f6pfe), 80 cm (L80 x B20 x H50 | 2 Kn\u00f6pfe), 100 cm (L100 x B20 x H50 | 3 Kn\u00f6pfe), 120 cm ( L120 x B20 x H50 | 4 Kn\u00f6pfe), 140 cm (L140 x B20 x H50 | 4 Kn\u00f6pfe), 160 cm (L160 x B20 x H50 | 5 Kn\u00f6pfe), 180 cm (L180 x B20 x H50 | 6 Kn\u00f6pfe), 200 cm (L200 x B20 x H50 | 7 Kn\u00f6pfe).<\/li>\n<\/ul>","protected":false},"featured_media":548,"comment_status":"open","ping_status":"closed","template":"","meta":[],"product_brand":[],"product_cat":[15],"product_tag":[187,102,75,201,168,131,189,184,143,59,65],"class_list":{"0":"post-565","1":"product","2":"type-product","3":"status-publish","4":"has-post-thumbnail","6":"product_cat-large-wedge-pillow","7":"product_tag-back-support-reading-pillow","8":"product_tag-couch-pillow","9":"product_tag-daybed-pillow","10":"product_tag-grey-pillow","11":"product_tag-headboard-pillow","12":"product_tag-leg-support-pillow","13":"product_tag-linen-pillow","14":"product_tag-long-wedge-pillow","15":"product_tag-multifunctional-pillow","16":"product_tag-reading-pillow","17":"product_tag-wedge-pillow","19":"first","20":"instock","21":"shipping-taxable","22":"purchasable","23":"product-type-variable"},"_links":{"self":[{"href":"https:\/\/www.largepillow.com\/de\/wp-json\/wp\/v2\/product\/565","targetHints":{"allow":["GET"]}}],"collection":[{"href":"https:\/\/www.largepillow.com\/de\/wp-json\/wp\/v2\/product"}],"about":[{"href":"https:\/\/www.largepillow.com\/de\/wp-json\/wp\/v2\/types\/product"}],"replies":[{"embeddable":true,"href":"https:\/\/www.largepillow.com\/de\/wp-json\/wp\/v2\/comments?post=565"}],"wp:featuredmedia":[{"embeddable":true,"href":"https:\/\/www.largepillow.com\/de\/wp-json\/wp\/v2\/media\/548"}],"wp:attachment":[{"href":"https:\/\/www.largepillow.com\/de\/wp-json\/wp\/v2\/media?parent=565"}],"wp:term":[{"taxonomy":"product_brand","embeddable":true,"href":"https:\/\/www.largepillow.com\/de\/wp-json\/wp\/v2\/product_brand?post=565"},{"taxonomy":"product_cat","embeddable":true,"href":"https:\/\/www.largepillow.com\/de\/wp-json\/wp\/v2\/product_cat?post=565"},{"taxonomy":"product_tag","embeddable":true,"href":"https:\/\/www.largepillow.com\/de\/wp-json\/wp\/v2\/product_tag?post=565"}],"curies":[{"name":"wp","href":"https:\/\/api.w.org\/{rel}","templated":true}]}}