{"id":614,"date":"2022-09-16T03:33:52","date_gmt":"2022-09-16T03:33:52","guid":{"rendered":"https:\/\/www.largepillow.com\/product\/bed-wedge-pillow-2"},"modified":"2026-04-11T08:10:25","modified_gmt":"2026-04-11T08:10:25","slug":"groses-ruckenkissen-fur-bett","status":"publish","type":"product","link":"https:\/\/www.largepillow.com\/de\/product\/large-back-pillow-for-bed","title":{"rendered":"Gro\u00dfes R\u00fcckenkissen f\u00fcr das Bett"},"content":{"rendered":"<p>Erleben Sie ultimativen Komfort mit unserem gro\u00dfen Premium-R\u00fcckenkissen f\u00fcrs Bett<\/p>\n<p>G\u00f6nnen Sie sich unvergleichlichen Komfort mit unserem luxuri\u00f6sen gro\u00dfen R\u00fcckenkissen, das Ihr Schlaferlebnis noch angenehmer macht. Egal, ob Sie ein B\u00fccherwurm sind, der sich in einem M\u00e4rchen vertieft, ein Filmliebhaber oder einfach nur auf der Suche nach einer gem\u00fctlichen R\u00fcckenlehne ist, unser Kopfteilkissen ist genau das Richtige f\u00fcr Sie.<\/p>\n<p>Vielseitig und multifunktional<\/p>\n<p>Die Vielseitigkeit unseres Nackenkissens kennt keine Grenzen. Verwenden Sie es als st\u00fctzende R\u00fcckenlehne zum Lesen, als langes Keilkissen f\u00fcr zus\u00e4tzlichen Komfort oder sogar als Beinkissen zur Beruhigung m\u00fcder Muskeln. Sein stilvolles Design macht es zu einer willkommenen Erg\u00e4nzung jeder Schlafzimmereinrichtung.<\/p>\n<p>Erstklassige Materialien, unersch\u00fctterlicher Support<\/p>\n<p>Unser Kissenbezug ist aus hochwertigem 100%-Polyester und Leinen gefertigt und zeichnet sich durch eine verwobene Textur und exquisite N\u00e4hte aus, die Haltbarkeit ausstrahlen. Die hochdichte, hochwertige Polyesterfaserpolsterung sorgt f\u00fcr au\u00dfergew\u00f6hnlichen Halt und verhindert ein Durchh\u00e4ngen auch nach l\u00e4ngerem Gebrauch.<\/p>\n<p>M\u00fchelose Wartung<\/p>\n<p>Es ist ein Kinderspiel, den makellosen Zustand unseres Kopfteilkissens zu erhalten. \u00d6ffnen Sie einfach den Kissenbezug mit dem leicht zug\u00e4nglichen Rei\u00dfverschluss und werfen Sie ihn f\u00fcr eine m\u00fchelose Reinigung in die Waschmaschine. So einfach ist das!<\/p>\n<p>Praktische Aufbewahrungstasche<\/p>\n<p>Verlieren Sie nie wieder Ihre Fernbedienung! Unser Kopfteilkissen verf\u00fcgt \u00fcber eine clevere Seitentasche, die einen sicheren und bequemen Ort zum Verstauen Ihrer wichtigsten Utensilien bietet.<\/p>\n<p>Kundenempfehlung<\/p>\n<p>\u201eDieses Kissen ist unglaublich bequem! Ich benutze es zum Lesen im Bett und es hat meine abendliche Routine so viel angenehmer gemacht.\u201c \u2013 Sarah J.<\/p>\n<p>\u201eIch liebe die Vielseitigkeit dieses Kissens. Es ist perfekt zum Faulenzen und Schlafen. Die Aufbewahrungstasche ist ein fantastischer Bonus!\u201c \u2013 Emily B.<\/p>\n<p>Verf\u00fcgbare Gr\u00f6\u00dfen<\/p>\n<p>Unser gro\u00dfes R\u00fcckenkissen ist in verschiedenen Gr\u00f6\u00dfen erh\u00e4ltlich, passend zu Ihren Bed\u00fcrfnissen:<\/p>\n<p>* 45 cm (L45 x B20 x H50)<br \/>\n* 60 cm (L60 x B20 x H50)<br \/>\n* 80 cm (L80 x B20 x H50)<br \/>\n* 100 cm (L100 x B20 x H50)<br \/>\n* 120 cm (L120 x B20 x H50)<br \/>\n* 140 cm (L140 x B20 x H50)<br \/>\n* 160 cm (L160 x B20 x H50)<br \/>\n* 180 cm (L180 x B20 x H50)<br \/>\n* 200 cm (L200 x B20 x H50)<\/p>\n<p>Verbessern Sie noch heute Ihr Schlaf- und Liegeerlebnis mit unserem gro\u00dfen R\u00fcckenkissen f\u00fcrs Bett. Bestellen Sie jetzt und genie\u00dfen Sie den ultimativen Komfort!<\/p>","protected":false},"excerpt":{"rendered":"<ul>\n<li><strong>Ultimativer Komfort:<\/strong> Unser Kopfteilkissen ist so konzipiert, dass es Ihnen den ultimativen Komfort beim Lesen, Fernsehen oder Schlafen bietet. Es ist perfekt f\u00fcr Bett, Couch, Tagesbett und mehr!<\/li>\n<li><strong>Multifunktionales Design:<\/strong> Unser gro\u00dfes Nackenrollenkissen kann auf verschiedene Arten verwendet werden \u2013 als Lesekissen zur R\u00fcckenst\u00fctze, als langes Keilkissen oder als Beinkissen zum Hochlagern der Beine. Es ist stilvoll und funktional und somit eine hervorragende Erg\u00e4nzung f\u00fcr jedes Schlafzimmer.<\/li>\n<li><strong>Premium-Materialien:<\/strong> Unser Kissenbezug besteht aus 100%-Polyester mit einer verwobenen Textur und exquisiten N\u00e4hten, die rundum stabil sind. Die Polsterung besteht aus hochdichten, hochwertigen Polyesterfasern, die auch nach monatelanger Nutzung ein Durchh\u00e4ngen verhindern.<\/li>\n<li><strong>Einfach zu s\u00e4ubern:<\/strong> Der Kopfteil-Kissenbezug ist mit Kn\u00f6pfen am Kissen befestigt und l\u00e4sst sich mit einem einfachen Rei\u00dfverschluss leicht abnehmen. Nehmen Sie einfach den Bezug ab und waschen Sie ihn kurz in der Maschine, damit Ihr Kissen wie neu aussieht.<\/li>\n<li><strong>Perfekte Aufbewahrungstasche:<\/strong> Unser Kopfteilkissen verf\u00fcgt \u00fcber eine praktische Seitentasche, sodass Sie Ihre Fernbedienung nie wieder verlegen.<\/li>\n<li><strong>Stoff:<\/strong>\u00a0Mischung aus Polyester und Leinen.<\/li>\n<li><strong>Gr\u00f6\u00dfe:<\/strong> 45 cm (L45 x B20 x H50 | 0 Kn\u00f6pfe), 60 cm (L60 x B20 x H50 | 0 Kn\u00f6pfe), 80 cm (L80 x B20 x H50 | 2 Kn\u00f6pfe), 100 cm (L100 x B20 x H50 | 3 Kn\u00f6pfe), 120 cm ( L120 x B20 x H50 | 4 Kn\u00f6pfe), 140 cm (L140 x B20 x H50 | 4 Kn\u00f6pfe), 160 cm (L160 x B20 x H50 | 5 Kn\u00f6pfe), 180 cm (L180 x B20 x H50 | 6 Kn\u00f6pfe), 200 cm (L200 x B20 x H50 | 7 Kn\u00f6pfe).<\/li>\n<\/ul>","protected":false},"featured_media":600,"comment_status":"open","ping_status":"closed","template":"","meta":[],"product_brand":[],"product_cat":[15],"product_tag":[187,75,168,197,189,184,143,59,71,198],"class_list":{"0":"post-614","1":"product","2":"type-product","3":"status-publish","4":"has-post-thumbnail","6":"product_cat-large-wedge-pillow","7":"product_tag-back-support-reading-pillow","8":"product_tag-daybed-pillow","9":"product_tag-headboard-pillow","10":"product_tag-large-back-pillow-for-bed","11":"product_tag-linen-pillow","12":"product_tag-long-wedge-pillow","13":"product_tag-multifunctional-pillow","14":"product_tag-reading-pillow","15":"product_tag-tv-pillow","16":"product_tag-white-pillow","18":"first","19":"instock","20":"featured","21":"shipping-taxable","22":"purchasable","23":"product-type-variable"},"_links":{"self":[{"href":"https:\/\/www.largepillow.com\/de\/wp-json\/wp\/v2\/product\/614","targetHints":{"allow":["GET"]}}],"collection":[{"href":"https:\/\/www.largepillow.com\/de\/wp-json\/wp\/v2\/product"}],"about":[{"href":"https:\/\/www.largepillow.com\/de\/wp-json\/wp\/v2\/types\/product"}],"replies":[{"embeddable":true,"href":"https:\/\/www.largepillow.com\/de\/wp-json\/wp\/v2\/comments?post=614"}],"wp:featuredmedia":[{"embeddable":true,"href":"https:\/\/www.largepillow.com\/de\/wp-json\/wp\/v2\/media\/600"}],"wp:attachment":[{"href":"https:\/\/www.largepillow.com\/de\/wp-json\/wp\/v2\/media?parent=614"}],"wp:term":[{"taxonomy":"product_brand","embeddable":true,"href":"https:\/\/www.largepillow.com\/de\/wp-json\/wp\/v2\/product_brand?post=614"},{"taxonomy":"product_cat","embeddable":true,"href":"https:\/\/www.largepillow.com\/de\/wp-json\/wp\/v2\/product_cat?post=614"},{"taxonomy":"product_tag","embeddable":true,"href":"https:\/\/www.largepillow.com\/de\/wp-json\/wp\/v2\/product_tag?post=614"}],"curies":[{"name":"wp","href":"https:\/\/api.w.org\/{rel}","templated":true}]}}