{"id":665,"date":"2022-09-16T03:51:40","date_gmt":"2022-09-16T03:51:40","guid":{"rendered":"https:\/\/www.largepillow.com\/product\/bed-wedge-cushion"},"modified":"2025-12-13T21:06:55","modified_gmt":"2025-12-13T21:06:55","slug":"bett-kopfteil-kissen","status":"publish","type":"product","link":"https:\/\/www.largepillow.com\/de\/product\/bed-headboard-cushion","title":{"rendered":"Bett Kopfteil Kissen"},"content":{"rendered":"<p>Unser Bett-Kopfteilkissen \u2013 Ihre ultimative L\u00f6sung f\u00fcr Komfort und Bequemlichkeit. Egal, ob Sie lesen, fernsehen oder schlafen, unser Kopfteilkissen ist so konzipiert, dass es optimalen Komfort und Unterst\u00fctzung f\u00fcr Kopf, R\u00fccken und Beine bietet.<\/p>\n<p>Unser Kissenbezug besteht aus einer hochwertigen Mischung aus Polyester und Leinen und zeichnet sich durch eine verwobene Textur und exquisite N\u00e4hte aus, die robust und langlebig sind. Die Polsterung besteht aus hochdichten, hochwertigen Polyesterfasern, die auch nach Monaten des Gebrauchs nicht durchh\u00e4ngen.<\/p>\n<p>Unser gro\u00dfes Nackenrollenkissen ist multifunktional und kann als Lesekissen zur R\u00fcckenst\u00fctze, als langes Keilkissen oder als Beinkissen zum Hochlagern Ihrer Beine verwendet werden. Es ist stilvoll und funktional und somit eine hervorragende Erg\u00e4nzung f\u00fcr jedes Schlafzimmer.<\/p>\n<p>Eines der Lieblingsmerkmale unserer Kunden ist der leicht zu reinigende Bezug. Mit Kn\u00f6pfen und Rei\u00dfverschluss befestigt, nehmen Sie einfach den Bezug ab und waschen Sie ihn schnell in der Maschine, damit Ihr Kissen wie neu aussieht.<\/p>\n<p>Aber das ist noch nicht alles \u2013 unser Kopfteilkissen verf\u00fcgt auch \u00fcber eine praktische Seitentasche zur Aufbewahrung. Sie werden Ihre Fernbedienung nie wieder verlegen!<\/p>\n<p>Wir bieten eine Vielzahl von Gr\u00f6\u00dfen an, die zu jedem Bett passen \u2013 45 cm, 60 cm, 80 cm, 100 cm, 120 cm, 140 cm, 160 cm, 180 cm und 200 cm, alle mit unterschiedlicher Anzahl an Kn\u00f6pfen, damit sie perfekt zu Ihrem Bettrahmen passen.<\/p>\n<p>Ein zufriedener Kunde sagte: \u201eIch liebe dieses Kopfteilkissen. Das Baumwoll- und Leinenmaterial ist weich und bequem. Die blaue Farbe ist wundersch\u00f6n und passt perfekt zu meiner Bettw\u00e4sche. Au\u00dferdem ist die Seitentasche so praktisch f\u00fcr mein Telefon und die Fernbedienung.\u201c<\/p>\n<p>Investieren Sie in Ihren Komfort mit unserem Bettkopfteilkissen. Bestellen Sie jetzt und verwandeln Sie Ihr Bett in einen gem\u00fctlichen R\u00fcckzugsort.<\/p>","protected":false},"excerpt":{"rendered":"<ul>\n<li><strong>Ultimativer Komfort:<\/strong> Unser Kopfteilkissen ist so konzipiert, dass es Ihnen den ultimativen Komfort beim Lesen, Fernsehen oder Schlafen bietet. Es ist perfekt f\u00fcr Bett, Couch, Tagesbett und mehr!<\/li>\n<li><strong>Multifunktionales Design:<\/strong> Unser gro\u00dfes Nackenrollenkissen kann auf verschiedene Arten verwendet werden \u2013 als Lesekissen zur R\u00fcckenst\u00fctze, als langes Keilkissen oder als Beinkissen zum Hochlagern der Beine. Es ist stilvoll und funktional und somit eine hervorragende Erg\u00e4nzung f\u00fcr jedes Schlafzimmer.<\/li>\n<li><strong>Premium-Materialien:<\/strong> Unser Kissenbezug besteht aus 100%-Polyester mit einer verwobenen Textur und exquisiten N\u00e4hten, die rundum stabil sind. Die Polsterung besteht aus hochdichten, hochwertigen Polyesterfasern, die auch nach monatelanger Nutzung ein Durchh\u00e4ngen verhindern.<\/li>\n<li><strong>Einfach zu s\u00e4ubern:<\/strong> Der Kopfteil-Kissenbezug ist mit Kn\u00f6pfen am Kissen befestigt und l\u00e4sst sich mit einem einfachen Rei\u00dfverschluss leicht abnehmen. Nehmen Sie einfach den Bezug ab und waschen Sie ihn kurz in der Maschine, damit Ihr Kissen wie neu aussieht.<\/li>\n<li><strong>Perfekte Aufbewahrungstasche:<\/strong> Unser Kopfteilkissen verf\u00fcgt \u00fcber eine praktische Seitentasche, sodass Sie Ihre Fernbedienung nie wieder verlegen.<\/li>\n<li><strong>Stoff:<\/strong>\u00a0Mischung aus Polyester und Leinen.<\/li>\n<li><strong>Gr\u00f6\u00dfe:<\/strong> 45 cm (L45 x B20 x H50 | 0 Kn\u00f6pfe), 60 cm (L60 x B20 x H50 | 0 Kn\u00f6pfe), 80 cm (L80 x B20 x H50 | 2 Kn\u00f6pfe), 100 cm (L100 x B20 x H50 | 3 Kn\u00f6pfe), 120 cm ( L120 x B20 x H50 | 4 Kn\u00f6pfe), 140 cm (L140 x B20 x H50 | 4 Kn\u00f6pfe), 160 cm (L160 x B20 x H50 | 5 Kn\u00f6pfe), 180 cm (L180 x B20 x H50 | 6 Kn\u00f6pfe), 200 cm (L200 x B20 x H50 | 7 Kn\u00f6pfe).<\/li>\n<\/ul>","protected":false},"featured_media":650,"comment_status":"open","ping_status":"closed","template":"","meta":[],"product_brand":[],"product_cat":[15],"product_tag":[193,194,75,192,191,189,143,59,71,167,68],"class_list":{"0":"post-665","1":"product","2":"type-product","3":"status-publish","4":"has-post-thumbnail","6":"product_cat-large-wedge-pillow","7":"product_tag-bed-headboard-cushion","8":"product_tag-blue-pillow","9":"product_tag-daybed-pillow","10":"product_tag-headboard-cushion","11":"product_tag-headboard-pillow-wedge","12":"product_tag-linen-pillow","13":"product_tag-multifunctional-pillow","14":"product_tag-reading-pillow","15":"product_tag-tv-pillow","16":"product_tag-wedge-bolster-pillow","17":"product_tag-wedge-reading-pillow","19":"first","20":"instock","21":"featured","22":"shipping-taxable","23":"purchasable","24":"product-type-variable"},"_links":{"self":[{"href":"https:\/\/www.largepillow.com\/de\/wp-json\/wp\/v2\/product\/665","targetHints":{"allow":["GET"]}}],"collection":[{"href":"https:\/\/www.largepillow.com\/de\/wp-json\/wp\/v2\/product"}],"about":[{"href":"https:\/\/www.largepillow.com\/de\/wp-json\/wp\/v2\/types\/product"}],"replies":[{"embeddable":true,"href":"https:\/\/www.largepillow.com\/de\/wp-json\/wp\/v2\/comments?post=665"}],"wp:featuredmedia":[{"embeddable":true,"href":"https:\/\/www.largepillow.com\/de\/wp-json\/wp\/v2\/media\/650"}],"wp:attachment":[{"href":"https:\/\/www.largepillow.com\/de\/wp-json\/wp\/v2\/media?parent=665"}],"wp:term":[{"taxonomy":"product_brand","embeddable":true,"href":"https:\/\/www.largepillow.com\/de\/wp-json\/wp\/v2\/product_brand?post=665"},{"taxonomy":"product_cat","embeddable":true,"href":"https:\/\/www.largepillow.com\/de\/wp-json\/wp\/v2\/product_cat?post=665"},{"taxonomy":"product_tag","embeddable":true,"href":"https:\/\/www.largepillow.com\/de\/wp-json\/wp\/v2\/product_tag?post=665"}],"curies":[{"name":"wp","href":"https:\/\/api.w.org\/{rel}","templated":true}]}}