{"id":712,"date":"2022-09-16T05:49:00","date_gmt":"2022-09-16T05:49:00","guid":{"rendered":"https:\/\/www.largepillow.com\/product\/triangle-pillow"},"modified":"2025-08-21T14:57:02","modified_gmt":"2025-08-21T14:57:02","slug":"groses-kissen-fur-bett-kopfteil","status":"publish","type":"product","link":"https:\/\/www.largepillow.com\/de\/product\/big-pillow-for-bed-headboard","title":{"rendered":"Gro\u00dfes Kissen f\u00fcr Bettkopfteil"},"content":{"rendered":"<p>Erh\u00f6hen Sie Ihren Komfort mit dem gro\u00dfen Kissen f\u00fcr das Bettkopfteil: Ein Muss f\u00fcr jedes Zuhause<\/p>\n<p>Auf der Suche nach dem ultimativen Komfort in unseren Wohnr\u00e4umen zeichnet sich das Kopfteil \u201eBig Pillow For Bed\u201c als vielseitige und unverzichtbare Erg\u00e4nzung f\u00fcr jedes moderne Schlafzimmer, Wohnzimmer oder jede gem\u00fctliche Ecke aus. Dieses multifunktionale Kissen ist nicht nur ein Dekorationsst\u00fcck; Es ist ein Begleiter f\u00fcr Ihre Entspannungsmomente, der darauf zugeschnitten ist, Ihren Komfort zu erh\u00f6hen, egal ob Sie Ihr Lieblingsbuch lesen, Ihre Lieblingsserie lesen oder in einen ruhigen Schlaf gleiten.<\/p>\n<p>Ultimativer Komfort neu definiert<\/p>\n<p>Das Big Pillow For Bed Headboard wurde speziell f\u00fcr Ihre Komfortbed\u00fcrfnisse entwickelt und dient als Ihr ultimativer Entspannungspartner. Ob am Kopfteil eines Bettes, auf einer Couch oder einem Tagesbett platziert, es verspricht un\u00fcbertroffenen Komfort und Halt. Seine Vielseitigkeit geht \u00fcber die eines blo\u00dfen Lesekissens zur R\u00fcckenunterst\u00fctzung hinaus; Es dient als langes Keilkissen oder als Beinkissen zur Anhebung Ihrer Beine und verk\u00f6rpert Stil und Funktionalit\u00e4t in einem.<\/p>\n<p>Hochwertige Materialien f\u00fcr dauerhaften Komfort<\/p>\n<p>Durch die Verwendung von 100%-Polyester f\u00fcr den Kissenbezug mit einer exquisiten verwobenen Textur und pr\u00e4zisen N\u00e4hten ist Haltbarkeit garantiert. Die als Polsterung verwendeten hochdichten Polyesterfasern sorgen daf\u00fcr, dass das Kissen seine Form und Unterst\u00fctzung beh\u00e4lt und ein Durchh\u00e4ngen auch nach l\u00e4ngerem Gebrauch verhindert. Dieses Engagement f\u00fcr hochwertige Materialien stellt sicher, dass Ihr Komfort nie beeintr\u00e4chtigt wird.<\/p>\n<p>M\u00fchelose Wartung<\/p>\n<p>Das Big Pillow For Bed Headboard ist sich des Bedarfs an Einfachheit und Bequemlichkeit bewusst, insbesondere in der heutigen schnelllebigen Welt, und verf\u00fcgt \u00fcber einen Bezug, der sich durch einen einfachen Rei\u00dfverschlussmechanismus m\u00fchelos abnehmen l\u00e4sst. Der mit Kn\u00f6pfen befestigte Bezug l\u00e4sst sich f\u00fcr eine schnelle Maschinenw\u00e4sche einfach abnehmen und h\u00e4lt Ihr Kissen frisch und einladend.<\/p>\n<p>F\u00fcr Sie entwickelt<\/p>\n<p>Eines der herausragenden Merkmale ist die innovative Aufbewahrungstasche, die so konzipiert ist, dass wichtige Dinge wie Fernbedienungen in Reichweite bleiben und der \u00c4rger \u00fcber verlegte Gegenst\u00e4nde vermieden wird. Dar\u00fcber hinaus verleiht die Stoffmischung aus Polyester und Leinen nicht nur Strapazierf\u00e4higkeit, sondern verleiht jedem Raum auch einen Hauch von Eleganz.<\/p>\n<p>Vielseitigkeit in der Gr\u00f6\u00dfe<\/p>\n<p>Mit einer Reihe von Gr\u00f6\u00dfen von 45 cm bis 200 cm, ausgestattet mit einer unterschiedlichen Anzahl von Kn\u00f6pfen f\u00fcr \u00e4sthetische und funktionale Variationen, gibt es ein gro\u00dfes Kissen f\u00fcr das Kopfteil des Bettes, das auf jeden Bedarf und Platz zugeschnitten ist. Egal, ob Sie ein kompaktes Einzelbett oder ein weitl\u00e4ufiges Kingsize-Bett haben, dieses Kopfteilkissen kann individuell angepasst werden.<\/p>\n<p>Kundenlob: Echte Erlebnisse<\/p>\n<p>Unsere Kunden, vertreten durch eine Reihe positiver Kommentare, haben ihre Erfahrungen geteilt und die hochwertige Stoffmischung des Kissens aus \u201edreieckigem R\u00fcckenkissen, Baumwolle und Leinen\u201c hervorgehoben, die ihren R\u00e4umen einen Hauch von Luxus und Komfort verleiht. Viele lobten sein multifunktionales Design und stellten fest, dass es ihren Komfort bei verschiedenen Aktivit\u00e4ten wie Lesen und Schlafen erheblich verbessert hat. Auch die einfache Reinigung wird sehr gesch\u00e4tzt und unterstreicht die Kombination aus Funktionalit\u00e4t und Einfachheit des Kissens.<\/p>\n<p>Abschluss<\/p>\n<p>Das Big Pillow For Bed Headboard ist mehr als nur ein Kissen; Es ist ein Beweis f\u00fcr die Verschmelzung von Funktionalit\u00e4t, Komfort und Stil. Seine hochwertigen Materialien, seine einfache Wartung und sein multifunktionales Design machen ihn zu einem unverzichtbaren Accessoire in jedem Zuhause. Erh\u00f6hen Sie Ihren Komfort und verleihen Sie Ihrem Raum einen Hauch von Eleganz mit diesem unverzichtbaren Kissen. Wie unsere zufriedenen Kunden bereits wissen, ist es eine Investition in Ihren Komfort und die \u00c4sthetik Ihres Zuhauses.<\/p>","protected":false},"excerpt":{"rendered":"<ul>\n<li><strong>Ultimativer Komfort:<\/strong> Unser Kopfteilkissen ist so konzipiert, dass es Ihnen den ultimativen Komfort beim Lesen, Fernsehen oder Schlafen bietet. Es ist perfekt f\u00fcr Bett, Couch, Tagesbett und mehr!<\/li>\n<li><strong>Multifunktionales Design:<\/strong> Unser gro\u00dfes Nackenrollenkissen kann auf verschiedene Arten verwendet werden \u2013 als Lesekissen zur R\u00fcckenst\u00fctze, als langes Keilkissen oder als Beinkissen zum Hochlagern der Beine. Es ist stilvoll und funktional und somit eine hervorragende Erg\u00e4nzung f\u00fcr jedes Schlafzimmer.<\/li>\n<li><strong>Premium-Materialien:<\/strong> Unser Kissenbezug besteht aus 100%-Polyester mit einer verwobenen Textur und exquisiten N\u00e4hten, die rundum stabil sind. Die Polsterung besteht aus hochdichten, hochwertigen Polyesterfasern, die auch nach monatelanger Nutzung ein Durchh\u00e4ngen verhindern.<\/li>\n<li><strong>Einfach zu s\u00e4ubern:<\/strong> Der Kopfteil-Kissenbezug ist mit Kn\u00f6pfen am Kissen befestigt und l\u00e4sst sich mit einem einfachen Rei\u00dfverschluss leicht abnehmen. Nehmen Sie einfach den Bezug ab und waschen Sie ihn kurz in der Maschine, damit Ihr Kissen wie neu aussieht.<\/li>\n<li><strong>Perfekte Aufbewahrungstasche:<\/strong> Unser Kopfteilkissen verf\u00fcgt \u00fcber eine praktische Seitentasche, sodass Sie Ihre Fernbedienung nie wieder verlegen.<\/li>\n<li><strong>Stoff:<\/strong>\u00a0Mischung aus Polyester und Leinen.<\/li>\n<li><strong>Gr\u00f6\u00dfe:<\/strong> 45 cm (L45 x B20 x H50 | 0 Kn\u00f6pfe), 60 cm (L60 x B20 x H50 | 0 Kn\u00f6pfe), 80 cm (L80 x B20 x H50 | 2 Kn\u00f6pfe), 100 cm (L100 x B20 x H50 | 3 Kn\u00f6pfe), 120 cm ( L120 x B20 x H50 | 4 Kn\u00f6pfe), 140 cm (L140 x B20 x H50 | 4 Kn\u00f6pfe), 160 cm (L160 x B20 x H50 | 5 Kn\u00f6pfe), 180 cm (L180 x B20 x H50 | 6 Kn\u00f6pfe), 200 cm (L200 x B20 x H50 | 7 Kn\u00f6pfe).<\/li>\n<\/ul>","protected":false},"featured_media":698,"comment_status":"open","ping_status":"closed","template":"","meta":[],"product_brand":[],"product_cat":[15],"product_tag":[187,186,185,75,168,163,184,143],"class_list":{"0":"post-712","1":"product","2":"type-product","3":"status-publish","4":"has-post-thumbnail","6":"product_cat-large-wedge-pillow","7":"product_tag-back-support-reading-pillow","8":"product_tag-bed-headboard","9":"product_tag-big-pillow","10":"product_tag-daybed-pillow","11":"product_tag-headboard-pillow","12":"product_tag-leg-pillow","13":"product_tag-long-wedge-pillow","14":"product_tag-multifunctional-pillow","16":"first","17":"instock","18":"shipping-taxable","19":"purchasable","20":"product-type-variable"},"_links":{"self":[{"href":"https:\/\/www.largepillow.com\/de\/wp-json\/wp\/v2\/product\/712","targetHints":{"allow":["GET"]}}],"collection":[{"href":"https:\/\/www.largepillow.com\/de\/wp-json\/wp\/v2\/product"}],"about":[{"href":"https:\/\/www.largepillow.com\/de\/wp-json\/wp\/v2\/types\/product"}],"replies":[{"embeddable":true,"href":"https:\/\/www.largepillow.com\/de\/wp-json\/wp\/v2\/comments?post=712"}],"wp:featuredmedia":[{"embeddable":true,"href":"https:\/\/www.largepillow.com\/de\/wp-json\/wp\/v2\/media\/698"}],"wp:attachment":[{"href":"https:\/\/www.largepillow.com\/de\/wp-json\/wp\/v2\/media?parent=712"}],"wp:term":[{"taxonomy":"product_brand","embeddable":true,"href":"https:\/\/www.largepillow.com\/de\/wp-json\/wp\/v2\/product_brand?post=712"},{"taxonomy":"product_cat","embeddable":true,"href":"https:\/\/www.largepillow.com\/de\/wp-json\/wp\/v2\/product_cat?post=712"},{"taxonomy":"product_tag","embeddable":true,"href":"https:\/\/www.largepillow.com\/de\/wp-json\/wp\/v2\/product_tag?post=712"}],"curies":[{"name":"wp","href":"https:\/\/api.w.org\/{rel}","templated":true}]}}