{"id":802,"date":"2022-09-17T13:48:56","date_gmt":"2022-09-17T13:48:56","guid":{"rendered":"https:\/\/www.largepillow.com\/product\/wedge-pillow-for-acid-reflux_37_38_39_40"},"modified":"2026-03-13T16:55:31","modified_gmt":"2026-03-13T16:55:31","slug":"keilkissen-2","status":"publish","type":"product","link":"https:\/\/www.largepillow.com\/de\/product\/wedge-bolster-pillow","title":{"rendered":"Keilkissen"},"content":{"rendered":"<p>Das ultimative Komfort-Keilkissen<\/p>\n<p>Suchen Sie das perfekte Kissen zum Lesen oder Fernsehen? Wir m\u00f6chten Ihnen das Wedge Bolster Pillow vorstellen \u2013 das ultimative erh\u00f6hte Kopfteilkissen f\u00fcr \u00fcberragenden Komfort und Halt.<\/p>\n<p>Mit seiner geschwungenen Form und der zweireihigen erh\u00f6hten R\u00fcckenlehne st\u00fctzt dieses XL-Kissen Ihren Nacken und R\u00fccken beim Sitzen im Bett optimal. Das multifunktionale Design eignet sich auch hervorragend als aufrechtes R\u00fcckenkissen, Keilkissen oder Beinkissen. <\/p>\n<p>Der Stoff besteht aus 100%-Polyester mit umweltfreundlicher Polyesterfaserf\u00fcllung und hat eine Leinenoptik, die zu jeder Schlafzimmereinrichtung passt. Der abnehmbare Bezug ist zur einfachen Pflege maschinenwaschbar. Dieses \u00fcbergro\u00dfe Kopfteilkissen verf\u00fcgt au\u00dferdem \u00fcber kleine Seitentaschen f\u00fcr B\u00fccher, Fernbedienungen, Telefone und mehr. <\/p>\n<p>Hier ist, was einige Kunden zu sagen hatten:<\/p>\n<p>\u201eIch liebe das Aussehen und die Haptik dieses Bettkeilkissens. Der Leinenstoff ist sehr weich und die Farbe sieht in meinem Schlafzimmer gro\u00dfartig aus.\u201c<\/p>\n<p>\u201eDieses Lesekissen bietet eine fantastische R\u00fcckenunterst\u00fctzung. Ich kann stundenlang im Bett sitzen, ohne Nacken- oder R\u00fcckenschmerzen zu bekommen.\u201c<\/p>\n<p>\u201eDas erh\u00f6hte Design eignet sich perfekt zum Lesen oder Arbeiten am Laptop im Bett. Es ergibt eine tolle R\u00fcckenlehne, die mich bequem aufrecht h\u00e4lt.\u201c<\/p>\n<p>\u201eIch habe die Gr\u00f6\u00dfe 160 cm gew\u00e4hlt und sie nimmt den gesamten Kopfteil meines Bettes ein. Gro\u00df genug, um sich zur\u00fcckzulehnen und Filme anzusehen.\u201c<\/p>\n<p>Mit den verf\u00fcgbaren L\u00e4ngen von 100 cm bis 200 cm finden Sie mit Sicherheit eine Keilkissengr\u00f6\u00dfe, die zu Ihrem Raum passt. G\u00f6nnen Sie Ihrem R\u00fccken, Nacken und Ihren Beinen den Komfort, den sie verdienen! Holen Sie sich noch heute Ihr multifunktionales Kopfteilkissen.<\/p>","protected":false},"excerpt":{"rendered":"<ul>\n<li><strong>Ultimativer Komfort:<\/strong> Dieses XL-Kopfteilkissen mit erh\u00f6htem Kopfteil bietet dank seines geschwungenen Formdesigns hervorragenden Komfort. Dieses Lesekissen mit Kopfteil kann Ihnen helfen, im Bett, im Sofa, im Daybed oder auf der Couch spannungsfrei zu bleiben, was ideal f\u00fcr arbeitende Nachtschw\u00e4rmer, B\u00fccherw\u00fcrmer und zum Fernsehen im Bett ist.<\/li>\n<li><strong>Design der erh\u00f6hten R\u00fcckenlehne:<\/strong> Genie\u00dfen Sie unvergleichlichen Komfort mit dem einzigartigen zweireihigen Design der erh\u00f6hten R\u00fcckenlehne unseres Kopfteilkissens. Das Kopfteilkissen mit erh\u00f6hter R\u00fcckenlehne bietet hervorragenden Halt f\u00fcr Nacken und R\u00fccken und ist somit der perfekte Ort zum Entspannen und Lesen im Bett.<\/li>\n<li><strong>Multifunktionskissen:<\/strong> Mit seinen drei verschiedenen Einsatzm\u00f6glichkeiten ist unser Kissen f\u00fcr jede Situation geeignet. Ob als R\u00fcckenkissen, Keilkissen oder Beinkissen zur erh\u00f6hten Unterst\u00fctzung \u2013 es ist das ideale Accessoire f\u00fcr bequemes Ausruhen und Entspannen.<\/li>\n<li><strong>\u00dcberlegene Handwerkskunst:<\/strong> Unser Kopfteilkissen besteht aus einem Stoff in Leinenoptik mit einer Zusammensetzung aus 100%-Polyester und ist mit umweltfreundlicher und hochelastischer Polyesterfaserf\u00fcllung gef\u00fcllt. Das abnehmbare Polster des Bettes l\u00e4sst sich leicht in der Maschine waschen, w\u00e4hrend die kleinen Seitentaschen diesem ohnehin schon luxuri\u00f6sen Produkt noch mehr Funktionalit\u00e4t verleihen.<\/li>\n<li><strong>Leicht zu waschen:<\/strong> Der Kopfteil-Kissenbezug ist mit Kn\u00f6pfen an der Kisseninnenseite befestigt und l\u00e4sst sich mit einem einfachen Rei\u00dfverschluss leicht entfernen. Dadurch ist die Reinigung problemlos m\u00f6glich. Nehmen Sie einfach den Bezug ab und waschen Sie ihn kurz in der Maschine, damit Ihr Kissen wie neu aussieht.<\/li>\n<li><strong>Gr\u00f6\u00dfe:<\/strong> 100 cm (L100 x B26 x H55 | 3 Spalten-Tasten), 120 cm (L120 x B26 x H55 | 4 Spalten-Tasten), 140 cm (L140 x B26 x H55 | 4 Spalten-Tasten), 160 cm (L160 x B26 x H55 | 5 Spalten-Tasten). ), 180 cm (L180 x B26 x H55 | 6 Spaltenkn\u00f6pfe), 200 cm (L200 x B26 x H55 | 7 Spaltenkn\u00f6pfe).<\/li>\n<\/ul>","protected":false},"featured_media":788,"comment_status":"open","ping_status":"closed","template":"","meta":[],"product_brand":[],"product_cat":[15],"product_tag":[164,161,168,163,143,169,162,167,65],"class_list":{"0":"post-802","1":"product","2":"type-product","3":"status-publish","4":"has-post-thumbnail","6":"product_cat-large-wedge-pillow","7":"product_tag-detachable-bolster-bed-cushion","8":"product_tag-elevated-headboard-pillow","9":"product_tag-headboard-pillow","10":"product_tag-leg-pillow","11":"product_tag-multifunctional-pillow","12":"product_tag-support-pillow","13":"product_tag-upright-back-pillow","14":"product_tag-wedge-bolster-pillow","15":"product_tag-wedge-pillow","17":"first","18":"instock","19":"shipping-taxable","20":"purchasable","21":"product-type-variable"},"_links":{"self":[{"href":"https:\/\/www.largepillow.com\/de\/wp-json\/wp\/v2\/product\/802","targetHints":{"allow":["GET"]}}],"collection":[{"href":"https:\/\/www.largepillow.com\/de\/wp-json\/wp\/v2\/product"}],"about":[{"href":"https:\/\/www.largepillow.com\/de\/wp-json\/wp\/v2\/types\/product"}],"replies":[{"embeddable":true,"href":"https:\/\/www.largepillow.com\/de\/wp-json\/wp\/v2\/comments?post=802"}],"wp:featuredmedia":[{"embeddable":true,"href":"https:\/\/www.largepillow.com\/de\/wp-json\/wp\/v2\/media\/788"}],"wp:attachment":[{"href":"https:\/\/www.largepillow.com\/de\/wp-json\/wp\/v2\/media?parent=802"}],"wp:term":[{"taxonomy":"product_brand","embeddable":true,"href":"https:\/\/www.largepillow.com\/de\/wp-json\/wp\/v2\/product_brand?post=802"},{"taxonomy":"product_cat","embeddable":true,"href":"https:\/\/www.largepillow.com\/de\/wp-json\/wp\/v2\/product_cat?post=802"},{"taxonomy":"product_tag","embeddable":true,"href":"https:\/\/www.largepillow.com\/de\/wp-json\/wp\/v2\/product_tag?post=802"}],"curies":[{"name":"wp","href":"https:\/\/api.w.org\/{rel}","templated":true}]}}