{"id":8223,"date":"2025-06-12T02:27:17","date_gmt":"2025-06-12T02:27:17","guid":{"rendered":"https:\/\/www.largepillow.com\/product\/family-floor-couch-set-3-seater-ottoman-bolster"},"modified":"2025-06-17T14:08:43","modified_gmt":"2025-06-17T14:08:43","slug":"familien-sofagarnitur-mit-3-sitzplatzen-und-ottomane","status":"publish","type":"product","link":"https:\/\/www.largepillow.com\/de\/product\/family-floor-couch-set-3-seater-ottoman-bolster\/","title":{"rendered":"Familien-Bodensofa-Set: 3-Sitzer, Ottomane und Nackenrolle"},"content":{"rendered":"[zc_getpagecontent mb=&#8221;mb_aplus&#8221; apid=&#8221;131&#8243;]\n","protected":false},"excerpt":{"rendered":"<ul>\n<li>Innovatives Zweizonen-Design: Dieses modulare Bodensofa ist so konstruiert, dass es separate, aber harmonische Bereiche f\u00fcr Eltern und Kinder schafft. Die 3-Sitzer-Anordnung kann so konfiguriert werden, dass der Raum unterteilt wird, sodass Eltern ungest\u00f6rt arbeiten k\u00f6nnen, w\u00e4hrend die Kinder in der N\u00e4he spielen oder entspannen.<\/li>\n<li>Ger\u00e4umiges 113-Zoll-Layout: Mit einer Gr\u00f6\u00dfe von 113 Zoll bietet es reichlich Platz f\u00fcr beide Aktivit\u00e4ten; Eltern k\u00f6nnen ihre Arbeitsmaterialien auf einer Seite ausbreiten, w\u00e4hrend Kinder genug Platz haben, um mit Spielzeug zu spielen oder B\u00fccher zu lesen, ohne in die Bereiche der anderen einzudringen, was ein friedliches Zusammenleben f\u00f6rdert.<\/li>\n<li>Bequeme Schaumstoffkissen: Die hochwertigen Schaumstoffkissen sind nicht nur weich zum Entspannen, sondern unterst\u00fctzen auch stundenlanges Sitzen. Egal, ob die Eltern in ein Arbeitsgespr\u00e4ch vertieft sind oder die Kinder in einen Film vertieft sind, die bequemen Sitzgelegenheiten sorgen daf\u00fcr, dass keiner der beiden durch Unbehagen abgelenkt wird.<\/li>\n<li>Vielseitiger Ottoman: Der mitgelieferte Ottoman kann als separate Arbeitsfl\u00e4che f\u00fcr Eltern verwendet werden, wobei seine flache Oberseite eine stabile Fl\u00e4che f\u00fcr Laptops oder Papiere bietet. F\u00fcr Kinder kann er als zus\u00e4tzlicher Sitz beim Spielen oder als Fu\u00dfst\u00fctze beim Ansehen von Zeichentrickfilmen dienen und so die Funktionalit\u00e4t ihrer speziellen Zone erweitern.<\/li>\n<li>Zylinderf\u00f6rmiges Nackenrollenkissen: Das einzigartige zylinderf\u00f6rmige Nackenrollenkissen bietet gezielte Unterst\u00fctzung. Eltern k\u00f6nnen es zur Unterst\u00fctzung der Lendenwirbels\u00e4ule bei langen Arbeitssitzungen verwenden und so R\u00fcckenerm\u00fcdung vorbeugen, w\u00e4hrend Kinder sich beim Lesen oder Entspannen f\u00fcr zus\u00e4tzlichen Komfort darin einkuscheln k\u00f6nnen, was sowohl die Arbeit als auch das Spielen angenehmer macht.<\/li>\n<\/ul>","protected":false},"featured_media":8209,"comment_status":"open","ping_status":"closed","template":"","meta":[],"product_brand":[],"product_cat":[228],"product_tag":[],"class_list":{"0":"post-8223","1":"product","2":"type-product","3":"status-publish","4":"has-post-thumbnail","6":"product_cat-cushions","8":"first","9":"instock","10":"sold-individually","11":"shipping-taxable","12":"purchasable","13":"product-type-simple"},"_links":{"self":[{"href":"https:\/\/www.largepillow.com\/de\/wp-json\/wp\/v2\/product\/8223","targetHints":{"allow":["GET"]}}],"collection":[{"href":"https:\/\/www.largepillow.com\/de\/wp-json\/wp\/v2\/product"}],"about":[{"href":"https:\/\/www.largepillow.com\/de\/wp-json\/wp\/v2\/types\/product"}],"replies":[{"embeddable":true,"href":"https:\/\/www.largepillow.com\/de\/wp-json\/wp\/v2\/comments?post=8223"}],"wp:featuredmedia":[{"embeddable":true,"href":"https:\/\/www.largepillow.com\/de\/wp-json\/wp\/v2\/media\/8209"}],"wp:attachment":[{"href":"https:\/\/www.largepillow.com\/de\/wp-json\/wp\/v2\/media?parent=8223"}],"wp:term":[{"taxonomy":"product_brand","embeddable":true,"href":"https:\/\/www.largepillow.com\/de\/wp-json\/wp\/v2\/product_brand?post=8223"},{"taxonomy":"product_cat","embeddable":true,"href":"https:\/\/www.largepillow.com\/de\/wp-json\/wp\/v2\/product_cat?post=8223"},{"taxonomy":"product_tag","embeddable":true,"href":"https:\/\/www.largepillow.com\/de\/wp-json\/wp\/v2\/product_tag?post=8223"}],"curies":[{"name":"wp","href":"https:\/\/api.w.org\/{rel}","templated":true}]}}