{"id":823,"date":"2022-09-17T14:05:52","date_gmt":"2022-09-17T14:05:52","guid":{"rendered":"https:\/\/www.largepillow.com\/product\/wedge-pillow-for-acid-reflux_37_38_39_40_41"},"modified":"2024-10-03T16:31:35","modified_gmt":"2024-10-03T16:31:35","slug":"lesekeil-kopfteil","status":"publish","type":"product","link":"https:\/\/www.largepillow.com\/de\/product\/reading-wedge-headboard\/","title":{"rendered":"Lesekeil-Kopfteil"},"content":{"rendered":"<p>G\u00f6nnen Sie sich Komfort mit dem ultimativen Lesekeil-Kopfteil<\/p>\n<p>Stellen Sie sich vor, Sie versinken in einer Wolke aus weichem Komfort, w\u00e4hrend Sie in Ihre Lieblingsb\u00fccher oder -sendungen eintauchen. Das Reading Wedge-Kopfteil hebt Ihr Schlaferlebnis auf ein neues Niveau!<\/p>\n<p>Au\u00dfergew\u00f6hnlicher Komfort:<\/p>\n<p>Dieses ergonomisch gestaltete Kopfteilkissen hat eine geschwungene Form, die Ihren K\u00f6rper umschlie\u00dft und au\u00dfergew\u00f6hnlichen Komfort bietet. Seine zweireihige, erh\u00f6hte R\u00fcckenlehne bietet unvergleichliche Unterst\u00fctzung f\u00fcr Nacken und R\u00fccken und ist daher ideal f\u00fcr Nachteulen, begeisterte Leser und Fernsehfans.<\/p>\n<p>Multifunktionale Vielseitigkeit:<\/p>\n<p>Dieses Kissen ist vielseitig genug f\u00fcr verschiedene Zwecke und kann als R\u00fcckenkissen, Keilkissen oder Beinkissen verwendet werden. Egal, ob Sie Unterst\u00fctzung beim Lesen, Filmeschauen oder einfach zum Entspannen im Bett suchen, es ist der perfekte Begleiter.<\/p>\n<p>\u00dcberlegene Handwerkskunst:<\/p>\n<p>Das Reading Wedge-Kopfteil ist aus luxuri\u00f6sem Stoff in Leinenoptik und mit umweltfreundlicher Polyesterfaserf\u00fcllung gefertigt und strahlt Qualit\u00e4t aus. Das abnehmbare Nackenrollenkissen ist maschinenwaschbar und l\u00e4sst sich m\u00fchelos reinigen, w\u00e4hrend die praktischen Seitentaschen f\u00fcr einen Hauch von Funktionalit\u00e4t sorgen.<\/p>\n<p>Einfache Wartung:<\/p>\n<p>Die Pflege Ihres Reading Wedge-Kopfteils ist ein Kinderspiel. Der Kissenbezug des Kopfteils l\u00e4sst sich dank Kn\u00f6pfen und Rei\u00dfverschluss leicht abnehmen und kann schnell in der Waschmaschine gewaschen werden.<\/p>\n<p>Erh\u00e4ltlich in verschiedenen Gr\u00f6\u00dfen:<\/p>\n<p>W\u00e4hlen Sie aus verschiedenen Gr\u00f6\u00dfen die perfekte Passform f\u00fcr Ihr Bett: 100 cm, 120 cm, 140 cm, 160 cm, 180 cm und 200 cm. Jede Gr\u00f6\u00dfe verf\u00fcgt \u00fcber ein elegantes S\u00e4ulenknopfdesign f\u00fcr zus\u00e4tzlichen Stil.<\/p>\n<p>Kundenempfehlung:<\/p>\n<p>\u201eIch liebe mein Lesekeil-Kopfteil absolut! Es ist so bequem und macht das Lesen im Bett zum Traum. Die erh\u00f6hte R\u00fcckenlehne ver\u00e4ndert meinen Nacken und R\u00fccken.\u201c \u2013 Sarah K.<\/p>\n<p>\u201eDieses Kissen ist ein Muss f\u00fcr jeden, der gerne Zeit im Bett verbringt. Es ist so vielseitig und kann f\u00fcr so viele Dinge verwendet werden. Ich kann es nur w\u00e4rmstens empfehlen!\u201c \u2013 John B.<\/p>\n<p>Erh\u00f6hen Sie Ihr Schlafenszeiterlebnis mit dem Lesekeil-Kopfteil. Bestellen Sie noch heute und genie\u00dfen Sie unvergleichlichen Komfort und Vielseitigkeit!<\/p>","protected":false},"excerpt":{"rendered":"<ul>\n<li><strong>Ultimativer Komfort:<\/strong> Dieses XL-Kopfteilkissen mit erh\u00f6htem Kopfteil bietet dank seines geschwungenen Formdesigns hervorragenden Komfort. Dieses Lesekissen mit Kopfteil kann Ihnen helfen, im Bett, im Sofa, im Daybed oder auf der Couch spannungsfrei zu bleiben, was ideal f\u00fcr arbeitende Nachtschw\u00e4rmer, B\u00fccherw\u00fcrmer und zum Fernsehen im Bett ist.<\/li>\n<li><strong>Design der erh\u00f6hten R\u00fcckenlehne:<\/strong> Genie\u00dfen Sie unvergleichlichen Komfort mit dem einzigartigen zweireihigen Design der erh\u00f6hten R\u00fcckenlehne unseres Kopfteilkissens. Das Kopfteilkissen mit erh\u00f6hter R\u00fcckenlehne bietet hervorragenden Halt f\u00fcr Nacken und R\u00fccken und ist somit der perfekte Ort zum Entspannen und Lesen im Bett.<\/li>\n<li><strong>Multifunktionskissen:<\/strong> Mit seinen drei verschiedenen Einsatzm\u00f6glichkeiten ist unser Kissen f\u00fcr jede Situation geeignet. Ob als R\u00fcckenkissen, Keilkissen oder Beinkissen zur erh\u00f6hten Unterst\u00fctzung \u2013 es ist das ideale Accessoire f\u00fcr bequemes Ausruhen und Entspannen.<\/li>\n<li><strong>\u00dcberlegene Handwerkskunst:<\/strong> Unser Kopfteilkissen besteht aus einem Stoff in Leinenoptik mit einer Zusammensetzung aus 100%-Polyester und ist mit umweltfreundlicher und hochelastischer Polyesterfaserf\u00fcllung gef\u00fcllt. Das abnehmbare Polster des Bettes l\u00e4sst sich leicht in der Maschine waschen, w\u00e4hrend die kleinen Seitentaschen diesem ohnehin schon luxuri\u00f6sen Produkt noch mehr Funktionalit\u00e4t verleihen.<\/li>\n<li><strong>Leicht zu waschen:<\/strong> Der Kopfteil-Kissenbezug ist mit Kn\u00f6pfen an der Kisseninnenseite befestigt und l\u00e4sst sich mit einem einfachen Rei\u00dfverschluss leicht entfernen. Dadurch ist die Reinigung problemlos m\u00f6glich. Nehmen Sie einfach den Bezug ab und waschen Sie ihn kurz in der Maschine, damit Ihr Kissen wie neu aussieht.<\/li>\n<li><strong>Gr\u00f6\u00dfe:<\/strong> 100 cm (L100 x B26 x H55 | 3 Spalten-Tasten), 120 cm (L120 x B26 x H55 | 4 Spalten-Tasten), 140 cm (L140 x B26 x H55 | 4 Spalten-Tasten), 160 cm (L160 x B26 x H55 | 5 Spalten-Tasten). ), 180 cm (L180 x B26 x H55 | 6 Spaltenkn\u00f6pfe), 200 cm (L200 x B26 x H55 | 7 Spaltenkn\u00f6pfe).<\/li>\n<\/ul>","protected":false},"featured_media":809,"comment_status":"open","ping_status":"closed","template":"","meta":[],"product_brand":[],"product_cat":[15],"product_tag":[109,164,161,143,166,162,65],"class_list":{"0":"post-823","1":"product","2":"type-product","3":"status-publish","4":"has-post-thumbnail","6":"product_cat-large-wedge-pillow","7":"product_tag-daybed-cushion","8":"product_tag-detachable-bolster-bed-cushion","9":"product_tag-elevated-headboard-pillow","10":"product_tag-multifunctional-pillow","11":"product_tag-reading-wedge-headboard","12":"product_tag-upright-back-pillow","13":"product_tag-wedge-pillow","15":"first","16":"instock","17":"featured","18":"shipping-taxable","19":"purchasable","20":"product-type-variable"},"_links":{"self":[{"href":"https:\/\/www.largepillow.com\/de\/wp-json\/wp\/v2\/product\/823","targetHints":{"allow":["GET"]}}],"collection":[{"href":"https:\/\/www.largepillow.com\/de\/wp-json\/wp\/v2\/product"}],"about":[{"href":"https:\/\/www.largepillow.com\/de\/wp-json\/wp\/v2\/types\/product"}],"replies":[{"embeddable":true,"href":"https:\/\/www.largepillow.com\/de\/wp-json\/wp\/v2\/comments?post=823"}],"wp:featuredmedia":[{"embeddable":true,"href":"https:\/\/www.largepillow.com\/de\/wp-json\/wp\/v2\/media\/809"}],"wp:attachment":[{"href":"https:\/\/www.largepillow.com\/de\/wp-json\/wp\/v2\/media?parent=823"}],"wp:term":[{"taxonomy":"product_brand","embeddable":true,"href":"https:\/\/www.largepillow.com\/de\/wp-json\/wp\/v2\/product_brand?post=823"},{"taxonomy":"product_cat","embeddable":true,"href":"https:\/\/www.largepillow.com\/de\/wp-json\/wp\/v2\/product_cat?post=823"},{"taxonomy":"product_tag","embeddable":true,"href":"https:\/\/www.largepillow.com\/de\/wp-json\/wp\/v2\/product_tag?post=823"}],"curies":[{"name":"wp","href":"https:\/\/api.w.org\/{rel}","templated":true}]}}