{"id":930,"date":"2022-09-18T08:29:22","date_gmt":"2022-09-18T08:29:22","guid":{"rendered":"https:\/\/www.largepillow.com\/product\/wedge-pillow-for-acid-reflux_37_38_39_40_41_42_43_44_45_46_47"},"modified":"2025-09-16T06:24:36","modified_gmt":"2025-09-16T06:24:36","slug":"bettkissen-2","status":"publish","type":"product","link":"https:\/\/www.largepillow.com\/de\/product\/bed-bolster-cushion","title":{"rendered":"Bettpolsterkissen"},"content":{"rendered":"<p>Entdecken Sie das ultimative Lese- und Entspannungskissen \u2013 das Bettpolster<\/p>\n<p>Sind Sie es leid, Ihren Nacken und R\u00fccken beim Lesen oder Fernsehen im Bett zu belasten? Wir stellen Ihnen das Bettpolsterkissen vor \u2013 das \u00e4u\u00dferst bequeme Kissen, das die Entspannung auf ein neues Niveau hebt. <\/p>\n<p>Dieses \u00fcbergro\u00dfe Kopfteilkissen ist aus 100%-Polyester-Samtstoff gefertigt und mit widerstandsf\u00e4higer Polyesterfaserf\u00fcllung gef\u00fcllt und bietet Ihnen weichen Komfort. Sein einzigartiges, zweireihiges, erh\u00f6htes R\u00fcckenlehnendesign bietet ergonomische Unterst\u00fctzung f\u00fcr Ihren Oberk\u00f6rper, sodass Sie bequem und ohne Belastung im Bett sitzen k\u00f6nnen. <\/p>\n<p>Kunden lieben die Vielseitigkeit dieses Kissens. Sie k\u00f6nnen es aufrecht als R\u00fcckenlehne, geneigt als Keilkissen oder horizontal als Beinkissen verwenden. Es ist das perfekte Multifunktionskissen zum Lesen, Arbeiten am Laptop, Filme schauen oder einfach zum Entspannen im Bett. <\/p>\n<p>Wie Lily in ihrer Rezension sagt: \u201eIch liebe es, dieses riesige dreieckige Kissen zu verwenden, um mich beim Lesen im Bett abzust\u00fctzen. Es ist so weich und st\u00fctzt meinen R\u00fccken. Fr\u00fcher habe ich mich nach 30 Minuten Lesen unwohl gef\u00fchlt, aber mit diesem Kissen kann ich stundenlang ohne Nacken- oder R\u00fcckenschmerzen auskommen.\u201c<\/p>\n<p>Das Bettpolsterkissen ist in verschiedenen Breiten von 100 cm bis 200 cm erh\u00e4ltlich, sodass Sie die perfekte Passform f\u00fcr Ihr Bett finden. Es verf\u00fcgt \u00fcber praktische Seitentaschen f\u00fcr Ihr Telefon, Ihre Fernbedienung, Ihre Brille oder Ihr Buch. Der weiche Samtbezug ist abnehmbar und zur einfachen Pflege maschinenwaschbar.<\/p>\n<p>Wenn Sie Entspannung auf ein neues Niveau bringen m\u00f6chten, g\u00f6nnen Sie sich den Komfort des Bettpolsterkissens. Seine hervorragende Unterst\u00fctzung und anpassungsf\u00e4hige Form machen es zum ultimativen Kissen zum Lesen, Arbeiten oder zum Anschauen Ihrer Lieblingssendungen im Bett. Bringen Sie noch heute Luxus und Komfort in Ihr Schlafzimmer!<\/p>","protected":false},"excerpt":{"rendered":"<ul>\n<li><strong>Ultimativer Komfort:<\/strong> Dieses XL-Kopfteilkissen mit erh\u00f6htem Kopfteil bietet dank seines geschwungenen Formdesigns hervorragenden Komfort. Dieses Lesekissen mit Kopfteil kann Ihnen helfen, im Bett, im Sofa, im Daybed oder auf der Couch spannungsfrei zu bleiben, was ideal f\u00fcr arbeitende Nachtschw\u00e4rmer, B\u00fccherw\u00fcrmer und zum Fernsehen im Bett ist.<\/li>\n<li><strong>Design der erh\u00f6hten R\u00fcckenlehne:<\/strong> Genie\u00dfen Sie unvergleichlichen Komfort mit dem einzigartigen zweireihigen Design der erh\u00f6hten R\u00fcckenlehne unseres Kopfteilkissens. Das Kopfteilkissen mit erh\u00f6hter R\u00fcckenlehne bietet hervorragenden Halt f\u00fcr Nacken und R\u00fccken und ist somit der perfekte Ort zum Entspannen und Lesen im Bett.<\/li>\n<li><strong>Multifunktionskissen:<\/strong> Mit drei verschiedenen Verwendungsm\u00f6glichkeiten ist unser Kissen perfekt f\u00fcr jede Situation. Ganz gleich, ob Sie es lieber als aufrechtes R\u00fcckenkissen, als Keilkissen oder als Beinkissen f\u00fcr erh\u00f6hte Unterst\u00fctzung verwenden m\u00f6chten, es ist das ideale Zubeh\u00f6r f\u00fcr bequeme Ruhe und Entspannung.<\/li>\n<li><strong>\u00dcberlegene Handwerkskunst:<\/strong> Unser Kopfteilkissen ist aus einem Stoff in Samtoptik gefertigt, dessen Zusammensetzung aus 100%-Polyester besteht, und ist mit umweltfreundlicher und hochelastischer Polyesterfaserf\u00fcllung gef\u00fcllt. Das abnehmbare Nackenrollenkissen l\u00e4sst sich leicht in der Maschine waschen, w\u00e4hrend die kleinen Seitentaschen diesem bereits luxuri\u00f6sen Produkt noch mehr Funktionalit\u00e4t verleihen.<\/li>\n<li><strong>Leicht zu waschen:<\/strong> Der Kopfteil-Kissenbezug ist mit Kn\u00f6pfen an der Kisseninnenseite befestigt und l\u00e4sst sich mit einem einfachen Rei\u00dfverschluss leicht entfernen. Dadurch ist die Reinigung problemlos m\u00f6glich. Nehmen Sie einfach den Bezug ab und waschen Sie ihn kurz in der Maschine, damit Ihr Kissen wie neu aussieht.<\/li>\n<li><strong>Gr\u00f6\u00dfe:<\/strong> 100 cm (L100 x B26 x H55 | 3 Spalten-Tasten), 120 cm (L120 x B26 x H55 | 4 Spalten-Tasten), 140 cm (L140 x B26 x H55 | 4 Spalten-Tasten), 160 cm (L160 x B26 x H55 | 5 Spalten-Tasten). ), 180 cm (L180 x B26 x H55 | 6 Spaltenkn\u00f6pfe), 200 cm (L200 x B26 x H55 | 7 Spaltenkn\u00f6pfe).<\/li>\n<\/ul>","protected":false},"featured_media":921,"comment_status":"open","ping_status":"closed","template":"","meta":[],"product_brand":[],"product_cat":[15],"product_tag":[60,174,164,161,177,143,76,176,162,175,120,65],"class_list":{"0":"post-930","1":"product","2":"type-product","3":"status-publish","4":"has-post-thumbnail","6":"product_cat-large-wedge-pillow","7":"product_tag-backrest-pillow","8":"product_tag-bed-bolster-cushion","9":"product_tag-detachable-bolster-bed-cushion","10":"product_tag-elevated-headboard-pillow","11":"product_tag-luxury-pillow","12":"product_tag-multifunctional-pillow","13":"product_tag-neck-support-pillow","14":"product_tag-practical-pillow","15":"product_tag-upright-back-pillow","16":"product_tag-velvet-fabric-pillow","17":"product_tag-velvet-pillow","18":"product_tag-wedge-pillow","20":"first","21":"instock","22":"shipping-taxable","23":"purchasable","24":"product-type-variable"},"_links":{"self":[{"href":"https:\/\/www.largepillow.com\/de\/wp-json\/wp\/v2\/product\/930","targetHints":{"allow":["GET"]}}],"collection":[{"href":"https:\/\/www.largepillow.com\/de\/wp-json\/wp\/v2\/product"}],"about":[{"href":"https:\/\/www.largepillow.com\/de\/wp-json\/wp\/v2\/types\/product"}],"replies":[{"embeddable":true,"href":"https:\/\/www.largepillow.com\/de\/wp-json\/wp\/v2\/comments?post=930"}],"wp:featuredmedia":[{"embeddable":true,"href":"https:\/\/www.largepillow.com\/de\/wp-json\/wp\/v2\/media\/921"}],"wp:attachment":[{"href":"https:\/\/www.largepillow.com\/de\/wp-json\/wp\/v2\/media?parent=930"}],"wp:term":[{"taxonomy":"product_brand","embeddable":true,"href":"https:\/\/www.largepillow.com\/de\/wp-json\/wp\/v2\/product_brand?post=930"},{"taxonomy":"product_cat","embeddable":true,"href":"https:\/\/www.largepillow.com\/de\/wp-json\/wp\/v2\/product_cat?post=930"},{"taxonomy":"product_tag","embeddable":true,"href":"https:\/\/www.largepillow.com\/de\/wp-json\/wp\/v2\/product_tag?post=930"}],"curies":[{"name":"wp","href":"https:\/\/api.w.org\/{rel}","templated":true}]}}