{"id":946,"date":"2022-09-18T08:36:16","date_gmt":"2022-09-18T08:36:16","guid":{"rendered":"https:\/\/www.largepillow.com\/product\/wedge-pillow-for-acid-reflux_37_38_39_40_41_42_43_44_45_46_47_48"},"modified":"2024-10-03T16:31:35","modified_gmt":"2024-10-03T16:31:35","slug":"polsterkissen-furs-bett-2","status":"publish","type":"product","link":"https:\/\/www.largepillow.com\/de\/product\/bolster-cushion-for-bed","title":{"rendered":"Polsterkissen f\u00fcr Bett"},"content":{"rendered":"<p>Der ultimative Komfort und Halt: Nackenrolle f\u00fcrs Bett<\/p>\n<p>Haben Sie genug von unbequemen und nicht st\u00fctzenden Kissen, die Sie m\u00fcde und wund machen? Dann sind Sie mit dem Nackenrollenkissen f\u00fcrs Bett genau richtig. Es ist die L\u00f6sung f\u00fcr all Ihre Schlafprobleme.<\/p>\n<p>Unvergleichlicher Komfort und R\u00fcckenunterst\u00fctzung<\/p>\n<p>Dieses erh\u00f6hte Kopfteilkissen verf\u00fcgt \u00fcber ein geschwungenes Design, das sich Ihrem K\u00f6rper anpasst und au\u00dfergew\u00f6hnlichen Komfort bietet. Seine einzigartige, zweireihige, erh\u00f6hte R\u00fcckenlehne bietet unvergleichliche Unterst\u00fctzung f\u00fcr Nacken und R\u00fccken und ist somit ideal f\u00fcr B\u00fccherw\u00fcrmer, Nachteulen und Fernsehfans.<\/p>\n<p>Multifunktional und vielseitig<\/p>\n<p>Mit seinen drei vielseitigen Einsatzm\u00f6glichkeiten ist das Nackenrollenkissen der perfekte Begleiter f\u00fcr jede Situation. Verwenden Sie es als aufrechtes R\u00fcckenkissen zum gem\u00fctlichen Lesen, als Keilkissen zur erh\u00f6hten Beinunterst\u00fctzung oder als Beinkissen f\u00fcr zus\u00e4tzlichen Komfort.<\/p>\n<p>Au\u00dfergew\u00f6hnliche Handwerkskunst und Materialien<\/p>\n<p>Die umweltfreundliche F\u00fcllung aus Polyesterfasern des Nackenrollenkissens besteht aus luxuri\u00f6sem Stoff in Samtoptik (100%-Polyester) und sorgt f\u00fcr hohe Belastbarkeit und St\u00fctzkraft. Das abnehmbare Nackenrollenkissen l\u00e4sst sich unglaublich einfach in der Maschine waschen, w\u00e4hrend die kleinen Seitentaschen f\u00fcr zus\u00e4tzliche Funktionalit\u00e4t sorgen.<\/p>\n<p>Einfache Wartung<\/p>\n<p>Die Pflege des Nackenrollenkissens ist ein Kinderspiel. Der Bezug des Kopfteilkissens ist mit Kn\u00f6pfen befestigt und verf\u00fcgt \u00fcber einen praktischen Rei\u00dfverschluss zum m\u00fchelosen Abnehmen. Nehmen Sie den Bezug einfach ab und werfen Sie ihn zur Auffrischung in die Waschmaschine.<\/p>\n<p>Erh\u00e4ltlich in verschiedenen Gr\u00f6\u00dfen<\/p>\n<p>W\u00e4hlen Sie aus einer Vielzahl von Gr\u00f6\u00dfen, die perfekt zu Ihrem Bett und Ihren Bed\u00fcrfnissen passen: 100 cm, 120 cm, 140 cm, 160 cm, 180 cm und 200 cm.<\/p>\n<p>Kundenempfehlung<\/p>\n<p>Verlassen Sie sich nicht nur auf unser Wort. Hier ist, was zufriedene Kunden zu sagen haben:<\/p>\n<p>\u201eDiese Nackenrolle ist ein echter Wendepunkt. Sie hat meine Schlafqualit\u00e4t und R\u00fcckenunterst\u00fctzung komplett verbessert.\u201c \u2013 Sarah J.<br \/>\n\u201eF\u00fcr mich als eifriger Leser ist das Zubettgehen mit diesem Kissen eine wirklich entspannende Erfahrung. Es ist so bequem und bietet so viel Halt.\u201c \u2013 John F.<br \/>\n\u201eIch liebe die Vielseitigkeit dieses Kissens. Es ist perfekt zum Lesen, Fernsehen oder sogar als Beinst\u00fctze.\u201c \u2013 Mary K.<\/p>\n<p>Verbessern Sie Ihre Schlafenszeitroutine mit dem Nackenrollenkissen<\/p>\n<p>Verbessern Sie Ihr Schlafzimmererlebnis mit dem Nackenrollenkissen f\u00fcrs Bett. Sein au\u00dfergew\u00f6hnlicher Komfort, seine St\u00fctzkraft, seine Vielseitigkeit und seine einfache Pflege verwandeln Ihre N\u00e4chte in eine Oase der Entspannung und Erholung.<\/p>","protected":false},"excerpt":{"rendered":"<ul>\n<li><strong>Ultimativer Komfort:<\/strong> Dieses XL-Kopfteilkissen mit erh\u00f6htem Kopfteil bietet dank seines geschwungenen Formdesigns hervorragenden Komfort. Dieses Lesekissen mit Kopfteil kann Ihnen helfen, im Bett, im Sofa, im Daybed oder auf der Couch spannungsfrei zu bleiben, was ideal f\u00fcr arbeitende Nachtschw\u00e4rmer, B\u00fccherw\u00fcrmer und zum Fernsehen im Bett ist.<\/li>\n<li><strong>Design der erh\u00f6hten R\u00fcckenlehne:<\/strong> Genie\u00dfen Sie unvergleichlichen Komfort mit dem einzigartigen zweireihigen Design der erh\u00f6hten R\u00fcckenlehne unseres Kopfteilkissens. Das Kopfteilkissen mit erh\u00f6hter R\u00fcckenlehne bietet hervorragenden Halt f\u00fcr Nacken und R\u00fccken und ist somit der perfekte Ort zum Entspannen und Lesen im Bett.<\/li>\n<li><strong>Multifunktionskissen:<\/strong> Mit drei verschiedenen Verwendungsm\u00f6glichkeiten ist unser Kissen perfekt f\u00fcr jede Situation. Ganz gleich, ob Sie es lieber als aufrechtes R\u00fcckenkissen, als Keilkissen oder als Beinkissen f\u00fcr erh\u00f6hte Unterst\u00fctzung verwenden m\u00f6chten, es ist das ideale Zubeh\u00f6r f\u00fcr bequeme Ruhe und Entspannung.<\/li>\n<li><strong>\u00dcberlegene Handwerkskunst:<\/strong> Unser Kopfteilkissen ist aus einem Stoff in Samtoptik gefertigt, dessen Zusammensetzung aus 100%-Polyester besteht, und ist mit umweltfreundlicher und hochelastischer Polyesterfaserf\u00fcllung gef\u00fcllt. Das abnehmbare Nackenrollenkissen l\u00e4sst sich leicht in der Maschine waschen, w\u00e4hrend die kleinen Seitentaschen diesem bereits luxuri\u00f6sen Produkt noch mehr Funktionalit\u00e4t verleihen.<\/li>\n<li><strong>Leicht zu waschen:<\/strong> Der Kopfteil-Kissenbezug ist mit Kn\u00f6pfen an der Kisseninnenseite befestigt und l\u00e4sst sich mit einem einfachen Rei\u00dfverschluss leicht entfernen. Dadurch ist die Reinigung problemlos m\u00f6glich. Nehmen Sie einfach den Bezug ab und waschen Sie ihn kurz in der Maschine, damit Ihr Kissen wie neu aussieht.<\/li>\n<li><strong>Gr\u00f6\u00dfe:<\/strong> 100 cm (L100 x B26 x H55 | 3 Spalten-Tasten), 120 cm (L120 x B26 x H55 | 4 Spalten-Tasten), 140 cm (L140 x B26 x H55 | 4 Spalten-Tasten), 160 cm (L160 x B26 x H55 | 5 Spalten-Tasten). ), 180 cm (L180 x B26 x H55 | 6 Spaltenkn\u00f6pfe), 200 cm (L200 x B26 x H55 | 7 Spaltenkn\u00f6pfe).<\/li>\n<\/ul>","protected":false},"featured_media":937,"comment_status":"open","ping_status":"closed","template":"","meta":[],"product_brand":[],"product_cat":[15],"product_tag":[108,173,161,168,143,120,65],"class_list":{"0":"post-946","1":"product","2":"type-product","3":"status-publish","4":"has-post-thumbnail","6":"product_cat-large-wedge-pillow","7":"product_tag-bed-cushion","8":"product_tag-bolster-cushion","9":"product_tag-elevated-headboard-pillow","10":"product_tag-headboard-pillow","11":"product_tag-multifunctional-pillow","12":"product_tag-velvet-pillow","13":"product_tag-wedge-pillow","15":"first","16":"instock","17":"shipping-taxable","18":"purchasable","19":"product-type-variable"},"_links":{"self":[{"href":"https:\/\/www.largepillow.com\/de\/wp-json\/wp\/v2\/product\/946","targetHints":{"allow":["GET"]}}],"collection":[{"href":"https:\/\/www.largepillow.com\/de\/wp-json\/wp\/v2\/product"}],"about":[{"href":"https:\/\/www.largepillow.com\/de\/wp-json\/wp\/v2\/types\/product"}],"replies":[{"embeddable":true,"href":"https:\/\/www.largepillow.com\/de\/wp-json\/wp\/v2\/comments?post=946"}],"wp:featuredmedia":[{"embeddable":true,"href":"https:\/\/www.largepillow.com\/de\/wp-json\/wp\/v2\/media\/937"}],"wp:attachment":[{"href":"https:\/\/www.largepillow.com\/de\/wp-json\/wp\/v2\/media?parent=946"}],"wp:term":[{"taxonomy":"product_brand","embeddable":true,"href":"https:\/\/www.largepillow.com\/de\/wp-json\/wp\/v2\/product_brand?post=946"},{"taxonomy":"product_cat","embeddable":true,"href":"https:\/\/www.largepillow.com\/de\/wp-json\/wp\/v2\/product_cat?post=946"},{"taxonomy":"product_tag","embeddable":true,"href":"https:\/\/www.largepillow.com\/de\/wp-json\/wp\/v2\/product_tag?post=946"}],"curies":[{"name":"wp","href":"https:\/\/api.w.org\/{rel}","templated":true}]}}